{"id":17,"date":"2023-09-12T14:53:41","date_gmt":"2023-09-12T12:53:41","guid":{"rendered":"https:\/\/blogs.urz.uni-halle.de\/refokussierungen2024\/?page_id=17"},"modified":"2024-06-26T09:13:22","modified_gmt":"2024-06-26T07:13:22","slug":"anmeldung","status":"publish","type":"page","link":"https:\/\/blogs.urz.uni-halle.de\/refokussierungen2024\/anmeldung\/","title":{"rendered":"Anmeldung"},"content":{"rendered":"\n<p>bis zum 31.08.2024 unter <a href=\"http:\/\/www.conftool.net\/refokussierungen2024\/\">www.conftool.net\/refokussierungen2024\/<\/a><\/p>\n\n\n\n<p><strong>Teilnahmegeb\u00fchren<\/strong><br>f\u00fcr Personen mit 75%-Stellen und mehr: 70 Euro<br>f\u00fcr Personen mit Stellen unter 75%: 50 Euro<\/p>\n","protected":false},"excerpt":{"rendered":"<p>bis zum 31.08.2024 unter www.conftool.net\/refokussierungen2024\/ Teilnahmegeb\u00fchrenf\u00fcr Personen mit 75%-Stellen und mehr: 70 Eurof\u00fcr Personen mit Stellen unter 75%: 50 Euro<\/p>\n","protected":false},"author":5883,"featured_media":0,"parent":0,"menu_order":0,"comment_status":"closed","ping_status":"closed","template":"","meta":[],"_links":{"self":[{"href":"https:\/\/blogs.urz.uni-halle.de\/refokussierungen2024\/wp-json\/wp\/v2\/pages\/17"}],"collection":[{"href":"https:\/\/blogs.urz.uni-halle.de\/refokussierungen2024\/wp-json\/wp\/v2\/pages"}],"about":[{"href":"https:\/\/blogs.urz.uni-halle.de\/refokussierungen2024\/wp-json\/wp\/v2\/types\/page"}],"author":[{"embeddable":true,"href":"https:\/\/blogs.urz.uni-halle.de\/refokussierungen2024\/wp-json\/wp\/v2\/users\/5883"}],"replies":[{"embeddable":true,"href":"https:\/\/blogs.urz.uni-halle.de\/refokussierungen2024\/wp-json\/wp\/v2\/comments?post=17"}],"version-history":[{"count":4,"href":"https:\/\/blogs.urz.uni-halle.de\/refokussierungen2024\/wp-json\/wp\/v2\/pages\/17\/revisions"}],"predecessor-version":[{"id":168,"href":"https:\/\/blogs.urz.uni-halle.de\/refokussierungen2024\/wp-json\/wp\/v2\/pages\/17\/revisions\/168"}],"wp:attachment":[{"href":"https:\/\/blogs.urz.uni-halle.de\/refokussierungen2024\/wp-json\/wp\/v2\/media?parent=17"}],"curies":[{"name":"wp","href":"https:\/\/api.w.org\/{rel}","templated":true}]}}