{"id":2,"date":"2023-08-01T16:51:32","date_gmt":"2023-08-01T14:51:32","guid":{"rendered":"https:\/\/blogs.urz.uni-halle.de\/refokussierungen2024\/?page_id=2"},"modified":"2024-06-26T09:30:07","modified_gmt":"2024-06-26T07:30:07","slug":"call","status":"publish","type":"page","link":"https:\/\/blogs.urz.uni-halle.de\/refokussierungen2024\/call\/","title":{"rendered":"Tagungsthema"},"content":{"rendered":"<p>Schon seit einiger Zeit nehmen schul- und unterrichtstheoretische Auseinandersetzungen, in denen die Gegenstandskonzepte systematisch diskutiert, relationiert und weiterentwickelt werden, eine eher randst\u00e4ndige Position ein (vgl. Terhart 2013). Auch wenn die Begriffe unstrittig f\u00fcr schulp\u00e4dagogische und didaktische Forschung und Lehre nach wie vor grundlegend sind, wird immer seltener explizit gemacht und ist es angesichts einer zunehmenden Pluralisierung der theoretischen Bezugssysteme fraglich (geworden), was unter ,Schule\u02bb und ,Unterricht\u02bb eigentlich ge- und erfasst wird (vgl. L\u00fcders 2012, 2020). Die Diskussion zum Stellenwert von Theorien und theoretischer Forschung, wie sie in der Allgemeinen Erziehungswissenschaft bereits gef\u00fchrt wird (vgl. z. B. Bellmann\/Ricken 2020), scheint so auch f\u00fcr die Schulp\u00e4dagogik dr\u00e4ngend. Insofern ist zu fragen, was Schul- und Unterrichtstheorien vor dem Hintergrund der Heterogenit\u00e4t (sozial-)theoretischer Zugriffe eigentlich leisten oder gar, ob es ihrer zuk\u00fcnftig \u00fcberhaupt noch bedarf.<\/p>\n<p>W\u00e4hrend zum un\u00fcbersichtlichen Feld rund um den Unterrichtsbegriff ein Defizit an (aktuellen) wissenschaftlichen Theorien bereits erkannt wurde, konsolidierende Systematisierungsdiskurse gef\u00fchrt werden (vgl. z. B. Meseth\/Proske\/Radtke 2011; L\u00fcders 2014; Geier\/Pollmanns 2015 Praetorius\/Charalambos 2023) und Impulse von einer empirischen Theorie des Unterrichts ausgehen (vgl. z. B. Breidenstein 2010; Kalthoff 2014; Proske\/Rabenstein 2018), sind aktuellere forschende Beitr\u00e4ge zu Schultheorien rar (vgl. Idel\/Stelmaszyk 2015; Terhart 2017; Lischka-Schmidt 2024\/i. E.). Neben Versuchen, eine \u201ap\u00e4dagogische Theorie der Schule\u2018 zu begr\u00fcnden (vgl. Reichenbach <span class=\"amp\">&amp;<\/span> B\u00fchler 2017), ist der \u00fcberwiegende Teil der Theoretisierungen von Schule gepr\u00e4gt von Ans\u00e4tzen der \u201aklassischen\u2018 Sozialtheorien einerseits oder aber von (reform-)p\u00e4dagogischen Normen bzw. der geisteswissenschaftlichen P\u00e4dagogik andererseits (vgl. Baumgart\/Lange 2006; Gerstner\/Wetz 2008; Bohl\/Harant\/Wacker 2015).<\/p>\n<p>In der historischen Entwicklung der Disziplin sind immer wieder Konjunkturen und Verschiebungen im Verh\u00e4ltnis von Theorie, Empirie und Praxisbezug auszumachen (vgl. z. B. Fatke\/Oelkers 2014). In diesem Zusammenhang r\u00fcckt das Verh\u00e4ltnis von Theorien zu empirischer Forschung (vgl. Kalthoff\/Hirschauer\/Lindemann 2008), Lehrer:innenbildung (vgl. Harant\/Thomas\/K\u00fcchler 2020) und Schulpraxis ebenso in den Blick wie die Passung von schulischen Alltags- und Wissenschaftstheorien. Welche Vorstellungen leiten Analysen von Schule und Unterricht und wie werden wiederum Erkenntnisse und Ergebnisse theoretisch abstrahiert (vgl. Proske\/Rabenstein 2018)? Um sich diesen Problemkomplexen zu widmen, fragt die Tagung nach dem Status Quo von Grundlagen- und Gegenstandstheorien in der Schul- und Unterrichtsforschung und nach dem Potential einer (Re-)Fokussierung der Arbeit an Schul- und Unterrichtstheorien und zentralen schulp\u00e4dagogischen Begriffen.<\/p>\n<p>Die Notwendigkeit einer Neuaufnahme schul- und unterrichtstheoretischer Reflexionen wird insbesondere vor dem Hintergrund tiefgreifender gesellschaftlicher Transformationsprozesse deutlich, die Schule und Unterricht nicht unber\u00fchrt lassen: Im Kontext von Neuer Steuerung, Individualisierung, migrationsgesellschaftlichen Ph\u00e4nomenen, Inklusion, (Ent-)Demokratisierung, Digitalisierung und Bildung f\u00fcr nachhaltige Entwicklung wandeln sich Schulalltag, Professionsverst\u00e4ndnis und Bedingungsgef\u00fcge des Unterrichts \u00fcber die systemimmanenten und identit\u00e4tsstiftenden Reformanstrengungen hinaus (vgl. z. B. Helsper 2016). Als Ausdruck dieses Wandels kann bspw. die Abl\u00f6sung von Unterricht durch Lernb\u00fcros, -werkst\u00e4tten und -welten oder die begriffliche Neufassung von Sch\u00fcler:innen und Lehrer:innen als Lernparter:innen und -begleiter:innen gedeutet werden. Diese Ver\u00e4nderungen werden zwar best\u00e4ndig empirisch erforscht, daran anschlie\u00dfende theoretische Beschreibungen transformierter Schul- und Unterrichtswelten sind bislang aber erst ansatzweise in schul- und lernkulturtheoretischen Arbeiten festgehalten worden (vgl. Helsper 2000; Reh et al. 2015; B\u00f6hme et. al 2015). Im Kontext bestehender Konzeptualisierungen wird vor allem auf die Hartn\u00e4ckigkeit der Strukturen von Schule und Unterricht verwiesen (vgl. Proske et al. 2022). Gleichzeitig stellt sich die Frage, inwiefern diese Transformationsprozesse die Tragf\u00e4higkeit theoretischer Konzepte von Schule und Unterricht als vorausgesetzte institutionelle Totalit\u00e4ten mit festen und rahmenden Strukturen nicht grunds\u00e4tzlich infrage stellen. Auf die damit einhergehende Notwendigkeit einer Re-Konzeptualisierung von Schule und Unterricht verweisen auch neuere sozialtheoretische Bestimmungen, die starke Fassungen von Struktur und\/oder Handelnden durch relationale Konzepte, wie dem Konzept der Praktiken, ersetzen (vgl. bspw. R\u00f6hl 2013; Reh 2017; Moldenhauer\/Kuhlmann 2021).<\/p>\n<p>Die Kommissionstagung zielt darauf, schul- und unterrichtstheoretische Entwicklungen, Diskurse und Perspektiven in ihren verschiedenen Facetten zu bilanzieren. Auf dieser Grundlage sind das Potential und der zuk\u00fcnftige Stellenwert von Theoriebest\u00e4nden und -bildung in der Schul- und Unterrichtsforschung \u2013 in den historischen, empirischen, praktischen und interdisziplin\u00e4ren Dimensionen \u2013 zu diskutieren. Mit Blick auf die beschriebenen Beobachtungen stehen vier Felder und sich daran anschlie\u00dfende konkrete Fragen im Fokus der Tagung:<\/p>\n<p><strong>1. Entwicklung, Konstitution und Konsolidierung von Schul- und Unterrichtstheorien<\/strong><\/p>\n<ul>\n<li>Wie stellen sich schul- und unterrichtstheoretische Debatten historisch perspektiviert dar?<\/li>\n<li>Welche Gegenstandsbestimmungen werden Schule und Unterricht theoretisch zugrunde gelegt?<\/li>\n<li>Wie erkl\u00e4ren sich die \u00fcberaus wechselhaften Dynamiken der schul- und unterrichtstheoretischen Diskussionen in den vergangenen Jahrzehnten angesichts disziplininterner und -externer (z. B. Empirisierung der Erziehungs- und Sozialwissenschaften) sowie gesellschaftlicher Entwicklungen?<\/li>\n<\/ul>\n<p><strong>2. Verh\u00e4ltnis von Theorie zur Empirie und zur Praxis in der Schul- und Unterrichtsforschung<\/strong><\/p>\n<ul>\n<li>Wie werden welche Theorien in aktuellen Untersuchungen der Schul- und Unterrichtsforschung gebildet und (weiter-)entwickelt?<\/li>\n<li>Wie gestaltet sich das Verh\u00e4ltnis von theoretischen und empirischen Forschungszug\u00e4ngen zu Schule und Unterricht bzw. wie wird Theorie in empirischer Forschung relevant?<\/li>\n<li>Welchen Stellenwert haben Schul- und Unterrichtstheorien f\u00fcr p\u00e4dagogische Praxis und Lehrer:innenbildung?<\/li>\n<\/ul>\n<p><strong>3. Relation(ierung)en von Schul-, Unterrichts- und weiteren Gegenstandstheorien<\/strong><\/p>\n<ul>\n<li>Inwieweit sind Schul- und Unterrichtstheorien relational aufeinander verwiesen oder differenziert?<\/li>\n<li>In welchem Verh\u00e4ltnis stehen andere Gegenstandstheorien wie z. B. Professions-, Bildungs-, Kindheits-, Jugend- oder Schulentwicklungstheorien zu Schul- und Unterrichtstheorien?<\/li>\n<li>Wie sind schul- und unterrichtstheoretische Konzeptionen zu didaktischen sowie allgemeinp\u00e4dagogischen Fassungen von Schule und Unterricht zu relationieren?<\/li>\n<\/ul>\n<p><strong>4. Theorien zum Wandel von und in Schule und Unterricht<\/strong><\/p>\n<ul>\n<li>Welche Wandlungsprozesse der empirischen Schul- und Unterrichtwirklichkeit k\u00f6nnen mit welchen Theorien (nicht) beschrieben und erkl\u00e4rt werden?<\/li>\n<li>Wie k\u00f6nnen Schul- und Unterrichtstheorien ihren immer fluider werdenden Gegenstand der Schule und des Unterrichts konzeptualisieren? Was w\u00e4ren Elemente einer Theorie der transformierten Schule bzw. des transformierten Unterrichts?<\/li>\n<li>Welche Theorieimporte beeinfluss(t)en Schul- und Unterrichtstheorien und welche Potenziale und Schwierigkeiten liegen in neueren sozialtheoretischen Theorieangeboten (bspw. subjektivierungstheoretisch, netzwerktheoretisch, neomaterialistisch oder postkolonial inspirierte Schul- und Unterrichtstheorien)?<\/li>\n<\/ul>\n<p>Bei Fragen erreichen Sie uns unter <a href=\"re-fokussierungen-2024@dgfe.de\">re-fokussierungen-2024@dgfe.de<\/a>.<\/p>\n<p>Das Vorbereitungsteam: Nele Kuhlmann (Jena), Richard Lischka-Schmidt (Halle), Sven Thiersch und Eike Wolf (Osnabr\u00fcck)<\/p>\n<p>Das Programmkomitee: Daniel Goldmann (T\u00fcbingen), Ingrid Kunze (Osnabr\u00fcck), Anna Moldenhauer (Bremen) und Matthias Proske (K\u00f6ln)<\/p>\n<p><strong>Literatur<\/strong><br \/>Baumgart, Franzj\u00f6rg; Lange, Ute (Hg.) (2006): Theorien der Schule. Erl\u00e4uterungen, Texte, Arbeitsaufgaben. 2., durchges. Aufl. Bad Heilbrunn: Klinkhardt.<br \/>Bellmann, Johannes; Ricken, Norbert (2020): Theoretische Forschung in der Erziehungswissenschaft \u2013 Beitr\u00e4ge zur Konturierung eines Forschungsfelds. Einleitung in den Thementeil. In: Zeitschrift f\u00fcr P\u00e4dagogik, 66 (6), S. 783\u2013787.<br \/>B\u00f6hme, Jeanette; Hummrich, Merle; Kramer, Rolf-Torsten (Hg.) (2015): Schulkultur. Theoriebildung im Diskurs. Wiesbaden: Springer VS.<br \/>Bohl, Thorsten; Harant, Martin; Wacker, Albrecht (2015): Schulp\u00e4dagogik und Schultheorie. Bad Heilbrunn: Klinkhardt.<br \/>Breidenstein, Georg (2010): \u00dcberlegungen zu einer Theorie des Unterrichts. In: Zeitschrift f\u00fcr P\u00e4dagogik, 56 (6), S. 869\u2013887.<br \/>Fatke, Reinhard; Oelkers, J\u00fcrgen (2014): Das Selbstverst\u00e4ndnis der Erziehungswissenschaft: Geschichte und Gegenwart. Einleitung. In: Zeitschrift f\u00fcr P\u00e4dagogik, 60. Beiheft, S. 7\u201313.<br \/>Geier, Thomas; Pollmanns, Marion (Hg.) (2015): Was ist Unterricht? Zur Konstitution einer p\u00e4dagogischen Form. Wiesbaden: Springer VS.<br \/>Gerstner, Hans-Peter; Wetz, Martin (2008): Einf\u00fchrung in die Theorie der Schule. Darmstadt: Wissenschaftliche Buchgesellschaft.<br \/>Harant, Martin; Thomas, Philipp; K\u00fcchler, Uwe (Hg.) (2020): Theorien! Horizonte f\u00fcr die Lehrerinnen- und Lehrerbildung. T\u00fcbingen: T\u00fcbingen University Press.<br \/>Helsper, Werner (2000): Wandel der Schulkultur. In: Zeitschrift f\u00fcr Erziehungswissenschaft, 3 (1), S. 35\u201360.<br \/>Helsper, Werner (2016): P\u00e4dagogische Lehrerprofessionalit\u00e4t in der Transformation der Schulstruktur \u2013 ein Strukturwandel der Lehrerprofessionalit\u00e4t? In: Till-Sebastian Idel, Fabian Dietrich, Katharina Kunze, Kerstin Rabenstein und Anna Sch\u00fctz (Hg.): Professionsentwicklung und Schulstrukturreform. Zwischen Gymnasium und neuen Schulformen in der Sekundarstufe. Bad Heilbrunn: Klinkhardt, S. 217\u2013245.<br \/>Idel, Till-Sebastian; Stelmaszyk, Bernhard (2015): \u201eCultural turn\u201c in der Schultheorie? Zum schultheoretischen Beitrag des Schulkulturansatzes. In: Jeanette B\u00f6hme, Merle Hummrich und Rolf-Torsten Kramer (Hg.): Schulkultur. Theoriebildung im Diskurs. Wiesbaden: Springer VS, S. 51\u201369.<br \/>Kalthoff, Herbert (2014): Unterrichtspraxis. \u00dcberlegungen zu einer empirischen Theorie des Unterrichts. In: Zeitschrift f\u00fcr P\u00e4dagogik, 60 (6), S. 867\u2013882.<br \/>Kalthoff, Herbert; Hirschauer, Stefan; Lindemann, Gesa (Hg.) (2008): Theoretische Empirie. Zur Relevanz qualitativer Forschung. Frankfurt am Main: Suhrkamp.<br \/>Lischka-Schmidt, Richard (2024, i. E.): Schule nach Parsons. Auf dem Weg zu einer normativfunktionalistischen Schultheorie. Weinheim: Beltz Juventa.<br \/>L\u00fcders, Manfred (2014): Erziehungswissenschaftliche Unterrichtstheorien. In: Zeitschrift f\u00fcr P\u00e4dagogik, 60 (6), S. 832\u2013849.<br \/>L\u00fcders, Manfred (2020): Zentrale Begriffe der Schulp\u00e4dagogik in p\u00e4dagogischen Nachschlagewerken. Ein empirischer Beitrag zur disziplin\u00e4ren Entwicklung der Schulp\u00e4dagogik. Zeitschrift f\u00fcr P\u00e4dagogik, 66 (6), S. 853\u2013872.<br \/>Meseth, Wolfgang; Proske, Matthias; Radtke, Frank-Olaf (Hg.) (2011): Unterrichtstheorien in Forschung und Lehre. Bad Heilbrunn: Klinkhardt.<br \/>Moldenhauer, Anna; Asbrand, Barbara; Hummrich, Merle; Idel, Till-Sebastian (Hg.) (2021): Schulentwicklung als Theorieprojekt. Forschungsperspektiven auf Ver\u00e4nderungsprozesse von Schule. Wiesbaden: Springer VS.<br \/>Moldenhauer, Anna; Kuhlmann, Nele (2021): Praktikentheoretische Perspektiven auf Transformationen von Schule. In: Babara Asbrand, Merle Hummrich, Till-Sebastian Idel und Anna Moldenhauer (Hg.): Schul-entwicklung als Theorieprojekt. Forschungsperspektiven auf Ver\u00e4nderungsprozesse von Schule. Wiesbaden. Wiesbaden: Springer VS, S. 245\u2013266.<br \/>Praetorius, Anna-Katharina; Charalambos Y. Charalambous (Hg.) (2023). Theorizing teaching: Current Status and Open Issues. Cham. Springer VS.<br \/>Proske, Matthias; Rabenstein, Kerstin (2018): Stand und Perspektiven qualitativ sinn-verstehender Unterrichtsforschung. Eine Einf\u00fchrung in das Kompendium. In: Matthias Proske und Kerstin Rabenstein (Hg.): Kompendium Qualitative Unterrichtsforschung. Bad Heilbrunn: Klinkhardt, S. 7\u201324.<br \/>Proske, Matthias; Rabenstein, Kerstin; Meseth, Wolfgang (2022): Unterricht als Interaktionsgeschehen. Konstitution, Ordnungsbildung und Wandel. In: Tina Hascher, Till-Sebastian Idel und Werner Helsper (Hg.): Handbuch Schulforschung (3. Aufl.). Wiesbaden: Springer VS, S. 907\u2013933.<br \/>Reh, Sabine (2017): Statt einer p\u00e4dagogischen Theorie der Schule: eine Geschichte des modernen Fachunterrichts als Geschichte subjektivierender Wissenspraktiken. In: Roland Reichenbach und Patrick B\u00fchler (Hg.): Fragmente zu einer p\u00e4dagogischen Theorie der Schule. Erziehungswissenschaftliche Perspektiven auf eine Leerstelle. Weinheim. Beltz Juventa, S. 152\u2013173.<br \/>Reh, Sabine; Fritzsche, Bettina; Idel, Till-Sebastian; Rabenstein, Kerstin (Hg.) (2015): Lernkulturen. Rekonstruktion p\u00e4dagogischer Praktiken an Ganztagsschulen. Wiesbaden: Springer VS.<br \/>Reichenbach, Roland; B\u00fchler, Patrick (Hg.) (2017): Fragmente zu einer p\u00e4dagogischen Theorie der Schule. Weinheim, Basel: Beltz Juventa.<br \/>R\u00f6hl, Tobias (2013): Dinge des Wissens. Schulunterricht als sozio-materielle Praxis. Stuttgart: Lucius <span class=\"amp\">&amp;<\/span> Lucius.<br \/>Terhart, Ewald (2013): Theorie der Schule: Auf der Suche nach einem Phantom? In: Ewald Terhart: Erziehungswissenschaft und Lehrerbildung. M\u00fcnster, New York, M\u00fcnchen, Berlin: Waxmann, S. 32\u201348.<br \/>Terhart, Ewald (2017): Theorie der Schule \u2013 eine unendliche Geschichte. In: Patrick B\u00fchler und Roland Reichenbach (Hg.): Fragmente zu einer p\u00e4dagogischen Theorie der Schule: Erziehungswissenschaftliche Perspektiven auf eine Leerstelle. Weinheim, Basel: Beltz Juventa, S. 34\u201353.<\/p>\n\n\n<p><\/p>\n","protected":false},"excerpt":{"rendered":"<p>Schon seit einiger Zeit nehmen schul- und unterrichtstheoretische Auseinandersetzungen, in denen die Gegenstandskonzepte systematisch diskutiert, relationiert und weiterentwickelt werden, eine eher randst\u00e4ndige Position ein (vgl. Terhart 2013). Auch wenn die Begriffe unstrittig f\u00fcr schulp\u00e4dagogische und didaktische Forschung und Lehre nach wie vor grundlegend sind, wird immer seltener explizit gemacht und ist es angesichts einer zunehmenden [&hellip;]<\/p>\n","protected":false},"author":5883,"featured_media":0,"parent":0,"menu_order":0,"comment_status":"closed","ping_status":"open","template":"","meta":[],"_links":{"self":[{"href":"https:\/\/blogs.urz.uni-halle.de\/refokussierungen2024\/wp-json\/wp\/v2\/pages\/2"}],"collection":[{"href":"https:\/\/blogs.urz.uni-halle.de\/refokussierungen2024\/wp-json\/wp\/v2\/pages"}],"about":[{"href":"https:\/\/blogs.urz.uni-halle.de\/refokussierungen2024\/wp-json\/wp\/v2\/types\/page"}],"author":[{"embeddable":true,"href":"https:\/\/blogs.urz.uni-halle.de\/refokussierungen2024\/wp-json\/wp\/v2\/users\/5883"}],"replies":[{"embeddable":true,"href":"https:\/\/blogs.urz.uni-halle.de\/refokussierungen2024\/wp-json\/wp\/v2\/comments?post=2"}],"version-history":[{"count":8,"href":"https:\/\/blogs.urz.uni-halle.de\/refokussierungen2024\/wp-json\/wp\/v2\/pages\/2\/revisions"}],"predecessor-version":[{"id":172,"href":"https:\/\/blogs.urz.uni-halle.de\/refokussierungen2024\/wp-json\/wp\/v2\/pages\/2\/revisions\/172"}],"wp:attachment":[{"href":"https:\/\/blogs.urz.uni-halle.de\/refokussierungen2024\/wp-json\/wp\/v2\/media?parent=2"}],"curies":[{"name":"wp","href":"https:\/\/api.w.org\/{rel}","templated":true}]}}