{"id":33,"date":"2023-07-05T14:43:41","date_gmt":"2023-07-05T12:43:41","guid":{"rendered":"https:\/\/blogs.urz.uni-halle.de\/regioniitaliani\/?page_id=33"},"modified":"2023-07-05T15:31:57","modified_gmt":"2023-07-05T13:31:57","slug":"il-veneto","status":"publish","type":"page","link":"https:\/\/blogs.urz.uni-halle.de\/regioniitaliani\/il-veneto\/","title":{"rendered":"Il Veneto"},"content":{"rendered":"\n<p>Il Veneto \u00e8 una regione dell&#8217;Italia nord-orientale che si estende dalle Dolomiti al Mare Adriatico. Il capoluogo regionale, Venezia, \u00e8 noto per i suoi canali, l&#8217;architettura gotica e il carnevale veneziano.<\/p>\n\n\n\n<figure class=\"wp-block-image size-large\"><img loading=\"lazy\" width=\"1024\" height=\"682\" src=\"https:\/\/blogs.urz.uni-halle.de\/regioniitaliani\/files\/2023\/07\/italy-7329943_1280-1024x682.jpg\" alt=\"\" class=\"wp-image-39\" srcset=\"https:\/\/blogs.urz.uni-halle.de\/regioniitaliani\/files\/2023\/07\/italy-7329943_1280-1024x682.jpg 1024w, https:\/\/blogs.urz.uni-halle.de\/regioniitaliani\/files\/2023\/07\/italy-7329943_1280-300x200.jpg 300w, https:\/\/blogs.urz.uni-halle.de\/regioniitaliani\/files\/2023\/07\/italy-7329943_1280-768x512.jpg 768w, https:\/\/blogs.urz.uni-halle.de\/regioniitaliani\/files\/2023\/07\/italy-7329943_1280.jpg 1280w\" sizes=\"(max-width: 1024px) 100vw, 1024px\" \/><\/figure>\n\n\n\n<p>Venezia \u00e8 probabilmente la citt\u00e0 pi\u00f9 famosa del Veneto, ma anche la medievale Verona, scenario della tragedia shakespeariana Romeo e Giulietta, merita una visita. Come spesso anche in Veneto, il turismo \u00e8 uno dei settori economici pi\u00f9 importanti della regione. Pi\u00f9 di 15 milioni di turisti visitano la regione ogni anno. A Venezia, i turisti sono cos\u00ec tanti che i residenti stanno gi\u00e0 manifestando contro questo fenomeno e chiedono di vietare le grandi navi da crociera.<\/p>\n\n\n<div class=\"h5p-iframe-wrapper\"><iframe id=\"h5p-iframe-5\" class=\"h5p-iframe\" data-content-id=\"5\" style=\"height:1px\" src=\"about:blank\" frameBorder=\"0\" scrolling=\"no\" title=\"Il Veneto\"><\/iframe><\/div>\n","protected":false},"excerpt":{"rendered":"<p>Il Veneto \u00e8 una regione dell&#8217;Italia nord-orientale che si estende dalle Dolomiti al Mare Adriatico. Il capoluogo regionale, Venezia, \u00e8 noto per i suoi canali, l&#8217;architettura gotica e il carnevale veneziano. Venezia \u00e8 probabilmente la citt\u00e0 pi\u00f9 famosa del Veneto, ma anche la medievale Verona, scenario della tragedia shakespeariana Romeo e Giulietta, merita una visita. &#8230; <span class=\"more\"><a class=\"more-link\" href=\"https:\/\/blogs.urz.uni-halle.de\/regioniitaliani\/il-veneto\/\">[Read more&#8230;]<\/a><\/span><\/p>\n","protected":false},"author":5807,"featured_media":0,"parent":0,"menu_order":0,"comment_status":"closed","ping_status":"closed","template":"","meta":[],"_links":{"self":[{"href":"https:\/\/blogs.urz.uni-halle.de\/regioniitaliani\/wp-json\/wp\/v2\/pages\/33"}],"collection":[{"href":"https:\/\/blogs.urz.uni-halle.de\/regioniitaliani\/wp-json\/wp\/v2\/pages"}],"about":[{"href":"https:\/\/blogs.urz.uni-halle.de\/regioniitaliani\/wp-json\/wp\/v2\/types\/page"}],"author":[{"embeddable":true,"href":"https:\/\/blogs.urz.uni-halle.de\/regioniitaliani\/wp-json\/wp\/v2\/users\/5807"}],"replies":[{"embeddable":true,"href":"https:\/\/blogs.urz.uni-halle.de\/regioniitaliani\/wp-json\/wp\/v2\/comments?post=33"}],"version-history":[{"count":3,"href":"https:\/\/blogs.urz.uni-halle.de\/regioniitaliani\/wp-json\/wp\/v2\/pages\/33\/revisions"}],"predecessor-version":[{"id":41,"href":"https:\/\/blogs.urz.uni-halle.de\/regioniitaliani\/wp-json\/wp\/v2\/pages\/33\/revisions\/41"}],"wp:attachment":[{"href":"https:\/\/blogs.urz.uni-halle.de\/regioniitaliani\/wp-json\/wp\/v2\/media?parent=33"}],"curies":[{"name":"wp","href":"https:\/\/api.w.org\/{rel}","templated":true}]}}