{"id":44,"date":"2023-07-05T16:27:48","date_gmt":"2023-07-05T14:27:48","guid":{"rendered":"https:\/\/blogs.urz.uni-halle.de\/regioniitaliani\/?page_id=44"},"modified":"2023-07-05T16:54:01","modified_gmt":"2023-07-05T14:54:01","slug":"la-lombardia","status":"publish","type":"page","link":"https:\/\/blogs.urz.uni-halle.de\/regioniitaliani\/la-lombardia\/","title":{"rendered":"La Lombardia"},"content":{"rendered":"\n<p>La Lombardia \u00e8 una regione dell&#8217;Italia settentrionale. Il suo capoluogo, Milano, \u00e8 un centro finanziario e di moda mondiale con molti negozi e ristoranti esclusivi. Il gotico Duomo di Milano e il monastero di Santa Maria delle Grazie, con il dipinto di Leonardo da Vinci &#8222;L&#8217;ultima cena&#8220;, testimoniano secoli di arte e cultura.<\/p>\n\n\n\n<figure class=\"wp-block-image size-large\"><img loading=\"lazy\" width=\"910\" height=\"607\" src=\"https:\/\/blogs.urz.uni-halle.de\/regioniitaliani\/files\/2023\/07\/italy-milano-duomo-square-architecture.jpg\" alt=\"\" class=\"wp-image-45\" srcset=\"https:\/\/blogs.urz.uni-halle.de\/regioniitaliani\/files\/2023\/07\/italy-milano-duomo-square-architecture.jpg 910w, https:\/\/blogs.urz.uni-halle.de\/regioniitaliani\/files\/2023\/07\/italy-milano-duomo-square-architecture-300x200.jpg 300w, https:\/\/blogs.urz.uni-halle.de\/regioniitaliani\/files\/2023\/07\/italy-milano-duomo-square-architecture-768x512.jpg 768w\" sizes=\"(max-width: 910px) 100vw, 910px\" \/><\/figure>\n\n\n\n<p>La Lombardia \u00e8 la prima regione economica italiana, con il capoluogo Milano che svolge il ruolo pi\u00f9 importante. La struttura economica di Milano \u00e8 prevalentemente caratterizzata dal commercio, dalle banche e dalla borsa valori. La Lombardia fa parte dei grandi laghi del nord Italia: il Lago Maggiore, il Lago di Lugano e il Lago di Garda.<\/p>\n\n\n<div class=\"h5p-iframe-wrapper\"><iframe id=\"h5p-iframe-8\" class=\"h5p-iframe\" data-content-id=\"8\" style=\"height:1px\" src=\"about:blank\" frameBorder=\"0\" scrolling=\"no\" title=\"la Lombardia\"><\/iframe><\/div>\n\n\n\n<p><\/p>\n\n\n\n<p>Il capoluogo Milano \u00e8 la sede di due squadre di calcio pi\u00f9 famose d&#8217;Italia: AC Milan e Inter Milan.<\/p>\n\n\n<div class=\"h5p-iframe-wrapper\"><iframe id=\"h5p-iframe-7\" class=\"h5p-iframe\" data-content-id=\"7\" style=\"height:1px\" src=\"about:blank\" frameBorder=\"0\" scrolling=\"no\" title=\"Assegnare le maglie alla squadra corretta.\"><\/iframe><\/div>\n","protected":false},"excerpt":{"rendered":"<p>La Lombardia \u00e8 una regione dell&#8217;Italia settentrionale. Il suo capoluogo, Milano, \u00e8 un centro finanziario e di moda mondiale con molti negozi e ristoranti esclusivi. Il gotico Duomo di Milano e il monastero di Santa Maria delle Grazie, con il dipinto di Leonardo da Vinci &#8222;L&#8217;ultima cena&#8220;, testimoniano secoli di arte e cultura. La Lombardia &#8230; <span class=\"more\"><a class=\"more-link\" href=\"https:\/\/blogs.urz.uni-halle.de\/regioniitaliani\/la-lombardia\/\">[Read more&#8230;]<\/a><\/span><\/p>\n","protected":false},"author":5807,"featured_media":0,"parent":0,"menu_order":0,"comment_status":"closed","ping_status":"closed","template":"","meta":[],"_links":{"self":[{"href":"https:\/\/blogs.urz.uni-halle.de\/regioniitaliani\/wp-json\/wp\/v2\/pages\/44"}],"collection":[{"href":"https:\/\/blogs.urz.uni-halle.de\/regioniitaliani\/wp-json\/wp\/v2\/pages"}],"about":[{"href":"https:\/\/blogs.urz.uni-halle.de\/regioniitaliani\/wp-json\/wp\/v2\/types\/page"}],"author":[{"embeddable":true,"href":"https:\/\/blogs.urz.uni-halle.de\/regioniitaliani\/wp-json\/wp\/v2\/users\/5807"}],"replies":[{"embeddable":true,"href":"https:\/\/blogs.urz.uni-halle.de\/regioniitaliani\/wp-json\/wp\/v2\/comments?post=44"}],"version-history":[{"count":4,"href":"https:\/\/blogs.urz.uni-halle.de\/regioniitaliani\/wp-json\/wp\/v2\/pages\/44\/revisions"}],"predecessor-version":[{"id":51,"href":"https:\/\/blogs.urz.uni-halle.de\/regioniitaliani\/wp-json\/wp\/v2\/pages\/44\/revisions\/51"}],"wp:attachment":[{"href":"https:\/\/blogs.urz.uni-halle.de\/regioniitaliani\/wp-json\/wp\/v2\/media?parent=44"}],"curies":[{"name":"wp","href":"https:\/\/api.w.org\/{rel}","templated":true}]}}