{"id":57,"date":"2023-08-31T12:57:21","date_gmt":"2023-08-31T10:57:21","guid":{"rendered":"https:\/\/blogs.urz.uni-halle.de\/regioniitaliani\/?page_id=57"},"modified":"2023-08-31T12:57:22","modified_gmt":"2023-08-31T10:57:22","slug":"la-liguria","status":"publish","type":"page","link":"https:\/\/blogs.urz.uni-halle.de\/regioniitaliani\/la-liguria\/","title":{"rendered":"La Liguria"},"content":{"rendered":"\n<p>La Liguria \u00e8 una regione costiera dell&#8217;Italia nord-occidentale e la terza regione italiana pi\u00f9 piccola. La Liguria confina con la Francia a ovest, con il Piemonte a nord, con l&#8217;Emilia-Romagna e la Toscana a est e con il Mar Ligure, parte del Mar Mediterraneo, a sud.<\/p>\n\n\n\n<figure class=\"wp-block-image size-large\"><img loading=\"lazy\" width=\"1024\" height=\"604\" src=\"https:\/\/blogs.urz.uni-halle.de\/regioniitaliani\/files\/2023\/08\/cinque-terre-1745274_1280-1024x604.jpg\" alt=\"\" class=\"wp-image-58\" srcset=\"https:\/\/blogs.urz.uni-halle.de\/regioniitaliani\/files\/2023\/08\/cinque-terre-1745274_1280-1024x604.jpg 1024w, https:\/\/blogs.urz.uni-halle.de\/regioniitaliani\/files\/2023\/08\/cinque-terre-1745274_1280-300x177.jpg 300w, https:\/\/blogs.urz.uni-halle.de\/regioniitaliani\/files\/2023\/08\/cinque-terre-1745274_1280-768x453.jpg 768w, https:\/\/blogs.urz.uni-halle.de\/regioniitaliani\/files\/2023\/08\/cinque-terre-1745274_1280.jpg 1280w\" sizes=\"(max-width: 1024px) 100vw, 1024px\" \/><\/figure>\n\n\n<div class=\"h5p-iframe-wrapper\"><iframe id=\"h5p-iframe-9\" class=\"h5p-iframe\" data-content-id=\"9\" style=\"height:1px\" src=\"about:blank\" frameBorder=\"0\" scrolling=\"no\" title=\"Liguria Vero\/Falso\"><\/iframe><\/div>\n\n\n\n<p>La Liguria \u00e8 una regione turistica molto popolare. Particolarmente famosa \u00e8 la regione delle Cinque Terre. La regione delle Cinque Terre \u00e8 una fascia costiera lunga 12 chilometri. \u00c8 un parco nazionale in cui non si pu\u00f2 costruire o modificare nulla e dal 1997 \u00e8 anche Patrimonio dell&#8217;Umanit\u00e0 dell&#8217;Unesco. Lungo la costa si estende un&#8217;alta catena montuosa, che in parte degrada ripidamente verso il mare. Grazie al paesaggio montuoso, la regione \u00e8 particolarmente apprezzata dagli escursionisti.<\/p>\n\n\n\n<figure class=\"wp-block-image size-large\"><img loading=\"lazy\" width=\"1024\" height=\"768\" src=\"https:\/\/blogs.urz.uni-halle.de\/regioniitaliani\/files\/2023\/08\/Cinque_Terre_.jpg\" alt=\"\" class=\"wp-image-59\" srcset=\"https:\/\/blogs.urz.uni-halle.de\/regioniitaliani\/files\/2023\/08\/Cinque_Terre_.jpg 1024w, https:\/\/blogs.urz.uni-halle.de\/regioniitaliani\/files\/2023\/08\/Cinque_Terre_-300x225.jpg 300w, https:\/\/blogs.urz.uni-halle.de\/regioniitaliani\/files\/2023\/08\/Cinque_Terre_-768x576.jpg 768w\" sizes=\"(max-width: 1024px) 100vw, 1024px\" \/><\/figure>\n\n\n<div class=\"h5p-iframe-wrapper\"><iframe id=\"h5p-iframe-10\" class=\"h5p-iframe\" data-content-id=\"10\" style=\"height:1px\" src=\"about:blank\" frameBorder=\"0\" scrolling=\"no\" title=\"Fill in Blanks Liguria\"><\/iframe><\/div>\n\n\n\n<p>Il prodotto regionale pi\u00f9 famoso \u00e8 sicuramente l&#8217;olio d&#8217;oliva, che costituisce la base della maggior parte dei piatti della gastronomia ligure. Tra i piatti tipici regionali pi\u00f9 importanti ci sono vari piatti di pesce, la focaccia e il pesto.<\/p>\n\n\n<div class=\"h5p-iframe-wrapper\"><iframe id=\"h5p-iframe-12\" class=\"h5p-iframe\" data-content-id=\"12\" style=\"height:1px\" src=\"about:blank\" frameBorder=\"0\" scrolling=\"no\" title=\"Bilderr\u00e4tsel Focaccia\"><\/iframe><\/div>\n","protected":false},"excerpt":{"rendered":"<p>La Liguria \u00e8 una regione costiera dell&#8217;Italia nord-occidentale e la terza regione italiana pi\u00f9 piccola. La Liguria confina con la Francia a ovest, con il Piemonte a nord, con l&#8217;Emilia-Romagna e la Toscana a est e con il Mar Ligure, parte del Mar Mediterraneo, a sud. La Liguria \u00e8 una regione turistica molto popolare. Particolarmente &#8230; <span class=\"more\"><a class=\"more-link\" href=\"https:\/\/blogs.urz.uni-halle.de\/regioniitaliani\/la-liguria\/\">[Read more&#8230;]<\/a><\/span><\/p>\n","protected":false},"author":5807,"featured_media":0,"parent":0,"menu_order":0,"comment_status":"closed","ping_status":"closed","template":"","meta":[],"_links":{"self":[{"href":"https:\/\/blogs.urz.uni-halle.de\/regioniitaliani\/wp-json\/wp\/v2\/pages\/57"}],"collection":[{"href":"https:\/\/blogs.urz.uni-halle.de\/regioniitaliani\/wp-json\/wp\/v2\/pages"}],"about":[{"href":"https:\/\/blogs.urz.uni-halle.de\/regioniitaliani\/wp-json\/wp\/v2\/types\/page"}],"author":[{"embeddable":true,"href":"https:\/\/blogs.urz.uni-halle.de\/regioniitaliani\/wp-json\/wp\/v2\/users\/5807"}],"replies":[{"embeddable":true,"href":"https:\/\/blogs.urz.uni-halle.de\/regioniitaliani\/wp-json\/wp\/v2\/comments?post=57"}],"version-history":[{"count":1,"href":"https:\/\/blogs.urz.uni-halle.de\/regioniitaliani\/wp-json\/wp\/v2\/pages\/57\/revisions"}],"predecessor-version":[{"id":60,"href":"https:\/\/blogs.urz.uni-halle.de\/regioniitaliani\/wp-json\/wp\/v2\/pages\/57\/revisions\/60"}],"wp:attachment":[{"href":"https:\/\/blogs.urz.uni-halle.de\/regioniitaliani\/wp-json\/wp\/v2\/media?parent=57"}],"curies":[{"name":"wp","href":"https:\/\/api.w.org\/{rel}","templated":true}]}}