{"id":1492,"date":"2017-11-01T11:26:19","date_gmt":"2017-11-01T10:26:19","guid":{"rendered":"https:\/\/blogs.urz.uni-halle.de\/romanikzentrum\/?page_id=1492"},"modified":"2024-03-25T21:09:17","modified_gmt":"2024-03-25T20:09:17","slug":"more-romano-5","status":"publish","type":"page","link":"https:\/\/blogs.urz.uni-halle.de\/romanikzentrum\/en\/more-romano-5\/","title":{"rendered":"more romano 5"},"content":{"rendered":"<div class=\"wp-block-image\"><figure class=\"alignright size-large is-resized\"><img loading=\"lazy\" src=\"https:\/\/blogs.urz.uni-halle.de\/romanikzentrum\/files\/2016\/11\/Kulturstra\u00dfen-763x1024.jpg\" alt=\"more romano 5\" class=\"wp-image-1018\" width=\"325\" height=\"436\" srcset=\"https:\/\/blogs.urz.uni-halle.de\/romanikzentrum\/files\/2016\/11\/Kulturstra\u00dfen-763x1024.jpg 763w, https:\/\/blogs.urz.uni-halle.de\/romanikzentrum\/files\/2016\/11\/Kulturstra\u00dfen-224x300.jpg 224w, https:\/\/blogs.urz.uni-halle.de\/romanikzentrum\/files\/2016\/11\/Kulturstra\u00dfen-768x1031.jpg 768w\" sizes=\"(max-width: 325px) 100vw, 325px\" \/><figcaption>Kulturstra\u00dfen als Konzept &#8211; 20 Jahre Stra\u00dfe der Romanik<\/figcaption><\/figure><\/div>\n\n\n<p><strong>Kulturstra\u00dfen als Konzept. 20 Jahre Stra\u00dfe der Romanik<\/strong><\/p>\n<p>edited by Andreas Ranft and Wolfgang Schenkluhn<br>Regensburg: Schnell &amp; Steiner 2016<br>312 p., 103 illus., 25 in color, ISBN: 978-3-7954-2912-6, 59,00 Euro<\/p>\n<p><strong>table of contents<\/strong><\/p>\n<p>Zur Kulturstra\u00dfe als Konzept<\/p>\n<ul>\n<li>Wolfgang Schenkluhn: Kulturstra\u00dfen als Konzept. Ein Themenaufriss. Einleitung<\/li>\n<li>Klaus Herbers: Von Pilgern zu Pilgerstra\u00dfen. Fakten und Fiktionen. Festvortrag<\/li>\n<\/ul>\n<p>20 Jahre <em>Stra\u00dfe der Romanik<\/em> \u2013 Ertrag &amp; Perspektive<\/p>\n<ul>\n<li>Christian Antz: Die Stra\u00dfe der Romanik und der Mythos von Sisyphos. Von Arbeit und Erfolg im Kulturtourismus am Beispiel einer regionalen und doch europ\u00e4ischen Kulturstra\u00dfe von 1992 bis 2013<\/li>\n<li>Ulrike Wendland: Stra\u00dfe der Romanik 20 Jahre \u2013 Erfolge f\u00fcr die Denkmalpflege<\/li>\n<li>Wolfgang Schenkluhn: Die Stra\u00dfe der Romanik aus wissenschaftlicher Sicht. Eine Betrachtung zu Ertrag und Perspektiven eines kulturtouristischen Konstrukts<\/li>\n<\/ul>\n<p>Die Stra\u00dfe \/ die Reise aus kulturhistorischer Sicht<\/p>\n<ul>\n<li>Desmond Durkin-Meisterernst: Die Seidenstra\u00dfe \u2013 Idee und Realit\u00e4t an Hand der Berliner Turfansammlung<\/li>\n<li>Hermann Kulke: Tirtha Yatra: sakrale Topographie und Wallfahrt in Indien<\/li>\n<li>Thomas Ertl: Die Grand Trunk Road von Kabul nach Kalkutta. Eine Stra\u00dfe als Erinnerungsort<\/li>\n<li>Karlheinz W\u00f6hler: Touristische Verortungen. Reisen im Tourismusmodus: zur Persistenz der Romantik im Reise-Ich<\/li>\n<li>Markus Gamper: Postpilger auf historischen Kulturwegen. Eine soziologische Studie zur Pilgerkultur auf dem Jakobsweg<\/li>\n<li>Thomas Wilke: Virtuelles Reisen \u2013 Digitales Reisen? Zu einigen Tendenzen der medialen Vermittlung, Vernetzung und Transformation im digitalen Zeitalter<\/li>\n<\/ul>\n<p>Kulturstra\u00dfen der Geschichte in der Vergangenheit<\/p>\n<ul>\n<li>Timothy Darvill: Roads to Stonehenge. A prehistoric healing centre and pilgrimage site in southern Britain<\/li>\n<li>Helga Bumke: Die Reisebeschreibungen des Pausanias \u2013 Ein Baedeker der Antike?<\/li>\n<li>Stefan Lehmann: Raumerschlie\u00dfungen und Kommunikationswege im Imperium Romanum um 300 n. Chr. Die kartographische Darstellung des Stra\u00dfennetzes in der Tabula Peutingeriana<\/li>\n<li>Ina Eichner: Von Konstantinopel nach Nicaea. Pilgerwege im Byzantinischen Reich<\/li>\n<li>Richard Rupert Metzner: Von vielen Wegen und einem Ziel. Zur funktionalen Pluralit\u00e4t der Via francigena und anderer hochmittelalterlicher Transferlinien nach Rom<\/li>\n<li>Mihailo St. Popovi\u0107: The Macro- and Micro-Level of Roads and Routes in die Medieval Balkans<\/li>\n<\/ul>\n<p>Kulturstra\u00dfen der Geschichte in der Gegenwart<\/p>\n<ul>\n<li>Christoph Brumann: Vom Nutzen der Verbindungen. Die \u201ecultural routes\u201c im UNESCO-Welterbegeschehen<\/li>\n<li>Marco Pointecker: Qhapaq \u00d1an \u2013 das Stra\u00dfensystem der Inka. Potenziale touristisch nachhaltiger Entwicklung in den Anden Perus<\/li>\n<li>Jacek Bielak: National \u2013 regional \u2013 europ\u00e4isch? Zur Konzeption der Bernsteinstra\u00dfe und ihre Rolle bei der Identit\u00e4tsfindung der Einwohner des ehemaligen Preu\u00dfens nach 1989<\/li>\n<li>Sabine Ambrosius \/ Gabriele Horn: Chausseeh\u00e4user \u2013 Meilensteine. Eine noch verkannte Perlenkette, die Residenzen, St\u00e4dte und D\u00f6rfer miteinander verbindet<\/li>\n<li>Eva Sturm: Die Vielstimmigkeit Mitteleuropas als touristische Ressource? Mit Mitteleurop\u00e4ischen Literaturwegen durch einen \u201anicht gez\u00e4hmten Raum\u2018 \u2013 Eine Projektidee<\/li>\n<li>Harald Schwillus: Auf spirituellen Wegen. Spiritueller Tourismus zwischen Religion und Reise<\/li>\n<li>Johannes Stahl: Street \u2013 Art. Stichworte zu einer Kunst der Stra\u00dfe<\/li>\n<\/ul>\n<p><a href=\"https:\/\/blogs.urz.uni-halle.de\/romanikzentrum\/en\/more-romano\/\">back<\/a><\/p>","protected":false},"excerpt":{"rendered":"<p>Kulturstra\u00dfen als Konzept. 20 Jahre Stra\u00dfe der Romanik edited by Andreas Ranft and Wolfgang SchenkluhnRegensburg: Schnell &amp; Steiner 2016312 p., 103 illus., 25 in color, ISBN: 978-3-7954-2912-6, 59,00 Euro table of contents Zur Kulturstra\u00dfe als Konzept Wolfgang Schenkluhn: Kulturstra\u00dfen als Konzept. Ein Themenaufriss. Einleitung Klaus Herbers: Von Pilgern zu Pilgerstra\u00dfen. Fakten und Fiktionen. Festvortrag 20 &hellip; <\/p>\n<p><a class=\"more-link btn\" href=\"https:\/\/blogs.urz.uni-halle.de\/romanikzentrum\/en\/more-romano-5\/\">Continue reading<\/a><\/p>\n","protected":false},"author":6030,"featured_media":1147,"parent":0,"menu_order":0,"comment_status":"closed","ping_status":"closed","template":"","meta":{"ngg_post_thumbnail":0},"_links":{"self":[{"href":"https:\/\/blogs.urz.uni-halle.de\/romanikzentrum\/en\/wp-json\/wp\/v2\/pages\/1492"}],"collection":[{"href":"https:\/\/blogs.urz.uni-halle.de\/romanikzentrum\/en\/wp-json\/wp\/v2\/pages"}],"about":[{"href":"https:\/\/blogs.urz.uni-halle.de\/romanikzentrum\/en\/wp-json\/wp\/v2\/types\/page"}],"author":[{"embeddable":true,"href":"https:\/\/blogs.urz.uni-halle.de\/romanikzentrum\/en\/wp-json\/wp\/v2\/users\/6030"}],"replies":[{"embeddable":true,"href":"https:\/\/blogs.urz.uni-halle.de\/romanikzentrum\/en\/wp-json\/wp\/v2\/comments?post=1492"}],"version-history":[{"count":5,"href":"https:\/\/blogs.urz.uni-halle.de\/romanikzentrum\/en\/wp-json\/wp\/v2\/pages\/1492\/revisions"}],"predecessor-version":[{"id":3590,"href":"https:\/\/blogs.urz.uni-halle.de\/romanikzentrum\/en\/wp-json\/wp\/v2\/pages\/1492\/revisions\/3590"}],"wp:featuredmedia":[{"embeddable":true,"href":"https:\/\/blogs.urz.uni-halle.de\/romanikzentrum\/en\/wp-json\/wp\/v2\/media\/1147"}],"wp:attachment":[{"href":"https:\/\/blogs.urz.uni-halle.de\/romanikzentrum\/en\/wp-json\/wp\/v2\/media?parent=1492"}],"curies":[{"name":"wp","href":"https:\/\/api.w.org\/{rel}","templated":true}]}}