{"id":1948,"date":"2020-05-13T14:43:52","date_gmt":"2020-05-13T12:43:52","guid":{"rendered":"https:\/\/blogs.urz.uni-halle.de\/romanikzentrum\/?page_id=1948"},"modified":"2024-01-31T14:26:15","modified_gmt":"2024-01-31T13:26:15","slug":"julia-seeberger","status":"publish","type":"page","link":"https:\/\/blogs.urz.uni-halle.de\/romanikzentrum\/en\/julia-seeberger\/","title":{"rendered":"Julia Seeberger"},"content":{"rendered":"\n<p>gewann den <strong>Romanikforschungspreis 2019 <\/strong>mit ihrer Dissertation zum Thema<br><em>Olfaktorik und Entgrenzung \u2013 die Visionen der Wienerin Agnes Blannbekin (+1315)<\/em>.<\/p>\n\n\n\n<div class=\"wp-block-image\"><figure class=\"alignright size-large is-resized\"><img loading=\"lazy\" src=\"https:\/\/blogs.urz.uni-halle.de\/romanikzentrum\/files\/2020\/05\/julia_seeberger.jpg\" alt=\"\" class=\"wp-image-1940\" width=\"324\" height=\"342\" srcset=\"https:\/\/blogs.urz.uni-halle.de\/romanikzentrum\/files\/2020\/05\/julia_seeberger.jpg 538w, https:\/\/blogs.urz.uni-halle.de\/romanikzentrum\/files\/2020\/05\/julia_seeberger-285x300.jpg 285w\" sizes=\"(max-width: 324px) 100vw, 324px\" \/><\/figure><\/div>\n\n\n\n<ul><li><strong>2008-2009<\/strong> Bachelorstudium Geschichtswissenschaften: Zeiten, R\u00e4ume und Kulturen an der Katholischen Universit\u00e4t Eichst\u00e4tt<\/li><li><strong>2009-2012<\/strong> Bachelorstudium Geschichte, P\u00e4dagogik und Politikwissenschaften an der Otto-Friedrich-Universit\u00e4t Bamberg<\/li><li><strong>2012-2013<\/strong> Masterstudium Geschichte und Kulturanthropologie an der Georg-August-Universit\u00e4t G\u00f6ttingen<\/li><li><strong>2013-2015<\/strong>&nbsp; Masterstudium Geschichte mit Schwerpunkt Mittelalterliche Geschichte und Geschichte der fr\u00fchen Neuzeit an der Otto-Friedrich-Universit\u00e4t Bamberg<\/li><li><strong>2015-2018<\/strong> Kollegiatin und Doktorandin des Max-Weber-Kollegs Erfurt und Christoph-Martin-Wieland-Stipendium<\/li><li><strong>seit M\u00e4rz 2019<\/strong> Wissenschaftliche Mitarbeiterin (PostDoc) an der Professur f\u00fcr Mittelalterliche Geschichte (Prof. Dr. Sabine Schmolinsky) der Philosophischen Fakult\u00e4t der Universit\u00e4t Erfurt<\/li><\/ul>\n\n\n\n<p><\/p>\n\n\n\n<p><a href=\"https:\/\/blogs.urz.uni-halle.de\/romanikzentrum\/romanik-forschungspreis\/\">zur\u00fcck<\/a><\/p>\n","protected":false},"excerpt":{"rendered":"<p>gewann den Romanikforschungspreis 2019 mit ihrer Dissertation zum ThemaOlfaktorik und Entgrenzung \u2013 die Visionen der Wienerin Agnes Blannbekin (+1315). 2008-2009 Bachelorstudium Geschichtswissenschaften: Zeiten, R\u00e4ume und Kulturen an der Katholischen Universit\u00e4t Eichst\u00e4tt 2009-2012 Bachelorstudium Geschichte, P\u00e4dagogik und Politikwissenschaften an der Otto-Friedrich-Universit\u00e4t Bamberg 2012-2013 Masterstudium Geschichte und Kulturanthropologie an der Georg-August-Universit\u00e4t G\u00f6ttingen 2013-2015&nbsp; Masterstudium Geschichte mit Schwerpunkt &hellip; <\/p>\n<p><a class=\"more-link btn\" href=\"https:\/\/blogs.urz.uni-halle.de\/romanikzentrum\/en\/julia-seeberger\/\">Continue reading<\/a><\/p>\n","protected":false},"author":6030,"featured_media":1940,"parent":0,"menu_order":0,"comment_status":"closed","ping_status":"closed","template":"","meta":{"ngg_post_thumbnail":0},"_links":{"self":[{"href":"https:\/\/blogs.urz.uni-halle.de\/romanikzentrum\/en\/wp-json\/wp\/v2\/pages\/1948"}],"collection":[{"href":"https:\/\/blogs.urz.uni-halle.de\/romanikzentrum\/en\/wp-json\/wp\/v2\/pages"}],"about":[{"href":"https:\/\/blogs.urz.uni-halle.de\/romanikzentrum\/en\/wp-json\/wp\/v2\/types\/page"}],"author":[{"embeddable":true,"href":"https:\/\/blogs.urz.uni-halle.de\/romanikzentrum\/en\/wp-json\/wp\/v2\/users\/6030"}],"replies":[{"embeddable":true,"href":"https:\/\/blogs.urz.uni-halle.de\/romanikzentrum\/en\/wp-json\/wp\/v2\/comments?post=1948"}],"version-history":[{"count":7,"href":"https:\/\/blogs.urz.uni-halle.de\/romanikzentrum\/en\/wp-json\/wp\/v2\/pages\/1948\/revisions"}],"predecessor-version":[{"id":3420,"href":"https:\/\/blogs.urz.uni-halle.de\/romanikzentrum\/en\/wp-json\/wp\/v2\/pages\/1948\/revisions\/3420"}],"wp:featuredmedia":[{"embeddable":true,"href":"https:\/\/blogs.urz.uni-halle.de\/romanikzentrum\/en\/wp-json\/wp\/v2\/media\/1940"}],"wp:attachment":[{"href":"https:\/\/blogs.urz.uni-halle.de\/romanikzentrum\/en\/wp-json\/wp\/v2\/media?parent=1948"}],"curies":[{"name":"wp","href":"https:\/\/api.w.org\/{rel}","templated":true}]}}