{"id":245,"date":"2015-05-27T13:06:07","date_gmt":"2015-05-27T11:06:07","guid":{"rendered":"https:\/\/blogs.urz.uni-halle.de\/romanikzentrum\/?page_id=245"},"modified":"2026-02-02T10:50:54","modified_gmt":"2026-02-02T09:50:54","slug":"organisationsstruktur","status":"publish","type":"page","link":"https:\/\/blogs.urz.uni-halle.de\/romanikzentrum\/en\/organisationsstruktur\/","title":{"rendered":"Organization"},"content":{"rendered":"<p>Considering the strategy and policy of the ERZ, a managing committee is elected every 4 years by the general assembly. An international board of advisers supports the managing committee. Together with the general assembly both organs set the research and events of the society.<\/p>\n\n\n\n<p><strong>Executive Board<\/strong><\/p>\n\n\n\n<p>Prof. Dr. Ute Engel (Chairman and Director)<br><a href=\"https:\/\/www.ikare.uni-halle.de\/kunstgeschichte\/personen\/engel\/\">Professorship of Medieval Art History at Martin-Luther-Universit\u00e4t Halle-Wittenberg<\/a><\/p>\n\n\n\n<p>Prof. Dr. Klaus Kr\u00fcger (Vice-Chairman)<br><a href=\"http:\/\/www.geschichte.uni-halle.de\/mitarbeiter\/krueger1\/\">Director of Department of Auxiliary Science of History at Martin-Luther-Universit\u00e4t Halle-Wittenberg<\/a><\/p>\n\n\n\n<p>Oliver Ritter, MA (Treasurer)<br><a href=\"https:\/\/www.ikare.uni-halle.de\/kunstgeschichte\/personen\/oliver_ritter_m.a.\/\">Historische Kommission<\/a><\/p>\n\n\n\n<p>Dr. Gabriele K\u00f6ster&nbsp;<br><a href=\"https:\/\/www.khm-magdeburg.de\/das-museum\/\">Museum Director of&nbsp; Magdeburg<\/a><\/p>\n\n\n\n<p>Board Member from the <a href=\"http:\/\/www.vereinigte-domstifter.de\/de\/domstifterverwaltung\/ansprechpartner\/\">Vereinigten Domstifter zu Naumburg, Merseburg und des Kollegiatstifts Zeitz<\/a><br>represented by Dr. Holger Kunde<\/p>\n\n\n\n<p>Board Member from the Rektorat of the <a href=\"http:\/\/www.prorektoratfw.uni-halle.de\/\">Martin-Luther-Universit\u00e4t Halle-Wittenberg<\/a><br>represented by Prof. Dr. Christine F\u00fcrst<\/p>\n\n\n\n<p><strong>International Board of Advisors<br><\/strong><\/p>\n\n\n\n<p>Prof. Dr. Rainer Atzbach<br><a href=\"http:\/\/pure.au.dk\/portal\/en\/rainer.atzbach@cas.au.dk\">School of Culture and Society &#8211; Department of Archeology and Heritage Studies, Aarhus Univerity<\/a><\/p>\n\n\n\n<p>Prof. Dr. Klaus Gereon Beuckers<br><a href=\"https:\/\/www.kunstgeschichte.uni-kiel.de\/de\/institut\/personen-sprechstunden\/prof.-dr.-phil.-klaus-gereon-beuckers\">Kunsthistorisches Institut, Christian-Albrechts-Universit\u00e4t zu Kiel<\/a><\/p>\n\n\n\n<p>Prof. Dr. Lex Bosman<br><a class=\"external-link-new-window\" href=\"http:\/\/www.uva.nl\/profiel\/b\/o\/a.f.w.bosman\/a.f.w.bosman.html\" target=\"_blank\" rel=\"noopener noreferrer\">Architectuurgeschiedenis op de Faculteit der Geesteswetenschappen, Universiteit van Amsterdam<\/a><\/p>\n\n\n\n<p>Prof. Dr. Jaros\u0142aw Jarzewicz<br><a class=\"external-link-new-window\" href=\"http:\/\/arthist.amu.edu.pl\/osoba\/zaklad-historii-sztuki-sredniowiecznej\/prof-uam-dr-hab-jaroslaw-jarzewicz\/\" target=\"_blank\" rel=\"noopener noreferrer\">Instytut Historii Sztuki, Uniwersytet Adama Mickiewicza Pozna\u0144<\/a><\/p>\n\n\n\n<p>Prof. Ph.D. Jacqueline Jung<br><a href=\"https:\/\/arthistory.yale.edu\/people\/jacqueline-jung\">Department of the History of Art, Yale University<\/a><\/p>\n\n\n\n<p>Prof. Dr. Bruno Klein<br><a href=\"https:\/\/tu-dresden.de\/gsw\/phil\/ikm\/kuge\/der-fachbereich\/Mitarbeiter\/copy_of_ordentliche-professoren\/bruno-klein\">Institut f\u00fcr Kunst- und Musikwissenschaft, Technische Universit\u00e4t Dresden<\/a><\/p>\n\n\n\n<p>Prof. Dr. Dany Sandron<br><a class=\"external-link-new-window\" title=\"Opens external link in new window\" href=\"http:\/\/www.paris-sorbonne.fr\/article\/sandron-dany\" target=\"_blank\" rel=\"noopener noreferrer\">Institut d`Art et d`Arch\u00e9ologie, Universit\u00e9 de Paris-Sorbonne\/ Centre Andr\u00e9 Chastel<\/a><\/p>\n\n\n\n<p>Prof. Dr. Harald Wolter von dem Knesebeck<br><a href=\"https:\/\/www.khi.uni-bonn.de\/de\/Institut\/Personen\/wolter\">Kunsthistorisches Institut, Rheinische Friedrich-Wilhelms-Universit\u00e4t Bonn<\/a><\/p>\n\n\n\n<p>Prof. Dr. Marc von der H\u00f6h<br><a href=\"https:\/\/www.geschichte.uni-rostock.de\/arbeitsbereiche\/mittelalterliche-geschichte\/lehrstuhl\/lehstuhlinhaber\/\">Historisches Institut, Universit\u00e4t Rostock<\/a><\/p>\n\n\n\n<p>Prof. Dr. Susanne Wittekind<br><a href=\"http:\/\/khi.phil-fak.uni-koeln.de\/24275.html\">Kunsthistorisches Institut, Universit\u00e4t zu K\u00f6ln<\/a><\/p>\n\n\n\n<div>Dr. Jan Dienstbier<br><span style=\"color: #3366ff\"><a style=\"color: #3366ff\" href=\"https:\/\/www.udu.cas.cz\/\">\u00dastav d\u011bjin um\u011bn\u00ed AV \u010cR, v.v.i.<\/a><\/span><\/div>\n\n\n\n<div>&nbsp;<\/div>\n\n\n\n<div>Prof. Dr. Daniela Mondini<\/div>\n\n\n\n<div><span style=\"color: #3366ff\"><a style=\"color: #3366ff\" href=\"https:\/\/www.arc.usi.ch\/it\/istituti-e-lab\/isa\">Accademia di architettura, Universit\u00e0 della Svizzera italiana, Istituto di storia e teoria dell\u2019arte e dell\u2019architettura ISA<\/a><\/span><\/div>\n\n\n\n<div class=\"wp-block-image\"><figure class=\"aligncenter size-large is-resized\"><img loading=\"lazy\" src=\"https:\/\/blogs.urz.uni-halle.de\/romanikzentrum\/files\/2025\/05\/Vorstandsmitglieder_vor_KlosterJerichow-1024x683.jpg\" alt=\"\" class=\"wp-image-4002\" width=\"574\" height=\"382\" srcset=\"https:\/\/blogs.urz.uni-halle.de\/romanikzentrum\/files\/2025\/05\/Vorstandsmitglieder_vor_KlosterJerichow-1024x683.jpg 1024w, https:\/\/blogs.urz.uni-halle.de\/romanikzentrum\/files\/2025\/05\/Vorstandsmitglieder_vor_KlosterJerichow-300x200.jpg 300w, https:\/\/blogs.urz.uni-halle.de\/romanikzentrum\/files\/2025\/05\/Vorstandsmitglieder_vor_KlosterJerichow-267x178.jpg 267w, https:\/\/blogs.urz.uni-halle.de\/romanikzentrum\/files\/2025\/05\/Vorstandsmitglieder_vor_KlosterJerichow-768x512.jpg 768w, https:\/\/blogs.urz.uni-halle.de\/romanikzentrum\/files\/2025\/05\/Vorstandsmitglieder_vor_KlosterJerichow-1536x1024.jpg 1536w, https:\/\/blogs.urz.uni-halle.de\/romanikzentrum\/files\/2025\/05\/Vorstandsmitglieder_vor_KlosterJerichow-2048x1365.jpg 2048w, https:\/\/blogs.urz.uni-halle.de\/romanikzentrum\/files\/2025\/05\/Vorstandsmitglieder_vor_KlosterJerichow-652x435.jpg 652w\" sizes=\"(max-width: 574px) 100vw, 574px\" \/><figcaption>einige Vorstandsmitglieder vor dem Kloster Jerichwo (Studientag), (c) Blanca K\u00f6nig<\/figcaption><\/figure><\/div>","protected":false},"excerpt":{"rendered":"<p>Considering the strategy and policy of the ERZ, a managing committee is elected every 4 years by the general assembly. An international board of advisers supports the managing committee. Together with the general assembly both organs set the research and events of the society. Executive Board Prof. Dr. Ute Engel (Chairman and Director)Professorship of Medieval &hellip; <\/p>\n<p><a class=\"more-link btn\" href=\"https:\/\/blogs.urz.uni-halle.de\/romanikzentrum\/en\/organisationsstruktur\/\">Continue reading<\/a><\/p>\n","protected":false},"author":6030,"featured_media":4082,"parent":0,"menu_order":0,"comment_status":"closed","ping_status":"open","template":"","meta":{"ngg_post_thumbnail":0},"_links":{"self":[{"href":"https:\/\/blogs.urz.uni-halle.de\/romanikzentrum\/en\/wp-json\/wp\/v2\/pages\/245"}],"collection":[{"href":"https:\/\/blogs.urz.uni-halle.de\/romanikzentrum\/en\/wp-json\/wp\/v2\/pages"}],"about":[{"href":"https:\/\/blogs.urz.uni-halle.de\/romanikzentrum\/en\/wp-json\/wp\/v2\/types\/page"}],"author":[{"embeddable":true,"href":"https:\/\/blogs.urz.uni-halle.de\/romanikzentrum\/en\/wp-json\/wp\/v2\/users\/6030"}],"replies":[{"embeddable":true,"href":"https:\/\/blogs.urz.uni-halle.de\/romanikzentrum\/en\/wp-json\/wp\/v2\/comments?post=245"}],"version-history":[{"count":10,"href":"https:\/\/blogs.urz.uni-halle.de\/romanikzentrum\/en\/wp-json\/wp\/v2\/pages\/245\/revisions"}],"predecessor-version":[{"id":4142,"href":"https:\/\/blogs.urz.uni-halle.de\/romanikzentrum\/en\/wp-json\/wp\/v2\/pages\/245\/revisions\/4142"}],"wp:featuredmedia":[{"embeddable":true,"href":"https:\/\/blogs.urz.uni-halle.de\/romanikzentrum\/en\/wp-json\/wp\/v2\/media\/4082"}],"wp:attachment":[{"href":"https:\/\/blogs.urz.uni-halle.de\/romanikzentrum\/en\/wp-json\/wp\/v2\/media?parent=245"}],"curies":[{"name":"wp","href":"https:\/\/api.w.org\/{rel}","templated":true}]}}