{"id":2480,"date":"2022-01-12T12:36:11","date_gmt":"2022-01-12T11:36:11","guid":{"rendered":"https:\/\/blogs.urz.uni-halle.de\/romanikzentrum\/?page_id=2480"},"modified":"2022-01-12T12:36:11","modified_gmt":"2022-01-12T11:36:11","slug":"more-romano-7","status":"publish","type":"page","link":"https:\/\/blogs.urz.uni-halle.de\/romanikzentrum\/en\/more-romano-7\/","title":{"rendered":"more romano 7"},"content":{"rendered":"\n<p style=\"font-size:18px\"><strong>Westbau \u2013 Vorhalle \u2013 Portal. Forschungen zum Halberst\u00e4dter Dom<\/strong><\/p>\n\n\n\n<p>hg. von Heiko Brandl, Anja Seliger, Andreas Waschb\u00fcsch<br>Regensburg: Schnell &amp; Steiner 2022<br>232 S., 110 s\/w-Abb. und 16 Farbtafeln, ISBN: 978-3-7954-2814-3, 49,95 \u20ac<\/p>\n\n\n\n<p>Der Westbau des Halberst\u00e4dter Doms erf\u00e4hrt hier erstmals eine umfassende kunst- und kulturhistorische W\u00fcrdigung. Dabei stehen besonders Architektur, bauplastische Ausstattung, Denkmalpflege, Arch\u00e4ologie und der historische Entstehungskontext im Fokus der Beitr\u00e4ge.<\/p>\n\n\n\n<p>Der um 1230 begonnene Westbau stellt den architektonischen Auftakt zu einem kompletten, erst Anfang des 16. Jahrhunderts abgeschlossenen Neubau des Halberst\u00e4dter Domes dar. In k\u00fcnstlerischer Auseinandersetzung mit dem Domneubau im benachbarten Magdeburg, aber auch mit vielen architektonischen und inhaltlichen Bez\u00fcgen zur aktuellen Kunstentwicklung im Reich und dar\u00fcber hinaus, plante und baute man eine repr\u00e4sentative neue Eingangsfront f\u00fcr die Kathedrale. Auf Grundlage der letzten Restaurierung des Westportals, neuer Bauforschung sowie der Auswertung eines umfangreichen Quellenmaterials kommen die Autoren des Bandes zu neuen Einsichten hinsichtlich der Konzeption und Ausf\u00fchrung des Baus. Inhaltlich spannt sich der Bogen von der Restaurierungsgeschichte \u00fcber den Vorg\u00e4ngerbau hin zur kunsthistorischen Einordnung und W\u00fcrdigung.<\/p>\n\n\n\n<div class=\"wp-block-group\"><div class=\"wp-block-group__inner-container\">\n<p><\/p>\n\n\n\n<figure class=\"wp-block-image size-large is-resized\"><img loading=\"lazy\" src=\"https:\/\/blogs.urz.uni-halle.de\/romanikzentrum\/files\/2021\/12\/mr7-Cover.jpg\" alt=\"\" class=\"wp-image-2466\" width=\"331\" height=\"479\" srcset=\"https:\/\/blogs.urz.uni-halle.de\/romanikzentrum\/files\/2021\/12\/mr7-Cover.jpg 481w, https:\/\/blogs.urz.uni-halle.de\/romanikzentrum\/files\/2021\/12\/mr7-Cover-207x300.jpg 207w, https:\/\/blogs.urz.uni-halle.de\/romanikzentrum\/files\/2021\/12\/mr7-Cover-138x200.jpg 138w\" sizes=\"(max-width: 331px) 100vw, 331px\" \/><figcaption>Westbau \u2013 Vorhalle \u2013 Portal. Forschungen zum Halberst\u00e4dter Dom<\/figcaption><\/figure>\n<\/div><\/div>\n\n\n\n<div class=\"wp-block-group\"><div class=\"wp-block-group__inner-container\">\n<p style=\"line-height:0.3;font-size:18px\"><strong>Inhalt:<\/strong><\/p>\n\n\n\n<ul><li>Ute Engel: Gru\u00dfwort <\/li><li>Heiko Brandl \/ Anja Seliger \/ Andreas Waschb\u00fcsch: Vorwort <\/li><li>Reinhard Schmitt: Ausgew\u00e4hlte archivalische Quellen zur nachmittelalterlichen Bau- und Instandsetzungsgeschichte des Westbaus am Halberst\u00e4dter Dom vor 1800 <\/li><li>Anja Seliger: Die Restaurierung des Westbaus in der Mitte des 19. Jahrhunderts unter dem preu\u00dfischen Baurat Otto Kilburger <\/li><li>Philipp Jahn \/ Anja Lochner-Rechta: \u201ead occidentem ecclesie\u201c \u2013 Zu den Vorg\u00e4ngerbauten und dem ottonischen Westbau des Domes zu Halberstadt<\/li><li>Heiko Brandl: Der Westbau des Halberst\u00e4dter Domes \u2013 \u00dcberlegungen zur Baugeschichte im 13. Jahrhundert <\/li><li>Andreas Waschb\u00fcsch: Vorhalle und Paradies am Halberst\u00e4dter Dom \u2013 Kritische Bemerkungen zu Rekonstruktion, Funktion und Vorbildern <\/li><li>Wolfgang Schenkluhn: Das Westportal am Dom zu Halberstadt \u2013 Eine kunsthistorische Betrachtung nach seiner Reinigung <\/li><li>Andreas Waschb\u00fcsch: \u201ereparatio ecclesie Halberstadtensis\u201c? Traditionswahrung und Innovationsbestreben beim Bau des Halberst\u00e4dter Domes um die Mitte des 13. Jahrhunderts<\/li><\/ul>\n<\/div><\/div>\n\n\n\n<p><\/p>\n\n\n\n<p><a href=\"https:\/\/blogs.urz.uni-halle.de\/romanikzentrum\/more-romano\/\">zur\u00fcck<\/a><\/p>\n","protected":false},"excerpt":{"rendered":"<p>Westbau \u2013 Vorhalle \u2013 Portal. Forschungen zum Halberst\u00e4dter Dom hg. von Heiko Brandl, Anja Seliger, Andreas Waschb\u00fcschRegensburg: Schnell &amp; Steiner 2022232 S., 110 s\/w-Abb. und 16 Farbtafeln, ISBN: 978-3-7954-2814-3, 49,95 \u20ac Der Westbau des Halberst\u00e4dter Doms erf\u00e4hrt hier erstmals eine umfassende kunst- und kulturhistorische W\u00fcrdigung. Dabei stehen besonders Architektur, bauplastische Ausstattung, Denkmalpflege, Arch\u00e4ologie und der &hellip; <\/p>\n<p><a class=\"more-link btn\" href=\"https:\/\/blogs.urz.uni-halle.de\/romanikzentrum\/en\/more-romano-7\/\">Continue reading<\/a><\/p>\n","protected":false},"author":6030,"featured_media":0,"parent":0,"menu_order":0,"comment_status":"closed","ping_status":"closed","template":"","meta":{"ngg_post_thumbnail":0},"_links":{"self":[{"href":"https:\/\/blogs.urz.uni-halle.de\/romanikzentrum\/en\/wp-json\/wp\/v2\/pages\/2480"}],"collection":[{"href":"https:\/\/blogs.urz.uni-halle.de\/romanikzentrum\/en\/wp-json\/wp\/v2\/pages"}],"about":[{"href":"https:\/\/blogs.urz.uni-halle.de\/romanikzentrum\/en\/wp-json\/wp\/v2\/types\/page"}],"author":[{"embeddable":true,"href":"https:\/\/blogs.urz.uni-halle.de\/romanikzentrum\/en\/wp-json\/wp\/v2\/users\/6030"}],"replies":[{"embeddable":true,"href":"https:\/\/blogs.urz.uni-halle.de\/romanikzentrum\/en\/wp-json\/wp\/v2\/comments?post=2480"}],"version-history":[{"count":10,"href":"https:\/\/blogs.urz.uni-halle.de\/romanikzentrum\/en\/wp-json\/wp\/v2\/pages\/2480\/revisions"}],"predecessor-version":[{"id":2492,"href":"https:\/\/blogs.urz.uni-halle.de\/romanikzentrum\/en\/wp-json\/wp\/v2\/pages\/2480\/revisions\/2492"}],"wp:attachment":[{"href":"https:\/\/blogs.urz.uni-halle.de\/romanikzentrum\/en\/wp-json\/wp\/v2\/media?parent=2480"}],"curies":[{"name":"wp","href":"https:\/\/api.w.org\/{rel}","templated":true}]}}