{"id":257,"date":"2015-05-27T13:10:01","date_gmt":"2015-05-27T11:10:01","guid":{"rendered":"https:\/\/blogs.urz.uni-halle.de\/romanikzentrum\/?page_id=257"},"modified":"2022-12-19T09:09:24","modified_gmt":"2022-12-19T08:09:24","slug":"partner","status":"publish","type":"page","link":"https:\/\/blogs.urz.uni-halle.de\/romanikzentrum\/en\/partner\/","title":{"rendered":"Cooperations"},"content":{"rendered":"<div class=\"wp-block-image\"><figure class=\"alignright size-large is-resized\"><img loading=\"lazy\" src=\"https:\/\/blogs.urz.uni-halle.de\/romanikzentrum\/files\/2015\/05\/Merseburg-Neumarktkirche-St.-Thomas-von-Canterbury.jpg\" alt=\"\" class=\"wp-image-138\" width=\"247\" height=\"367\" srcset=\"https:\/\/blogs.urz.uni-halle.de\/romanikzentrum\/files\/2015\/05\/Merseburg-Neumarktkirche-St.-Thomas-von-Canterbury.jpg 538w, https:\/\/blogs.urz.uni-halle.de\/romanikzentrum\/files\/2015\/05\/Merseburg-Neumarktkirche-St.-Thomas-von-Canterbury-202x300.jpg 202w\" sizes=\"(max-width: 247px) 100vw, 247px\" \/><figcaption>Knotens\u00e4ulenpfeiler am Gew\u00e4nde der Merseburger Neumarktkirche<\/figcaption><\/figure><\/div>\n\n\n<p>The ERZ collaborates with many different organizations and instutions to realize its central research and educational aims.<\/p>\n<p><a href=\"http:\/\/www.ikare.uni-halle.de\/\">Institut f\u00fcr Kunstgeschichte und Arch\u00e4ologien Europas<\/a><\/p>\n<p><a href=\"http:\/\/www.lda-lsa.de\">Landesamt f\u00fcr Denkmalpflege und Arch\u00e4ologie Sachsen-Anhalt <\/a><\/p>\n<p><a href=\"http:\/\/www.dome-schloesser.de\">Kulturstiftung Sachsen-Anhalt<\/a><\/p>\n<p><a href=\"http:\/\/www.vereinigte-domstifter.de\/de\/uebersicht\/\">Vereinigte Domstifter zu Merseburg, Naumburg und des Kollegiatstifts Zeitz<\/a><\/p>\n<p><a href=\"https:\/\/stk.sachsen-anhalt.de\/staatskanzlei-und-ministerium-fuer-kultur\/\">Staatskanzlei und Ministerium f\u00fcr Kultur des Landes Sachsen-Anhalt<\/a><\/p>\n<p><a href=\"http:\/\/www.mlv.sachsen-anhalt.de\">Ministerium f\u00fcr Landesentwicklung und Verkehr des Landes Sachsen-Anhalt<\/a><\/p>\n<p><a href=\"http:\/\/www.saalekreis.de\">Landkreis Saalekreis<\/a><\/p>\n<p><a href=\"http:\/\/www.merseburg.de\">Stadt Merseburg<\/a><\/p>\n<p><a href=\"http:\/\/www.gemeinde-schkopau.de\">Gemeinde Schkopau<\/a><\/p>\n<p><a href=\"http:\/\/www.deutsche-burgen.org\/\">Deutsche Burgenvereinigung e.V.<\/a><\/p>\n<p><a href=\"http:\/\/www.chorturmkirche-sylbitz.de\">Chorturmkirche Sylbitz e.V.<\/a><\/p>\n<p><a href=\"http:\/\/www.ndrom.de\">Nebenstra\u00dfen der Romanik<\/a><\/p>\n<p><a href=\"http:\/\/www.kloster-memleben.de\">Stiftung Kloster und Kaiserpfalz Memleben<\/a><\/p>\n<p><a href=\"http:\/\/www.transromanica.com\">Transromanica e.V.<\/a><\/p>\n<p>&nbsp;<\/p>\n<p><strong>Sponsors<\/strong><\/p>\n<p>Thanks to the <a href=\"https:\/\/www.saalesparkasse.de\/de\/home\/ihre-sparkasse\/ihre-sparkasse-vor-ort.html\">Saalesparkasse<\/a> the ERZ is able to realize central tasks, such as organizisng lecture series, workshops as well as the expansion of its library.<\/p>","protected":false},"excerpt":{"rendered":"<p>The ERZ collaborates with many different organizations and instutions to realize its central research and educational aims. Institut f\u00fcr Kunstgeschichte und Arch\u00e4ologien Europas Landesamt f\u00fcr Denkmalpflege und Arch\u00e4ologie Sachsen-Anhalt Kulturstiftung Sachsen-Anhalt Vereinigte Domstifter zu Merseburg, Naumburg und des Kollegiatstifts Zeitz Staatskanzlei und Ministerium f\u00fcr Kultur des Landes Sachsen-Anhalt Ministerium f\u00fcr Landesentwicklung und Verkehr des Landes &hellip; <\/p>\n<p><a class=\"more-link btn\" href=\"https:\/\/blogs.urz.uni-halle.de\/romanikzentrum\/en\/partner\/\">Continue reading<\/a><\/p>\n","protected":false},"author":6030,"featured_media":138,"parent":0,"menu_order":0,"comment_status":"closed","ping_status":"open","template":"","meta":{"ngg_post_thumbnail":0},"_links":{"self":[{"href":"https:\/\/blogs.urz.uni-halle.de\/romanikzentrum\/en\/wp-json\/wp\/v2\/pages\/257"}],"collection":[{"href":"https:\/\/blogs.urz.uni-halle.de\/romanikzentrum\/en\/wp-json\/wp\/v2\/pages"}],"about":[{"href":"https:\/\/blogs.urz.uni-halle.de\/romanikzentrum\/en\/wp-json\/wp\/v2\/types\/page"}],"author":[{"embeddable":true,"href":"https:\/\/blogs.urz.uni-halle.de\/romanikzentrum\/en\/wp-json\/wp\/v2\/users\/6030"}],"replies":[{"embeddable":true,"href":"https:\/\/blogs.urz.uni-halle.de\/romanikzentrum\/en\/wp-json\/wp\/v2\/comments?post=257"}],"version-history":[{"count":6,"href":"https:\/\/blogs.urz.uni-halle.de\/romanikzentrum\/en\/wp-json\/wp\/v2\/pages\/257\/revisions"}],"predecessor-version":[{"id":2935,"href":"https:\/\/blogs.urz.uni-halle.de\/romanikzentrum\/en\/wp-json\/wp\/v2\/pages\/257\/revisions\/2935"}],"wp:featuredmedia":[{"embeddable":true,"href":"https:\/\/blogs.urz.uni-halle.de\/romanikzentrum\/en\/wp-json\/wp\/v2\/media\/138"}],"wp:attachment":[{"href":"https:\/\/blogs.urz.uni-halle.de\/romanikzentrum\/en\/wp-json\/wp\/v2\/media?parent=257"}],"curies":[{"name":"wp","href":"https:\/\/api.w.org\/{rel}","templated":true}]}}