{"id":9,"date":"2015-04-17T13:57:53","date_gmt":"2015-04-17T11:57:53","guid":{"rendered":"https:\/\/blogs.urz.uni-halle.de\/romanikzentrum\/?page_id=9"},"modified":"2024-12-03T15:00:39","modified_gmt":"2024-12-03T14:00:39","slug":"kontakt","status":"publish","type":"page","link":"https:\/\/blogs.urz.uni-halle.de\/romanikzentrum\/en\/kontakt\/","title":{"rendered":"Contact us"},"content":{"rendered":"<p><em>Postal adress:<\/em><br \/>\nEurop\u00e4isches Romanik Zentrum e.V.<br \/>\nc\/o Institut f\u00fcr Kunstgeschichte und Arch\u00e4ologien Europas<br \/>\nMartin-Luther-Universit\u00e4t Halle-Wittenberg<br \/>\nD &#8211; 06099 Halle<br \/>\nGermany<\/p>\n<p><em>Place of Residence:<\/em><br \/>\nInstitut Europ\u00e4isches Romanik Zentrum<br \/>\nan der Martin-Luther-Universit\u00e4t e.V.<br \/>\nDomplatz 7<br \/>\nD &#8211; 06217 Merseburg<br \/>\nGermany<\/p>\n<p>opening hours:&nbsp;<br \/>\nAdriana Tietze<br \/>\nTuesday: 8 p.m. to 10 p.m.&nbsp;<\/p>\n<p><em>phone:<\/em> +49 3461 \u2013 24 95 980<br \/>\n<em>Email:<\/em> <a href=\"mailto:sekretariat@romanik-zentrum.eu\">sekretariat@romanik-zentrum.eu<\/a><\/p>","protected":false},"excerpt":{"rendered":"<p>Postal adress: Europ\u00e4isches Romanik Zentrum e.V. c\/o Institut f\u00fcr Kunstgeschichte und Arch\u00e4ologien Europas Martin-Luther-Universit\u00e4t Halle-Wittenberg D &#8211; 06099 Halle Germany Place of Residence: Institut Europ\u00e4isches Romanik Zentrum an der Martin-Luther-Universit\u00e4t e.V. Domplatz 7 D &#8211; 06217 Merseburg Germany opening hours:&nbsp; Adriana Tietze Tuesday: 8 p.m. to 10 p.m.&nbsp; phone: +49 3461 \u2013 24 95 980 &hellip; <\/p>\n<p><a class=\"more-link btn\" href=\"https:\/\/blogs.urz.uni-halle.de\/romanikzentrum\/en\/kontakt\/\">Continue reading<\/a><\/p>\n","protected":false},"author":772,"featured_media":888,"parent":0,"menu_order":0,"comment_status":"closed","ping_status":"open","template":"","meta":{"ngg_post_thumbnail":0},"_links":{"self":[{"href":"https:\/\/blogs.urz.uni-halle.de\/romanikzentrum\/en\/wp-json\/wp\/v2\/pages\/9"}],"collection":[{"href":"https:\/\/blogs.urz.uni-halle.de\/romanikzentrum\/en\/wp-json\/wp\/v2\/pages"}],"about":[{"href":"https:\/\/blogs.urz.uni-halle.de\/romanikzentrum\/en\/wp-json\/wp\/v2\/types\/page"}],"author":[{"embeddable":true,"href":"https:\/\/blogs.urz.uni-halle.de\/romanikzentrum\/en\/wp-json\/wp\/v2\/users\/772"}],"replies":[{"embeddable":true,"href":"https:\/\/blogs.urz.uni-halle.de\/romanikzentrum\/en\/wp-json\/wp\/v2\/comments?post=9"}],"version-history":[{"count":9,"href":"https:\/\/blogs.urz.uni-halle.de\/romanikzentrum\/en\/wp-json\/wp\/v2\/pages\/9\/revisions"}],"predecessor-version":[{"id":3830,"href":"https:\/\/blogs.urz.uni-halle.de\/romanikzentrum\/en\/wp-json\/wp\/v2\/pages\/9\/revisions\/3830"}],"wp:featuredmedia":[{"embeddable":true,"href":"https:\/\/blogs.urz.uni-halle.de\/romanikzentrum\/en\/wp-json\/wp\/v2\/media\/888"}],"wp:attachment":[{"href":"https:\/\/blogs.urz.uni-halle.de\/romanikzentrum\/en\/wp-json\/wp\/v2\/media?parent=9"}],"curies":[{"name":"wp","href":"https:\/\/api.w.org\/{rel}","templated":true}]}}