{"id":1017,"date":"2016-11-10T15:08:58","date_gmt":"2016-11-10T14:08:58","guid":{"rendered":"https:\/\/blogs.urz.uni-halle.de\/romanikzentrum\/?page_id=1017"},"modified":"2024-03-25T21:31:57","modified_gmt":"2024-03-25T20:31:57","slug":"publikationen","status":"publish","type":"page","link":"https:\/\/blogs.urz.uni-halle.de\/romanikzentrum\/publikationen\/","title":{"rendered":"Publikationen"},"content":{"rendered":"<p><strong>more romano &#8211; Schriften des Europ\u00e4ischen Romanik Zentrums<\/strong><\/p>\n<p>In der Schriftenreihe <a href=\"https:\/\/blogs.urz.uni-halle.de\/romanikzentrum\/more-romano\/\">more romano<\/a> werden Beitr\u00e4ge wissenschaftlicher Fachtagungen, die das Europ\u00e4ische Romanik Zentrum veranstaltet, und neuere Forschungsarbeiten zum Themenspektrum der europ\u00e4ischen Romanik ver\u00f6ffentlicht.<\/p>\n<p><strong>Vortr\u00e4ge im Europ\u00e4ischen Romanik Zentrum<\/strong><\/p>\n<p>Die <a href=\"https:\/\/blogs.urz.uni-halle.de\/romanikzentrum\/publikationen\/vortraege-im-europaeischen-romanik-zentrum\/\">Vortr\u00e4ge im Europ\u00e4ischen Romanik Zentrum<\/a> erscheinen im Universit\u00e4tsverlag Halle-Wittenberg und dokumentieren ausgew\u00e4hlte Vortr\u00e4ge aus dem ERZ in Merseburg. Die Reihe wird herausgegeben von Wolfgang Schenkluhn und Andreas Ranft.<\/p>\n<p>&nbsp;<\/p>","protected":false},"excerpt":{"rendered":"<p>more romano &#8211; Schriften des Europ\u00e4ischen Romanik Zentrums In der Schriftenreihe more romano werden Beitr\u00e4ge wissenschaftlicher Fachtagungen, die das Europ\u00e4ische Romanik Zentrum veranstaltet, und neuere Forschungsarbeiten zum Themenspektrum der europ\u00e4ischen Romanik ver\u00f6ffentlicht. Vortr\u00e4ge im Europ\u00e4ischen Romanik Zentrum Die Vortr\u00e4ge im Europ\u00e4ischen Romanik Zentrum erscheinen im Universit\u00e4tsverlag Halle-Wittenberg und dokumentieren ausgew\u00e4hlte Vortr\u00e4ge aus dem ERZ in &hellip; <\/p>\n<p><a class=\"more-link btn\" href=\"https:\/\/blogs.urz.uni-halle.de\/romanikzentrum\/publikationen\/\">Weiterlesen<\/a><\/p>\n","protected":false},"author":6030,"featured_media":0,"parent":0,"menu_order":0,"comment_status":"closed","ping_status":"closed","template":"","meta":{"ngg_post_thumbnail":0},"_links":{"self":[{"href":"https:\/\/blogs.urz.uni-halle.de\/romanikzentrum\/wp-json\/wp\/v2\/pages\/1017"}],"collection":[{"href":"https:\/\/blogs.urz.uni-halle.de\/romanikzentrum\/wp-json\/wp\/v2\/pages"}],"about":[{"href":"https:\/\/blogs.urz.uni-halle.de\/romanikzentrum\/wp-json\/wp\/v2\/types\/page"}],"author":[{"embeddable":true,"href":"https:\/\/blogs.urz.uni-halle.de\/romanikzentrum\/wp-json\/wp\/v2\/users\/6030"}],"replies":[{"embeddable":true,"href":"https:\/\/blogs.urz.uni-halle.de\/romanikzentrum\/wp-json\/wp\/v2\/comments?post=1017"}],"version-history":[{"count":9,"href":"https:\/\/blogs.urz.uni-halle.de\/romanikzentrum\/wp-json\/wp\/v2\/pages\/1017\/revisions"}],"predecessor-version":[{"id":3612,"href":"https:\/\/blogs.urz.uni-halle.de\/romanikzentrum\/wp-json\/wp\/v2\/pages\/1017\/revisions\/3612"}],"wp:attachment":[{"href":"https:\/\/blogs.urz.uni-halle.de\/romanikzentrum\/wp-json\/wp\/v2\/media?parent=1017"}],"curies":[{"name":"wp","href":"https:\/\/api.w.org\/{rel}","templated":true}]}}