{"id":1032,"date":"2016-11-10T16:09:24","date_gmt":"2016-11-10T15:09:24","guid":{"rendered":"https:\/\/blogs.urz.uni-halle.de\/romanikzentrum\/?page_id=1032"},"modified":"2024-01-31T14:45:07","modified_gmt":"2024-01-31T13:45:07","slug":"esther-luisa-schuster","status":"publish","type":"page","link":"https:\/\/blogs.urz.uni-halle.de\/romanikzentrum\/esther-luisa-schuster\/","title":{"rendered":"Esther-Luisa Schuster"},"content":{"rendered":"<p>gewann den\u00a0<strong>Romanikforschungspreis 2015<\/strong>\u00a0mit ihrer Dissertation zum Thema<br><em>Kunst und Kanonisation. Visuelle Strategien der Kultvermittlung f\u00fcr ottonische Bisch\u00f6fe in K\u00f6ln und Hildesheim im 12. Jahrhundert.<\/em><\/p>\n\n\n\n<div class=\"wp-block-image\"><figure class=\"alignright size-large is-resized\"><img loading=\"lazy\" src=\"https:\/\/blogs.urz.uni-halle.de\/romanikzentrum\/files\/2016\/11\/Esther_Luisa_Schuster.jpg\" alt=\"\" class=\"wp-image-1102\" width=\"367\" height=\"266\" srcset=\"https:\/\/blogs.urz.uni-halle.de\/romanikzentrum\/files\/2016\/11\/Esther_Luisa_Schuster.jpg 448w, https:\/\/blogs.urz.uni-halle.de\/romanikzentrum\/files\/2016\/11\/Esther_Luisa_Schuster-300x217.jpg 300w\" sizes=\"(max-width: 367px) 100vw, 367px\" \/><\/figure><\/div>\n\n\n<p><\/p>\n<ul>\n<li><strong>1986<\/strong> geboren in Bielefeld<\/li>\n<li>Studium der Kunstgeschichte, Klassische Philologie (Latein) und Medienwissenschaft an der Rheinischen Friedrich-Wilhelms-Universit\u00e4t Bonn<\/li>\n<li><strong>2010<\/strong> Projektassistentin am LVR-Landesmuseum Bonn f\u00fcr die Ausstellung \u201eRenaissance am Rhein\u201c (16.09.2010 bis 06.02.2011)<\/li>\n<li><strong>2010<\/strong> Magisterexamen mit einer Arbeit zum Thema \u201eByzantinisches Gewand aus K\u00f6lner Stoff. Die Semantik des Stils am Tympanon von St. Pantaleon in K\u00f6ln\u201c an der Universit\u00e4t Bonn<\/li>\n<li><strong>2010-2015<\/strong> Wissenschaftliche Hilfskraft in der Bibliothek der Abteilung f\u00fcr Klassische Philologie der Universit\u00e4t Bonn<\/li>\n<li><strong>2011-2015<\/strong> Betreuung der Gipsabguss-Sammlung des Paul-Clemen-Museums des Kunsthistorischen Instituts der Universit\u00e4t Bonn als Wissenschaftliche Hilfskraft bei Prof. Wolter-von dem Knesebeck<\/li>\n<li><strong>2015<\/strong> Promotion zum Thema \u201eKunst und Kanonisation. Visuelle Strategien der Kultvermittlung f\u00fcr ottonische Bisch\u00f6fe in K\u00f6ln und Hildesheim im 12. Jahrhundert\u201c an der Universit\u00e4t Bonn<\/li>\n<li><strong>seit 2015<\/strong> Wissenschaftliche Mitarbeiterin (PostDoc) am Verbundprojekt (Osnabr\u00fcck, Kiel, Hildesheim, D\u00fcsseldorf, Bonn) \u201eInnovation und Tradition. Objekte und Eliten in Hildesheim 1130-1250\u201c \u2013 Teilprojekt \u201eTradition und Innovation in der Monumentalmalerei des Domes vor dem Hintergrund der Entwicklung von Bildverst\u00e4ndnis und Bildgebrauch bei den Hildesheimer Klerikereliten des Hochmittelalters\u201c<\/li>\n<\/ul>\n<p><a href=\"https:\/\/blogs.urz.uni-halle.de\/romanikzentrum\/romanik-forschungspreis\/\">zur\u00fcck<\/a><\/p>","protected":false},"excerpt":{"rendered":"<p>gewann den\u00a0Romanikforschungspreis 2015\u00a0mit ihrer Dissertation zum ThemaKunst und Kanonisation. Visuelle Strategien der Kultvermittlung f\u00fcr ottonische Bisch\u00f6fe in K\u00f6ln und Hildesheim im 12. Jahrhundert. 1986 geboren in Bielefeld Studium der Kunstgeschichte, Klassische Philologie (Latein) und Medienwissenschaft an der Rheinischen Friedrich-Wilhelms-Universit\u00e4t Bonn 2010 Projektassistentin am LVR-Landesmuseum Bonn f\u00fcr die Ausstellung \u201eRenaissance am Rhein\u201c (16.09.2010 bis 06.02.2011) 2010 &hellip; <\/p>\n<p><a class=\"more-link btn\" href=\"https:\/\/blogs.urz.uni-halle.de\/romanikzentrum\/esther-luisa-schuster\/\">Weiterlesen<\/a><\/p>\n","protected":false},"author":6030,"featured_media":1102,"parent":0,"menu_order":0,"comment_status":"closed","ping_status":"closed","template":"","meta":{"ngg_post_thumbnail":0},"_links":{"self":[{"href":"https:\/\/blogs.urz.uni-halle.de\/romanikzentrum\/wp-json\/wp\/v2\/pages\/1032"}],"collection":[{"href":"https:\/\/blogs.urz.uni-halle.de\/romanikzentrum\/wp-json\/wp\/v2\/pages"}],"about":[{"href":"https:\/\/blogs.urz.uni-halle.de\/romanikzentrum\/wp-json\/wp\/v2\/types\/page"}],"author":[{"embeddable":true,"href":"https:\/\/blogs.urz.uni-halle.de\/romanikzentrum\/wp-json\/wp\/v2\/users\/6030"}],"replies":[{"embeddable":true,"href":"https:\/\/blogs.urz.uni-halle.de\/romanikzentrum\/wp-json\/wp\/v2\/comments?post=1032"}],"version-history":[{"count":10,"href":"https:\/\/blogs.urz.uni-halle.de\/romanikzentrum\/wp-json\/wp\/v2\/pages\/1032\/revisions"}],"predecessor-version":[{"id":3433,"href":"https:\/\/blogs.urz.uni-halle.de\/romanikzentrum\/wp-json\/wp\/v2\/pages\/1032\/revisions\/3433"}],"wp:featuredmedia":[{"embeddable":true,"href":"https:\/\/blogs.urz.uni-halle.de\/romanikzentrum\/wp-json\/wp\/v2\/media\/1102"}],"wp:attachment":[{"href":"https:\/\/blogs.urz.uni-halle.de\/romanikzentrum\/wp-json\/wp\/v2\/media?parent=1032"}],"curies":[{"name":"wp","href":"https:\/\/api.w.org\/{rel}","templated":true}]}}