{"id":1571,"date":"2018-03-08T12:14:29","date_gmt":"2018-03-08T11:14:29","guid":{"rendered":"https:\/\/blogs.urz.uni-halle.de\/romanikzentrum\/?page_id=1571"},"modified":"2024-01-31T14:37:36","modified_gmt":"2024-01-31T13:37:36","slug":"anelise-nicolier","status":"publish","type":"page","link":"https:\/\/blogs.urz.uni-halle.de\/romanikzentrum\/anelise-nicolier\/","title":{"rendered":"Anelise Nicolier"},"content":{"rendered":"<p>gewann den <strong>Romanikforschungspreis 2017<\/strong>mit ihrer Dissertation zum Thema<br><em>La construction d\u2019un paysage monumental religieux en Brionnais \u00e0 l\u2019\u00e9poque romane<br><\/em>(Der Bau einer religi\u00f6sen Monumentallandschaft im Brionnais in der romanischen Epoche).<\/p>\n\n\n\n<div class=\"wp-block-image\"><figure class=\"alignright size-large is-resized\"><img loading=\"lazy\" src=\"https:\/\/blogs.urz.uni-halle.de\/romanikzentrum\/files\/2018\/03\/Anelise_Nicolier.jpg\" alt=\"\" class=\"wp-image-1570\" width=\"262\" height=\"393\" srcset=\"https:\/\/blogs.urz.uni-halle.de\/romanikzentrum\/files\/2018\/03\/Anelise_Nicolier.jpg 346w, https:\/\/blogs.urz.uni-halle.de\/romanikzentrum\/files\/2018\/03\/Anelise_Nicolier-200x300.jpg 200w\" sizes=\"(max-width: 262px) 100vw, 262px\" \/><\/figure><\/div>\n\n\n<p><\/p>\n<ul>\n<li><strong>2001-2004<\/strong> Studium der Kunstgeschichte und Arch\u00e4ologie an der Universit\u00e4t Lyon 2.<\/li>\n<li><strong>2005-2006<\/strong> Master 1 und 2 Recherche zum Thema \u201eHistoire et arch\u00e9ologie compar\u00e9es des soci\u00e9t\u00e9s m\u00e9di\u00e9vales\u201d<\/li>\n<li><strong>2007<\/strong> Master 2 Professionnel zum Thema \u201ePatrimoine architectural du Moyen \u00c2ge \u00e0 la p\u00e9riode contemporaine\u201d<\/li>\n<li><strong>2015<\/strong> Promotion zum Thema \u201eLa construction d\u2019un paysage monumental religieux en Brionnais \u00e0 l\u2019\u00e9poque romane.\u201c an der Universit\u00e4t Lyon 2.<\/li>\n<\/ul>\n<p><a href=\"https:\/\/blogs.urz.uni-halle.de\/romanikzentrum\/romanik-forschungspreis\/\">zur\u00fcck<\/a><\/p>","protected":false},"excerpt":{"rendered":"<p>gewann den Romanikforschungspreis 2017mit ihrer Dissertation zum ThemaLa construction d\u2019un paysage monumental religieux en Brionnais \u00e0 l\u2019\u00e9poque romane(Der Bau einer religi\u00f6sen Monumentallandschaft im Brionnais in der romanischen Epoche). 2001-2004 Studium der Kunstgeschichte und Arch\u00e4ologie an der Universit\u00e4t Lyon 2. 2005-2006 Master 1 und 2 Recherche zum Thema \u201eHistoire et arch\u00e9ologie compar\u00e9es des soci\u00e9t\u00e9s m\u00e9di\u00e9vales\u201d 2007 &hellip; <\/p>\n<p><a class=\"more-link btn\" href=\"https:\/\/blogs.urz.uni-halle.de\/romanikzentrum\/anelise-nicolier\/\">Weiterlesen<\/a><\/p>\n","protected":false},"author":6030,"featured_media":1570,"parent":0,"menu_order":0,"comment_status":"closed","ping_status":"closed","template":"","meta":{"ngg_post_thumbnail":0},"_links":{"self":[{"href":"https:\/\/blogs.urz.uni-halle.de\/romanikzentrum\/wp-json\/wp\/v2\/pages\/1571"}],"collection":[{"href":"https:\/\/blogs.urz.uni-halle.de\/romanikzentrum\/wp-json\/wp\/v2\/pages"}],"about":[{"href":"https:\/\/blogs.urz.uni-halle.de\/romanikzentrum\/wp-json\/wp\/v2\/types\/page"}],"author":[{"embeddable":true,"href":"https:\/\/blogs.urz.uni-halle.de\/romanikzentrum\/wp-json\/wp\/v2\/users\/6030"}],"replies":[{"embeddable":true,"href":"https:\/\/blogs.urz.uni-halle.de\/romanikzentrum\/wp-json\/wp\/v2\/comments?post=1571"}],"version-history":[{"count":8,"href":"https:\/\/blogs.urz.uni-halle.de\/romanikzentrum\/wp-json\/wp\/v2\/pages\/1571\/revisions"}],"predecessor-version":[{"id":3426,"href":"https:\/\/blogs.urz.uni-halle.de\/romanikzentrum\/wp-json\/wp\/v2\/pages\/1571\/revisions\/3426"}],"wp:featuredmedia":[{"embeddable":true,"href":"https:\/\/blogs.urz.uni-halle.de\/romanikzentrum\/wp-json\/wp\/v2\/media\/1570"}],"wp:attachment":[{"href":"https:\/\/blogs.urz.uni-halle.de\/romanikzentrum\/wp-json\/wp\/v2\/media?parent=1571"}],"curies":[{"name":"wp","href":"https:\/\/api.w.org\/{rel}","templated":true}]}}