{"id":2304,"date":"2021-12-01T15:11:08","date_gmt":"2021-12-01T14:11:08","guid":{"rendered":"https:\/\/blogs.urz.uni-halle.de\/romanikzentrum\/?page_id=2304"},"modified":"2024-03-25T21:26:30","modified_gmt":"2024-03-25T20:26:30","slug":"veranstaltungen","status":"publish","type":"page","link":"https:\/\/blogs.urz.uni-halle.de\/romanikzentrum\/en\/veranstaltungen\/","title":{"rendered":"Veranstaltungen"},"content":{"rendered":"\n<figure class=\"wp-block-image size-large\"><img loading=\"lazy\" width=\"1024\" height=\"512\" src=\"https:\/\/blogs.urz.uni-halle.de\/romanikzentrum\/files\/2024\/03\/preisverleihung_erz_19.01.2017_foto_heiko_brandl.jpg\" alt=\"\" class=\"wp-image-3477\" srcset=\"https:\/\/blogs.urz.uni-halle.de\/romanikzentrum\/files\/2024\/03\/preisverleihung_erz_19.01.2017_foto_heiko_brandl.jpg 1024w, https:\/\/blogs.urz.uni-halle.de\/romanikzentrum\/files\/2024\/03\/preisverleihung_erz_19.01.2017_foto_heiko_brandl-300x150.jpg 300w, https:\/\/blogs.urz.uni-halle.de\/romanikzentrum\/files\/2024\/03\/preisverleihung_erz_19.01.2017_foto_heiko_brandl-267x134.jpg 267w, https:\/\/blogs.urz.uni-halle.de\/romanikzentrum\/files\/2024\/03\/preisverleihung_erz_19.01.2017_foto_heiko_brandl-768x384.jpg 768w, https:\/\/blogs.urz.uni-halle.de\/romanikzentrum\/files\/2024\/03\/preisverleihung_erz_19.01.2017_foto_heiko_brandl-750x375.jpg 750w, https:\/\/blogs.urz.uni-halle.de\/romanikzentrum\/files\/2024\/03\/preisverleihung_erz_19.01.2017_foto_heiko_brandl-375x187.jpg 375w\" sizes=\"(max-width: 1024px) 100vw, 1024px\" \/><\/figure>\n\n\n\n<p>Ein zentrales Aufgabengebiet des Europ\u00e4ischen Romanik Zentrums ist die Vermittlungsarbeit durch Durchf\u00fchrung von \u00f6ffentlichen Veranstaltungen. Hier finden Sie Informationen zu aktuellen und bereits vergangenen Vortr\u00e4gen, Studientagen, Summer Schools und weiteren Veranstaltungsformaten des Europ\u00e4ischen Romanik Zentrums.<\/p>\n\n\n\n<p><\/p>\n","protected":false},"excerpt":{"rendered":"<p>Ein zentrales Aufgabengebiet des Europ\u00e4ischen Romanik Zentrums ist die Vermittlungsarbeit durch Durchf\u00fchrung von \u00f6ffentlichen Veranstaltungen. Hier finden Sie Informationen zu aktuellen und bereits vergangenen Vortr\u00e4gen, Studientagen, Summer Schools und weiteren Veranstaltungsformaten des Europ\u00e4ischen Romanik Zentrums.<\/p>\n","protected":false},"author":6030,"featured_media":3545,"parent":0,"menu_order":0,"comment_status":"closed","ping_status":"closed","template":"","meta":{"ngg_post_thumbnail":0},"_links":{"self":[{"href":"https:\/\/blogs.urz.uni-halle.de\/romanikzentrum\/en\/wp-json\/wp\/v2\/pages\/2304"}],"collection":[{"href":"https:\/\/blogs.urz.uni-halle.de\/romanikzentrum\/en\/wp-json\/wp\/v2\/pages"}],"about":[{"href":"https:\/\/blogs.urz.uni-halle.de\/romanikzentrum\/en\/wp-json\/wp\/v2\/types\/page"}],"author":[{"embeddable":true,"href":"https:\/\/blogs.urz.uni-halle.de\/romanikzentrum\/en\/wp-json\/wp\/v2\/users\/6030"}],"replies":[{"embeddable":true,"href":"https:\/\/blogs.urz.uni-halle.de\/romanikzentrum\/en\/wp-json\/wp\/v2\/comments?post=2304"}],"version-history":[{"count":10,"href":"https:\/\/blogs.urz.uni-halle.de\/romanikzentrum\/en\/wp-json\/wp\/v2\/pages\/2304\/revisions"}],"predecessor-version":[{"id":4086,"href":"https:\/\/blogs.urz.uni-halle.de\/romanikzentrum\/en\/wp-json\/wp\/v2\/pages\/2304\/revisions\/4086"}],"wp:featuredmedia":[{"embeddable":true,"href":"https:\/\/blogs.urz.uni-halle.de\/romanikzentrum\/en\/wp-json\/wp\/v2\/media\/3545"}],"wp:attachment":[{"href":"https:\/\/blogs.urz.uni-halle.de\/romanikzentrum\/en\/wp-json\/wp\/v2\/media?parent=2304"}],"curies":[{"name":"wp","href":"https:\/\/api.w.org\/{rel}","templated":true}]}}