{"id":2307,"date":"2021-12-01T15:11:08","date_gmt":"2021-12-01T14:11:08","guid":{"rendered":"https:\/\/blogs.urz.uni-halle.de\/romanikzentrum\/?page_id=2307"},"modified":"2024-03-25T21:19:15","modified_gmt":"2024-03-25T20:19:15","slug":"summer-school","status":"publish","type":"page","link":"https:\/\/blogs.urz.uni-halle.de\/romanikzentrum\/veranstaltungen\/summer-school\/","title":{"rendered":"Summer School"},"content":{"rendered":"<p>Das Europ\u00e4ische Romanik Zentrum bietet regelm\u00e4\u00dfig Workshops zu wissenschaftlichen Forschungsfragen an. Im w\u00f6rtlichen Sinne dient diese Werkstatt dazu, Studierende, Graduierte und Forscher verschiedener Institutionen ins Gespr\u00e4ch zu bringen. Der methodenorientierte Austausch und die problemorientierte Analyse bestimmter Themen stehen im Vordergrund. Die Teilnehmer sollen von der intensiven Diskussionen und den Synergieeffekten aus dem \u00fcberschaubaren Kreis gegenseitig profitieren.<\/p>\n\n\n\n<div class=\"wp-block-media-text is-stacked-on-mobile is-vertically-aligned-center\" style=\"grid-template-columns:32% auto\"><figure class=\"wp-block-media-text__media\"><img loading=\"lazy\" width=\"768\" height=\"1024\" src=\"https:\/\/blogs.urz.uni-halle.de\/romanikzentrum\/files\/2023\/10\/summer_school_2023_erz_bartsch_1jpg-768x1024.jpeg\" alt=\"\" class=\"wp-image-3227\" srcset=\"https:\/\/blogs.urz.uni-halle.de\/romanikzentrum\/files\/2023\/10\/summer_school_2023_erz_bartsch_1jpg-768x1024.jpeg 768w, https:\/\/blogs.urz.uni-halle.de\/romanikzentrum\/files\/2023\/10\/summer_school_2023_erz_bartsch_1jpg-225x300.jpeg 225w, https:\/\/blogs.urz.uni-halle.de\/romanikzentrum\/files\/2023\/10\/summer_school_2023_erz_bartsch_1jpg-150x200.jpeg 150w, https:\/\/blogs.urz.uni-halle.de\/romanikzentrum\/files\/2023\/10\/summer_school_2023_erz_bartsch_1jpg-1152x1536.jpeg 1152w, https:\/\/blogs.urz.uni-halle.de\/romanikzentrum\/files\/2023\/10\/summer_school_2023_erz_bartsch_1jpg-1536x2048.jpeg 1536w, https:\/\/blogs.urz.uni-halle.de\/romanikzentrum\/files\/2023\/10\/summer_school_2023_erz_bartsch_1jpg-750x1000.jpeg 750w, https:\/\/blogs.urz.uni-halle.de\/romanikzentrum\/files\/2023\/10\/summer_school_2023_erz_bartsch_1jpg-scaled.jpeg 1920w\" sizes=\"(max-width: 768px) 100vw, 768px\" \/><\/figure><div class=\"wp-block-media-text__content\">\n<p class=\"has-large-font-size\"><a href=\"https:\/\/blogs.urz.uni-halle.de\/romanikzentrum\/summer-school-2023\/\">Summer School 20<\/a>23<\/p>\n\n\n\n<p style=\"font-size:18px\"><strong>\u201eVon Messing und Stein. Zur Forschung an Grabplatten des Mittelalters\u201c&nbsp;<\/strong><\/p>\n<\/div><\/div>\n\n\n\n<div class=\"wp-block-media-text is-stacked-on-mobile is-vertically-aligned-center\" style=\"grid-template-columns:32% auto\"><figure class=\"wp-block-media-text__media\"><img loading=\"lazy\" width=\"745\" height=\"596\" src=\"https:\/\/blogs.urz.uni-halle.de\/romanikzentrum\/files\/2019\/10\/summer_school_2019_foto_seeliger.jpg\" alt=\"\" class=\"wp-image-1770\" srcset=\"https:\/\/blogs.urz.uni-halle.de\/romanikzentrum\/files\/2019\/10\/summer_school_2019_foto_seeliger.jpg 745w, https:\/\/blogs.urz.uni-halle.de\/romanikzentrum\/files\/2019\/10\/summer_school_2019_foto_seeliger-300x240.jpg 300w\" sizes=\"(max-width: 745px) 100vw, 745px\" \/><\/figure><div class=\"wp-block-media-text__content\">\n<p class=\"has-large-font-size\"><a href=\"https:\/\/blogs.urz.uni-halle.de\/romanikzentrum\/summer-school-2019-2\/\" data-type=\"URL\" data-id=\"https:\/\/blogs.urz.uni-halle.de\/romanikzentrum\/summer-school-2019-2\/\">Summer School 2019<\/a><\/p>\n\n\n\n<p style=\"font-size:18px\"><strong>\u201eDie Vorhalle an mittelalterlichen Kirchenbauten. Form \u2013 Funktion \u2013 Bildort\u201c<\/strong><\/p>\n<\/div><\/div>\n\n\n\n<div class=\"wp-block-media-text is-stacked-on-mobile is-vertically-aligned-center\" style=\"grid-template-columns:32% auto\"><figure class=\"wp-block-media-text__media\"><img loading=\"lazy\" width=\"1024\" height=\"768\" src=\"https:\/\/blogs.urz.uni-halle.de\/romanikzentrum\/files\/2015\/07\/cat_11-1024x768.jpg\" alt=\"\" class=\"wp-image-737\" srcset=\"https:\/\/blogs.urz.uni-halle.de\/romanikzentrum\/files\/2015\/07\/cat_11.jpg 1024w, https:\/\/blogs.urz.uni-halle.de\/romanikzentrum\/files\/2015\/07\/cat_11-267x200.jpg 267w, https:\/\/blogs.urz.uni-halle.de\/romanikzentrum\/files\/2015\/07\/cat_11-300x225.jpg 300w\" sizes=\"(max-width: 1024px) 100vw, 1024px\" \/><\/figure><div class=\"wp-block-media-text__content\">\n<p class=\"has-large-font-size\"><a href=\"https:\/\/blogs.urz.uni-halle.de\/romanikzentrum\/summer-school-studienkurs\/\" data-type=\"URL\" data-id=\"https:\/\/blogs.urz.uni-halle.de\/romanikzentrum\/summer-school-studienkurs\/\">Summer School 2014<\/a><\/p>\n\n\n\n<p style=\"font-size:18px\"><strong>&#8222;Romanische Dorfkirchen&#8220;<\/strong><\/p>\n<\/div><\/div>","protected":false},"excerpt":{"rendered":"<p>Das Europ\u00e4ische Romanik Zentrum bietet regelm\u00e4\u00dfig Workshops zu wissenschaftlichen Forschungsfragen an. Im w\u00f6rtlichen Sinne dient diese Werkstatt dazu, Studierende, Graduierte und Forscher verschiedener Institutionen ins Gespr\u00e4ch zu bringen. Der methodenorientierte Austausch und die problemorientierte Analyse bestimmter Themen stehen im Vordergrund. Die Teilnehmer sollen von der intensiven Diskussionen und den Synergieeffekten aus dem \u00fcberschaubaren Kreis gegenseitig &hellip; <\/p>\n<p><a class=\"more-link btn\" href=\"https:\/\/blogs.urz.uni-halle.de\/romanikzentrum\/veranstaltungen\/summer-school\/\">Weiterlesen<\/a><\/p>\n","protected":false},"author":6030,"featured_media":0,"parent":2304,"menu_order":3,"comment_status":"closed","ping_status":"closed","template":"","meta":{"ngg_post_thumbnail":0},"_links":{"self":[{"href":"https:\/\/blogs.urz.uni-halle.de\/romanikzentrum\/wp-json\/wp\/v2\/pages\/2307"}],"collection":[{"href":"https:\/\/blogs.urz.uni-halle.de\/romanikzentrum\/wp-json\/wp\/v2\/pages"}],"about":[{"href":"https:\/\/blogs.urz.uni-halle.de\/romanikzentrum\/wp-json\/wp\/v2\/types\/page"}],"author":[{"embeddable":true,"href":"https:\/\/blogs.urz.uni-halle.de\/romanikzentrum\/wp-json\/wp\/v2\/users\/6030"}],"replies":[{"embeddable":true,"href":"https:\/\/blogs.urz.uni-halle.de\/romanikzentrum\/wp-json\/wp\/v2\/comments?post=2307"}],"version-history":[{"count":6,"href":"https:\/\/blogs.urz.uni-halle.de\/romanikzentrum\/wp-json\/wp\/v2\/pages\/2307\/revisions"}],"predecessor-version":[{"id":3595,"href":"https:\/\/blogs.urz.uni-halle.de\/romanikzentrum\/wp-json\/wp\/v2\/pages\/2307\/revisions\/3595"}],"up":[{"embeddable":true,"href":"https:\/\/blogs.urz.uni-halle.de\/romanikzentrum\/wp-json\/wp\/v2\/pages\/2304"}],"wp:attachment":[{"href":"https:\/\/blogs.urz.uni-halle.de\/romanikzentrum\/wp-json\/wp\/v2\/media?parent=2307"}],"curies":[{"name":"wp","href":"https:\/\/api.w.org\/{rel}","templated":true}]}}