{"id":235,"date":"2015-05-27T12:53:50","date_gmt":"2015-05-27T10:53:50","guid":{"rendered":"https:\/\/blogs.urz.uni-halle.de\/romanikzentrum\/?page_id=235"},"modified":"2024-03-24T22:39:06","modified_gmt":"2024-03-24T21:39:06","slug":"wir-ueber-uns","status":"publish","type":"page","link":"https:\/\/blogs.urz.uni-halle.de\/romanikzentrum\/wir-ueber-uns\/","title":{"rendered":"Das Europ\u00e4ische Romanik Zentrum"},"content":{"rendered":"<p>Das Zentrum, kurz ERZ genannt, ist ein interdisziplin\u00e4res und interkonfessionell orientiertes Institut in der Tr\u00e4gerschaft des Europ\u00e4ischen Romanik Zentrums e. V. Es st\u00fctzt seine Aktivit\u00e4ten auf die Kompetenz <a href=\"https:\/\/blogs.urz.uni-halle.de\/romanikzentrum\/organisationsstruktur\/\">zahlreicher Forscher der Martin-Luther-Universit\u00e4t<\/a>, die sich mit Architektur, Kunst, Arch\u00e4ologie, Theologie, Geschichte und Rechtsgeschichte des Mittelalters besch\u00e4ftigen, sowie auf die breite Denkmallage mittelalterlicher Bauwerke im Bundesland Sachsen-Anhalt, verk\u00f6rpert durch die weithin bekannte Stra\u00dfe der Romanik.<\/p>\n<p>Zu den Aufgaben des Europ\u00e4ischen Romanik Zentrums z\u00e4hlen die regionale sowie europ\u00e4ische Erforschung und Vermittlung der vielf\u00e4ltigen Aspekte der romanischen Epoche.<\/p>\n<p>Zum einen f\u00f6rdert das ERZ regionale wie \u00fcberregionale Arbeiten zur Romanik und veranstaltet Fachtagungen, um insbesondere j\u00fcngeren Wissenschaftlern aus ganz Europa eine Plattform f\u00fcr ihre Forschungen zu geben. Als internationale Forschungs- und Bildungsst\u00e4tte zur Romanik entfaltet das ERZ eine entsprechende publizistische T\u00e4tigkeit.<\/p>\n<p>Der Forschungs- und Vermittlungst\u00e4tigkeit stehen Vortrags- und Projektr\u00e4ume, eine stetig wachsende Romanikbibliothek und Studios f\u00fcr Gastdozenten und Stipendiaten zur Verf\u00fcgung.<\/p>\n<p>Das ERZ ist seit 2008 An-Institut der Martin-Luther-Universit\u00e4t Halle-Wittenberg.<\/p>\n<p>Der Sitz des Europ\u00e4ischen Romanik Zentrums ist im S\u00fcd- und Ostfl\u00fcgel der Merseburger Domklausur, die durch die Initiative der Vereinigten Domstifter zu Merseburg, Naumburg und des Kollegiatstifts Zeitz saniert werden konnte.<\/p>\n\n\n<div class=\"wp-block-image\"><figure class=\"aligncenter size-large is-resized\"><img loading=\"lazy\" src=\"https:\/\/blogs.urz.uni-halle.de\/romanikzentrum\/files\/2015\/04\/merseburg_herbst.jpg\" alt=\"Merseburger Dom und Schloss an der Saale\" class=\"wp-image-24\" width=\"750\" height=\"600\" srcset=\"https:\/\/blogs.urz.uni-halle.de\/romanikzentrum\/files\/2015\/04\/merseburg_herbst.jpg 750w, https:\/\/blogs.urz.uni-halle.de\/romanikzentrum\/files\/2015\/04\/merseburg_herbst-300x240.jpg 300w\" sizes=\"(max-width: 750px) 100vw, 750px\" \/><figcaption>Merseburger Dom und Schloss an der Saale<\/figcaption><\/figure><\/div>","protected":false},"excerpt":{"rendered":"<p>Das Zentrum, kurz ERZ genannt, ist ein interdisziplin\u00e4res und interkonfessionell orientiertes Institut in der Tr\u00e4gerschaft des Europ\u00e4ischen Romanik Zentrums e. V. Es st\u00fctzt seine Aktivit\u00e4ten auf die Kompetenz zahlreicher Forscher der Martin-Luther-Universit\u00e4t, die sich mit Architektur, Kunst, Arch\u00e4ologie, Theologie, Geschichte und Rechtsgeschichte des Mittelalters besch\u00e4ftigen, sowie auf die breite Denkmallage mittelalterlicher Bauwerke im Bundesland Sachsen-Anhalt, &hellip; <\/p>\n<p><a class=\"more-link btn\" href=\"https:\/\/blogs.urz.uni-halle.de\/romanikzentrum\/wir-ueber-uns\/\">Weiterlesen<\/a><\/p>\n","protected":false},"author":6030,"featured_media":3549,"parent":0,"menu_order":0,"comment_status":"closed","ping_status":"open","template":"","meta":{"ngg_post_thumbnail":0},"_links":{"self":[{"href":"https:\/\/blogs.urz.uni-halle.de\/romanikzentrum\/wp-json\/wp\/v2\/pages\/235"}],"collection":[{"href":"https:\/\/blogs.urz.uni-halle.de\/romanikzentrum\/wp-json\/wp\/v2\/pages"}],"about":[{"href":"https:\/\/blogs.urz.uni-halle.de\/romanikzentrum\/wp-json\/wp\/v2\/types\/page"}],"author":[{"embeddable":true,"href":"https:\/\/blogs.urz.uni-halle.de\/romanikzentrum\/wp-json\/wp\/v2\/users\/6030"}],"replies":[{"embeddable":true,"href":"https:\/\/blogs.urz.uni-halle.de\/romanikzentrum\/wp-json\/wp\/v2\/comments?post=235"}],"version-history":[{"count":10,"href":"https:\/\/blogs.urz.uni-halle.de\/romanikzentrum\/wp-json\/wp\/v2\/pages\/235\/revisions"}],"predecessor-version":[{"id":3552,"href":"https:\/\/blogs.urz.uni-halle.de\/romanikzentrum\/wp-json\/wp\/v2\/pages\/235\/revisions\/3552"}],"wp:featuredmedia":[{"embeddable":true,"href":"https:\/\/blogs.urz.uni-halle.de\/romanikzentrum\/wp-json\/wp\/v2\/media\/3549"}],"wp:attachment":[{"href":"https:\/\/blogs.urz.uni-halle.de\/romanikzentrum\/wp-json\/wp\/v2\/media?parent=235"}],"curies":[{"name":"wp","href":"https:\/\/api.w.org\/{rel}","templated":true}]}}