{"id":245,"date":"2015-05-27T13:06:07","date_gmt":"2015-05-27T11:06:07","guid":{"rendered":"https:\/\/blogs.urz.uni-halle.de\/romanikzentrum\/?page_id=245"},"modified":"2026-02-02T10:50:54","modified_gmt":"2026-02-02T09:50:54","slug":"organisationsstruktur","status":"publish","type":"page","link":"https:\/\/blogs.urz.uni-halle.de\/romanikzentrum\/organisationsstruktur\/","title":{"rendered":"Vorstand und Beirat"},"content":{"rendered":"<p><span style=\"color: #000000\">Die Geschicke des Europ\u00e4ischen Romanik Zentrums e. V. werden von einem Vereinsvorstand gelenkt, den ein internationaler wissenschaftlicher Beirat unterst\u00fctzt. Beide Satzungsorgane bestimmen neben den Vereinsmitgliedern das Forschungs- und Veranstaltungsprogramm. <br><\/span><\/p>\n\n\n\n<p><span style=\"color: #000000\"><strong>Vorstand des Europ\u00e4ischen Romanik Zentrums<\/strong><\/span><\/p>\n\n\n\n<p><span style=\"color: #000000\">Prof. Dr. Ute Engel (1. Vorsitzende und Direktorin)<\/span><br><a href=\"https:\/\/www.ikare.uni-halle.de\/kunstgeschichte\/personen\/engel\/\" target=\"_blank\" rel=\"noreferrer noopener\">Professur f\u00fcr Kunstgeschichte des Mittelalters an der Martin-Luther-Universit\u00e4t Halle-Wittenberg<\/a><\/p>\n\n\n\n<p><span style=\"color: #000000\">Prof. Dr. Klaus Kr\u00fcger (2. Vorsitzender)<\/span><br><span style=\"color: #993300\"> <a href=\"http:\/\/www.geschichte.uni-halle.de\/mitarbeiter\/krueger1\/\" target=\"_blank\" rel=\"noreferrer noopener\">Leiter der Abteilung f\u00fcr Historische Hilfswissenschaften am Institut f\u00fcr Geschichte der Martin-Luther-Universit\u00e4t Halle-Wittenberg<\/a><\/span><\/p>\n\n\n\n<p><span style=\"color: #000000\">Oliver Ritter, MA (Schatzmeister)<\/span><br><a rel=\"noreferrer noopener\" href=\"https:\/\/www.historische-kommission-fuer-sachsen-anhalt.de\/die-kommission\/informationen\/kontakt\" target=\"_blank\">Historische Komission f\u00fcr Sachsen-Anhalt e.V.<\/a><\/p>\n\n\n\n<p><span style=\"color: #000000\">Dr. Gabriele K\u00f6ster&nbsp;<\/span><br><span style=\"color: #000000\">Direktorin der<\/span><span style=\"color: #993300\"><a href=\"https:\/\/www.khm-magdeburg.de\/team\/\" target=\"_blank\" rel=\"noreferrer noopener\"> Magdeburger Museen<\/a><\/span><\/p>\n\n\n\n<p><span style=\"color: #000000\">Philipp Jahn&nbsp;<br>Kustos am<a href=\"https:\/\/www.kunstmuseum-moritzburg.de\/\" target=\"_blank\" rel=\"noreferrer noopener\"> Kunstmuseum Moritzburg Halle (Saale)<\/a>, Kulturstiftung Sachsen-Anhalt<\/span><\/p>\n\n\n\n<p><span style=\"color: #000000\">ein Mitglied der <\/span><span style=\"color: #993300\"><a href=\"http:\/\/www.vereinigte-domstifter.de\/de\/domstifterverwaltung\/ansprechpartner\/\" target=\"_blank\" rel=\"noreferrer noopener\">Vereinigten Domstifter zu Naumburg, Merseburg und des Kollegiatstifts Zeitz<\/a><\/span><span style=\"color: #000000\"> vertreten durch Dr. Holger Kunde<\/span><\/p>\n\n\n\n<p><span style=\"color: #000000\">ein Mitglied des Rektorats der <span style=\"color: #993300\"><a rel=\"noreferrer noopener\" href=\"http:\/\/www.prorektoratfw.uni-halle.de\/\" target=\"_blank\">Martin-Luther-Universit\u00e4t Halle-Wittenberg<\/a><\/span><\/span><br><span style=\"color: #000000\"> vertreten durch Prof. Dr. Christine F\u00fcrst<\/span><br><br>Prof. Dr. Juliane von Fircks<br><a href=\"https:\/\/www.gw.uni-jena.de\/65945\/prof-dr-juliane-von-fircks\" target=\"_blank\" rel=\"noreferrer noopener\">Professur f\u00fcr Kunstgeschichte des Mittelalters an der Friedrich-Schiller-Universit\u00e4t Jena<\/a><br><br>Dr. Cornelius Hopp<br>Referent im <a rel=\"noreferrer noopener\" href=\"https:\/\/www.lda-lsa.de\/\" target=\"_blank\">Landesamt f\u00fcr Denkmalpflege und Arch\u00e4ologie Sachsen-Anhalt<\/a><\/p>\n\n\n\n<p><span style=\"color: #000000\"> <strong>Internationaler Beirat des Europ\u00e4ischen Romanik Zentrums<\/strong><\/span><\/p>\n\n\n\n<p><span style=\"color: #000000\">Prof. Dr. Rainer Atzbach<\/span><br><span style=\"color: #993300\"><a href=\"http:\/\/pure.au.dk\/portal\/en\/rainer.atzbach@cas.au.dk\" target=\"_blank\" rel=\"noreferrer noopener\">School of Culture and Society &#8211; Department of Archeology and Heritage Studies, Aarhus Univerity<\/a><\/span><\/p>\n\n\n\n<p><span style=\"color: #000000\">Prof. Dr. Klaus Gereon Beuckers<\/span><br><span style=\"color: #993300\"><a href=\"https:\/\/www.kunstgeschichte.uni-kiel.de\/de\/institut\/personen-sprechstunden\/prof.-dr.-phil.-klaus-gereon-beuckers\" target=\"_blank\" rel=\"noreferrer noopener\">Kunsthistorisches Institut, Christian-Albrechts-Universit\u00e4t zu Kiel<\/a><\/span><\/p>\n\n\n\n<p><span style=\"color: #000000\">Prof. Dr. Lex Bosman<\/span><br><span style=\"color: #993300\"> <a class=\"external-link-new-window\" style=\"color: #993300\" href=\"http:\/\/www.uva.nl\/profiel\/b\/o\/a.f.w.bosman\/a.f.w.bosman.html\" target=\"_blank\" rel=\"noopener noreferrer\">Architectuurgeschiedenis op de Faculteit der Geesteswetenschappen, Universiteit van Amsterdam<\/a><\/span><\/p>\n\n\n\n<p><span style=\"color: #000000\">Prof. Dr. Jaros\u0142aw Jarzewicz<\/span><br><span style=\"color: #993300\"><a class=\"external-link-new-window\" style=\"color: #993300\" href=\"https:\/\/wnos.amu.edu.pl\/dla-pracownika\/pracownicy-wydzialu\/instytut-historii-sztuki\/Zaklad-Historii-Sztuki-Starozytnej-i-sredniowiecznej\/jaroslaw-jarzewicz\" target=\"_blank\" rel=\"noopener noreferrer\">Instytut Historii Sztuki, Uniwersytet Adama Mickiewicza Pozna\u0144<\/a><\/span><\/p>\n\n\n\n<p><span style=\"color: #000000\">Prof. Ph.D. Jacqueline Jung<\/span><br><span style=\"color: #993300\"><a href=\"https:\/\/arthistory.yale.edu\/people\/jacqueline-jung\" target=\"_blank\" rel=\"noreferrer noopener\">Department of the History of Art, Yale University<\/a><\/span><\/p>\n\n\n\n<p><span style=\"color: #000000\">Prof. Dr. Bruno Klein<\/span><br><span style=\"color: #993300\"><a href=\"https:\/\/tu-dresden.de\/gsw\/phil\/ikm\/kuge\/der-fachbereich\/Mitarbeiter\/copy_of_ordentliche-professoren\/bruno-klein\" target=\"_blank\" rel=\"noreferrer noopener\">Institut f\u00fcr Kunst- und Musikwissenschaft, Technische Universit\u00e4t Dresden<\/a><\/span><\/p>\n\n\n\n<p><span style=\"color: #000000\">Prof. Dr. Dany Sandron<\/span><br><span style=\"color: #993300\"> <a class=\"external-link-new-window\" style=\"color: #993300\" title=\"Opens external link in new window\" href=\"http:\/\/www.paris-sorbonne.fr\/article\/sandron-dany\" target=\"_blank\" rel=\"noopener noreferrer\">Institut d`Art et d`Arch\u00e9ologie, Universit\u00e9 de Paris-Sorbonne\/ Centre Andr\u00e9 Chastel<\/a><\/span><\/p>\n\n\n\n<p><span style=\"color: #000000\">Prof. Dr. Harald Wolter von dem Knesebeck<\/span><br><span style=\"color: #993300\"><a href=\"https:\/\/www.khi.uni-bonn.de\/institut\/personen\/prof-dr-harald-wolter-von-dem-knesebeck\" target=\"_blank\" rel=\"noreferrer noopener\">Kunsthistorisches Institut, Rheinische Friedrich-Wilhelms-Universit\u00e4t Bonn<\/a><\/span><\/p>\n\n\n\n<p><span style=\"color: #000000\">Prof. Dr. Marc von der H\u00f6h<\/span><br><span style=\"color: #993300\"><a href=\"https:\/\/www.geschichte.uni-rostock.de\/arbeitsbereiche\/mittelalterliche-geschichte\/lehrstuhl\/lehstuhlinhaber\/\" target=\"_blank\" rel=\"noreferrer noopener\">Historisches Institut, Universit\u00e4t Rostock<\/a><\/span><\/p>\n\n\n\n<p><span style=\"color: #000000\">Prof. Dr. Susanne Wittekind<\/span><br><span style=\"color: #993300\"><a href=\"http:\/\/khi.phil-fak.uni-koeln.de\/24275.html\" target=\"_blank\" rel=\"noreferrer noopener\">Kunsthistorisches Institut, Universit\u00e4t zu K\u00f6ln<\/a><\/span><\/p>\n\n\n\n<div>Dr. Jan Dienstbier<br><span style=\"color: #993300\"><a style=\"color: #993300\" href=\"https:\/\/www.udu.cas.cz\/\">\u00dastav d\u011bjin um\u011bn\u00ed AV \u010cR, v.v.i.<\/a><\/span><\/div>\n\n\n\n<div>&nbsp;<\/div>\n\n\n\n<div>Prof. Dr. Daniela Mondini<\/div>\n\n\n\n<div><span style=\"color: #993300\"><a style=\"color: #993300\" href=\"https:\/\/www.arc.usi.ch\/it\/istituti-e-lab\/isa\">Accademia di architettura, Universit\u00e0 della Svizzera italiana, Istituto di storia e teoria dell\u2019arte e dell\u2019architettura ISA<\/a><\/span><\/div>\n\n\n\n<p><\/div>\n\n\n\n<div class=\"wp-block-image\"><figure class=\"aligncenter size-large is-resized\"><img loading=\"lazy\" src=\"https:\/\/blogs.urz.uni-halle.de\/romanikzentrum\/files\/2025\/05\/Vorstandsmitglieder_vor_KlosterJerichow-1024x683.jpg\" alt=\"\" class=\"wp-image-4002\" width=\"574\" height=\"382\" srcset=\"https:\/\/blogs.urz.uni-halle.de\/romanikzentrum\/files\/2025\/05\/Vorstandsmitglieder_vor_KlosterJerichow-1024x683.jpg 1024w, https:\/\/blogs.urz.uni-halle.de\/romanikzentrum\/files\/2025\/05\/Vorstandsmitglieder_vor_KlosterJerichow-300x200.jpg 300w, https:\/\/blogs.urz.uni-halle.de\/romanikzentrum\/files\/2025\/05\/Vorstandsmitglieder_vor_KlosterJerichow-267x178.jpg 267w, https:\/\/blogs.urz.uni-halle.de\/romanikzentrum\/files\/2025\/05\/Vorstandsmitglieder_vor_KlosterJerichow-768x512.jpg 768w, https:\/\/blogs.urz.uni-halle.de\/romanikzentrum\/files\/2025\/05\/Vorstandsmitglieder_vor_KlosterJerichow-1536x1024.jpg 1536w, https:\/\/blogs.urz.uni-halle.de\/romanikzentrum\/files\/2025\/05\/Vorstandsmitglieder_vor_KlosterJerichow-2048x1365.jpg 2048w, https:\/\/blogs.urz.uni-halle.de\/romanikzentrum\/files\/2025\/05\/Vorstandsmitglieder_vor_KlosterJerichow-652x435.jpg 652w\" sizes=\"(max-width: 574px) 100vw, 574px\" \/><figcaption>einige Vorstandsmitglieder vor dem Kloster Jerichwo (Studientag), (c) Blanca K\u00f6nig<\/figcaption><\/figure><\/div>","protected":false},"excerpt":{"rendered":"<p>Die Geschicke des Europ\u00e4ischen Romanik Zentrums e. V. werden von einem Vereinsvorstand gelenkt, den ein internationaler wissenschaftlicher Beirat unterst\u00fctzt. Beide Satzungsorgane bestimmen neben den Vereinsmitgliedern das Forschungs- und Veranstaltungsprogramm. Vorstand des Europ\u00e4ischen Romanik Zentrums Prof. Dr. Ute Engel (1. Vorsitzende und Direktorin)Professur f\u00fcr Kunstgeschichte des Mittelalters an der Martin-Luther-Universit\u00e4t Halle-Wittenberg Prof. Dr. Klaus Kr\u00fcger (2. &hellip; <\/p>\n<p><a class=\"more-link btn\" href=\"https:\/\/blogs.urz.uni-halle.de\/romanikzentrum\/organisationsstruktur\/\">Weiterlesen<\/a><\/p>\n","protected":false},"author":6030,"featured_media":4082,"parent":0,"menu_order":0,"comment_status":"closed","ping_status":"open","template":"","meta":{"ngg_post_thumbnail":0},"_links":{"self":[{"href":"https:\/\/blogs.urz.uni-halle.de\/romanikzentrum\/wp-json\/wp\/v2\/pages\/245"}],"collection":[{"href":"https:\/\/blogs.urz.uni-halle.de\/romanikzentrum\/wp-json\/wp\/v2\/pages"}],"about":[{"href":"https:\/\/blogs.urz.uni-halle.de\/romanikzentrum\/wp-json\/wp\/v2\/types\/page"}],"author":[{"embeddable":true,"href":"https:\/\/blogs.urz.uni-halle.de\/romanikzentrum\/wp-json\/wp\/v2\/users\/6030"}],"replies":[{"embeddable":true,"href":"https:\/\/blogs.urz.uni-halle.de\/romanikzentrum\/wp-json\/wp\/v2\/comments?post=245"}],"version-history":[{"count":10,"href":"https:\/\/blogs.urz.uni-halle.de\/romanikzentrum\/wp-json\/wp\/v2\/pages\/245\/revisions"}],"predecessor-version":[{"id":4142,"href":"https:\/\/blogs.urz.uni-halle.de\/romanikzentrum\/wp-json\/wp\/v2\/pages\/245\/revisions\/4142"}],"wp:featuredmedia":[{"embeddable":true,"href":"https:\/\/blogs.urz.uni-halle.de\/romanikzentrum\/wp-json\/wp\/v2\/media\/4082"}],"wp:attachment":[{"href":"https:\/\/blogs.urz.uni-halle.de\/romanikzentrum\/wp-json\/wp\/v2\/media?parent=245"}],"curies":[{"name":"wp","href":"https:\/\/api.w.org\/{rel}","templated":true}]}}