{"id":254,"date":"2015-05-27T13:08:38","date_gmt":"2015-05-27T11:08:38","guid":{"rendered":"https:\/\/blogs.urz.uni-halle.de\/romanikzentrum\/?page_id=254"},"modified":"2024-03-24T20:10:52","modified_gmt":"2024-03-24T19:10:52","slug":"sitz-des-erz","status":"publish","type":"page","link":"https:\/\/blogs.urz.uni-halle.de\/romanikzentrum\/sitz-des-erz\/","title":{"rendered":"Sitz des ERZ"},"content":{"rendered":"<p>Sitz des ERZ ist seit dem 18. September 2008 die Domklausur zu Merseburg. Merseburg geh\u00f6rt zu den prominentesten Orte an der Stra\u00dfe der Romanik und spielte insbesondere zur Zeit der Ottonen eine herausragende Rolle.<\/p>\n<p>Die Entscheidung f\u00fcr den Standort Merseburg wird getragen von einer weitgehenden \u00dcbereinstimmung und Unterst\u00fctzung der Vereinigten Domstifter zu Merseburg und Naumburg und des Kollegiatstifts Zeitz als aufnehmende Institution mit den Absichten und Zielen des ERZ.<\/p>\n<p>Unterst\u00fctzt von der Stadt Merseburg, dem Land Sachsen-Anhalt, der Europ\u00e4ischen Union und weiteren F\u00f6rderern und Spendern haben die Vereinigten Domstifter und das ERZ in gemeinsamer Anstrengung die S\u00fcdklausur am Merseburger Dom f\u00fcr wissenschaftliche und bildungsm\u00e4\u00dfige Zwecke wieder belebt. Es entstehen rund um eine l\u00e4ngerfristig aufzubauende Romanikbibliothek Arbeitspl\u00e4tze, Seminarr\u00e4ume und Studios f\u00fcr GastwissenschaftlerInnen und StipendiatInnen.<\/p>\n<p><\/p>\n<p>&nbsp;<\/p>\n\n\n<figure class=\"wp-block-image size-large is-resized\"><img loading=\"lazy\" src=\"https:\/\/blogs.urz.uni-halle.de\/romanikzentrum\/files\/2015\/05\/Merseburg_Grundriss_Dom_01.jpg\" alt=\"\" class=\"wp-image-139\" width=\"531\" height=\"470\" srcset=\"https:\/\/blogs.urz.uni-halle.de\/romanikzentrum\/files\/2015\/05\/Merseburg_Grundriss_Dom_01.jpg 800w, https:\/\/blogs.urz.uni-halle.de\/romanikzentrum\/files\/2015\/05\/Merseburg_Grundriss_Dom_01-300x266.jpg 300w\" sizes=\"(max-width: 531px) 100vw, 531px\" \/><figcaption>Grundriss des Mersburger Doms mit Kreuzgang<\/figcaption><\/figure>","protected":false},"excerpt":{"rendered":"<p>Sitz des ERZ ist seit dem 18. September 2008 die Domklausur zu Merseburg. Merseburg geh\u00f6rt zu den prominentesten Orte an der Stra\u00dfe der Romanik und spielte insbesondere zur Zeit der Ottonen eine herausragende Rolle. Die Entscheidung f\u00fcr den Standort Merseburg wird getragen von einer weitgehenden \u00dcbereinstimmung und Unterst\u00fctzung der Vereinigten Domstifter zu Merseburg und Naumburg &hellip; <\/p>\n<p><a class=\"more-link btn\" href=\"https:\/\/blogs.urz.uni-halle.de\/romanikzentrum\/sitz-des-erz\/\">Weiterlesen<\/a><\/p>\n","protected":false},"author":6030,"featured_media":0,"parent":0,"menu_order":0,"comment_status":"closed","ping_status":"open","template":"","meta":{"ngg_post_thumbnail":0},"_links":{"self":[{"href":"https:\/\/blogs.urz.uni-halle.de\/romanikzentrum\/wp-json\/wp\/v2\/pages\/254"}],"collection":[{"href":"https:\/\/blogs.urz.uni-halle.de\/romanikzentrum\/wp-json\/wp\/v2\/pages"}],"about":[{"href":"https:\/\/blogs.urz.uni-halle.de\/romanikzentrum\/wp-json\/wp\/v2\/types\/page"}],"author":[{"embeddable":true,"href":"https:\/\/blogs.urz.uni-halle.de\/romanikzentrum\/wp-json\/wp\/v2\/users\/6030"}],"replies":[{"embeddable":true,"href":"https:\/\/blogs.urz.uni-halle.de\/romanikzentrum\/wp-json\/wp\/v2\/comments?post=254"}],"version-history":[{"count":6,"href":"https:\/\/blogs.urz.uni-halle.de\/romanikzentrum\/wp-json\/wp\/v2\/pages\/254\/revisions"}],"predecessor-version":[{"id":3484,"href":"https:\/\/blogs.urz.uni-halle.de\/romanikzentrum\/wp-json\/wp\/v2\/pages\/254\/revisions\/3484"}],"wp:attachment":[{"href":"https:\/\/blogs.urz.uni-halle.de\/romanikzentrum\/wp-json\/wp\/v2\/media?parent=254"}],"curies":[{"name":"wp","href":"https:\/\/api.w.org\/{rel}","templated":true}]}}