{"id":2820,"date":"2022-10-14T14:02:22","date_gmt":"2022-10-14T12:02:22","guid":{"rendered":"https:\/\/blogs.urz.uni-halle.de\/romanikzentrum\/?page_id=2820"},"modified":"2024-01-31T14:45:36","modified_gmt":"2024-01-31T13:45:36","slug":"alexandra-sotirakis","status":"publish","type":"page","link":"https:\/\/blogs.urz.uni-halle.de\/romanikzentrum\/alexandra-sotirakis\/","title":{"rendered":"Alexandra Sotirakis"},"content":{"rendered":"\n<p>gewann den <strong>Romanikforschungspreis 2020 <\/strong>mit ihrer Dissertation zum  Thema<br><em>Espaces vo\u00fbt\u00e9s du chevet dans l\u2019architecture romane en Europe: formes et fonctions<\/em><br>(Gew\u00f6lbte Chorr\u00e4ume der europ\u00e4ischen Romanik: Formen und Funktionen).<\/p>\n\n\n\n<div class=\"wp-block-image\"><figure class=\"alignright size-large is-resized\"><img loading=\"lazy\" src=\"https:\/\/blogs.urz.uni-halle.de\/romanikzentrum\/files\/2022\/10\/Portrait_ASotirakis.-1-edited.jpg\" alt=\"\" class=\"wp-image-2834\" width=\"257\" height=\"342\" srcset=\"https:\/\/blogs.urz.uni-halle.de\/romanikzentrum\/files\/2022\/10\/Portrait_ASotirakis.-1-edited.jpg 289w, https:\/\/blogs.urz.uni-halle.de\/romanikzentrum\/files\/2022\/10\/Portrait_ASotirakis.-1-edited-225x300.jpg 225w, https:\/\/blogs.urz.uni-halle.de\/romanikzentrum\/files\/2022\/10\/Portrait_ASotirakis.-1-edited-150x200.jpg 150w\" sizes=\"(max-width: 257px) 100vw, 257px\" \/><\/figure><\/div>\n\n\n\n<ul><li><strong>2007-2010<\/strong> Bachelorstudium Kunstgeschichte,  Paris IV \u2013 Universit\u00e4t Sorbonne und Universit\u00e0 degli studi di Firenze<\/li><\/ul>\n\n\n\n<ul><li><strong>2012-2014<\/strong>&nbsp;Master in Kunstgeschichte des Mittelalters, Paris IV \u2013 Universit\u00e4t Sorbonne, unter der Leitung von Herrn Dany Sandron.<br><\/li><li><strong>2014 \/ 2016.<\/strong>&nbsp;PCR &#8222;Mariana: Landschaften, Architektur und Stadtplanung von der Antike bis zum Mittelalter&#8220;, unter der Leitung von Daniel Istria (LA3M CNRS-AMU).&nbsp;Studien an der mittelalterlichen Kathedrale von Mariana (Lucciana, Korsika).<br><\/li><li><strong>2014-2019:<\/strong>&nbsp;Promotion in der Geschichte der mittelalterlichen Kunst, unter der Betreuung von Herrn Dany Sandron (Sorbonne University, Centre Andr\u00e9 Chastel), in Joint Degree mit der Rheinischen Friedrich-Wilhelms-Universit\u00e4t, Bonn, und der Universit\u00e0 degli studi di Firenze .<br><br><a href=\"https:\/\/blogs.urz.uni-halle.de\/romanikzentrum\/romanik-forschungspreis\/\">zur\u00fcck<\/a><br><\/li><\/ul>\n","protected":false},"excerpt":{"rendered":"<p>gewann den Romanikforschungspreis 2020 mit ihrer Dissertation zum ThemaEspaces vo\u00fbt\u00e9s du chevet dans l\u2019architecture romane en Europe: formes et fonctions(Gew\u00f6lbte Chorr\u00e4ume der europ\u00e4ischen Romanik: Formen und Funktionen). 2007-2010 Bachelorstudium Kunstgeschichte, Paris IV \u2013 Universit\u00e4t Sorbonne und Universit\u00e0 degli studi di Firenze 2012-2014&nbsp;Master in Kunstgeschichte des Mittelalters, Paris IV \u2013 Universit\u00e4t Sorbonne, unter der Leitung von &hellip; <\/p>\n<p><a class=\"more-link btn\" href=\"https:\/\/blogs.urz.uni-halle.de\/romanikzentrum\/alexandra-sotirakis\/\">Weiterlesen<\/a><\/p>\n","protected":false},"author":6030,"featured_media":0,"parent":0,"menu_order":0,"comment_status":"closed","ping_status":"closed","template":"","meta":{"ngg_post_thumbnail":0},"_links":{"self":[{"href":"https:\/\/blogs.urz.uni-halle.de\/romanikzentrum\/wp-json\/wp\/v2\/pages\/2820"}],"collection":[{"href":"https:\/\/blogs.urz.uni-halle.de\/romanikzentrum\/wp-json\/wp\/v2\/pages"}],"about":[{"href":"https:\/\/blogs.urz.uni-halle.de\/romanikzentrum\/wp-json\/wp\/v2\/types\/page"}],"author":[{"embeddable":true,"href":"https:\/\/blogs.urz.uni-halle.de\/romanikzentrum\/wp-json\/wp\/v2\/users\/6030"}],"replies":[{"embeddable":true,"href":"https:\/\/blogs.urz.uni-halle.de\/romanikzentrum\/wp-json\/wp\/v2\/comments?post=2820"}],"version-history":[{"count":7,"href":"https:\/\/blogs.urz.uni-halle.de\/romanikzentrum\/wp-json\/wp\/v2\/pages\/2820\/revisions"}],"predecessor-version":[{"id":3434,"href":"https:\/\/blogs.urz.uni-halle.de\/romanikzentrum\/wp-json\/wp\/v2\/pages\/2820\/revisions\/3434"}],"wp:attachment":[{"href":"https:\/\/blogs.urz.uni-halle.de\/romanikzentrum\/wp-json\/wp\/v2\/media?parent=2820"}],"curies":[{"name":"wp","href":"https:\/\/api.w.org\/{rel}","templated":true}]}}