{"id":9,"date":"2015-04-17T13:57:53","date_gmt":"2015-04-17T11:57:53","guid":{"rendered":"https:\/\/blogs.urz.uni-halle.de\/romanikzentrum\/?page_id=9"},"modified":"2024-12-03T15:00:39","modified_gmt":"2024-12-03T14:00:39","slug":"kontakt","status":"publish","type":"page","link":"https:\/\/blogs.urz.uni-halle.de\/romanikzentrum\/kontakt\/","title":{"rendered":"Kontakt"},"content":{"rendered":"<p><\/p>\n<div id=\"c33\" class=\"csc-default\">\n<p class=\"bodytext\"><i>Postanschrift:<\/i><br \/>\nEurop\u00e4isches Romanik Zentrum e.V.<br \/>\nc\/o Martin-Luther-Universit\u00e4t Halle-Wittenberg<br \/>\nPhilosophische Fakult\u00e4t I<br \/>\nInstitut f\u00fcr Kunstgeschichte (IKAKLA)<br \/>\nFrau Prof. Dr. Ute Engel<br \/>\n06099 Halle (Saale)<\/p>\n<p><i>Hausanschrift:<br \/>\n<\/i>Europ\u00e4isches Romanik Zentrum e.V.<br \/>\nDomplatz 7<br \/>\n06217 Merseburg<\/p>\n<p class=\"bodytext\"><i>E-Mail: <\/i><a href=\"mailto:sekretariat@romanik-zentrum.eu\">sekretariat@romanik-zentrum.eu<\/a><\/p>\n<\/div>\n<p><\/p>","protected":false},"excerpt":{"rendered":"<p>Postanschrift: Europ\u00e4isches Romanik Zentrum e.V. c\/o Martin-Luther-Universit\u00e4t Halle-Wittenberg Philosophische Fakult\u00e4t I Institut f\u00fcr Kunstgeschichte (IKAKLA) Frau Prof. Dr. Ute Engel 06099 Halle (Saale) Hausanschrift: Europ\u00e4isches Romanik Zentrum e.V. Domplatz 7 06217 Merseburg E-Mail: sekretariat@romanik-zentrum.eu<\/p>\n","protected":false},"author":772,"featured_media":888,"parent":0,"menu_order":0,"comment_status":"closed","ping_status":"open","template":"","meta":{"ngg_post_thumbnail":0},"_links":{"self":[{"href":"https:\/\/blogs.urz.uni-halle.de\/romanikzentrum\/wp-json\/wp\/v2\/pages\/9"}],"collection":[{"href":"https:\/\/blogs.urz.uni-halle.de\/romanikzentrum\/wp-json\/wp\/v2\/pages"}],"about":[{"href":"https:\/\/blogs.urz.uni-halle.de\/romanikzentrum\/wp-json\/wp\/v2\/types\/page"}],"author":[{"embeddable":true,"href":"https:\/\/blogs.urz.uni-halle.de\/romanikzentrum\/wp-json\/wp\/v2\/users\/772"}],"replies":[{"embeddable":true,"href":"https:\/\/blogs.urz.uni-halle.de\/romanikzentrum\/wp-json\/wp\/v2\/comments?post=9"}],"version-history":[{"count":9,"href":"https:\/\/blogs.urz.uni-halle.de\/romanikzentrum\/wp-json\/wp\/v2\/pages\/9\/revisions"}],"predecessor-version":[{"id":3830,"href":"https:\/\/blogs.urz.uni-halle.de\/romanikzentrum\/wp-json\/wp\/v2\/pages\/9\/revisions\/3830"}],"wp:featuredmedia":[{"embeddable":true,"href":"https:\/\/blogs.urz.uni-halle.de\/romanikzentrum\/wp-json\/wp\/v2\/media\/888"}],"wp:attachment":[{"href":"https:\/\/blogs.urz.uni-halle.de\/romanikzentrum\/wp-json\/wp\/v2\/media?parent=9"}],"curies":[{"name":"wp","href":"https:\/\/api.w.org\/{rel}","templated":true}]}}