{"id":2,"date":"2022-10-25T11:57:20","date_gmt":"2022-10-25T09:57:20","guid":{"rendered":"https:\/\/blogs.urz.uni-halle.de\/rundumsarbeiten\/?page_id=2"},"modified":"2022-10-29T23:32:56","modified_gmt":"2022-10-29T21:32:56","slug":"beispiel-seite","status":"publish","type":"page","link":"https:\/\/blogs.urz.uni-halle.de\/rundumsarbeiten\/beispiel-seite\/","title":{"rendered":"\u00dcberlastung oder \u00dcbertreibung?"},"content":{"rendered":"\n<p>F\u00fcr den Audiobeitrag haben wir uns mit einem Pfleger im Krankenhaus Merseburg und einer Pflegerin im Krankenhaus Niesky unterhalten. Sie haben ihre Geschichten, Erfahrungen und Erlebnisse im Bezug auf Corona mit uns geteilt. Die in der \u00dcberschrift gestellte Frage haben wir uns zu Beginn selbst gestellt. Wir m\u00f6chten in unserem Beitrag die Antwort jedoch nicht vorgeben, sondern unsere Zuh\u00f6rer zum Nachdenken anregen und ihr eigenes Urteil f\u00e4llen lassen.<\/p>\n\n\n\n<figure class=\"wp-block-gallery columns-2 is-cropped\"><ul class=\"blocks-gallery-grid\"><li class=\"blocks-gallery-item\"><figure><img loading=\"lazy\" width=\"850\" height=\"566\" src=\"https:\/\/blogs.urz.uni-halle.de\/rundumsarbeiten\/files\/2022\/10\/Klinik_Merseburg_Voransicht-2.jpg\" alt=\"\" data-id=\"53\" data-full-url=\"https:\/\/blogs.urz.uni-halle.de\/rundumsarbeiten\/files\/2022\/10\/Klinik_Merseburg_Voransicht-2.jpg\" data-link=\"https:\/\/blogs.urz.uni-halle.de\/rundumsarbeiten\/beispiel-seite\/klinik_merseburg_voransicht-2\/\" class=\"wp-image-53\" srcset=\"https:\/\/blogs.urz.uni-halle.de\/rundumsarbeiten\/files\/2022\/10\/Klinik_Merseburg_Voransicht-2.jpg 850w, https:\/\/blogs.urz.uni-halle.de\/rundumsarbeiten\/files\/2022\/10\/Klinik_Merseburg_Voransicht-2-300x200.jpg 300w, https:\/\/blogs.urz.uni-halle.de\/rundumsarbeiten\/files\/2022\/10\/Klinik_Merseburg_Voransicht-2-768x511.jpg 768w\" sizes=\"(max-width: 850px) 100vw, 850px\" \/><figcaption class=\"blocks-gallery-item__caption\">Basedow-Krankenhaus Merseburg<\/figcaption><\/figure><\/li><li class=\"blocks-gallery-item\"><figure><img loading=\"lazy\" width=\"500\" height=\"333\" src=\"https:\/\/blogs.urz.uni-halle.de\/rundumsarbeiten\/files\/2022\/10\/EN_APH0-1.jpg\" alt=\"\" data-id=\"52\" data-full-url=\"https:\/\/blogs.urz.uni-halle.de\/rundumsarbeiten\/files\/2022\/10\/EN_APH0-1.jpg\" data-link=\"https:\/\/blogs.urz.uni-halle.de\/rundumsarbeiten\/beispiel-seite\/en_aph0-1\/\" class=\"wp-image-52\" srcset=\"https:\/\/blogs.urz.uni-halle.de\/rundumsarbeiten\/files\/2022\/10\/EN_APH0-1.jpg 500w, https:\/\/blogs.urz.uni-halle.de\/rundumsarbeiten\/files\/2022\/10\/EN_APH0-1-300x200.jpg 300w\" sizes=\"(max-width: 500px) 100vw, 500px\" \/><figcaption class=\"blocks-gallery-item__caption\">Krankenhaus Niesky<\/figcaption><\/figure><\/li><\/ul><\/figure>\n\n\n\n<figure class=\"wp-block-audio\"><audio controls src=\"https:\/\/blogs.urz.uni-halle.de\/rundumsarbeiten\/files\/2022\/10\/MuK_Franke_Gehrmann_Kauk.mp3\"><\/audio><\/figure>\n","protected":false},"excerpt":{"rendered":"<p>F\u00fcr den Audiobeitrag haben wir uns mit einem Pfleger im Krankenhaus Merseburg und einer Pflegerin im Krankenhaus Niesky unterhalten. Sie haben ihre Geschichten, Erfahrungen und Erlebnisse im Bezug auf Corona mit uns geteilt. Die in der \u00dcberschrift gestellte Frage haben<\/p>\n","protected":false},"author":5454,"featured_media":0,"parent":0,"menu_order":0,"comment_status":"closed","ping_status":"open","template":"","meta":[],"_links":{"self":[{"href":"https:\/\/blogs.urz.uni-halle.de\/rundumsarbeiten\/wp-json\/wp\/v2\/pages\/2"}],"collection":[{"href":"https:\/\/blogs.urz.uni-halle.de\/rundumsarbeiten\/wp-json\/wp\/v2\/pages"}],"about":[{"href":"https:\/\/blogs.urz.uni-halle.de\/rundumsarbeiten\/wp-json\/wp\/v2\/types\/page"}],"author":[{"embeddable":true,"href":"https:\/\/blogs.urz.uni-halle.de\/rundumsarbeiten\/wp-json\/wp\/v2\/users\/5454"}],"replies":[{"embeddable":true,"href":"https:\/\/blogs.urz.uni-halle.de\/rundumsarbeiten\/wp-json\/wp\/v2\/comments?post=2"}],"version-history":[{"count":8,"href":"https:\/\/blogs.urz.uni-halle.de\/rundumsarbeiten\/wp-json\/wp\/v2\/pages\/2\/revisions"}],"predecessor-version":[{"id":65,"href":"https:\/\/blogs.urz.uni-halle.de\/rundumsarbeiten\/wp-json\/wp\/v2\/pages\/2\/revisions\/65"}],"wp:attachment":[{"href":"https:\/\/blogs.urz.uni-halle.de\/rundumsarbeiten\/wp-json\/wp\/v2\/media?parent=2"}],"curies":[{"name":"wp","href":"https:\/\/api.w.org\/{rel}","templated":true}]}}