{"id":2,"date":"2017-04-06T11:00:48","date_gmt":"2017-04-06T09:00:48","guid":{"rendered":"https:\/\/blogs.urz.uni-halle.de\/sayurikamizukiarts\/?page_id=2"},"modified":"2017-04-27T10:11:11","modified_gmt":"2017-04-27T08:11:11","slug":"beispiel-seite","status":"publish","type":"page","link":"https:\/\/blogs.urz.uni-halle.de\/sayurikamizukiarts\/beispiel-seite\/","title":{"rendered":"Fotos und Reiseberichte"},"content":{"rendered":"<p>Hier eine Seite, auf der ihr meine Fotografischen Werke betrachten k\u00f6nnt.<br \/>\nIch fotografiere leidenschaftlich Landschaften, Geb\u00e4ude und mache Makro-Aufnahmen.<\/p>\n<p>Viel spa\u00df beim anschauen und st\u00f6bern in den Bildern.<\/p>\n<p>Wenn jemand einen Bilderwunsch hat oder etwas in Auftrag geben m\u00f6chte, kann er sich gern an mich wenden.<\/p>\n<p>&nbsp;<\/p>\n<p>Reisebeitr\u00e4ge mit Fotos findet ihr hier:<\/p>\n<ul>\n<li><a href=\"https:\/\/blogs.urz.uni-halle.de\/sayurikamizukiarts\/2017\/04\/slowenien\/\">Slowenien<\/a><\/li>\n<li><a href=\"https:\/\/blogs.urz.uni-halle.de\/sayurikamizukiarts\/2017\/04\/wales\/\">Wales<\/a><\/li>\n<li><a href=\"https:\/\/blogs.urz.uni-halle.de\/sayurikamizukiarts\/2017\/04\/best-of-japan\/\">Japan<\/a><\/li>\n<\/ul>\n<div class=\"twoclick_social_bookmarks_post_2 social_share_privacy clearfix 1.6.4 locale-de_DE sprite-de_DE\"><\/div><div class=\"twoclick-js\"><script type=\"text\/javascript\">\/* <![CDATA[ *\/\njQuery(document).ready(function($){if($('.twoclick_social_bookmarks_post_2')){$('.twoclick_social_bookmarks_post_2').socialSharePrivacy({\"services\":{\"facebook\":{\"status\":\"on\",\"txt_info\":\"2 Klicks f\\u00fcr mehr Datenschutz: Erst wenn Sie hier klicken, wird der Button aktiv und Sie k\\u00f6nnen Ihre Empfehlung an Facebook senden. Schon beim Aktivieren werden Daten an Dritte \\u00fcbertragen - siehe <em>i<\\\/em>.\",\"perma_option\":\"off\",\"action\":\"like\",\"language\":\"de_DE\"},\"twitter\":{\"reply_to\":\"\",\"tweet_text\":\"Fotos%20und%20Reiseberichte%20%C2%BB%20%E7%A5%9E%E6%9C%88%E3%80%80%E5%B0%8F%E7%99%BE%E5%90%88%20%20%20-%20Arts\",\"status\":\"on\",\"txt_info\":\"2 Klicks f\\u00fcr mehr Datenschutz: Erst wenn Sie hier klicken, wird der Button aktiv und Sie k\\u00f6nnen Ihre Empfehlung an Twitter senden. Schon beim Aktivieren werden Daten an Dritte \\u00fcbertragen - siehe <em>i<\\\/em>.\",\"perma_option\":\"off\",\"language\":\"de\",\"referrer_track\":\"\"},\"gplus\":{\"status\":\"on\",\"txt_info\":\"2 Klicks f\\u00fcr mehr Datenschutz: Erst wenn Sie hier klicken, wird der Button aktiv und Sie k\\u00f6nnen Ihre Empfehlung an Google+ senden. Schon beim Aktivieren werden Daten an Dritte \\u00fcbertragen - siehe <em>i<\\\/em>.\",\"perma_option\":\"off\",\"referrer_track\":\"\"},\"pinterest\":{\"status\":\"on\",\"the_excerpt\":\"Fotos und Reiseberichte\",\"txt_info\":\"2 Klicks f\\u00fcr mehr Datenschutz: Erst wenn Sie hier klicken, wird der Button aktiv und Sie k\\u00f6nnen Ihre Empfehlung an Pinterest senden. Schon beim Aktivieren werden Daten an Dritte \\u00fcbertragen - siehe <em>i<\\\/em>.\",\"perma_option\":\"off\",\"media\":\"https:\\\/\\\/blogs.urz.uni-halle.de\\\/sayurikamizukiarts\\\/files\\\/2017\\\/04\\\/IMG_2267.jpg\"}},\"txt_help\":\"Wenn Sie diese Felder durch einen Klick aktivieren, werden Informationen an Facebook, Twitter, Flattr, Xing, t3n, LinkedIn, Pinterest oder Google eventuell ins Ausland \\u00fcbertragen und unter Umst\\u00e4nden auch dort gespeichert. N\\u00e4heres erfahren Sie durch einen Klick auf das <em>i<\\\/em>.\",\"settings_perma\":\"Dauerhaft aktivieren und Daten\\u00fcber-tragung zustimmen:\",\"info_link\":\"http:\\\/\\\/www.heise.de\\\/ct\\\/artikel\\\/2-Klicks-fuer-mehr-Datenschutz-1333879.html\",\"uri\":\"https:\\\/\\\/blogs.urz.uni-halle.de\\\/sayurikamizukiarts\\\/beispiel-seite\\\/\",\"post_id\":2,\"post_title_referrer_track\":\"Fotos+und+Reiseberichte\",\"display_infobox\":\"on\"});}});\n\/* ]]> *\/<\/script><\/div>","protected":false},"excerpt":{"rendered":"<p>Hier eine Seite, auf der ihr meine Fotografischen Werke betrachten k\u00f6nnt. Ich fotografiere leidenschaftlich Landschaften, Geb\u00e4ude und mache Makro-Aufnahmen. Viel spa\u00df beim anschauen und st\u00f6bern in den Bildern. Wenn jemand einen Bilderwunsch hat oder etwas in Auftrag geben m\u00f6chte, kann er sich gern an mich wenden. &nbsp; Reisebeitr\u00e4ge mit Fotos findet ihr hier: Slowenien Wales &hellip; <a href=\"https:\/\/blogs.urz.uni-halle.de\/sayurikamizukiarts\/beispiel-seite\/\" class=\"more-link\"><span class=\"screen-reader-text\">Fotos und Reiseberichte<\/span> weiterlesen <span class=\"meta-nav\">&rarr;<\/span><\/a><\/p>\n","protected":false},"author":3007,"featured_media":87,"parent":0,"menu_order":0,"comment_status":"open","ping_status":"closed","template":"","meta":[],"_links":{"self":[{"href":"https:\/\/blogs.urz.uni-halle.de\/sayurikamizukiarts\/wp-json\/wp\/v2\/pages\/2"}],"collection":[{"href":"https:\/\/blogs.urz.uni-halle.de\/sayurikamizukiarts\/wp-json\/wp\/v2\/pages"}],"about":[{"href":"https:\/\/blogs.urz.uni-halle.de\/sayurikamizukiarts\/wp-json\/wp\/v2\/types\/page"}],"author":[{"embeddable":true,"href":"https:\/\/blogs.urz.uni-halle.de\/sayurikamizukiarts\/wp-json\/wp\/v2\/users\/3007"}],"replies":[{"embeddable":true,"href":"https:\/\/blogs.urz.uni-halle.de\/sayurikamizukiarts\/wp-json\/wp\/v2\/comments?post=2"}],"version-history":[{"count":7,"href":"https:\/\/blogs.urz.uni-halle.de\/sayurikamizukiarts\/wp-json\/wp\/v2\/pages\/2\/revisions"}],"predecessor-version":[{"id":126,"href":"https:\/\/blogs.urz.uni-halle.de\/sayurikamizukiarts\/wp-json\/wp\/v2\/pages\/2\/revisions\/126"}],"wp:featuredmedia":[{"embeddable":true,"href":"https:\/\/blogs.urz.uni-halle.de\/sayurikamizukiarts\/wp-json\/wp\/v2\/media\/87"}],"wp:attachment":[{"href":"https:\/\/blogs.urz.uni-halle.de\/sayurikamizukiarts\/wp-json\/wp\/v2\/media?parent=2"}],"curies":[{"name":"wp","href":"https:\/\/api.w.org\/{rel}","templated":true}]}}