{"id":95,"date":"2021-01-28T15:19:53","date_gmt":"2021-01-28T14:19:53","guid":{"rendered":"https:\/\/blogs.urz.uni-halle.de\/sbp21\/?page_id=95"},"modified":"2023-02-05T11:25:30","modified_gmt":"2023-02-05T10:25:30","slug":"imprint","status":"publish","type":"page","link":"https:\/\/blogs.urz.uni-halle.de\/sbp22\/imprint\/","title":{"rendered":"Imprint"},"content":{"rendered":"\n<p><strong>Impressum nach \u00a7 5 TMG<\/strong><\/p>\n\n\n\n<p><strong>Institution<\/strong><\/p>\n\n\n\n<p>Die Martin-Luther-Universit\u00e4t Halle-Wittenberg ist eine K\u00f6rperschaft des \u00f6ffentlichen Rechts. Sie wird durch die Rektorin Frau Prof. Dr. Claudia Becker gesetzlich vertreten: info@uni-halle.de<\/p>\n\n\n\n<p><strong>Angaben<\/strong><\/p>\n\n\n\n<p>Martin-Luther-Universit\u00e4t Halle-Wittenberg<br>Universit\u00e4tsplatz 10<br>06108 Halle<br>Deutschland<br>Telefon: &nbsp;&nbsp;&nbsp;&nbsp;&nbsp;&nbsp;&nbsp; 0345 \/ 55 20<br>Fax: &nbsp;&nbsp;&nbsp;&nbsp;&nbsp;&nbsp;&nbsp;&nbsp;&nbsp;&nbsp;&nbsp;&nbsp;&nbsp;&nbsp; 0345 \/ 55 27 077<br>E-Mail: &nbsp;&nbsp;&nbsp;&nbsp;&nbsp;&nbsp;&nbsp;&nbsp; info@uni-halle.de&nbsp;&nbsp;&nbsp;&nbsp; <br>Internet: &nbsp;&nbsp;&nbsp;&nbsp;&nbsp;&nbsp; www.uni-halle.de<br>Umsatzsteuer-Identifikationsnummer: DE 811353703 gem\u00e4\u00df \u00a7 27 a Umsatzsteuergesetz<\/p>\n\n\n\n<p><strong>Institut<\/strong><\/p>\n\n\n\n<p>Martin-Luther-Universit\u00e4t Halle-Wittenberg<br>Naturwissenschaftliche Fakult\u00e4t II<br>Institut f\u00fcr Physik<br>Gesch\u00e4ftsstelle SFB\/TRR 102<br>Von-Danckelmann-Platz 3<br>06120 Halle (Saale)<\/p>\n\n\n\n<p>sfb-trr-102-office@physik.uni-halle.de<\/p>\n\n\n\n<p><strong>Aufsichtsbeh\u00f6rde<\/strong><\/p>\n\n\n\n<p>Die zust\u00e4ndige Aufsichtsbeh\u00f6rde ist das<br>Ministerium f\u00fcr Wissenschaft, Energie, Klimaschutz und Umwelt des Landes Sachsen-Anhalt<br>Leipziger Stra\u00dfe 58<br>39112 Magdeburg<br>E-Mail: <a href=\"mailto:poststelle@mwu.sachsen-anhalt.de\">poststelle@mwu.sachsen-anhalt.de<\/a><br>Web: <a href=\"http:\/\/www.mwu.sachsen-anhalt.de\/\" target=\"_blank\" rel=\"noreferrer noopener\">www.mwu.sachsen-anhalt.de<\/a><strong><\/strong><\/p>\n","protected":false},"excerpt":{"rendered":"<p>Impressum nach \u00a7 5 TMG Institution Die Martin-Luther-Universit\u00e4t Halle-Wittenberg ist eine K\u00f6rperschaft des \u00f6ffentlichen Rechts. Sie wird durch &hellip; <a href=\"https:\/\/blogs.urz.uni-halle.de\/sbp22\/imprint\/\" class=\"more-link\">Continue reading<span class=\"screen-reader-text\"> &#8220;Imprint&#8221;<\/span><\/a><\/p>\n","protected":false},"author":4439,"featured_media":0,"parent":0,"menu_order":0,"comment_status":"closed","ping_status":"closed","template":"","meta":[],"_links":{"self":[{"href":"https:\/\/blogs.urz.uni-halle.de\/sbp22\/wp-json\/wp\/v2\/pages\/95"}],"collection":[{"href":"https:\/\/blogs.urz.uni-halle.de\/sbp22\/wp-json\/wp\/v2\/pages"}],"about":[{"href":"https:\/\/blogs.urz.uni-halle.de\/sbp22\/wp-json\/wp\/v2\/types\/page"}],"author":[{"embeddable":true,"href":"https:\/\/blogs.urz.uni-halle.de\/sbp22\/wp-json\/wp\/v2\/users\/4439"}],"replies":[{"embeddable":true,"href":"https:\/\/blogs.urz.uni-halle.de\/sbp22\/wp-json\/wp\/v2\/comments?post=95"}],"version-history":[{"count":2,"href":"https:\/\/blogs.urz.uni-halle.de\/sbp22\/wp-json\/wp\/v2\/pages\/95\/revisions"}],"predecessor-version":[{"id":1033,"href":"https:\/\/blogs.urz.uni-halle.de\/sbp22\/wp-json\/wp\/v2\/pages\/95\/revisions\/1033"}],"wp:attachment":[{"href":"https:\/\/blogs.urz.uni-halle.de\/sbp22\/wp-json\/wp\/v2\/media?parent=95"}],"curies":[{"name":"wp","href":"https:\/\/api.w.org\/{rel}","templated":true}]}}