{"id":12,"date":"2022-07-20T13:57:23","date_gmt":"2022-07-20T11:57:23","guid":{"rendered":"https:\/\/blogs.urz.uni-halle.de\/schimpfworte\/?page_id=12"},"modified":"2022-08-29T17:44:34","modified_gmt":"2022-08-29T15:44:34","slug":"schimpfen-kennt-kein-alter","status":"publish","type":"page","link":"https:\/\/blogs.urz.uni-halle.de\/schimpfworte\/schimpfen-kennt-kein-alter\/","title":{"rendered":"Schimpfen kennt kein Alter"},"content":{"rendered":"\n<p>Egal, ob Jung oder Alt, jede Altersklasse kennt Schimpfw\u00f6rter. Trotz dessen gibt es die ein oder anderen <a rel=\"noreferrer noopener\" href=\"https:\/\/www.youtube.com\/watch?v=mX3c12kldUs\" target=\"_blank\">generationsspezifischen Unterschiede<\/a> und Missverst\u00e4ndnisse. Einen besonders spannenden und vielseitigen Umgang mit Schimpfw\u00f6rtern pflegen hierbei vor allem die Jugendlichen. F\u00fcr viele Au\u00dfenstehende ist dies auch das prototypische Merkmal der Jugendsprache, weswegen sie oft als aggressiv und unreif wahrgenommen wird. Diese meist einseitige <a rel=\"noreferrer noopener\" href=\"https:\/\/www.youtube.com\/watch?v=DL4XS4FOw_s&amp;t=22s\" target=\"_blank\">Bewertung<\/a> zeigt sich auch in dem Wortgebrauch, der synonym f\u00fcr die Jugendsprache genutzt wird. Dazu geh\u00f6ren exemplarisch <a rel=\"noreferrer noopener\" href=\"https:\/\/drive.google.com\/file\/d\/1CVvU76yyhYBlUQOSIEtVlyZz7bPeaa2X\/view?usp=sharing\" target=\"_blank\">Kiezdeutsch<\/a>, <a rel=\"noreferrer noopener\" href=\"https:\/\/www.zeit.de\/2006\/27\/C-Kiezdeutsch\/seite-2\" target=\"_blank\">Kanak Sprak<\/a>, <a rel=\"noreferrer noopener\" href=\"https:\/\/drive.google.com\/file\/d\/1E7iaBS0zHpp6Q7c9lLQIWPEsRca_a-mA\/view?usp=sharing\" target=\"_blank\">gebrochenes Deutsch<\/a> oder auch <a rel=\"noreferrer noopener\" href=\"https:\/\/www.welt.de\/kultur\/literarischewelt\/article151650918\/Ich-gehe-Doener-ist-laengst-im-Sprachgebrauch-angekommen.html\" target=\"_blank\">Kurzdeutsch<\/a>. Aufgrund der mannigfaltigen Kritik gibt es auch Stimmen, die die grunds\u00e4tzliche Existenz von Jugendsprache und deren Berechtigung als wissenschaftlichen Untersuchungsgegenstand hinterfragen. Unteranderem argumentieren Kritiker, dass es keine definierbare Erwachsenensprache gibt, die man gegen\u00fcberstellen k\u00f6nnte. Die Jugendsprache bedient sich zudem einiger Elemente des Standarddeutschen, was eine eindeutige Ein- und Abgrenzung erschwert. Dies wird durch die grundlegende Kurzlebigkeit der Jugendsprache verst\u00e4rkt. Dadurch ergeben sich drei Ans\u00e4tze, wie die Jugendsprache wahrgenommen wird. Eine dieser M\u00f6glichkeiten besteht darin, die Sprache von Jugendlichen als Sprachnormversto\u00df zu definieren und sich dementsprechend dar\u00fcber zu beklagen, Emp\u00f6rung zu zeigen oder Kritik zu \u00e4u\u00dfern. Eine zweite Variante des Umgangs mit dieser Thematik ist, sie als <a rel=\"noreferrer noopener\" href=\"https:\/\/vds-ev.de\/sprachnachrichten\/#sn-1-2008\/1\/\" target=\"_blank\">Entfremdung<\/a> vom Deutschen zu charakterisieren und \u00fcber diese Entwicklung Besorgnis zu \u00e4u\u00dfern. Zuletzt zeigt sich, dass sich \u00fcber die Jugendsprache auch in variantenreicher Form belustigt wird, wodurch sie als <a rel=\"noreferrer noopener\" href=\"https:\/\/www.youtube.com\/watch?v=cg61PWQPRzU\" target=\"_blank\">Sprachkarikatur<\/a> identifiziert wird.<\/p>\n\n\n\n<p>Diese Annahmen sind weit verbreitet, da es eine Diskrepanz zwischen der realen Sprachanwendung und der <a rel=\"noreferrer noopener\" href=\"https:\/\/www.bpb.de\/medien\/27137\/P4LENB.pdf\" target=\"_blank\">medialen Aufbereitung<\/a> von Jugendsprache gibt, die teils fiktiv und stereotyp ist. Dabei bleibt unbeachtet, dass es ein \u00f6ffentliches Interesse und eine gewisse Erwartungshaltung gegen\u00fcber der Thematik gibt, wodurch sie profitorientiert f\u00fcr die Konsumenten und Konsumentinnen aufbereitet wird. Die folgende Abbildung visualisiert die Problematik dieser medialen Aufbereitung.<\/p>\n\n\n\n<figure class=\"wp-block-image size-large\"><img loading=\"lazy\" width=\"702\" height=\"427\" src=\"https:\/\/blogs.urz.uni-halle.de\/schimpfworte\/files\/2022\/08\/image-4.png\" alt=\"\" class=\"wp-image-193\" srcset=\"https:\/\/blogs.urz.uni-halle.de\/schimpfworte\/files\/2022\/08\/image-4.png 702w, https:\/\/blogs.urz.uni-halle.de\/schimpfworte\/files\/2022\/08\/image-4-300x182.png 300w\" sizes=\"(max-width: 702px) 100vw, 702px\" \/><figcaption>Brandstetter 2016, S.29<\/figcaption><\/figure>\n\n\n\n<p>Umso wichtiger scheint es, <a rel=\"noreferrer noopener\" href=\"https:\/\/www.dw.com\/de\/vom-vermeintlichen-verfall-der-deutschen-sprache\/a-51142692\" target=\"_blank\">Argumente<\/a> anzubringen, die gegen eine allgemeine stereotype und negative Bewertung der Jugendsprache sprechen. Um eine differenzierte Wahrnehmung zu erm\u00f6glichen, ist es zun\u00e4chst n\u00f6tig, die Sprache von Jugendlichen als ein anerkanntes und selbst\u00e4ndiges <a rel=\"noreferrer noopener\" href=\"https:\/\/www.dvjj.de\/wp-content\/uploads\/2019\/06\/microsoft_powerpoint_-_dvjj_vortag_kedenburg.pdf\" target=\"_blank\">Forschungsfeld<\/a> zu akzeptieren, welches unterschiedliche Ergebnisse hervorbringt. Im Kontext der Sprachforschung geht man von einer Variation in der deutschen Sprache aus, wobei die Jugendsprache eine dementsprechende Variante darstellt. Diese Perspektive sieht kein Hindernis in der Generationsspezifik und den zahlreichen Einfl\u00fcssen. Vielmehr wird gefordert, die Jugendsprache als ein komplexes, heterogenes Konstrukt zu verstehen. Aus dieser Darstellung resultiert der Appell, die Jugendsprache ernst zu nehmen und wertzusch\u00e4tzen. Sie ist wesentlicher Bestandteil der jugendlichen Identit\u00e4t und bedeutet keineswegs, dass die Sprecher und Sprecherinnen Standarddeutsch nicht beherrschen bzw. sich au\u00dferhalb eines gewissen Kreises nicht verst\u00e4ndigen k\u00f6nnten. <\/p>\n\n\n\n<p>Das bereits Interesse an der Auseinandersetzung mit dieser Thematik besteht, zeigen diverse Publikationen oder beispielsweise die Suche nach dem <a rel=\"noreferrer noopener\" href=\"https:\/\/www.langenscheidt.com\/jugendwort-des-jahres\" target=\"_blank\">Jugendwort des Jahres<\/a> seit <a rel=\"noreferrer noopener\" href=\"https:\/\/www.dw.com\/de\/von-cringe-bis-lost-jugendw%C3%B6rter-des-jahres-2008-2021\/g-36146604\" target=\"_blank\">2008<\/a>. Diese Untersuchung ist zwar hinsichtlich der Wissenschaftlichkeit und <a rel=\"noreferrer noopener\" href=\"https:\/\/www.welt.de\/kultur\/article234627270\/cringe-Die-drei-ewigen-Probleme-mit-dem-Jugendwort-des-Jahres.html\" target=\"_blank\">Aussagekraft<\/a> zu hinterfragen, jedoch erm\u00f6glicht sie eine erste Ann\u00e4herung. <\/p>\n\n\n\n<p>Nach diesem kurzen Einblick und der damit verbundenen Bitte, die Jugendsprache in ihrer Vielfalt ernst zu nehmen, ist die entsprechende Grundlage geschaffen, um mit den folgenden Inhalten angemessen umzugehen. Denn in diesem Beitrag wird sich konkret auf den Gebrauch von Schimpfw\u00f6rtern in der Jugendsprache fokussiert.<\/p>\n\n\n\n<p>Doch bevor Sie sich mit den Themen auf den folgenden Seiten auseinandersetzen, haben Sie nun die Chance, Ihr Wissen zu testen. Das folgende Buchstabengitter versteckt eine Vielzahl an gebr\u00e4uchlichen Schimpfw\u00f6rtern in der Jugendsprache. Diese sind horizontal, vertikal, diagonal als auch r\u00fcckw\u00e4rts angeordnet. Wenn Sie das Quiz erfolgreich gel\u00f6st haben, aber noch mehr zu den Begriffen wissen m\u00f6chten, m\u00fcssen Sie lediglich die Kategorie &#8222;Quiz&#8220; besuchen. Dort haben Sie zum einen die M\u00f6glichkeit, erneut selbst aktiv zu werden, und zum anderen mehr \u00fcber die Bedeutung und die Hintergr\u00fcnde zu den einzelnen Begriffen zu erfahren.<\/p>\n\n\n\n<div class=\"h5p-iframe-wrapper\"><iframe id=\"h5p-iframe-5\" class=\"h5p-iframe\" data-content-id=\"5\" style=\"height:1px\" src=\"about:blank\" frameBorder=\"0\" scrolling=\"no\" title=\"Schimpfwortnetz\"><\/iframe><\/div>\n\n\n\n<p class=\"has-text-align-right\">A. Barthel, 08 2022<\/p>\n","protected":false},"excerpt":{"rendered":"<p>Egal, ob Jung oder Alt, jede Altersklasse kennt Schimpfw\u00f6rter. Trotz dessen gibt es die ein oder anderen generationsspezifischen Unterschiede und Missverst\u00e4ndnisse. Einen besonders spannenden und vielseitigen Umgang mit Schimpfw\u00f6rtern pflegen hierbei vor allem die Jugendlichen. F\u00fcr viele Au\u00dfenstehende ist dies auch das prototypische Merkmal der Jugendsprache, weswegen sie oft als aggressiv und unreif wahrgenommen wird. [&hellip;]<\/p>\n","protected":false},"author":5287,"featured_media":0,"parent":0,"menu_order":0,"comment_status":"open","ping_status":"closed","template":"","meta":[],"_links":{"self":[{"href":"https:\/\/blogs.urz.uni-halle.de\/schimpfworte\/wp-json\/wp\/v2\/pages\/12"}],"collection":[{"href":"https:\/\/blogs.urz.uni-halle.de\/schimpfworte\/wp-json\/wp\/v2\/pages"}],"about":[{"href":"https:\/\/blogs.urz.uni-halle.de\/schimpfworte\/wp-json\/wp\/v2\/types\/page"}],"author":[{"embeddable":true,"href":"https:\/\/blogs.urz.uni-halle.de\/schimpfworte\/wp-json\/wp\/v2\/users\/5287"}],"replies":[{"embeddable":true,"href":"https:\/\/blogs.urz.uni-halle.de\/schimpfworte\/wp-json\/wp\/v2\/comments?post=12"}],"version-history":[{"count":9,"href":"https:\/\/blogs.urz.uni-halle.de\/schimpfworte\/wp-json\/wp\/v2\/pages\/12\/revisions"}],"predecessor-version":[{"id":514,"href":"https:\/\/blogs.urz.uni-halle.de\/schimpfworte\/wp-json\/wp\/v2\/pages\/12\/revisions\/514"}],"wp:attachment":[{"href":"https:\/\/blogs.urz.uni-halle.de\/schimpfworte\/wp-json\/wp\/v2\/media?parent=12"}],"curies":[{"name":"wp","href":"https:\/\/api.w.org\/{rel}","templated":true}]}}