{"id":172,"date":"2022-08-02T20:20:58","date_gmt":"2022-08-02T18:20:58","guid":{"rendered":"https:\/\/blogs.urz.uni-halle.de\/schimpfworte\/?page_id=172"},"modified":"2022-08-17T11:17:38","modified_gmt":"2022-08-17T09:17:38","slug":"funktionen","status":"publish","type":"page","link":"https:\/\/blogs.urz.uni-halle.de\/schimpfworte\/funktionen\/","title":{"rendered":"Funktionen der deutschen Jugendsprache"},"content":{"rendered":"\n<p>Wahres und authentisches Ausdr\u00fccken spielt eine wichtige Rolle in der Jugendsprache. Deswegen ist Jugendsprache <strong>genau<\/strong> und <strong>eindeutig<\/strong>. Das Hochdeutsche ist oft zu abstrakt und deskriptiv f\u00fcr die Jugendlichen. Die Jugendsprache ist <strong>komfortabler<\/strong> als die Standardsprache mit ihren langen Satzgef\u00fcgen und Satzverbindungen. Ebenso kann man <strong>Emotionen<\/strong> besser mit der Jugendsprache ausdr\u00fccken. Zudem fungiert sie auch als eine <strong>Rebellion<\/strong> gegen Vorstellungen und Zw\u00e4nge der Gesellschaft. Sie dient dazu, sich von den Erwachsenen abzugrenzen und repr\u00e4sentiert das Streben nach<strong> ehrlicher Repr\u00e4sentation<\/strong>. Ebenso fungiert sie als Ventil f\u00fcr<a rel=\"noreferrer noopener\" href=\"https:\/\/www.morgenpost.de\/printarchiv\/berlin\/article125356877\/Jugendsprache-ist-besonders-kreativ.html\" target=\"_blank\"> <strong>Kreativit\u00e4t<\/strong> und neue sprachliche Erfindungen<\/a>. Die Jugendsprache ist nach <strong>sprachlichen Vorlieben<\/strong> anpassbar, da viele Regeln nicht beachtet werden m\u00fcssen.<\/p>\n\n\n\n<figure class=\"wp-block-image size-large\"><img loading=\"lazy\" width=\"1024\" height=\"683\" src=\"https:\/\/blogs.urz.uni-halle.de\/schimpfworte\/files\/2022\/08\/teenagers-lifestyle-casual-culture-youth-style-concept-1-1024x683.jpg\" alt=\"\" class=\"wp-image-222\" srcset=\"https:\/\/blogs.urz.uni-halle.de\/schimpfworte\/files\/2022\/08\/teenagers-lifestyle-casual-culture-youth-style-concept-1-1024x683.jpg 1024w, https:\/\/blogs.urz.uni-halle.de\/schimpfworte\/files\/2022\/08\/teenagers-lifestyle-casual-culture-youth-style-concept-1-300x200.jpg 300w, https:\/\/blogs.urz.uni-halle.de\/schimpfworte\/files\/2022\/08\/teenagers-lifestyle-casual-culture-youth-style-concept-1-768x512.jpg 768w, https:\/\/blogs.urz.uni-halle.de\/schimpfworte\/files\/2022\/08\/teenagers-lifestyle-casual-culture-youth-style-concept-1-1536x1024.jpg 1536w, https:\/\/blogs.urz.uni-halle.de\/schimpfworte\/files\/2022\/08\/teenagers-lifestyle-casual-culture-youth-style-concept-1-2048x1365.jpg 2048w\" sizes=\"(max-width: 1024px) 100vw, 1024px\" \/><figcaption>www.freepik.com. URL: https:\/\/de.freepik.com\/fotos-kostenlos\/jugendliche-lebensstil-zufaelliges-kultur-jugend-art-konzept_2910881.htm#query=jugendliche%20gruppe&amp;position=0&amp;from_view=keyword (15.08.2022).<\/figcaption><\/figure>\n\n\n\n<figure class=\"wp-block-embed-crowdsignal wp-block-embed is-type-rich is-provider-crowdsignal\"><div class=\"wp-block-embed__wrapper\">\n<script>var pd_tags = new Array;pd_tags[\"11178917-src\"]=\"poll-oembed-simple\";<\/script><script type=\"text\/javascript\" charset=\"utf-8\" src=\"https:\/\/secure.polldaddy.com\/p\/11178917.js\"><\/script><noscript><iframe title=\"Kennen Sie sich mit Jugendschimpfw\u00f6rtern aus?\" src=\"https:\/\/poll.fm\/11178917\/embed\" frameborder=\"0\" class=\"cs-iframe-embed\"><\/iframe><\/noscript>\n<\/div><\/figure>\n\n\n\n<p>Jennifer Kosa, 08.2022<\/p>\n","protected":false},"excerpt":{"rendered":"<p>Wahres und authentisches Ausdr\u00fccken spielt eine wichtige Rolle in der Jugendsprache. Deswegen ist Jugendsprache genau und eindeutig. Das Hochdeutsche ist oft zu abstrakt und deskriptiv f\u00fcr die Jugendlichen. Die Jugendsprache ist komfortabler als die Standardsprache mit ihren langen Satzgef\u00fcgen und Satzverbindungen. Ebenso kann man Emotionen besser mit der Jugendsprache ausdr\u00fccken. Zudem fungiert sie auch als [&hellip;]<\/p>\n","protected":false},"author":5287,"featured_media":0,"parent":0,"menu_order":0,"comment_status":"closed","ping_status":"closed","template":"","meta":[],"_links":{"self":[{"href":"https:\/\/blogs.urz.uni-halle.de\/schimpfworte\/wp-json\/wp\/v2\/pages\/172"}],"collection":[{"href":"https:\/\/blogs.urz.uni-halle.de\/schimpfworte\/wp-json\/wp\/v2\/pages"}],"about":[{"href":"https:\/\/blogs.urz.uni-halle.de\/schimpfworte\/wp-json\/wp\/v2\/types\/page"}],"author":[{"embeddable":true,"href":"https:\/\/blogs.urz.uni-halle.de\/schimpfworte\/wp-json\/wp\/v2\/users\/5287"}],"replies":[{"embeddable":true,"href":"https:\/\/blogs.urz.uni-halle.de\/schimpfworte\/wp-json\/wp\/v2\/comments?post=172"}],"version-history":[{"count":8,"href":"https:\/\/blogs.urz.uni-halle.de\/schimpfworte\/wp-json\/wp\/v2\/pages\/172\/revisions"}],"predecessor-version":[{"id":310,"href":"https:\/\/blogs.urz.uni-halle.de\/schimpfworte\/wp-json\/wp\/v2\/pages\/172\/revisions\/310"}],"wp:attachment":[{"href":"https:\/\/blogs.urz.uni-halle.de\/schimpfworte\/wp-json\/wp\/v2\/media?parent=172"}],"curies":[{"name":"wp","href":"https:\/\/api.w.org\/{rel}","templated":true}]}}