{"id":179,"date":"2022-08-02T20:22:07","date_gmt":"2022-08-02T18:22:07","guid":{"rendered":"https:\/\/blogs.urz.uni-halle.de\/schimpfworte\/?page_id=179"},"modified":"2022-08-30T21:27:20","modified_gmt":"2022-08-30T19:27:20","slug":"literatur","status":"publish","type":"page","link":"https:\/\/blogs.urz.uni-halle.de\/schimpfworte\/literatur\/","title":{"rendered":"Literaturangaben"},"content":{"rendered":"\n<p><strong>Sekund\u00e4rliteratur<\/strong><\/p>\n\n\n\n<p>Bahlo, Nils (Hg.): Jugendsprache. Eine Einf\u00fchrung, Stuttgart 2019.<\/p>\n\n\n\n<p>Neuland, Eva: Jugendsprache. Eine Einf\u00fchrung, T\u00fcbingen 2008.<\/p>\n\n\n\n<p>Brandstetter, Theresa: Von A wie Arschloch bis Z wie Zipfeklatscher &#8211; Eine empirische Untersuchung verbaler Aggression unter Jugendlichen, Wien 2016.<\/p>\n\n\n\n<p><strong>Internetquellen:<\/strong><\/p>\n\n\n\n<p>CHIP. https:\/\/praxistipps.chip.de\/digger-bedeutung-was-jugendliche-damit-meinen_124009 (aufgerufen am: 14.08.2022).<\/p>\n\n\n\n<p>Cords, S. (2019, 11. Dezember). Vom vermeintlichen Verfall der deutschen Sprache. DW. COM. <a href=\"https:\/\/www.dw.com\/de\/vom-vermeintlichen-verfall-der-deutschen-sprache\/a-51142692\">https:\/\/www.dw.com\/de\/vom-vermeintlichen-verfall-der-deutschen-sprache\/a-51142692<\/a>. (aufgerufen am: 30.7.2022)<\/p>\n\n\n\n<p>Deutsche Sprachwelt (2012, 20. Februar). Welttag der Muttersprache: Hochdeutsch st\u00e4rken. gebrochenes Deutsch bek\u00e4mpfen. (aufgerufen am 29.7.2022)<\/p>\n\n\n\n<p>Gl\u00fcck, H. (2012, 4. April). Sachtemang mit dit Kiezdeutsche. Frankfurter Allgemeine Zeitung. (aufgerufen am 1.8.2022)<\/p>\n\n\n\n<p>Grammis. https:\/\/grammis.ids-mannheim.de\/ (aufgerufen am: 14.08.2022).<\/p>\n\n\n\n<p>Heine, M. (2021, 25. November). Die drei ewigen Probleme mit dem \u201eJugendwort des Jahres\u201c. WELT. <a href=\"https:\/\/www.welt.de\/kultur\/article234627270\/cringe-Die-drei-ewigen-Probleme-mit-dem-Jugendwort-des-Jahres.html\">https:\/\/www.welt.de\/kultur\/article234627270\/cringe-Die-drei-ewigen-Probleme-mit-dem-Jugendwort-des-Jahres.html<\/a>. (aufgerufen am 29.7.2022)<\/p>\n\n\n\n<p>Heine, M. (2016, 30. Januar). &#8222;Ich gehe D\u00f6ner&#8220; ist l\u00e4ngst im Sprachgebrauch angekommen. WELT. <a href=\"https:\/\/www.welt.de\/kultur\/literarischewelt\/article151650918\/Ich-gehe-Doener-ist-laengst-im-Sprachgebrauch-angekommen.html\">https:\/\/www.welt.de\/kultur\/literarischewelt\/article151650918\/Ich-gehe-Doener-ist-laengst-im-Sprachgebrauch-angekommen.html<\/a>. (aufgerufen am 29.7.2022)<\/p>\n\n\n\n<p>Julien Zheng Zheng Kho Budorovits. [Bulien Jam]. (2020, 7. August). BOOMER vs JUGENDSPRACHE (Heute: Leif, Pool Profi, Wortschatz auf Wish bestellt). YoiTube. <a href=\"https:\/\/www.youtube.com\/watch?v=cg61PWQPRzU\">https:\/\/www.youtube.com\/watch?v=cg61PWQPRzU<\/a>. (aufgerufen am: 29.7.2022)<\/p>\n\n\n\n<p>Kedenburg, Z. &#8222;Kiezdeutsch ist voll baba! (&#8230;wenn man&#8217;s versteht)&#8220;. Vorlesung. Universit\u00e4t Potsdam. (aufgerufen am 1.8.2022)<\/p>\n\n\n\n<p>Kolkmann, T. (2017, 18. Mai). 31er \u2013 Bedeutung des Hip-Hop-Slangwort. GIGA. https:\/\/www.giga.de\/extra\/netzkultur\/specials\/was-ist-ein-31er-bedeutung-des-hip-hop-slangwortes\/. (aufgerufen am 27.8.2022)<\/p>\n\n\n\n<p>Kompass-social.media. https:\/\/www.kompass-social.media\/artikel\/100-abkuerzungen-fuer-chatten-gaming-und-social-media-fy (aufgerufen am: 15.08.2022).<\/p>\n\n\n\n<p>Krischke, W. (2006, 29. Juni). Ich geh Schule. DIE ZEIT. <a href=\"https:\/\/www.zeit.de\/2006\/27\/C-Kiezdeutsch\">https:\/\/www.zeit.de\/2006\/27\/C-Kiezdeutsch<\/a>. (aufgerufen am 30.7.2022)<\/p>\n\n\n\n<p>LYRICS Magazin. Die Schweizer HipHop-Plattform. https:\/\/www.lyricsmagazin.ch\/artikel\/kids-meet-strassenrap-das-denken-jugendliche-uber-deutschrap (aufgerufen am: 14.08.2022).<\/p>\n\n\n\n<p>M\u00fcser, K. &amp; Fischer, N. (2021, 25. Oktober). Von Cringe bis Lost: &#8222;Jugendw\u00f6rter des Jahres&#8220; 2008-2021. DW.COM. <a href=\"https:\/\/www.dw.com\/de\/von-cringe-bis-lost-jugendw%C3%B6rter-des-jahres-2008-2021\/g-36146604\">https:\/\/www.dw.com\/de\/von-cringe-bis-lost-jugendw%C3%B6rter-des-jahres-2008-2021\/g-36146604<\/a>.<\/p>\n\n\n\n<p>Netzwelt. https:\/\/www.netzwelt.de\/abkuerzung\/176219-wofuer-steht-hdf-definition-verwendung.html (aufgerufen am: 15.08.2022).<\/p>\n\n\n\n<p>OMA GEHT STEIL. (2020, 2. September). Senioren raten JUGENDSPRACHE #1 | Oma Geht Steil \ud83d\ude80. YouTube. <a href=\"https:\/\/www.youtube.com\/watch?v=mX3c12kldUs\">https:\/\/www.youtube.com\/watch?v=mX3c12kldUs<\/a>. (aufgerufen am: 28.7.2022)<\/p>\n\n\n\n<p>Pogarell, R. (2008, M\u00e4rz). Mittelgro\u00dfe Katastrophe. Verein Deutsche Sprache e.V. (VDS). <a href=\"https:\/\/vds-ev.de\/sprachnachrichten\/#sn-1-2008\/1\/\">https:\/\/vds-ev.de\/sprachnachrichten\/#sn-1-2008\/1\/<\/a>. (aufgerufen am 28.7.2022)<\/p>\n\n\n\n<p>Schlobinski, P. (2002, Mai). Jugendsprache und Jugendkultur. Aus Politik und Zeitgeschichte (APuZ). chrome-extension:\/\/efaidnbmnnnibpcajpcglclefindmkaj\/https:\/\/www.bpb.de\/medien\/27137\/P4LENB.pdf. (aufgerufen am 1.8.2022)<\/p>\n\n\n\n<p>Sprachnudel. Lexikon &amp; Wortschatz der deutschen Sprache. https:\/\/www.sprachnudel.de\/woerterbuch\/bitchen (aufgerufen am: 15.08.2022).<\/p>\n\n\n\n<p>Springer Medizin. Mein Fachwissen. https:\/\/www.springermedizin.de\/emedpedia\/lexikon-der-medizinischen-laboratoriumsdiagnostik\/strassennamen-von-drogen?epediaDoi=10.1007%2F978-3-662-49054-9_2920 (aufgerufen am: 15.08.2022).<\/p>\n\n\n\n<p>\u00dcbersetzungsb\u00fcro Leemeta. https:\/\/www.leemeta-uebersetzungen.de\/blog\/interessantes\/anglizismen-diese-englischen-woerter-findet-man-haeufig-im-deutschen (aufgerufen am: 15.08.2022).<\/p>\n\n\n\n<p>Weekend.at. Menschen Fakten Emotionen. https:\/\/www.weekend.at\/lifestyle\/liebe\/jugendslang-woerter-bedeutung (aufgerufen am: 15.08.2022).<\/p>\n\n\n\n<p>YouTube. https:\/\/www.youtube.com\/watch?v=yoYMXBvOo8w (aufgerufen am: 15.08.2022).<\/p>\n\n\n\n<p>XenonTV. (2009, 10. Juli). Guckst du Beitrag \u00fcber Sprache! &#8211; XEN.ON TV. YouTube. <a href=\"https:\/\/www.youtube.com\/watch?v=DL4XS4FOw_s&amp;t=22s\">https:\/\/www.youtube.com\/watch?v=DL4XS4FOw_s&amp;t=22s<\/a>. (aufgerufen am: 28.7.2022)<\/p>\n\n\n\n<p><strong>Bildquellen: <\/strong><\/p>\n\n\n\n<p>Freepik. https:\/\/de.freepik.com\/fotos-kostenlos\/jugendliche-lebensstil-zufaelliges-kultur-jugend-art-konzept_2910881.htm#query=jugendliche%20gruppe&amp;position=0&amp;from_view=keyword (aufgerufen 15.08.2022).<\/p>\n\n\n\n<p>Urban Dictionary. https:\/\/www.urbandictionary.com\/define.php?term=Cringe (aufgerufen 15.08.2022).<\/p>\n\n\n\n<p><\/p>\n\n\n\n<p><\/p>\n","protected":false},"excerpt":{"rendered":"<p>Sekund\u00e4rliteratur Bahlo, Nils (Hg.): Jugendsprache. Eine Einf\u00fchrung, Stuttgart 2019. Neuland, Eva: Jugendsprache. Eine Einf\u00fchrung, T\u00fcbingen 2008. Brandstetter, Theresa: Von A wie Arschloch bis Z wie Zipfeklatscher &#8211; Eine empirische Untersuchung verbaler Aggression unter Jugendlichen, Wien 2016. Internetquellen: CHIP. https:\/\/praxistipps.chip.de\/digger-bedeutung-was-jugendliche-damit-meinen_124009 (aufgerufen am: 14.08.2022). Cords, S. (2019, 11. Dezember). Vom vermeintlichen Verfall der deutschen Sprache. DW. COM. [&hellip;]<\/p>\n","protected":false},"author":5287,"featured_media":0,"parent":0,"menu_order":0,"comment_status":"closed","ping_status":"closed","template":"","meta":[],"_links":{"self":[{"href":"https:\/\/blogs.urz.uni-halle.de\/schimpfworte\/wp-json\/wp\/v2\/pages\/179"}],"collection":[{"href":"https:\/\/blogs.urz.uni-halle.de\/schimpfworte\/wp-json\/wp\/v2\/pages"}],"about":[{"href":"https:\/\/blogs.urz.uni-halle.de\/schimpfworte\/wp-json\/wp\/v2\/types\/page"}],"author":[{"embeddable":true,"href":"https:\/\/blogs.urz.uni-halle.de\/schimpfworte\/wp-json\/wp\/v2\/users\/5287"}],"replies":[{"embeddable":true,"href":"https:\/\/blogs.urz.uni-halle.de\/schimpfworte\/wp-json\/wp\/v2\/comments?post=179"}],"version-history":[{"count":10,"href":"https:\/\/blogs.urz.uni-halle.de\/schimpfworte\/wp-json\/wp\/v2\/pages\/179\/revisions"}],"predecessor-version":[{"id":602,"href":"https:\/\/blogs.urz.uni-halle.de\/schimpfworte\/wp-json\/wp\/v2\/pages\/179\/revisions\/602"}],"wp:attachment":[{"href":"https:\/\/blogs.urz.uni-halle.de\/schimpfworte\/wp-json\/wp\/v2\/media?parent=179"}],"curies":[{"name":"wp","href":"https:\/\/api.w.org\/{rel}","templated":true}]}}