{"id":197,"date":"2022-08-03T15:54:31","date_gmt":"2022-08-03T13:54:31","guid":{"rendered":"https:\/\/blogs.urz.uni-halle.de\/schimpfworte\/?page_id=197"},"modified":"2022-08-31T15:48:39","modified_gmt":"2022-08-31T13:48:39","slug":"jugendschimpfwoerter","status":"publish","type":"page","link":"https:\/\/blogs.urz.uni-halle.de\/schimpfworte\/jugendschimpfwoerter\/","title":{"rendered":"Jugendschimpfw\u00f6rter"},"content":{"rendered":"\n<p>Liebe Leserinnen und Leser,<\/p>\n\n\n\n<p>die folgenden Beitr\u00e4ge beziehen sich auf die Inhalte des Banners zu den Schimpfw\u00f6rtern in der Jugendsprache. Es handelt sich hierbei um einen Aspekt der Ausstellung, der ein besonderes Ma\u00df an Sensibilit\u00e4t verlangt. Dadurch, dass die Begriffe teils diskriminierend und rassistisch sind, ist es wichtig, zu betonen, dass eine Auseinandersetzung mit diesen Schimpfw\u00f6rtern keineswegs zu derer Verharmlosung oder Akzeptanz beitragen sollen. Gleichzeitig ist der Anspruch dieses Beitrags, ein authentisches und reales Bild zu kreieren.<\/p>\n\n\n\n<p>Es ist notwendig, sich auch mit unangenehmen und bedingt grenzwerten Aspekten unserer Gesellschaft auseinanderzusetzen, um sie verstehen zu k\u00f6nnen und ihre zum Teil auch kreativen und unterhaltsamen Inhalte zu ergr\u00fcnden. Ziel dieses Beitrags ist es, die Jugendsprache, mit Fokus auf deren Schimpfwortgebrauch, aus verschiedenen Blickwinkeln zu bel\u00e4uchten und somit ein differenziertes Bild zu kreieren. <\/p>\n\n\n\n<p class=\"has-text-align-right\">A. Barthel, 08 2022<\/p>\n","protected":false},"excerpt":{"rendered":"<p>Liebe Leserinnen und Leser, die folgenden Beitr\u00e4ge beziehen sich auf die Inhalte des Banners zu den Schimpfw\u00f6rtern in der Jugendsprache. Es handelt sich hierbei um einen Aspekt der Ausstellung, der ein besonderes Ma\u00df an Sensibilit\u00e4t verlangt. Dadurch, dass die Begriffe teils diskriminierend und rassistisch sind, ist es wichtig, zu betonen, dass eine Auseinandersetzung mit diesen [&hellip;]<\/p>\n","protected":false},"author":5287,"featured_media":0,"parent":0,"menu_order":0,"comment_status":"open","ping_status":"closed","template":"","meta":[],"_links":{"self":[{"href":"https:\/\/blogs.urz.uni-halle.de\/schimpfworte\/wp-json\/wp\/v2\/pages\/197"}],"collection":[{"href":"https:\/\/blogs.urz.uni-halle.de\/schimpfworte\/wp-json\/wp\/v2\/pages"}],"about":[{"href":"https:\/\/blogs.urz.uni-halle.de\/schimpfworte\/wp-json\/wp\/v2\/types\/page"}],"author":[{"embeddable":true,"href":"https:\/\/blogs.urz.uni-halle.de\/schimpfworte\/wp-json\/wp\/v2\/users\/5287"}],"replies":[{"embeddable":true,"href":"https:\/\/blogs.urz.uni-halle.de\/schimpfworte\/wp-json\/wp\/v2\/comments?post=197"}],"version-history":[{"count":9,"href":"https:\/\/blogs.urz.uni-halle.de\/schimpfworte\/wp-json\/wp\/v2\/pages\/197\/revisions"}],"predecessor-version":[{"id":642,"href":"https:\/\/blogs.urz.uni-halle.de\/schimpfworte\/wp-json\/wp\/v2\/pages\/197\/revisions\/642"}],"wp:attachment":[{"href":"https:\/\/blogs.urz.uni-halle.de\/schimpfworte\/wp-json\/wp\/v2\/media?parent=197"}],"curies":[{"name":"wp","href":"https:\/\/api.w.org\/{rel}","templated":true}]}}