{"id":36,"date":"2022-07-28T12:46:23","date_gmt":"2022-07-28T10:46:23","guid":{"rendered":"https:\/\/blogs.urz.uni-halle.de\/schimpfworte\/?page_id=36"},"modified":"2022-07-28T21:08:56","modified_gmt":"2022-07-28T19:08:56","slug":"schimpfen-in-der-forschung","status":"publish","type":"page","link":"https:\/\/blogs.urz.uni-halle.de\/schimpfworte\/grundlagen-des-schimpfens\/schimpfen-als-handlung\/schimpfen-in-der-forschung\/","title":{"rendered":"Schimpfen in der Forschung: Das Konzept der Pejorisierung"},"content":{"rendered":"\n<p>Das Konzept der Pejorisierung lokalisiert Diskriminierung nicht ausschlie\u00dflich im sprachlichen Objekt, sondern f\u00fchrt einen handlungsbetonten, mehrdimensionalen <span class=\"has-inline-color has-cyan-bluish-gray-color\">pragmatischen<\/span> Ansatz zur Analyse sprachlicher Beschimpfungen ein (vgl. Hornscheidt 2011, S.15).&nbsp; <\/p>\n\n\n\n<p>Die Mehrdimensionalit\u00e4t des Konzepts der Pejorisierung als realisierte sprachliche Diskriminierungshandlung wird in der folgenden Abbildung (in Bezug auf Hornscheidt 2011, S.15) dargestellt.&nbsp;<\/p>\n\n\n\n<div class=\"wp-block-image\"><figure class=\"aligncenter size-large\"><img loading=\"lazy\" width=\"478\" height=\"318\" src=\"https:\/\/blogs.urz.uni-halle.de\/schimpfworte\/files\/2022\/07\/Mehrdimensionalitaet.png\" alt=\"\" class=\"wp-image-60\" srcset=\"https:\/\/blogs.urz.uni-halle.de\/schimpfworte\/files\/2022\/07\/Mehrdimensionalitaet.png 478w, https:\/\/blogs.urz.uni-halle.de\/schimpfworte\/files\/2022\/07\/Mehrdimensionalitaet-300x200.png 300w\" sizes=\"(max-width: 478px) 100vw, 478px\" \/><figcaption>Mehrdimensionalit\u00e4t von Pejorisierungen in Anlehnung an Hornscheidt (2011, S. 15).<\/figcaption><\/figure><\/div>\n\n\n\n<p>F\u00fcr die Bestimmung einer sprachlichen Handlung als Pejorisierung sind alle dargestellten Dimensionen zu befragen. Auf diese Weise k\u00f6nnen sowohl die Bedeutung von Sprecher*innenintensionen, <span class=\"has-inline-color has-cyan-bluish-gray-color\">Semantiken<\/span> von W\u00f6rtern als auch gesellschaftlich-strukturelle Aspekte ber\u00fccksichtigt werden. M\u00f6glich ist es damit auch, bereits hegemonial tradierte und konventionalisierte Ausdr\u00fccke als diskriminierend und beleidigend zu entschl\u00fcsseln und nicht nur die Ebene der Sprecher*innenabsicht sowie der Wahrnehmung von Angesprochenen als Ma\u00df der Bewertung verbaler Diskriminierung heranzuziehen. Wichtig erscheint hierbei, dass Pejorisierungen stets situativ zu erfassen und somit vom Kontext abh\u00e4ngig zu beurteilen sind. Konventionalisiert werden Pejorisierungen durch W\u00f6rterb\u00fccher und ihre Kommentierungen, mediale oder aus der P\u00e4dagogik stammende Systematisierungen von Schimpfw\u00f6rtern oder auch wissenschaftliche Abhandlungen. Mit dem Konzept der Pejorisierung wird also die Frage der strukturellen Diskriminierung f\u00fcr die Einsch\u00e4tzung von sprachlichen \u00c4u\u00dferungen als beleidigend oder abwertend zur individuellen Entscheidungskomponente hinzugef\u00fcgt (vgl. Hornscheidt 2011, S.15-22). <\/p>\n\n\n\n<figure class=\"wp-block-pullquote\"><blockquote><p>Die strukturelle Dimension vieler Ausdr\u00fccke aus unserem Alltag ist uns h\u00e4ufig kaum gel\u00e4ufig oder pr\u00e4sent. <\/p><cite> Max Groschke<\/cite><\/blockquote><\/figure>\n\n\n\n<p>Aus diesem Grund besch\u00e4ftigt sich ein weiterer Unterpunkt der Grundlagen des Schimpfens mit der Wirkung verbal-aggressiver Sprachhandlungen sowie einzelner Schimpfw\u00f6rter.<\/p>\n\n\n\n<p><\/p>\n\n\n\n<p><\/p>\n\n\n\n<hr class=\"wp-block-separator\" \/>\n\n\n\n<span id=\"Erluterungen\"><h6>Erl\u00e4uterungen<\/h6><\/span>\n\n\n\n<ul><li><span class=\"has-inline-color has-cyan-bluish-gray-color\">pragmatischen: <\/span>sachbezogenen<\/li><li><span class=\"has-inline-color has-cyan-bluish-gray-color\">Semantiken:<\/span> Bedeutungen<\/li><\/ul>\n\n\n\n<p class=\"has-text-align-right\"><span class=\"has-inline-color has-cyan-bluish-gray-color\">Max Groschke, 2022<\/span><\/p>\n","protected":false},"excerpt":{"rendered":"<p>Das Konzept der Pejorisierung lokalisiert Diskriminierung nicht ausschlie\u00dflich im sprachlichen Objekt, sondern f\u00fchrt einen handlungsbetonten, mehrdimensionalen pragmatischen Ansatz zur Analyse sprachlicher Beschimpfungen ein (vgl. Hornscheidt 2011, S.15).&nbsp; Die Mehrdimensionalit\u00e4t des Konzepts der Pejorisierung als realisierte sprachliche Diskriminierungshandlung wird in der folgenden Abbildung (in Bezug auf Hornscheidt 2011, S.15) dargestellt.&nbsp; F\u00fcr die Bestimmung einer sprachlichen Handlung [&hellip;]<\/p>\n","protected":false},"author":5491,"featured_media":0,"parent":28,"menu_order":4,"comment_status":"closed","ping_status":"closed","template":"","meta":[],"_links":{"self":[{"href":"https:\/\/blogs.urz.uni-halle.de\/schimpfworte\/wp-json\/wp\/v2\/pages\/36"}],"collection":[{"href":"https:\/\/blogs.urz.uni-halle.de\/schimpfworte\/wp-json\/wp\/v2\/pages"}],"about":[{"href":"https:\/\/blogs.urz.uni-halle.de\/schimpfworte\/wp-json\/wp\/v2\/types\/page"}],"author":[{"embeddable":true,"href":"https:\/\/blogs.urz.uni-halle.de\/schimpfworte\/wp-json\/wp\/v2\/users\/5491"}],"replies":[{"embeddable":true,"href":"https:\/\/blogs.urz.uni-halle.de\/schimpfworte\/wp-json\/wp\/v2\/comments?post=36"}],"version-history":[{"count":8,"href":"https:\/\/blogs.urz.uni-halle.de\/schimpfworte\/wp-json\/wp\/v2\/pages\/36\/revisions"}],"predecessor-version":[{"id":140,"href":"https:\/\/blogs.urz.uni-halle.de\/schimpfworte\/wp-json\/wp\/v2\/pages\/36\/revisions\/140"}],"up":[{"embeddable":true,"href":"https:\/\/blogs.urz.uni-halle.de\/schimpfworte\/wp-json\/wp\/v2\/pages\/28"}],"wp:attachment":[{"href":"https:\/\/blogs.urz.uni-halle.de\/schimpfworte\/wp-json\/wp\/v2\/media?parent=36"}],"curies":[{"name":"wp","href":"https:\/\/api.w.org\/{rel}","templated":true}]}}