{"id":378,"date":"2022-08-28T18:25:56","date_gmt":"2022-08-28T16:25:56","guid":{"rendered":"https:\/\/blogs.urz.uni-halle.de\/schimpfworte\/?page_id=378"},"modified":"2022-08-31T18:00:23","modified_gmt":"2022-08-31T16:00:23","slug":"wirkung-von-kommunikation","status":"publish","type":"page","link":"https:\/\/blogs.urz.uni-halle.de\/schimpfworte\/grundlagen-des-schimpfens\/schimpfen-als-wirkung\/wirkung-von-kommunikation\/","title":{"rendered":"Wirkung von Kommunikation"},"content":{"rendered":"<p><img loading=\"lazy\" class=\"alignnone size-medium wp-image-492 alignright\" src=\"https:\/\/blogs.urz.uni-halle.de\/schimpfworte\/files\/2022\/08\/Kommunikation-300x81.png\" alt=\"\" width=\"300\" height=\"81\" srcset=\"https:\/\/blogs.urz.uni-halle.de\/schimpfworte\/files\/2022\/08\/Kommunikation-300x81.png 300w, https:\/\/blogs.urz.uni-halle.de\/schimpfworte\/files\/2022\/08\/Kommunikation-768x207.png 768w, https:\/\/blogs.urz.uni-halle.de\/schimpfworte\/files\/2022\/08\/Kommunikation.png 1024w\" sizes=\"(max-width: 300px) 100vw, 300px\" \/><\/p>\n<p>Jede Kommunikation hat eine Inhalts- sowie eine Beziehungsseite. Der Inhaltsaspekt zeigt den Informationsgehalt einer Mitteilung an, wobei gleichg\u00fcltig ist, ob dieser wahr oder falsch, g\u00fcltig oder ung\u00fcltig ist. Der Beziehungsaspekt gibt einen Hinweis darauf, wie die sendende Person der Mitteilung von der empfangenden Person verstanden werden m\u00f6chte. Damit wird definiert, wie die sendende Person die Beziehung zwischen sich und der empfangenden Person einsch\u00e4tzt &#8211; eine pers\u00f6nliche Stellungnahme zum Anderen.<\/p>\n<p>Die Bedeutung des Kontexts, also die \u201eUmwelt\u201c jeder Kommunikation, bestimmt jegliche kommunikative Abl\u00e4ufe mit.<\/p>\n\n\n<blockquote class=\"wp-block-quote has-text-align-left is-style-default\"><p><strong><span class=\"has-inline-color has-pale-pink-color\">Die Wirkung der Kommunikationshandlung sollte nicht nur auf den\/ die Empf\u00e4nger*in beschr\u00e4nkt werden, sondern man sollte die damit untrennbar verbundene&nbsp;Wirkung der Reaktion des Empf\u00e4ngers\/ der Empf\u00e4ngerin auf den\/ die Sender*in mitber\u00fccksichtigen.<\/span><\/strong><\/p><p><\/p><cite>vgl. Watzlawick et al. 2017, S. 26<\/cite><\/blockquote>\n\n\n\n<hr class=\"wp-block-separator is-style-dots\" \/>\n\n\n\n<span id=\"Worte_8211_Heilmittel_und_Gift\"><h3>Worte &#8211; Heilmittel und Gift<\/h3><\/span>\n\n\n<p>Wie bereits im Kapitel\u00a0<a href=\"https:\/\/blogs.urz.uni-halle.de\/schimpfworte\/grundlagen-des-schimpfens\/schimpfen-als-wirkung\/wo-liegt-das-problem\/\">Welches Problem?!<\/a> angerissen, handelt es sich um eine individuelle Empfindung, ob sich eine Person durch eine Beschimpfung gekr\u00e4nkt f\u00fchlt oder nicht.\u00a0<\/p>\n<p>Wir interpretieren das Gesagte vor dem Hintergrund der eigenen Lebensgeschichte, womit die Wirkung der Kommunikation immer subjektiv ist &#8211; es gibt es kein Richtig oder Falsch. Die Deutung der Inhaltsseite einer Mitteilung h\u00e4ngt von der bisherigen Lebensgeschichte eines Menschen ab, von seiner Pers\u00f6nlichkeit und den Erfahrungen, die er\/ sie in \u00e4hnlichen oder vergleichbaren Situationen gemacht hat.<img loading=\"lazy\" class=\"size-medium wp-image-489 alignright\" src=\"https:\/\/blogs.urz.uni-halle.de\/schimpfworte\/files\/2022\/08\/entscheidung-300x150.jpg\" alt=\"\" width=\"300\" height=\"150\" srcset=\"https:\/\/blogs.urz.uni-halle.de\/schimpfworte\/files\/2022\/08\/entscheidung-300x150.jpg 300w, https:\/\/blogs.urz.uni-halle.de\/schimpfworte\/files\/2022\/08\/entscheidung.jpg 480w\" sizes=\"(max-width: 300px) 100vw, 300px\" \/><\/p>\n<p>Worte l\u00f6sen in uns subjektive Emotionen aus, die uns beeinflussen, indem sie unsere Entscheidungen und damit unser Verhalten steuern. Beschimpfungen k\u00f6nnen viele negative Emotionen wie Traurigkeit, Wut oder Schmerz bei der empfangenden Person ausl\u00f6sen. Geleitet von diesen negativen Emotionen, w\u00fcrde diese Person andere Entscheidungen treffen als von positiven Emotionen wie beispielsweise Freude.<\/p>\n<p>Wird unser K\u00f6rper dauerhaft negativen Emotionen ausgesetzt, beispielsweise durch st\u00e4ndige Streitsituationen, verbale Attacken oder herabsetzende und zynische Bemerkungen, schaden wir unserem K\u00f6rper durch diese andauernde negative Stressbelastung.<\/p>\n<p><img loading=\"lazy\" class=\"size-medium wp-image-494 alignleft\" src=\"https:\/\/blogs.urz.uni-halle.de\/schimpfworte\/files\/2022\/08\/wuetend-300x108.png\" alt=\"\" width=\"300\" height=\"108\" srcset=\"https:\/\/blogs.urz.uni-halle.de\/schimpfworte\/files\/2022\/08\/wuetend-300x108.png 300w, https:\/\/blogs.urz.uni-halle.de\/schimpfworte\/files\/2022\/08\/wuetend-1024x369.png 1024w, https:\/\/blogs.urz.uni-halle.de\/schimpfworte\/files\/2022\/08\/wuetend-768x276.png 768w, https:\/\/blogs.urz.uni-halle.de\/schimpfworte\/files\/2022\/08\/wuetend-1536x553.png 1536w, https:\/\/blogs.urz.uni-halle.de\/schimpfworte\/files\/2022\/08\/wuetend-2048x737.png 2048w\" sizes=\"(max-width: 300px) 100vw, 300px\" \/><\/p>\n<p>\u00a0<\/p>\n\n\n<hr class=\"wp-block-separator\" \/>\n\n\n\n<div class=\"wp-block-cover has-pale-pink-background-color has-background-dim\" style=\"min-height:455px\"><div class=\"wp-block-cover__inner-container\">\n<blockquote class=\"wp-block-quote\"><p>\u201eDurch die hormonausl\u00f6sende Wirkung der Sprache bekommen wir einen Eindruck davon, wie sehr sie die Leistungsbereitschaft und die abgerufene Leistungsf\u00e4higkeit eines Menschen beeinflussen kann. Sie wirkt sich auf das Wohlbefinden und damit direkt auf die Gesundheit aus.&nbsp;Sie ist Heilmittel und Gift gleicherma\u00dfen.&nbsp;Denn [beispielsweise] ein Streit oder dem\u00fctigende Worte [\u2026] f\u00fchren im Gehirn und damit auch im K\u00f6rper zu unerw\u00fcnschten Reaktionen\u201c<\/p><cite><span class=\"has-inline-color has-white-color\">Eicher 2018, S. 25<\/span><\/cite><\/blockquote>\n\n\n\n<hr class=\"wp-block-separator is-style-dots\" \/>\n<\/div><\/div>\n\n\n<p>Der individuelle Kommunikationsstil eines Menschen, also auch die H\u00e4ufigkeit in der Verwendung von Schimpfw\u00f6rtern, ist gepr\u00e4gt durch fr\u00fchere Bezugspersonen und kann beispielsweise l\u00f6sungsorientiert, wertsch\u00e4tzend oder schuldzuweisend und beschimpfend sein.<\/p>\n<p>Jede Kommunikation verfolgt eine gewisse Absicht, welche auf einem oder mehreren Bed\u00fcrfnissen beruht. Es gibt keine v\u00f6llig absichtslose Kommunikation. Je besser die Menschen also auf die eigenen Bed\u00fcrfnisse sowie die Bed\u00fcrfnisse des Gespr\u00e4chspartners\/ der Gespr\u00e4chspartnerin eingehen, umso zufriedenstellender wird die Kommunikation f\u00fcr beide Seiten verlaufen.<img loading=\"lazy\" class=\"wp-image-496 alignright\" src=\"https:\/\/blogs.urz.uni-halle.de\/schimpfworte\/files\/2022\/08\/reden-294x300.jpg\" alt=\"\" width=\"121\" height=\"123\" srcset=\"https:\/\/blogs.urz.uni-halle.de\/schimpfworte\/files\/2022\/08\/reden-294x300.jpg 294w, https:\/\/blogs.urz.uni-halle.de\/schimpfworte\/files\/2022\/08\/reden-768x783.jpg 768w, https:\/\/blogs.urz.uni-halle.de\/schimpfworte\/files\/2022\/08\/reden.jpg 803w\" sizes=\"(max-width: 121px) 100vw, 121px\" \/><\/p>\n<p>In einer achtsamen und funktionierenden Kommunikation ist es also ratsam, seine Bed\u00fcrfnisse oder m\u00f6gliche Kr\u00e4nkungen dem Gegen\u00fcber klar zu kommunizieren.<\/p>\n<blockquote>\n<p><span lang=\"de-DE\">Ein gesch\u00e4rftes Bewusstsein \u00fcber die Erwartungshaltung des[\/ der] Gespr\u00e4chspartners[\/ Gespr\u00e4chspartnerin] an die Kommunikation verbessert das Ergebnis jeder Kommunikation.<\/span><\/p>\n<p style=\"text-align: right\">Eicher 2018, S. 56<\/p>\n<\/blockquote>\n\n\n<div class=\"wp-block-cover has-pale-cyan-blue-background-color has-background-dim\" style=\"min-height:237px\"><div class=\"wp-block-cover__inner-container\">\n<p class=\"has-text-align-left has-black-color has-white-background-color has-text-color has-background\">\u201eIch f\u00fchle mich durch die Formulierung insofern gekr\u00e4nkt, dass ich mich dadurch als Frau herabgesetzt und abgewertet f\u00fchle. Ich w\u00fcnsche mir von dir, dass Du Formulierungen dieser Art nicht mehr verwendest. Damit w\u00fcrde es mir zuk\u00fcnftig in unseren Gespr\u00e4chen viel besser gehen\u201c<\/p>\n<\/div><\/div>\n\n\n\n<div class=\"wp-block-cover has-pale-pink-background-color has-background-dim\" style=\"min-height:279px\"><div class=\"wp-block-cover__inner-container\">\n<p class=\"has-text-align-right has-black-color has-white-background-color has-text-color has-background\">\u201eDanke, dass du mir deine Empfindungen so offen mitteilst. Das regt mich zum Nachdenken und Hinterfragen an: Warum verwende ich solche Formulierungen eigentlich? \u2026 aus Gewohnheit? Verwenden andere Menschen aus meinem Umfeld diese Ausdr\u00fccke? Gibt es m\u00f6gliche Alternativen, um meine Emotionen und Gedanken so auszudr\u00fccken, wie ich sie eigentlich meine? Hast du Ideen? \u2026\u201c<\/p>\n<\/div><\/div>\n\n\n\n<p>Bei diesem Dialog handelt es sich um ein m\u00f6gliches Positiv-Beispiel f\u00fcr achtsames Kommunizieren.<\/p>\n\n\n\n<hr class=\"wp-block-separator is-style-dots\" \/>\n\n\n\n<figure class=\"wp-block-pullquote\" style=\"border-color:#f78da7\"><blockquote class=\"has-text-color has-pale-pink-color\"><p>Es gibt zwei Sch\u00fcssel zu einer wirksamen, wahren Kommunikation. Der erste ist <strong>achtsames Zuh\u00f6ren<\/strong>. Der zweite ist<strong> liebevolles Sprechen<\/strong>.<\/p><cite>Achtsames Zuh\u00f6ren und liebevolles Sprechen sind die besten Instrumente, die ich kenne, um einen Kontakt zu anderen herzustellen, die Kommunikation zu verbessern oder wieder in Gang zu bringen und das Leiden zu mindern. (Thich Nhat Hanh 2019, S. 41)<\/cite><\/blockquote><\/figure>\n\n\n\n<hr class=\"wp-block-separator is-style-dots\" \/>\n\n\n<p style=\"text-align: right\">\u00a0<\/p>\n<p>\u00a0 <img loading=\"lazy\" class=\"alignnone  wp-image-484\" src=\"https:\/\/blogs.urz.uni-halle.de\/schimpfworte\/files\/2022\/08\/daumen-181x300.png\" alt=\"\" width=\"138\" height=\"228\" srcset=\"https:\/\/blogs.urz.uni-halle.de\/schimpfworte\/files\/2022\/08\/daumen-181x300.png 181w, https:\/\/blogs.urz.uni-halle.de\/schimpfworte\/files\/2022\/08\/daumen.png 481w\" sizes=\"(max-width: 138px) 100vw, 138px\" \/>\u00a0 \u00a0 \u00a0 \u00a0 \u00a0 \u00a0 \u00a0 \u00a0 \u00a0 \u00a0 \u00a0 \u00a0 \u00a0 \u00a0 \u00a0 \u00a0 \u00a0 \u00a0 \u00a0 \u00a0 \u00a0 \u00a0 \u00a0 \u00a0 \u00a0 \u00a0 \u00a0 \u00a0 \u00a0 \u00a0 \u00a0 \u00a0 \u00a0 \u00a0<img loading=\"lazy\" class=\"alignnone  wp-image-422\" src=\"https:\/\/blogs.urz.uni-halle.de\/schimpfworte\/files\/2022\/08\/Strichmaennchen-traurig-2-213x300.jpg\" alt=\"\" width=\"171\" height=\"241\" srcset=\"https:\/\/blogs.urz.uni-halle.de\/schimpfworte\/files\/2022\/08\/Strichmaennchen-traurig-2-213x300.jpg 213w, https:\/\/blogs.urz.uni-halle.de\/schimpfworte\/files\/2022\/08\/Strichmaennchen-traurig-2.jpg 300w\" sizes=\"(max-width: 171px) 100vw, 171px\" \/><\/p>\n<p>\u00a0<\/p>\n<p>Unbedacht ausgesprochene Worte, die einen Menschen verletzen, k\u00f6nnen leider nicht vollst\u00e4ndig ungeschehen gemacht werden. Formulierungen wie \u201eDas war doch nicht so gemeint\u201c gen\u00fcgen bei emotionalen Verletzungen meist nicht aus, denn der\/ die Verletzte wird sich fragen: \u201eWarum hast du es dann so gesagt?\u201c.\u00a0\u00a0Eine emotionale Wunde, die durch Worte entsteht, l\u00e4sst sich zun\u00e4chst mit einem offenen Eingest\u00e4ndnis ohne rechtfertigende Relativierung heilen. Daraufhin folgt bestenfalls ein Dialog, in welchem beide Dialogpartner*innen ungefiltert ihre Bed\u00fcrfnisse und Gedanken teilen k\u00f6nnen und der Beschimpfende wom\u00f6glich sein\/ ihr Kommunikationsverhalten kritisch hinterfragt.<\/p>\n<p><img loading=\"lazy\" class=\"alignnone  wp-image-486\" src=\"https:\/\/blogs.urz.uni-halle.de\/schimpfworte\/files\/2022\/08\/Gruppe-im-Kreis-300x222.png\" alt=\"\" width=\"222\" height=\"164\" srcset=\"https:\/\/blogs.urz.uni-halle.de\/schimpfworte\/files\/2022\/08\/Gruppe-im-Kreis-300x222.png 300w, https:\/\/blogs.urz.uni-halle.de\/schimpfworte\/files\/2022\/08\/Gruppe-im-Kreis-768x567.png 768w, https:\/\/blogs.urz.uni-halle.de\/schimpfworte\/files\/2022\/08\/Gruppe-im-Kreis.png 969w\" sizes=\"(max-width: 222px) 100vw, 222px\" \/>\u00a0 \u00a0 \u00a0 \u00a0 \u00a0 \u00a0 \u00a0 \u00a0 \u00a0 \u00a0 \u00a0 \u00a0 \u00a0 \u00a0 \u00a0 \u00a0 \u00a0 \u00a0 \u00a0 \u00a0 \u00a0 \u00a0 <img loading=\"lazy\" class=\"alignnone  wp-image-487\" src=\"https:\/\/blogs.urz.uni-halle.de\/schimpfworte\/files\/2022\/08\/be-happy-203x300.png\" alt=\"\" width=\"162\" height=\"239\" srcset=\"https:\/\/blogs.urz.uni-halle.de\/schimpfworte\/files\/2022\/08\/be-happy-203x300.png 203w, https:\/\/blogs.urz.uni-halle.de\/schimpfworte\/files\/2022\/08\/be-happy.png 430w\" sizes=\"(max-width: 162px) 100vw, 162px\" \/><\/p>\n<p>\u00a0<\/p>\n<p>Das folgende Video erkl\u00e4rt anhand eines Beispiels die<span style=\"color: #ff99cc\"><strong> vielschichtige Wirkung einer Beschimpfung auf den Empf\u00e4nger\/ die Empf\u00e4ngerin<\/strong><\/span>. Dabei wird das Kommunikationsmodell nach Friedemann Schulz von Thun zun\u00e4chst allgemein eingef\u00fchrt und anschlie\u00dfend auf das Beispiel angewendet.\u00a0<\/p>\n\n\n<figure class=\"wp-block-embed-youtube wp-block-embed is-type-video is-provider-youtube wp-embed-aspect-16-9 wp-has-aspect-ratio\"><div class=\"wp-block-embed__wrapper\">\n<iframe title=\"Kommunikationsmodell meets Schimpfw\u00f6rter\" width=\"1140\" height=\"641\" src=\"https:\/\/www.youtube.com\/embed\/WOzrMGiqfsM?feature=oembed\" frameborder=\"0\" allow=\"accelerometer; autoplay; clipboard-write; encrypted-media; gyroscope; picture-in-picture\" allowfullscreen><\/iframe>\n<\/div><figcaption>Kommunikationsmodell meets Schimpfw\u00f6rter<\/figcaption><\/figure>\n\n\n\n<div style=\"height:76px\" aria-hidden=\"true\" class=\"wp-block-spacer\"><\/div>\n\n\n\n<hr class=\"wp-block-separator is-style-wide\" \/>\n\n\n<p>LITERATURQUELLEN<\/p>\n<p><span data-tt=\"{&quot;paragraphStyle&quot;:{&quot;alignment&quot;:4,&quot;writingDirection&quot;:1}}\">Eicher, Hans (2018): Die verbl\u00fcffende Macht der Sprache. Was Sie mit Worten ausl\u00f6sen oder verhindern und was Ihr Sprachverhalten verr\u00e4t, 2. durchges. u. korrigierte Aufl. Wiesbaden: Springer Fachmedien. <\/span><\/p>\n<p><span data-tt=\"{&quot;paragraphStyle&quot;:{&quot;alignment&quot;:4,&quot;writingDirection&quot;:1}}\">Hornscheidt, Lann (2011): Pejorisierung &#8211; ein kontruktivistisches Konzept zur Analyse von Beschimpfungspraktiken, in: Lann Hornscheidt Antje; Ines Jana; Hanna Acke (Hg.): Schimpfw\u00f6rter &#8211; Beschimpfungen &#8211; Pejorisierungen. Wie in Sprache Macht und Identit\u00e4ten verhandelt werden, Frankfurt am Main. <\/span><\/p>\n<p><span data-tt=\"{&quot;paragraphStyle&quot;:{&quot;alignment&quot;:4,&quot;writingDirection&quot;:1}}\">Thich Nhat Hanh (2019): Achtsam Sprechen. Achtsam Zuh\u00f6ren. Die Kunst der bewussten Kommunikation. M\u00fcnchen: Knaur. <\/span><\/p>\n<p>Watzlawik, Paul\/ Beavin, Janet H.\/ Jackson, Don D. (2017): Menschliche Kommunikation: Formen St\u00f6rungen, Paradoxien. 13., unver\u00e4nderte Aufl., Bern: Hogrefe Verlag.<\/p>\n\n\n<div style=\"height:100px\" aria-hidden=\"true\" class=\"wp-block-spacer\"><\/div>\n\n\n<p style=\"text-align: right\"><span style=\"color: #808080\">Tori Wagner, 2022<\/span><\/p>\n\n\n<hr class=\"wp-block-separator is-style-dots\" \/>\n","protected":false},"excerpt":{"rendered":"<p>Jede Kommunikation hat eine Inhalts- sowie eine Beziehungsseite. Der Inhaltsaspekt zeigt den Informationsgehalt einer Mitteilung an, wobei gleichg\u00fcltig ist, ob dieser wahr oder falsch, g\u00fcltig oder ung\u00fcltig ist. Der Beziehungsaspekt gibt einen Hinweis darauf, wie die sendende Person der Mitteilung von der empfangenden Person verstanden werden m\u00f6chte. Damit wird definiert, wie die sendende Person die [&hellip;]<\/p>\n","protected":false},"author":5495,"featured_media":0,"parent":42,"menu_order":2,"comment_status":"closed","ping_status":"closed","template":"","meta":[],"_links":{"self":[{"href":"https:\/\/blogs.urz.uni-halle.de\/schimpfworte\/wp-json\/wp\/v2\/pages\/378"}],"collection":[{"href":"https:\/\/blogs.urz.uni-halle.de\/schimpfworte\/wp-json\/wp\/v2\/pages"}],"about":[{"href":"https:\/\/blogs.urz.uni-halle.de\/schimpfworte\/wp-json\/wp\/v2\/types\/page"}],"author":[{"embeddable":true,"href":"https:\/\/blogs.urz.uni-halle.de\/schimpfworte\/wp-json\/wp\/v2\/users\/5495"}],"replies":[{"embeddable":true,"href":"https:\/\/blogs.urz.uni-halle.de\/schimpfworte\/wp-json\/wp\/v2\/comments?post=378"}],"version-history":[{"count":10,"href":"https:\/\/blogs.urz.uni-halle.de\/schimpfworte\/wp-json\/wp\/v2\/pages\/378\/revisions"}],"predecessor-version":[{"id":668,"href":"https:\/\/blogs.urz.uni-halle.de\/schimpfworte\/wp-json\/wp\/v2\/pages\/378\/revisions\/668"}],"up":[{"embeddable":true,"href":"https:\/\/blogs.urz.uni-halle.de\/schimpfworte\/wp-json\/wp\/v2\/pages\/42"}],"wp:attachment":[{"href":"https:\/\/blogs.urz.uni-halle.de\/schimpfworte\/wp-json\/wp\/v2\/media?parent=378"}],"curies":[{"name":"wp","href":"https:\/\/api.w.org\/{rel}","templated":true}]}}