{"id":42,"date":"2022-07-28T12:49:18","date_gmt":"2022-07-28T10:49:18","guid":{"rendered":"https:\/\/blogs.urz.uni-halle.de\/schimpfworte\/?page_id=42"},"modified":"2022-08-31T17:10:06","modified_gmt":"2022-08-31T15:10:06","slug":"schimpfen-als-wirkung","status":"publish","type":"page","link":"https:\/\/blogs.urz.uni-halle.de\/schimpfworte\/grundlagen-des-schimpfens\/schimpfen-als-wirkung\/","title":{"rendered":"Schimpfen als Wirkung"},"content":{"rendered":"<span id=\"Liebe_Leserinnen\"><h3><strong>Liebe Leser*innen,<\/strong><\/h3><\/span>\n<p>unsere Sonderausstellung<span style=\"color: #339966\"><em><strong> Die Kraft der Sprache &#8211; Spotten, Schm\u00e4hen, Schelten\u00a0<\/strong><\/em><\/span>hat Sie auf diese Website gef\u00fchrt, auf der Sie sich mit den Themen der Ausstellung vertiefend auseinandersetzen k\u00f6nnen.\u00a0<\/p>\n<p style=\"text-align: left\">Dieses Kapitel <span style=\"color: #339966\"><em>Schimpfen als Wirkung<\/em><\/span> soll Ihnen aufzeigen, weshalb gewisse Formulierungen als diskriminierend gegen\u00fcber manchen Personengruppen eingestuft werden k\u00f6nnen. Sprache kann damit eine Hierarchie zwischen Sender*in und Empf\u00e4nger*in initiieren. Ausgew\u00e4hlte Beispiele sollen deshalb dazu anregen, die eigene Kommunikationsweise kritisch zu hinterfragen.<img loading=\"lazy\" class=\"wp-image-501 alignright\" src=\"https:\/\/blogs.urz.uni-halle.de\/schimpfworte\/files\/2022\/08\/mit-Laptop-280x300.png\" alt=\"\" width=\"164\" height=\"176\" srcset=\"https:\/\/blogs.urz.uni-halle.de\/schimpfworte\/files\/2022\/08\/mit-Laptop-280x300.png 280w, https:\/\/blogs.urz.uni-halle.de\/schimpfworte\/files\/2022\/08\/mit-Laptop.png 551w\" sizes=\"(max-width: 164px) 100vw, 164px\" \/><\/p>\n<p>Des Weiteren werden Grundlagen der Kommunikationstheorie vor dem Hintergrund der Wirkung von Sprache, besonders von verletzenden Worten, in den Blick genommen. Es soll au\u00dferdem demonstriert werden, wie achtsames Kommunizieren funktionieren kann und wie Sprachteilnehmer*innen wertsch\u00e4tzend aufeinander eingehen k\u00f6nnen.<\/p>\n<p>Zuletzt k\u00f6nnen Sie Ihr im Kapitel angelesenes Wissen im Rahmen eines Quizzes testen!<\/p>\n<p>Viel Freude! \ud83d\ude42<\/p>\n<p>\u00a0<\/p>\n<p style=\"text-align: right\"><span style=\"color: #808080\">Tori Wagner, 2022<\/span><\/p>\n\n\n<hr class=\"wp-block-separator is-style-dots\" \/>\n","protected":false},"excerpt":{"rendered":"<p>Liebe Leser*innen, unsere Sonderausstellung Die Kraft der Sprache &#8211; Spotten, Schm\u00e4hen, Schelten\u00a0hat Sie auf diese Website gef\u00fchrt, auf der Sie sich mit den Themen der Ausstellung vertiefend auseinandersetzen k\u00f6nnen.\u00a0 Dieses Kapitel Schimpfen als Wirkung soll Ihnen aufzeigen, weshalb gewisse Formulierungen als diskriminierend gegen\u00fcber manchen Personengruppen eingestuft werden k\u00f6nnen. Sprache kann damit eine Hierarchie zwischen Sender*in [&hellip;]<\/p>\n","protected":false},"author":5495,"featured_media":0,"parent":26,"menu_order":2,"comment_status":"closed","ping_status":"closed","template":"","meta":[],"_links":{"self":[{"href":"https:\/\/blogs.urz.uni-halle.de\/schimpfworte\/wp-json\/wp\/v2\/pages\/42"}],"collection":[{"href":"https:\/\/blogs.urz.uni-halle.de\/schimpfworte\/wp-json\/wp\/v2\/pages"}],"about":[{"href":"https:\/\/blogs.urz.uni-halle.de\/schimpfworte\/wp-json\/wp\/v2\/types\/page"}],"author":[{"embeddable":true,"href":"https:\/\/blogs.urz.uni-halle.de\/schimpfworte\/wp-json\/wp\/v2\/users\/5495"}],"replies":[{"embeddable":true,"href":"https:\/\/blogs.urz.uni-halle.de\/schimpfworte\/wp-json\/wp\/v2\/comments?post=42"}],"version-history":[{"count":8,"href":"https:\/\/blogs.urz.uni-halle.de\/schimpfworte\/wp-json\/wp\/v2\/pages\/42\/revisions"}],"predecessor-version":[{"id":650,"href":"https:\/\/blogs.urz.uni-halle.de\/schimpfworte\/wp-json\/wp\/v2\/pages\/42\/revisions\/650"}],"up":[{"embeddable":true,"href":"https:\/\/blogs.urz.uni-halle.de\/schimpfworte\/wp-json\/wp\/v2\/pages\/26"}],"wp:attachment":[{"href":"https:\/\/blogs.urz.uni-halle.de\/schimpfworte\/wp-json\/wp\/v2\/media?parent=42"}],"curies":[{"name":"wp","href":"https:\/\/api.w.org\/{rel}","templated":true}]}}