{"id":6,"date":"2026-03-18T16:51:50","date_gmt":"2026-03-18T15:51:50","guid":{"rendered":"https:\/\/blogs.urz.uni-halle.de\/schreibwerkstattgermanistik\/?page_id=6"},"modified":"2026-04-08T10:44:08","modified_gmt":"2026-04-08T08:44:08","slug":"ueber-uns","status":"publish","type":"page","link":"https:\/\/blogs.urz.uni-halle.de\/schreibwerkstattgermanistik\/ueber-uns\/","title":{"rendered":"\u00dcber uns"},"content":{"rendered":"\n<div class=\"wp-block-media-text alignwide has-media-on-the-right is-stacked-on-mobile\" style=\"grid-template-columns:auto 26%\"><figure class=\"wp-block-media-text__media\"><img loading=\"lazy\" width=\"640\" height=\"640\" src=\"https:\/\/blogs.urz.uni-halle.de\/schreibwerkstattgermanistik\/files\/2026\/03\/Icon_User-3.png\" alt=\"\" class=\"wp-image-49\" srcset=\"https:\/\/blogs.urz.uni-halle.de\/schreibwerkstattgermanistik\/files\/2026\/03\/Icon_User-3.png 640w, https:\/\/blogs.urz.uni-halle.de\/schreibwerkstattgermanistik\/files\/2026\/03\/Icon_User-3-300x300.png 300w, https:\/\/blogs.urz.uni-halle.de\/schreibwerkstattgermanistik\/files\/2026\/03\/Icon_User-3-150x150.png 150w\" sizes=\"(max-width: 640px) 100vw, 640px\" \/><\/figure><div class=\"wp-block-media-text__content\">\n<p class=\"has-large-font-size\">Eva Lotta <\/p>\n\n\n\n<p>Hallihallo, ich bin Eva Lotta. Ich habe 2025 meinen Bachelor in Philosophie und Deutsche Sprache und Literatur gemacht, jetzt studiere ich die gleichen F\u00e4cher im Master weiter. Ich lese gerne alles, was alt und ein bisschen staubig ist. Ansonsten interessiere ich mich f\u00fcr die Schnittstelle von Philosophie und Literatur, also f\u00fcr \u00e4sthetische und literaturtheoretische Fragestellungen. Ist Fiktion wahr, und wenn ja, wie? Kann Literatur gut oder b\u00f6se sein? Zu welchen Zwecken erz\u00e4hlen wir \u00fcberhaupt Geschichten?<\/p>\n\n\n\n<p><br>Meine \u201aSchwerpunkte\u2018 sind Altgermanistik, Literaturtheorie, Gedichtanalyse und Dramenanalyse.<br><\/p>\n\n\n\n<p>Kontakt: eva.flohrs@student.uni-halle.de<\/p>\n<\/div><\/div>\n\n\n\n<div class=\"wp-block-media-text alignwide is-stacked-on-mobile\" style=\"grid-template-columns:32% auto\"><figure class=\"wp-block-media-text__media\"><img loading=\"lazy\" width=\"1024\" height=\"682\" src=\"https:\/\/blogs.urz.uni-halle.de\/schreibwerkstattgermanistik\/files\/2026\/04\/Celine_Bild-1024x682.jpeg\" alt=\"\" class=\"wp-image-199\" srcset=\"https:\/\/blogs.urz.uni-halle.de\/schreibwerkstattgermanistik\/files\/2026\/04\/Celine_Bild-1024x682.jpeg 1024w, https:\/\/blogs.urz.uni-halle.de\/schreibwerkstattgermanistik\/files\/2026\/04\/Celine_Bild-300x200.jpeg 300w, https:\/\/blogs.urz.uni-halle.de\/schreibwerkstattgermanistik\/files\/2026\/04\/Celine_Bild-768x512.jpeg 768w, https:\/\/blogs.urz.uni-halle.de\/schreibwerkstattgermanistik\/files\/2026\/04\/Celine_Bild-1536x1023.jpeg 1536w, https:\/\/blogs.urz.uni-halle.de\/schreibwerkstattgermanistik\/files\/2026\/04\/Celine_Bild.jpeg 1600w\" sizes=\"(max-width: 1024px) 100vw, 1024px\" \/><\/figure><div class=\"wp-block-media-text__content\">\n<p class=\"has-large-font-size\">Celine <\/p>\n\n\n\n<p>Hall\u00f6chen! \ud83d\ude42<br>Ich bin Celine, ich habe 2025 meinen Bachelor in Soziologie und Germanistik an der Uni Halle gemacht und irgendwie hat es mir diese F\u00e4cherkombination angetan, weswegen ich mich f\u00fcr einen Master in diesen beiden F\u00e4chern entschieden habe. Seit M\u00e4rz 2026 bin ich im Team der Schreibwerkstatt und freue mich darauf euch bei euren Hausarbeiten zu unterst\u00fctzen!<br>Neben meinem Studium liebe ich es, Selfpublishern in den Genres Romance und Fantasy auf ihrem Weg der Ver\u00f6ffentlichung als freiberufliche Lektorin zu unterst\u00fctzen. Was soll ich sagen? Ich liebe Literatur und w\u00fcnschte, dass ich mehr Zeit f\u00fcr mein eigenes Buchprojekt h\u00e4tte.<br>Wenn ich nicht gerade lese, gehe ich gerne wandern oder man findet mich bei einem Spieleabend mit meinen Liebsten.<\/p>\n\n\n\n<p>Meine &#8218;Schwerpunkte&#8216; sind v.a. Prosa, Literatursoziologie, New Adult, Dark Romance und Gender(-Darstellung) in der Literatur.<\/p>\n\n\n\n<p>Kontakt: <strong>celine.friedt@student.uni-halle.de<\/strong><\/p>\n<\/div><\/div>\n\n\n\n<div class=\"wp-block-media-text alignwide has-media-on-the-right is-stacked-on-mobile\" style=\"grid-template-columns:auto 22%\"><figure class=\"wp-block-media-text__media\"><img loading=\"lazy\" width=\"683\" height=\"1024\" src=\"https:\/\/blogs.urz.uni-halle.de\/schreibwerkstattgermanistik\/files\/2026\/04\/Annalena_Bild-683x1024.jpeg\" alt=\"\" class=\"wp-image-196\" srcset=\"https:\/\/blogs.urz.uni-halle.de\/schreibwerkstattgermanistik\/files\/2026\/04\/Annalena_Bild-683x1024.jpeg 683w, https:\/\/blogs.urz.uni-halle.de\/schreibwerkstattgermanistik\/files\/2026\/04\/Annalena_Bild-200x300.jpeg 200w, https:\/\/blogs.urz.uni-halle.de\/schreibwerkstattgermanistik\/files\/2026\/04\/Annalena_Bild-768x1152.jpeg 768w, https:\/\/blogs.urz.uni-halle.de\/schreibwerkstattgermanistik\/files\/2026\/04\/Annalena_Bild-1024x1536.jpeg 1024w, https:\/\/blogs.urz.uni-halle.de\/schreibwerkstattgermanistik\/files\/2026\/04\/Annalena_Bild.jpeg 1365w\" sizes=\"(max-width: 683px) 100vw, 683px\" \/><\/figure><div class=\"wp-block-media-text__content\">\n<p class=\"has-large-font-size\">Annalena <\/p>\n\n\n\n<p>Hey! Ich bin Annalena, seit 2021 in Halle &amp; seit 2026 Teil des Teams der Schreibwerkstatt. Nach meinem Bachelor in Germanistik und Philosophie mache ich nun mit Literaturwissenschaft im Master weiter! Besonders gerne besch\u00e4ftige ich mich mit Darstellungen von \u201aWeiblichkeit\u2018 oder Gender im Allgemeinen in Texten, aber auch in der visuellen Kultur, da ich ebenfalls sehr gerne fotografiere. Mein unangefochtenes Lieblingsbuch ist <em>Jane Eyre<\/em> von Charlotte Bront\u00eb, was mich \u00fcberhaupt zu der Entscheidung gef\u00fchrt hat, (u. a.) Literaturwissenschaften zu studieren.<\/p>\n\n\n\n<p>Meine &#8218;Schwerpunkte&#8216; sind v.a. Prosa, Mythenverarbeitung und Intertextualit\u00e4t, sowie Gender(-Darstellungen) in deutsch- und englischsprachiger Literatur.<\/p>\n\n\n\n<p>Kontakt: <strong>annalena.harter@student.uni-halle.de<\/strong><\/p>\n\n\n\n<p><\/p>\n<\/div><\/div>\n\n\n\n<div class=\"wp-block-media-text alignwide is-stacked-on-mobile\" style=\"grid-template-columns:20% auto\"><figure class=\"wp-block-media-text__media\"><img loading=\"lazy\" width=\"683\" height=\"1024\" src=\"https:\/\/blogs.urz.uni-halle.de\/schreibwerkstattgermanistik\/files\/2026\/04\/JP_Bild-683x1024.jpeg\" alt=\"\" class=\"wp-image-206\" srcset=\"https:\/\/blogs.urz.uni-halle.de\/schreibwerkstattgermanistik\/files\/2026\/04\/JP_Bild-683x1024.jpeg 683w, https:\/\/blogs.urz.uni-halle.de\/schreibwerkstattgermanistik\/files\/2026\/04\/JP_Bild-200x300.jpeg 200w, https:\/\/blogs.urz.uni-halle.de\/schreibwerkstattgermanistik\/files\/2026\/04\/JP_Bild-768x1152.jpeg 768w, https:\/\/blogs.urz.uni-halle.de\/schreibwerkstattgermanistik\/files\/2026\/04\/JP_Bild-1024x1536.jpeg 1024w, https:\/\/blogs.urz.uni-halle.de\/schreibwerkstattgermanistik\/files\/2026\/04\/JP_Bild.jpeg 1066w\" sizes=\"(max-width: 683px) 100vw, 683px\" \/><\/figure><div class=\"wp-block-media-text__content\">\n<p class=\"has-large-font-size\">Jean Pierre <\/p>\n\n\n\n<p>Hallo! Ich bin Jean Pierre, studiere Deutsch und Geschichte auf Lehramt und bin seit 2026 Teil des Teams der Schreibwerkstatt des Germanistischen Instituts. Meine wissenschaftlichen Interessen sind die Wechselwirkungen zwischen Literatur und Wissensgeschichte sowie die gesellschaftliche Wirkmacht von Sprache in Vergangenheit und Gegenwart. Au\u00dferhalb des Studiums bin ich gern in Theatern, Museen oder ganz einfach der Natur unterwegs.<\/p>\n\n\n\n<p>Meine ,Schwerpunkte&#8216; sind Lyrik, Dramatik, Literaturgeschichte (v.a. 17.-19. Jh.) und germanistische Sprachwissenschaft.<\/p>\n\n\n\n<p>Ich freue mich, euch kennenzulernen und bei euren Schreibprojekten zu unterst\u00fctzen!<\/p>\n\n\n\n<p>Kontakt: jean.lehmann@student.uni-halle.de<\/p>\n\n\n\n<p class=\"has-ast-global-color-5-color has-text-color\">.<\/p>\n<\/div><\/div>\n\n\n\n<div class=\"wp-block-media-text alignwide has-media-on-the-right is-stacked-on-mobile\" style=\"grid-template-columns:auto 25%\"><figure class=\"wp-block-media-text__media\"><img loading=\"lazy\" width=\"768\" height=\"1024\" src=\"https:\/\/blogs.urz.uni-halle.de\/schreibwerkstattgermanistik\/files\/2026\/04\/Helene_Bild-768x1024.jpeg\" alt=\"\" class=\"wp-image-192\" srcset=\"https:\/\/blogs.urz.uni-halle.de\/schreibwerkstattgermanistik\/files\/2026\/04\/Helene_Bild-768x1024.jpeg 768w, https:\/\/blogs.urz.uni-halle.de\/schreibwerkstattgermanistik\/files\/2026\/04\/Helene_Bild-225x300.jpeg 225w, https:\/\/blogs.urz.uni-halle.de\/schreibwerkstattgermanistik\/files\/2026\/04\/Helene_Bild-1152x1536.jpeg 1152w, https:\/\/blogs.urz.uni-halle.de\/schreibwerkstattgermanistik\/files\/2026\/04\/Helene_Bild.jpeg 1200w\" sizes=\"(max-width: 768px) 100vw, 768px\" \/><\/figure><div class=\"wp-block-media-text__content\">\n<p class=\"has-large-font-size\">Helene <\/p>\n\n\n\n<p>Moin!<br>Ich bin Helene und arbeite seit M\u00e4rz 2026 als Studentische Hilfskraft am Germanistischen Institut. Genauer gesagt bin ich im Team der Schreibwerkstatt!<\/p>\n\n\n\n<p>Neben meiner T\u00e4tigkeit in der Schreibwerkstatt studiere ich Lehramt f\u00fcr Gymnasien mit den F\u00e4chern Deutsch und Englisch.<br>Au\u00dferhalb der Uni gestalte ich meine Freizeit gerne abwechslungsreich: ich liebe es zu schwimmen, B\u00fccher zu kaufen und zu lesen (bin eher B\u00fccherdrache als B\u00fccherwurm), und bin ein absoluter Film- und Seriennerd.<br>Au\u00dferdem bin ich sehr theateraffin und liebe es, drau\u00dfen unterwegs zu sein \u2013 besonders, wenn ich meinen Hund im Schlepptau habe.<\/p>\n\n\n\n<p>Wenn ihr Fragen rund um die Schreibwerkstatt habt, kommt gerne auf mich zu oder schreibt mir eine Mail:<br><strong>lissy.scheidweiler@student.uni-halle.de<\/strong><\/p>\n\n\n\n<p>Hoffentlich sehen wir uns bald in der Adam-Kuckhoff-Stra\u00dfe.<\/p>\n\n\n\n<p>Helene<\/p>\n<\/div><\/div>\n","protected":false},"excerpt":{"rendered":"<p>Eva Lotta Hallihallo, ich bin Eva Lotta. Ich habe 2025 meinen Bachelor in Philosophie und Deutsche Sprache und Literatur gemacht, [&hellip;]<\/p>\n","protected":false},"author":5843,"featured_media":0,"parent":0,"menu_order":0,"comment_status":"closed","ping_status":"closed","template":"","meta":{"site-sidebar-layout":"default","site-content-layout":"","ast-site-content-layout":"","site-content-style":"default","site-sidebar-style":"default","ast-global-header-display":"","ast-banner-title-visibility":"","ast-main-header-display":"","ast-hfb-above-header-display":"","ast-hfb-below-header-display":"","ast-hfb-mobile-header-display":"","site-post-title":"","ast-breadcrumbs-content":"","ast-featured-img":"","footer-sml-layout":"","theme-transparent-header-meta":"","adv-header-id-meta":"","stick-header-meta":"","header-above-stick-meta":"","header-main-stick-meta":"","header-below-stick-meta":"","astra-migrate-meta-layouts":"default","ast-page-background-enabled":"default","ast-page-background-meta":{"desktop":{"background-color":"var(--ast-global-color-4)","background-image":"","background-repeat":"repeat","background-position":"center center","background-size":"auto","background-attachment":"scroll","background-type":"","background-media":"","overlay-type":"","overlay-color":"","overlay-opacity":"","overlay-gradient":""},"tablet":{"background-color":"","background-image":"","background-repeat":"repeat","background-position":"center center","background-size":"auto","background-attachment":"scroll","background-type":"","background-media":"","overlay-type":"","overlay-color":"","overlay-opacity":"","overlay-gradient":""},"mobile":{"background-color":"","background-image":"","background-repeat":"repeat","background-position":"center center","background-size":"auto","background-attachment":"scroll","background-type":"","background-media":"","overlay-type":"","overlay-color":"","overlay-opacity":"","overlay-gradient":""}},"ast-content-background-meta":{"desktop":{"background-color":"var(--ast-global-color-5)","background-image":"","background-repeat":"repeat","background-position":"center center","background-size":"auto","background-attachment":"scroll","background-type":"","background-media":"","overlay-type":"","overlay-color":"","overlay-opacity":"","overlay-gradient":""},"tablet":{"background-color":"var(--ast-global-color-5)","background-image":"","background-repeat":"repeat","background-position":"center center","background-size":"auto","background-attachment":"scroll","background-type":"","background-media":"","overlay-type":"","overlay-color":"","overlay-opacity":"","overlay-gradient":""},"mobile":{"background-color":"var(--ast-global-color-5)","background-image":"","background-repeat":"repeat","background-position":"center center","background-size":"auto","background-attachment":"scroll","background-type":"","background-media":"","overlay-type":"","overlay-color":"","overlay-opacity":"","overlay-gradient":""}}},"_links":{"self":[{"href":"https:\/\/blogs.urz.uni-halle.de\/schreibwerkstattgermanistik\/wp-json\/wp\/v2\/pages\/6"}],"collection":[{"href":"https:\/\/blogs.urz.uni-halle.de\/schreibwerkstattgermanistik\/wp-json\/wp\/v2\/pages"}],"about":[{"href":"https:\/\/blogs.urz.uni-halle.de\/schreibwerkstattgermanistik\/wp-json\/wp\/v2\/types\/page"}],"author":[{"embeddable":true,"href":"https:\/\/blogs.urz.uni-halle.de\/schreibwerkstattgermanistik\/wp-json\/wp\/v2\/users\/5843"}],"replies":[{"embeddable":true,"href":"https:\/\/blogs.urz.uni-halle.de\/schreibwerkstattgermanistik\/wp-json\/wp\/v2\/comments?post=6"}],"version-history":[{"count":10,"href":"https:\/\/blogs.urz.uni-halle.de\/schreibwerkstattgermanistik\/wp-json\/wp\/v2\/pages\/6\/revisions"}],"predecessor-version":[{"id":210,"href":"https:\/\/blogs.urz.uni-halle.de\/schreibwerkstattgermanistik\/wp-json\/wp\/v2\/pages\/6\/revisions\/210"}],"wp:attachment":[{"href":"https:\/\/blogs.urz.uni-halle.de\/schreibwerkstattgermanistik\/wp-json\/wp\/v2\/media?parent=6"}],"curies":[{"name":"wp","href":"https:\/\/api.w.org\/{rel}","templated":true}]}}