{"id":21,"date":"2026-03-11T21:32:39","date_gmt":"2026-03-11T20:32:39","guid":{"rendered":"https:\/\/blogs.urz.uni-halle.de\/schuetzsusanne\/?page_id=21"},"modified":"2026-03-11T21:36:54","modified_gmt":"2026-03-11T20:36:54","slug":"kontakt","status":"publish","type":"page","link":"https:\/\/blogs.urz.uni-halle.de\/schuetzsusanne\/kontakt\/","title":{"rendered":"Kontakt"},"content":{"rendered":"\n<p><strong>Susanne Sch\u00fctz<br><\/strong>Martin-Luther-Universit\u00e4t Halle-Wittenberg<br>Institut f\u00fcr Romanistik<br>Ludwig-Wucherer-Str. 2<br>06108 Halle (Saale)<br><br>Telefon: 0345-55-23535<br>Mail: <a href=\"mailto:susanne.schuetz@romanistik.uni-halle.de\">susanne.schuetz@romanistik.uni-halle.de<\/a><br>romanistik.uni-halle.de: <br><a href=\"https:\/\/www.romanistik.uni-halle.de\/studienbereiche\/professurhaase\/susanneschuetz\/\">https:\/\/www.romanistik.uni-halle.de\/studienbereiche\/professurhaase\/susanneschuetz\/<\/a><\/p>\n","protected":false},"excerpt":{"rendered":"<p>Susanne Sch\u00fctzMartin-Luther-Universit\u00e4t Halle-WittenbergInstitut f\u00fcr RomanistikLudwig-Wucherer-Str. 206108 Halle (Saale) Telefon: 0345-55-23535Mail: susanne.schuetz@romanistik.uni-halle.deromanistik.uni-halle.de: https:\/\/www.romanistik.uni-halle.de\/studienbereiche\/professurhaase\/susanneschuetz\/<\/p>\n","protected":false},"author":5940,"featured_media":0,"parent":0,"menu_order":0,"comment_status":"closed","ping_status":"closed","template":"","meta":[],"_links":{"self":[{"href":"https:\/\/blogs.urz.uni-halle.de\/schuetzsusanne\/wp-json\/wp\/v2\/pages\/21"}],"collection":[{"href":"https:\/\/blogs.urz.uni-halle.de\/schuetzsusanne\/wp-json\/wp\/v2\/pages"}],"about":[{"href":"https:\/\/blogs.urz.uni-halle.de\/schuetzsusanne\/wp-json\/wp\/v2\/types\/page"}],"author":[{"embeddable":true,"href":"https:\/\/blogs.urz.uni-halle.de\/schuetzsusanne\/wp-json\/wp\/v2\/users\/5940"}],"replies":[{"embeddable":true,"href":"https:\/\/blogs.urz.uni-halle.de\/schuetzsusanne\/wp-json\/wp\/v2\/comments?post=21"}],"version-history":[{"count":4,"href":"https:\/\/blogs.urz.uni-halle.de\/schuetzsusanne\/wp-json\/wp\/v2\/pages\/21\/revisions"}],"predecessor-version":[{"id":99,"href":"https:\/\/blogs.urz.uni-halle.de\/schuetzsusanne\/wp-json\/wp\/v2\/pages\/21\/revisions\/99"}],"wp:attachment":[{"href":"https:\/\/blogs.urz.uni-halle.de\/schuetzsusanne\/wp-json\/wp\/v2\/media?parent=21"}],"curies":[{"name":"wp","href":"https:\/\/api.w.org\/{rel}","templated":true}]}}