{"id":28,"date":"2026-03-11T21:32:39","date_gmt":"2026-03-11T20:32:39","guid":{"rendered":"https:\/\/blogs.urz.uni-halle.de\/schuetzsusanne\/?page_id=28"},"modified":"2026-03-25T18:15:47","modified_gmt":"2026-03-25T17:15:47","slug":"veranstaltungen","status":"publish","type":"page","link":"https:\/\/blogs.urz.uni-halle.de\/schuetzsusanne\/veranstaltungen\/","title":{"rendered":"Veranstaltungen"},"content":{"rendered":"\n<h5><strong>Corpo\/Carto\/graf\u00edas alternativas en est\u00e9ticas iberoamericanas contempor\u00e1neas<\/strong><br><strong>I<strong>bero-Amerika-Studientag am 24.11.2025<\/strong><\/strong><\/h5>\n\n\n\n<p><\/p>\n\n\n\n<p>Der Studientag am 24.11.2025 (12-20 Uhr, Anhalter Zimmer und ab 18 Uhr Werkraum des Neuen Theaters) widmet sich literarischen und anderen k\u00fcnstlerischen Ausdrucksformen, die vom K\u00f6rper ausgehen und in Aushandlungsprozesse mit der zeitgen\u00f6ssischen Kultur eintreten und dabei alternative Formen von K\u00f6rperlichkeit sowie (Welt-)Beziehungen jenseits des Gewohnten sichtbar machen. Poesie, Tanz, Kunst, Performance, feministische Kollektive und Fernsehserien werden als Medien erkundet, in denen aktuelle gesellschaftliche, politische und \u00f6kologische Realit\u00e4ten der ibero\/amerikanischen Welten adressiert und auf alternative M\u00f6glichkeiten und Auswege hin befragt werden. Die Arbeiten zum Themenkreis werden in unterschiedlichen, wissenschaftlichen und kreativen Formaten pr\u00e4sentiert und diskutiert. Das Programm finden Sie in der pdf-Datei.<\/p>\n\n\n\n<p><a href=\"https:\/\/www.romanistik.uni-halle.de\/archiv_2024\/archiv_2025\/\">https:\/\/www.romanistik.uni-halle.de\/archiv_2024\/archiv_2025\/<\/a><\/p>\n\n\n\n<h5><strong>Cartograf\u00edas m\u00f3viles<br>Workshop mit Jorge Balde\u00f3n am 21. und 22.11.2025<\/strong><\/h5>\n\n\n\n<p>Im Workshop am 21.\/22.11.2025 mit dem peruanischen K\u00fcnstler und Theatermacher Jorge Balde\u00f3n werden R\u00e4ume geschaffen, um individuelle und kollektive Erinnerung, Vorstellungskraft und gemeinsames Erleben zu erkunden und mittels der Methode der \u201aCollage\u2018 k\u00fcnstlerische Produktionsprozesse auszuprobieren.<br>Wer basisdemokratische Kunstp\u00e4dagogik aus Lateinamerika kennenlernen, gemeinsam Ideen zum Thema Erinnerung entwickeln, Anregungen f\u00fcr spielerische Praktiken im Fremdsprachenunterricht bekommen und in einem ungezwungenen &nbsp;Setting Spanisch sprechen m\u00f6chte, ist herzlich zur eingeladen.<br>Freitag, 21.11.2025, 16-20 Uhr \/ Samstag, 22.11.2025, 10-16 Uhr<br>Steintor-Campus, Raum 22, Einschreibungen \u00fcber Stud-IP oder per E-Mail an <a href=\"mailto:susanne.schuetz@romanistik.uni-halle.de\">Susanne Sch\u00fctz<\/a>.<br><a href=\"https:\/\/wcms.itz.uni-halle.de\/download.php?down=71629&amp;elem=3649481\">Afiche-Baldeon-Cartografias2.pdf<\/a> (305,4 KB) &nbsp;vom 12.11.2025<\/p>\n\n\n\n<h5><strong>Yuyachkani, arte y memoria viva. Teatro politico del Per\u00f9<br>Gastvortrag von Jorge Balde\u00f3n am 27.10.2025<\/strong><\/h5>\n\n\n\n<p>Der interdisziplin\u00e4r arbeitende K\u00fcnstler und Kulturmanager Jorge Balde\u00f3n spricht am 27.10.2025 \u00fcber Yuyachkani, eine der \u00e4ltesten lateinamerikanischen Theatergruppen, die indigene und mestizische Perspektiven in ihre k\u00fcnstlerische Arbeit integriert haben. Der Vortrag findet im Rahmen des Seminars von Susanne Sch\u00fctz zu Cultura Popular in Lateinamerika statt (14-16 Uhr, SR 23). Alle Interessierten sind herzlich willkommen.<\/p>\n\n\n\n<p><\/p>\n\n\n\n<h5><strong>Lese-Flashmob am 23.4.2025<\/strong><br><a href=\"https:\/\/www.campus-halensis.de\/artikel\/romanistik_uniplatz\/\">https:\/\/www.campus-halensis.de\/artikel\/romanistik_uniplatz\/<\/a><\/h5>\n\n\n\n<h5><strong>Literatur \u00fcbersetzen &#8211; von Zunft und Zukunft<br>Gastvortrag von Maria Meinel am 19.5.2025<\/strong><\/h5>\n\n\n\n<p>Die \u00dcbersetzerin und Autorin <a rel=\"noreferrer noopener\" href=\"https:\/\/www.maria-meinel.de\" target=\"_blank\">Maria Meinel&nbsp;<\/a>spricht am 19.5., 10-12 Uhr (HS G des Melanchthonianums) \u00fcber Ihre Arbeit als \u00dcbersetzerin, auch in Hinblick auf aktuelle Entwicklungen wie die Konkurrenz durch KI.<\/p>\n\n\n\n<h5><strong>Surrealismus in Lateinamerika<br>Ausstellungser\u00f6ffnung und Vortrag am 13.5.2025<\/strong><\/h5>\n\n\n\n<p>Eine Ausstellung im Institut f\u00fcr Romanistik widmet sich der Ausbreitung und den Auspr\u00e4gungen des Surrealismus in Lateinamerika. Wir laden ein zur Vernissage am 13.5. um 17 Uhr. Mit einer Einf\u00fchrung von Prof. Dr. Susanne Klengel (FU Berlin) und Susanne Sch\u00fctz.<br>Eine Vertiefung des Themas bietet Prof. Klengel mit einem Vortrag im Literaturhaus Halle am Abend desselben Tages um 19 Uhr. Der Eintritt ist frei.<\/p>\n\n\n\n<h5><strong>Mexikanische Kurzfilme am 3.12.2018<\/strong><\/h5>\n\n\n\n<p><a href=\"https:\/\/www.romanistik.uni-halle.de\/im\/1543310132_2370_00_800.jpg\"><\/a>Am 3.12.2018 um 18 Uhr gibt es f\u00fcr alle Interessierten die M\u00f6glichkeit, mexikanische Kurzfilme der letzten zehn Jahre zu sehen. Mit einer Einf\u00fchrung von Peter Gr\u00fcttner und Susanne Sch\u00fctz, im SR 19 auf dem Steintor-Campus.<\/p>\n","protected":false},"excerpt":{"rendered":"<p>Corpo\/Carto\/graf\u00edas alternativas en est\u00e9ticas iberoamericanas contempor\u00e1neasIbero-Amerika-Studientag am 24.11.2025 Der Studientag am 24.11.2025 (12-20 Uhr, Anhalter Zimmer und ab 18 Uhr Werkraum des Neuen Theaters) widmet sich literarischen und anderen k\u00fcnstlerischen Ausdrucksformen, die vom K\u00f6rper ausgehen und in Aushandlungsprozesse mit der <a class=\"more-link\" href=\"https:\/\/blogs.urz.uni-halle.de\/schuetzsusanne\/veranstaltungen\/\">weiterlesen  <span class=\"screen-reader-text\">  Veranstaltungen<\/span><span class=\"meta-nav\">&rarr;<\/span><\/a><\/p>\n","protected":false},"author":5940,"featured_media":0,"parent":0,"menu_order":0,"comment_status":"closed","ping_status":"closed","template":"","meta":[],"_links":{"self":[{"href":"https:\/\/blogs.urz.uni-halle.de\/schuetzsusanne\/wp-json\/wp\/v2\/pages\/28"}],"collection":[{"href":"https:\/\/blogs.urz.uni-halle.de\/schuetzsusanne\/wp-json\/wp\/v2\/pages"}],"about":[{"href":"https:\/\/blogs.urz.uni-halle.de\/schuetzsusanne\/wp-json\/wp\/v2\/types\/page"}],"author":[{"embeddable":true,"href":"https:\/\/blogs.urz.uni-halle.de\/schuetzsusanne\/wp-json\/wp\/v2\/users\/5940"}],"replies":[{"embeddable":true,"href":"https:\/\/blogs.urz.uni-halle.de\/schuetzsusanne\/wp-json\/wp\/v2\/comments?post=28"}],"version-history":[{"count":5,"href":"https:\/\/blogs.urz.uni-halle.de\/schuetzsusanne\/wp-json\/wp\/v2\/pages\/28\/revisions"}],"predecessor-version":[{"id":196,"href":"https:\/\/blogs.urz.uni-halle.de\/schuetzsusanne\/wp-json\/wp\/v2\/pages\/28\/revisions\/196"}],"wp:attachment":[{"href":"https:\/\/blogs.urz.uni-halle.de\/schuetzsusanne\/wp-json\/wp\/v2\/media?parent=28"}],"curies":[{"name":"wp","href":"https:\/\/api.w.org\/{rel}","templated":true}]}}