{"id":25,"date":"2017-09-13T12:43:35","date_gmt":"2017-09-13T10:43:35","guid":{"rendered":"https:\/\/blogs.urz.uni-halle.de\/schwetschkensoehne\/?page_id=25"},"modified":"2017-09-13T15:53:49","modified_gmt":"2017-09-13T13:53:49","slug":"startseite","status":"publish","type":"page","link":"https:\/\/blogs.urz.uni-halle.de\/schwetschkensoehne\/","title":{"rendered":"Moin Leute!"},"content":{"rendered":"<p>Ein Musiker, ein K\u00fcnstler und ein Schreiberling.<\/p>\n<p>Drei unterdurchschnittliche Studenten suchten eine M\u00f6glichkeit, um ihrem kreativen Output eine Plattform zu bieten.<\/p>\n<p>Hier finden Sie selbstproduzierte Musik, Gem\u00e4lde und Fotografie, sowie verschiedene fiktionale und berichtende Texte zum studentischen Alltag in Halle, abseits der aufstrebenden Leistungsgesellschaft.<\/p>\n","protected":false},"excerpt":{"rendered":"<p>Ein Musiker, ein K\u00fcnstler und ein Schreiberling. Drei unterdurchschnittliche Studenten suchten eine M\u00f6glichkeit, um ihrem kreativen Output eine Plattform zu bieten. Hier finden Sie selbstproduzierte Musik, Gem\u00e4lde und Fotografie, sowie verschiedene fiktionale und berichtende Texte zum studentischen Alltag in Halle, &hellip; <a href=\"https:\/\/blogs.urz.uni-halle.de\/schwetschkensoehne\/\">Weiterlesen <span class=\"meta-nav\">&rarr;<\/span><\/a><\/p>\n","protected":false},"author":3074,"featured_media":0,"parent":0,"menu_order":0,"comment_status":"closed","ping_status":"closed","template":"","meta":[],"_links":{"self":[{"href":"https:\/\/blogs.urz.uni-halle.de\/schwetschkensoehne\/wp-json\/wp\/v2\/pages\/25"}],"collection":[{"href":"https:\/\/blogs.urz.uni-halle.de\/schwetschkensoehne\/wp-json\/wp\/v2\/pages"}],"about":[{"href":"https:\/\/blogs.urz.uni-halle.de\/schwetschkensoehne\/wp-json\/wp\/v2\/types\/page"}],"author":[{"embeddable":true,"href":"https:\/\/blogs.urz.uni-halle.de\/schwetschkensoehne\/wp-json\/wp\/v2\/users\/3074"}],"replies":[{"embeddable":true,"href":"https:\/\/blogs.urz.uni-halle.de\/schwetschkensoehne\/wp-json\/wp\/v2\/comments?post=25"}],"version-history":[{"count":4,"href":"https:\/\/blogs.urz.uni-halle.de\/schwetschkensoehne\/wp-json\/wp\/v2\/pages\/25\/revisions"}],"predecessor-version":[{"id":34,"href":"https:\/\/blogs.urz.uni-halle.de\/schwetschkensoehne\/wp-json\/wp\/v2\/pages\/25\/revisions\/34"}],"wp:attachment":[{"href":"https:\/\/blogs.urz.uni-halle.de\/schwetschkensoehne\/wp-json\/wp\/v2\/media?parent=25"}],"curies":[{"name":"wp","href":"https:\/\/api.w.org\/{rel}","templated":true}]}}