{"id":289,"date":"2023-07-16T13:38:56","date_gmt":"2023-07-16T11:38:56","guid":{"rendered":"https:\/\/blogs.urz.uni-halle.de\/sdg-interactivelearning\/?page_id=289"},"modified":"2024-09-03T18:14:04","modified_gmt":"2024-09-03T16:14:04","slug":"projekte","status":"publish","type":"page","link":"https:\/\/blogs.urz.uni-halle.de\/sdg-interactivelearning\/projekte\/","title":{"rendered":"Projekte\u00b7Proyectos"},"content":{"rendered":"\n<p>F\u00e4cher\u00fcbergreifende Projekte im Kontext einer Bildung f\u00fcr nachhaltige und globale Entwicklung in der Grundschule sind p\u00e4dagogische Ans\u00e4tze, die verschiedene F\u00e4cher integrieren, um ein umfassendes Verst\u00e4ndnis f\u00fcr nachhaltige Zusammenh\u00e4nge zu vermitteln. <\/p>\n\n\n\n<p>Los proyectos interdisciplinarios en el contexto de una educaci\u00f3n para el desarrollo sostenible y global en la escuela primaria son enfoques pedag\u00f3gicos que integran diversas materias para proporcionar una comprensi\u00f3n integral de las interdependencias sostenibles.<\/p>\n\n\n\n<p>Solche Projekte f\u00f6rdern nicht nur ein vernetzendes Denken, sondern auch die Sensibilisierung f\u00fcr Umwelt- und Sozialthemen sowie die Entwicklung von reflektierter Handlungskompetenzen. <\/p>\n\n\n\n<p>Tales proyectos no solo fomentan un pensamiento interconectado, sino tambi\u00e9n la sensibilizaci\u00f3n sobre temas ambientales y sociales, as\u00ed como el desarrollo de competencias de acci\u00f3n reflexiva.<\/p>\n","protected":false},"excerpt":{"rendered":"<p>F\u00e4cher\u00fcbergreifende Projekte im Kontext einer Bildung f\u00fcr nachhaltige und globale Entwicklung in der Grundschule sind p\u00e4dagogische Ans\u00e4tze, die verschiedene F\u00e4cher integrieren, um ein umfassendes Verst\u00e4ndnis f\u00fcr nachhaltige Zusammenh\u00e4nge zu vermitteln. Los proyectos interdisciplinarios en el contexto de una educaci\u00f3n para el desarrollo sostenible y global en la escuela primaria son enfoques pedag\u00f3gicos que integran diversas [&hellip;]<\/p>\n","protected":false},"author":4435,"featured_media":0,"parent":0,"menu_order":0,"comment_status":"closed","ping_status":"closed","template":"","meta":[],"_links":{"self":[{"href":"https:\/\/blogs.urz.uni-halle.de\/sdg-interactivelearning\/wp-json\/wp\/v2\/pages\/289"}],"collection":[{"href":"https:\/\/blogs.urz.uni-halle.de\/sdg-interactivelearning\/wp-json\/wp\/v2\/pages"}],"about":[{"href":"https:\/\/blogs.urz.uni-halle.de\/sdg-interactivelearning\/wp-json\/wp\/v2\/types\/page"}],"author":[{"embeddable":true,"href":"https:\/\/blogs.urz.uni-halle.de\/sdg-interactivelearning\/wp-json\/wp\/v2\/users\/4435"}],"replies":[{"embeddable":true,"href":"https:\/\/blogs.urz.uni-halle.de\/sdg-interactivelearning\/wp-json\/wp\/v2\/comments?post=289"}],"version-history":[{"count":9,"href":"https:\/\/blogs.urz.uni-halle.de\/sdg-interactivelearning\/wp-json\/wp\/v2\/pages\/289\/revisions"}],"predecessor-version":[{"id":706,"href":"https:\/\/blogs.urz.uni-halle.de\/sdg-interactivelearning\/wp-json\/wp\/v2\/pages\/289\/revisions\/706"}],"wp:attachment":[{"href":"https:\/\/blogs.urz.uni-halle.de\/sdg-interactivelearning\/wp-json\/wp\/v2\/media?parent=289"}],"curies":[{"name":"wp","href":"https:\/\/api.w.org\/{rel}","templated":true}]}}