{"id":376,"date":"2023-10-10T14:24:58","date_gmt":"2023-10-10T12:24:58","guid":{"rendered":"https:\/\/blogs.urz.uni-halle.de\/sdg-interactivelearning\/?page_id=376"},"modified":"2024-07-22T18:31:48","modified_gmt":"2024-07-22T16:31:48","slug":"download-padlets","status":"publish","type":"page","link":"https:\/\/blogs.urz.uni-halle.de\/sdg-interactivelearning\/download-padlets\/","title":{"rendered":"Download Padlets Descargar Padlets"},"content":{"rendered":"\n<p><\/p>\n\n\n\n<figure class=\"wp-block-table\"><table><tbody><tr><td><img src=\"https:\/\/blogs.urz.uni-halle.de\/sdg-interactivelearning\/files\/2023\/10\/Knabberwerkstatt.jpg\" alt=\"\"><\/td><td>Knabberwerkstatt<br><a href=\"https:\/\/padlet.com\/siglindespuller\/knabberwerkstatt-von-sina-marie-gehre-huyen-my-pham-sarah-st-m3rgs3zag8ktcmjv\">https:\/\/padlet.com\/siglindespuller\/knabberwerkstatt-von-sina-marie-gehre-huyen-my-pham-sarah-st-m3rgs3zag8ktcmjv<\/a><br><\/td><\/tr><tr><td><img src=\"https:\/\/blogs.urz.uni-halle.de\/sdg-interactivelearning\/files\/2023\/10\/Wetter-1.jpg\" alt=\"\"><\/td><td>Wetterwerkstatt<br><a href=\"https:\/\/padlet.com\/siglindespuller\/wetter-von-lea-heims-jakob-m-hlbauer-xpz2qe1xntp11jlh\">https:\/\/padlet.com\/siglindespuller\/wetter-von-lea-heims-jakob-m-hlbauer-xpz2qe1xntp11jlh<\/a><\/td><\/tr><tr><td><img src=\"https:\/\/blogs.urz.uni-halle.de\/sdg-interactivelearning\/files\/2023\/10\/Teich-1.jpg\" alt=\"\"><\/td><td>Am Teich<br><a href=\"https:\/\/padlet.com\/siglindespuller\/der-teich-von-louis-engelhardt-ewa-pietsch-emily-kleesch-tzk-uiijq48gdjfolamg\">https:\/\/padlet.com\/siglindespuller\/der-teich-von-louis-engelhardt-ewa-pietsch-emily-kleesch-tzk-uiijq48gdjfolamg<\/a><\/td><\/tr><tr><td><img loading=\"lazy\" width=\"64\" height=\"64\" src=\"https:\/\/blogs.urz.uni-halle.de\/sdg-interactivelearning\/files\/2023\/10\/Unter-Wasser-1.jpg\" alt=\"\"><\/td><td>Leben unter Wasser<br><a href=\"https:\/\/padlet.com\/siglindespuller\/leben-unter-wasser-lea-winzer-luisa-freibote-klara-helmrich-d6xznu1w0y7t8h9a\">https:\/\/padlet.com\/siglindespuller\/leben-unter-wasser-lea-winzer-luisa-freibote-klara-helmrich-d6xznu1w0y7t8h9a<\/a><\/td><\/tr><tr><td><img src=\"https:\/\/blogs.urz.uni-halle.de\/sdg-interactivelearning\/files\/2023\/10\/Wasserverschmutzung-1.jpg\" alt=\"\"><\/td><td>Wasserverschmutzung<br><a href=\"https:\/\/padlet.com\/siglindespuller\/wasserverschmutzung-von-juliane-rei-mann-lene-frommagen-tama-kaxh5btfjao57b1d\">https:\/\/padlet.com\/siglindespuller\/wasserverschmutzung-von-juliane-rei-mann-lene-frommagen-tama-kaxh5btfjao57b1d<\/a><\/td><\/tr><tr><td><img src=\"https:\/\/blogs.urz.uni-halle.de\/sdg-interactivelearning\/files\/2023\/10\/flowers-3571119_1280.jpg\" alt=\"Dieses Bild hat ein leeres Alt-Attribut. Der Dateiname ist flowers-3571119_1280.jpg\"><\/td><td>Die Wiese<br><a href=\"https:\/\/padlet.com\/siglindespuller\/wiese-von-lillyanna-felice-br-mme-ulrike-meling-anna-michael-231fgrjy8ln1l6h4\">https:\/\/padlet.com\/siglindespuller\/wiese-von-lillyanna-felice-br-mme-ulrike-meling-anna-michael-231fgrjy8ln1l6h4<\/a><\/td><\/tr><tr><td><img src=\"https:\/\/blogs.urz.uni-halle.de\/sdg-interactivelearning\/files\/2024\/03\/Bildschirmfoto_23-3-2024_173659_padlet.com_.jpg\" alt=\"Dieses Bild hat ein leeres Alt-Attribut. Der Dateiname ist Bildschirmfoto_23-3-2024_173659_padlet.com_.jpg\"><\/td><td>Die spannende Welt der Bienen<br><a href=\"https:\/\/padlet.com\/siglindespuller\/die-spannende-welt-der-bienen-von-rieke-beyer-luise-l-scher--6ogtb5d38asm9vg1\">https:\/\/padlet.com\/siglindespuller\/die-spannende-welt-der-bienen-von-rieke-beyer-luise-l-scher&#8211;6ogtb5d38asm9vg1<\/a><\/td><\/tr><tr><td><img src=\"https:\/\/blogs.urz.uni-halle.de\/sdg-interactivelearning\/files\/2024\/03\/Bildschirmfoto_23-3-2024_185818_pixabay.com_.jpg\" alt=\"Dieses Bild hat ein leeres Alt-Attribut. Der Dateiname ist Bildschirmfoto_23-3-2024_185818_pixabay.com_.jpg\"><\/td><td>Insekten Escape Room<br><a href=\"https:\/\/padlet.com\/siglindespuller\/insekten-escape-room-von-lara-sch-n-luise-kanig-cc-by-nc-4-0-uthjjyk18bxddj0\" data-type=\"URL\" data-id=\"https:\/\/padlet.com\/siglindespuller\/insekten-escape-room-von-lara-sch-n-luise-kanig-cc-by-nc-4-0-uthjjyk18bxddj0\">https:\/\/padlet.com\/siglindespuller\/insekten-escape-room-von-lara-sch-n-luise-kanig-cc-by-nc-4-0-uthjjyk18bxddj0<\/a><\/td><\/tr><tr><td><img src=\"https:\/\/blogs.urz.uni-halle.de\/sdg-interactivelearning\/files\/2024\/03\/rainforest-294275_1280-1.png\" alt=\"Dieses Bild hat ein leeres Alt-Attribut. Der Dateiname ist rainforest-294275_1280-1.png\"><\/td><td>Fingerspitzengef\u00fchl im Regenwald<br><a href=\"https:\/\/padlet.com\/siglindespuller\/fingerspitzengef-hl-im-regenwald-von-adina-ha-eyleen-kluth-c-m5mgrku8dkus5okn\">https:\/\/padlet.com\/siglindespuller\/fingerspitzengef-hl-im-regenwald-von-adina-ha-eyleen-kluth-c-m5mgrku8dkus5okn<\/a><\/td><\/tr><tr><td><img src=\"https:\/\/blogs.urz.uni-halle.de\/sdg-interactivelearning\/files\/2024\/03\/piglet-3386356_1280.jpg\" alt=\"Dieses Bild hat ein leeres Alt-Attribut. Der Dateiname ist piglet-3386356_1280.jpg\"><\/td><td>Der Bauernhof<br><a href=\"https:\/\/padlet.com\/siglindespuller\/der-bauernhof-von-karina-haufler-kim-luisa-lange-ccby-nc-4-0-kaokgi5wn1nndvb4\" data-type=\"URL\" data-id=\"https:\/\/padlet.com\/siglindespuller\/der-bauernhof-von-karina-haufler-kim-luisa-lange-ccby-nc-4-0-kaokgi5wn1nndvb4\">https:\/\/padlet.com\/siglindespuller\/der-bauernhof-von-karina-haufler-kim-luisa-lange-ccby-nc-4-0-kaokgi5wn1nndvb4<\/a><\/td><\/tr><tr><td><img src=\"https:\/\/blogs.urz.uni-halle.de\/sdg-interactivelearning\/files\/2024\/03\/garden-497170_1280.jpg\" alt=\"Dieses Bild hat ein leeres Alt-Attribut. Der Dateiname ist garden-497170_1280.jpg\"><\/td><td>Der geheimnisvolle Garten<br><a href=\"https:\/\/padlet.com\/siglindespuller\/geheimnisvoller-garten-von-luise-cziommer-ccby-nc-4-0-fou2url0zwncu3i3\" data-type=\"URL\" data-id=\"https:\/\/padlet.com\/siglindespuller\/geheimnisvoller-garten-von-luise-cziommer-ccby-nc-4-0-fou2url0zwncu3i3\">https:\/\/padlet.com\/siglindespuller\/geheimnisvoller-garten-von-luise-cziommer-ccby-nc-4-0-fou2url0zwncu3i3<\/a><\/td><\/tr><\/tbody><\/table><\/figure>\n\n\n\n<p><\/p>\n\n\n\n<h2>Download bilinguale Padlets &#8211;   Descargar Padlets Biling\u00fces<\/h2>\n\n\n\n<figure class=\"wp-block-table\"><table><tbody><tr><td><img src=\"https:\/\/blogs.urz.uni-halle.de\/sdg-interactivelearning\/files\/2024\/07\/windmill-4550711_1280.jpg\" alt=\"Dieses Bild hat ein leeres Alt-Attribut. Der Dateiname ist windmill-4550711_1280.jpg\"><\/td><td>Unsere Energie-Helden: Entdecke die Kraft der Natur! Nuestros h\u00e9roes energ\u00e9ticos: Descubre el poder de la naturaleza<br><a href=\"https:\/\/padlet.com\/siglindespuller\/grupo-gruppe-7-unsere-energie-helden-entdecke-die-kraft-der--twhjsvt8l7w8xlvf\" data-type=\"URL\" data-id=\"https:\/\/padlet.com\/siglindespuller\/grupo-gruppe-7-unsere-energie-helden-entdecke-die-kraft-der--twhjsvt8l7w8xlvf\">https:\/\/padlet.com\/siglindespuller\/grupo-gruppe-7-unsere-energie-helden-entdecke-die-kraft-der&#8211;twhjsvt8l7w8xlvf<\/a><\/td><\/tr><tr><td><img src=\"https:\/\/blogs.urz.uni-halle.de\/sdg-interactivelearning\/files\/2024\/07\/wave-1913559_1280.jpg\" alt=\"Dieses Bild hat ein leeres Alt-Attribut. Der Dateiname ist wave-1913559_1280.jpg\"><\/td><td>Wir werden im Ozean schwimmen\/nadaremos en el oc\u00e9ano<br><a href=\"https:\/\/padlet.com\/siglindespuller\/grupo-gruppe-5-wir-werden-im-ozean-schwimmen-nadaremos-en-el-m0wzoagdtqyvezu4\" data-type=\"URL\" data-id=\"https:\/\/padlet.com\/siglindespuller\/grupo-gruppe-5-wir-werden-im-ozean-schwimmen-nadaremos-en-el-m0wzoagdtqyvezu4\">https:\/\/padlet.com\/siglindespuller\/grupo-gruppe-5-wir-werden-im-ozean-schwimmen-nadaremos-en-el-m0wzoagdtqyvezu4<\/a><\/td><\/tr><tr><td><img src=\"https:\/\/blogs.urz.uni-halle.de\/sdg-interactivelearning\/files\/2024\/07\/unter-wasser.jpg\" alt=\"Dieses Bild hat ein leeres Alt-Attribut. Der Dateiname ist unter-wasser.jpg\"><\/td><td>Un viaje de descubrimiento a trav\u00e9s del oc\u00e9ano &#8211; Eine Entdeckungsreise durch den Ozean<br><a href=\"https:\/\/padlet.com\/siglindespuller\/grupo-gruppe-4-un-viaje-de-descubrimiento-a-trav-s-del-oc-an-kkfkrj5ia97cbg1o\" data-type=\"URL\" data-id=\"https:\/\/padlet.com\/siglindespuller\/grupo-gruppe-4-un-viaje-de-descubrimiento-a-trav-s-del-oc-an-kkfkrj5ia97cbg1o\">https:\/\/padlet.com\/siglindespuller\/grupo-gruppe-4-un-viaje-de-descubrimiento-a-trav-s-del-oc-an-kkfkrj5ia97cbg1o<\/a><\/td><\/tr><tr><td><img src=\"https:\/\/blogs.urz.uni-halle.de\/sdg-interactivelearning\/files\/2024\/07\/orangutan-2943873_1280.jpg\" alt=\"Dieses Bild hat ein leeres Alt-Attribut. Der Dateiname ist orangutan-2943873_1280.jpg\"><\/td><td>Fu\u00dfabdr\u00fccke im Regenwald: Entdecke Orang-Utans und ihren Lebensraum &#8211; Huellas en la selva: descubra a los orangutanes y s\u00fa h\u00e1bitat<br><a href=\"https:\/\/padlet.com\/siglindespuller\/huellas-en-la-selva-descubriendo-la-importancia-de-los-orang-srg7kwzuav1jn413\" data-type=\"URL\" data-id=\"https:\/\/padlet.com\/siglindespuller\/huellas-en-la-selva-descubriendo-la-importancia-de-los-orang-srg7kwzuav1jn413\">https:\/\/padlet.com\/siglindespuller\/huellas-en-la-selva-descubriendo-la-importancia-de-los-orang-srg7kwzuav1jn413<\/a><\/td><\/tr><tr><td><img src=\"https:\/\/blogs.urz.uni-halle.de\/sdg-interactivelearning\/files\/2024\/07\/hands-6135743_1280.jpg\" alt=\"Dieses Bild hat ein leeres Alt-Attribut. Der Dateiname ist hands-6135743_1280.jpg\"><\/td><td>Aventura en una Ciudad Verde &#8211; Abenteuer in einer gr\u00fcnen Stadt<br><a href=\"https:\/\/padlet.com\/siglindespuller\/grupo-gruppe-9-aventura-en-una-ciudad-verde-abenteuer-in-ein-wmeiv0135kybupa7\" data-type=\"URL\" data-id=\"https:\/\/padlet.com\/siglindespuller\/grupo-gruppe-9-aventura-en-una-ciudad-verde-abenteuer-in-ein-wmeiv0135kybupa7\">https:\/\/padlet.com\/siglindespuller\/grupo-gruppe-9-aventura-en-una-ciudad-verde-abenteuer-in-ein-wmeiv0135kybupa7<\/a><\/td><\/tr><tr><td><img src=\"https:\/\/blogs.urz.uni-halle.de\/sdg-interactivelearning\/files\/2024\/07\/flood-123220_1280.jpg\" alt=\"Dieses Bild hat ein leeres Alt-Attribut. Der Dateiname ist flood-123220_1280.jpg\"><\/td><td>El Viaje del Agua: De los R\u00edos a las Inundaciones &#8211; Die Reise des Wassers: Von Fl\u00fcssen zu \u00dcberschwemmungen<br><a href=\"https:\/\/padlet.com\/siglindespuller\/grupo-gruppe-6-el-viaje-del-agua-de-los-r-os-a-las-inundacio-xkdw64gxdrbfvuj6\" data-type=\"URL\" data-id=\"https:\/\/padlet.com\/siglindespuller\/grupo-gruppe-6-el-viaje-del-agua-de-los-r-os-a-las-inundacio-xkdw64gxdrbfvuj6\">https:\/\/padlet.com\/siglindespuller\/grupo-gruppe-6-el-viaje-del-agua-de-los-r-os-a-las-inundacio-xkdw64gxdrbfvuj6<\/a><\/td><\/tr><tr><td><img src=\"https:\/\/blogs.urz.uni-halle.de\/sdg-interactivelearning\/files\/2024\/07\/dive-1656619_1280.jpg\" alt=\"Dieses Bild hat ein leeres Alt-Attribut. Der Dateiname ist dive-1656619_1280.jpg\"><\/td><td>Die Unterwasserwelt entdecken &#8211; Explorando el mundo submarino<br><a href=\"https:\/\/padlet.com\/siglindespuller\/die-unterwasserwelt-entdecken-explorando-el-mundo-submarino--yqrdcirr34vc3vm2\" data-type=\"URL\" data-id=\"https:\/\/padlet.com\/siglindespuller\/die-unterwasserwelt-entdecken-explorando-el-mundo-submarino--yqrdcirr34vc3vm2\">https:\/\/padlet.com\/siglindespuller\/die-unterwasserwelt-entdecken-explorando-el-mundo-submarino&#8211;yqrdcirr34vc3vm2<\/a><\/td><\/tr><tr><td><img src=\"https:\/\/blogs.urz.uni-halle.de\/sdg-interactivelearning\/files\/2024\/07\/childrens-1256840_1280.jpg\" alt=\"Dieses Bild hat ein leeres Alt-Attribut. Der Dateiname ist childrens-1256840_1280.jpg\"><\/td><td>Gesundheitshelden: Entdecke deine st\u00e4rkste Version &#8211; H\u00e9roes de la Salud: descubre tu versi\u00f3n m\u00e1s fuerte<br><a href=\"https:\/\/padlet.com\/siglindespuller\/grupo-gruppe-3-gesundheitshelden-entdecke-deine-st-rkste-ver-xzuatiwt37ymsdhw\" data-type=\"URL\" data-id=\"https:\/\/padlet.com\/siglindespuller\/grupo-gruppe-3-gesundheitshelden-entdecke-deine-st-rkste-ver-xzuatiwt37ymsdhw\">https:\/\/padlet.com\/siglindespuller\/grupo-gruppe-3-gesundheitshelden-entdecke-deine-st-rkste-ver-xzuatiwt37ymsdhw<\/a><\/td><\/tr><tr><td><\/td><td><\/td><\/tr><tr><td><\/td><td><\/td><\/tr><\/tbody><\/table><\/figure>\n","protected":false},"excerpt":{"rendered":"<p>Knabberwerkstatthttps:\/\/padlet.com\/siglindespuller\/knabberwerkstatt-von-sina-marie-gehre-huyen-my-pham-sarah-st-m3rgs3zag8ktcmjv Wetterwerkstatthttps:\/\/padlet.com\/siglindespuller\/wetter-von-lea-heims-jakob-m-hlbauer-xpz2qe1xntp11jlh Am Teichhttps:\/\/padlet.com\/siglindespuller\/der-teich-von-louis-engelhardt-ewa-pietsch-emily-kleesch-tzk-uiijq48gdjfolamg Leben unter Wasserhttps:\/\/padlet.com\/siglindespuller\/leben-unter-wasser-lea-winzer-luisa-freibote-klara-helmrich-d6xznu1w0y7t8h9a Wasserverschmutzunghttps:\/\/padlet.com\/siglindespuller\/wasserverschmutzung-von-juliane-rei-mann-lene-frommagen-tama-kaxh5btfjao57b1d Die Wiesehttps:\/\/padlet.com\/siglindespuller\/wiese-von-lillyanna-felice-br-mme-ulrike-meling-anna-michael-231fgrjy8ln1l6h4 Die spannende Welt der Bienenhttps:\/\/padlet.com\/siglindespuller\/die-spannende-welt-der-bienen-von-rieke-beyer-luise-l-scher&#8211;6ogtb5d38asm9vg1 Insekten Escape Roomhttps:\/\/padlet.com\/siglindespuller\/insekten-escape-room-von-lara-sch-n-luise-kanig-cc-by-nc-4-0-uthjjyk18bxddj0 Fingerspitzengef\u00fchl im Regenwaldhttps:\/\/padlet.com\/siglindespuller\/fingerspitzengef-hl-im-regenwald-von-adina-ha-eyleen-kluth-c-m5mgrku8dkus5okn Der Bauernhofhttps:\/\/padlet.com\/siglindespuller\/der-bauernhof-von-karina-haufler-kim-luisa-lange-ccby-nc-4-0-kaokgi5wn1nndvb4 Der geheimnisvolle Gartenhttps:\/\/padlet.com\/siglindespuller\/geheimnisvoller-garten-von-luise-cziommer-ccby-nc-4-0-fou2url0zwncu3i3 Download bilinguale Padlets &#8211; Descargar Padlets Biling\u00fces Unsere Energie-Helden: Entdecke die Kraft der Natur! Nuestros h\u00e9roes energ\u00e9ticos: Descubre el poder de la naturalezahttps:\/\/padlet.com\/siglindespuller\/grupo-gruppe-7-unsere-energie-helden-entdecke-die-kraft-der&#8211;twhjsvt8l7w8xlvf Wir werden im Ozean schwimmen\/nadaremos en [&hellip;]<\/p>\n","protected":false},"author":4435,"featured_media":0,"parent":0,"menu_order":0,"comment_status":"closed","ping_status":"closed","template":"","meta":[],"_links":{"self":[{"href":"https:\/\/blogs.urz.uni-halle.de\/sdg-interactivelearning\/wp-json\/wp\/v2\/pages\/376"}],"collection":[{"href":"https:\/\/blogs.urz.uni-halle.de\/sdg-interactivelearning\/wp-json\/wp\/v2\/pages"}],"about":[{"href":"https:\/\/blogs.urz.uni-halle.de\/sdg-interactivelearning\/wp-json\/wp\/v2\/types\/page"}],"author":[{"embeddable":true,"href":"https:\/\/blogs.urz.uni-halle.de\/sdg-interactivelearning\/wp-json\/wp\/v2\/users\/4435"}],"replies":[{"embeddable":true,"href":"https:\/\/blogs.urz.uni-halle.de\/sdg-interactivelearning\/wp-json\/wp\/v2\/comments?post=376"}],"version-history":[{"count":10,"href":"https:\/\/blogs.urz.uni-halle.de\/sdg-interactivelearning\/wp-json\/wp\/v2\/pages\/376\/revisions"}],"predecessor-version":[{"id":698,"href":"https:\/\/blogs.urz.uni-halle.de\/sdg-interactivelearning\/wp-json\/wp\/v2\/pages\/376\/revisions\/698"}],"wp:attachment":[{"href":"https:\/\/blogs.urz.uni-halle.de\/sdg-interactivelearning\/wp-json\/wp\/v2\/media?parent=376"}],"curies":[{"name":"wp","href":"https:\/\/api.w.org\/{rel}","templated":true}]}}