{"id":6,"date":"2021-12-30T20:42:04","date_gmt":"2021-12-30T19:42:04","guid":{"rendered":"https:\/\/blogs.urz.uni-halle.de\/interactivelearing\/?page_id=6"},"modified":"2024-09-03T18:13:37","modified_gmt":"2024-09-03T16:13:37","slug":"feste","status":"publish","type":"page","link":"https:\/\/blogs.urz.uni-halle.de\/sdg-interactivelearning\/feste\/","title":{"rendered":"Themenfeste\u00b7Fiestas tem\u00e1ticas"},"content":{"rendered":"\n<h3>Zu jedem Thema ein passendes Fest &#8211; Para cada tema, una fiesta adecuada<\/h3>\n\n\n\n<p id=\"block-69565ba0-f62f-42e6-a12e-95dffa4d6d99\"><strong>Wo Familien Bildung interaktiv erleben<\/strong> <strong>&#8211; Donde las familias viven la educaci\u00f3n de manera interactiva<\/strong><\/p>\n\n\n\n<p id=\"block-541ef5f4-0d04-4a28-9568-da8e65a0688e\">Der wichtigste Gast f\u00fcr ein Kind ist seine eigene Familie. Zu dieser geh\u00f6ren neben den Eltern und Geschwistern nat\u00fcrlich auch die Gro\u00dfeltern. Durch interaktive Elemente werden diese in das Festgeschehen einbezogen und so f\u00fcr nachhaltige Themen sensibilisiert. Die Familienmitglieder d\u00fcrfen deshalb nicht nur zuschauen, sondern auch mitmachen \u2013 ein unvergessliches Erlebnis f\u00fcr die gesamte Familie!<\/p>\n\n\n\n<p>El invitado m\u00e1s importante para un ni\u00f1o es su propia familia. Esta incluye, adem\u00e1s de los padres y hermanos, por supuesto tambi\u00e9n a los abuelos. A trav\u00e9s de elementos interactivos, se integran en el desarrollo del evento y se sensibilizan sobre temas sostenibles. Los miembros de la familia no solo pueden observar, sino tambi\u00e9n participar, \u00a1una experiencia inolvidable para toda la familia!<\/p>\n\n\n\n<p id=\"block-e1c00f2f-008a-4724-b665-eb26dff08bab\"><strong>Wo Lernen ernsthaft Spa\u00df macht<\/strong> <strong>&#8211; Donde aprender es seriamente divertido<\/strong><\/p>\n\n\n\n<p id=\"block-ac3f90be-826a-4ea2-9543-cfd098af9e97\">Wichtige Voraussetzungen f\u00fcr freudvolles Lernen sind motivierende Themenstellungen unter Einbeziehung der Kinder. Besonders interdisziplin\u00e4re Projekte bieten daf\u00fcr ideale Rahmenbedingungen. Hier k\u00f6nnen Kinder eigene Fragen zu komplexen Themen einbringen und im Kontext der Gruppe nach L\u00f6sungen suchen. Das erm\u00f6glicht kreative Gestaltungsfreir\u00e4ume f\u00fcr individuelles Leistungsverm\u00f6gen, kritisches Denken und soziales Lernen.<\/p>\n\n\n\n<p>Importantes requisitos para un aprendizaje placentero son temas motivadores que involucren a los ni\u00f1os. Los proyectos interdisciplinarios ofrecen condiciones ideales para esto. Aqu\u00ed, los ni\u00f1os pueden plantear sus propias preguntas sobre temas complejos y buscar soluciones en el contexto del grupo. Esto permite espacios creativos de dise\u00f1o para capacidades individuales, pensamiento cr\u00edtico y aprendizaje social.<\/p>\n\n\n\n<p id=\"block-9e3471d2-30f7-4f68-b8bd-41d94141a457\"><strong>Wo sich durch Themen eine Welt des Feierns erschlie\u00dft<\/strong> <strong>&#8211; Donde los temas abren un mundo de fiestas<\/strong><\/p>\n\n\n\n<p id=\"block-e9277212-af49-4453-a48a-cc89315b75ca\">F\u00e4cher\u00fcbergreifendes Feiern bedeutet einzutauchen in die spannende Welt nachhaltiger Themen und sich durch deren Facettenreichtum zu neuen Perspektiven inspirieren zu lassen. Dabei werden die projektartigen Themeninhalte kreativ wie ein Puzzle zu einem festiven Gesamtkunstwerk zusammengef\u00fcgt und souver\u00e4n von den Kindern geleitet.&nbsp;Eine nachhaltige Begegnung einzigartiger Art!<\/p>\n\n\n\n<p>Celebrar de manera interdisciplinaria significa sumergirse en el fascinante mundo de los temas sostenibles y dejarse inspirar por su diversidad para descubrir nuevas perspectivas. En este proceso, los contenidos tem\u00e1ticos se ensamblan creativamente como un rompecabezas, formando una obra de arte festiva y cohesiva, dirigida con destreza por los propios ni\u00f1os. \u00a1Un encuentro sostenible como ning\u00fan otro!<\/p>\n","protected":false},"excerpt":{"rendered":"<p>Zu jedem Thema ein passendes Fest &#8211; Para cada tema, una fiesta adecuada Wo Familien Bildung interaktiv erleben &#8211; Donde las familias viven la educaci\u00f3n de manera interactiva Der wichtigste Gast f\u00fcr ein Kind ist seine eigene Familie. Zu dieser geh\u00f6ren neben den Eltern und Geschwistern nat\u00fcrlich auch die Gro\u00dfeltern. Durch interaktive Elemente werden diese [&hellip;]<\/p>\n","protected":false},"author":4435,"featured_media":0,"parent":0,"menu_order":0,"comment_status":"open","ping_status":"closed","template":"","meta":[],"_links":{"self":[{"href":"https:\/\/blogs.urz.uni-halle.de\/sdg-interactivelearning\/wp-json\/wp\/v2\/pages\/6"}],"collection":[{"href":"https:\/\/blogs.urz.uni-halle.de\/sdg-interactivelearning\/wp-json\/wp\/v2\/pages"}],"about":[{"href":"https:\/\/blogs.urz.uni-halle.de\/sdg-interactivelearning\/wp-json\/wp\/v2\/types\/page"}],"author":[{"embeddable":true,"href":"https:\/\/blogs.urz.uni-halle.de\/sdg-interactivelearning\/wp-json\/wp\/v2\/users\/4435"}],"replies":[{"embeddable":true,"href":"https:\/\/blogs.urz.uni-halle.de\/sdg-interactivelearning\/wp-json\/wp\/v2\/comments?post=6"}],"version-history":[{"count":10,"href":"https:\/\/blogs.urz.uni-halle.de\/sdg-interactivelearning\/wp-json\/wp\/v2\/pages\/6\/revisions"}],"predecessor-version":[{"id":705,"href":"https:\/\/blogs.urz.uni-halle.de\/sdg-interactivelearning\/wp-json\/wp\/v2\/pages\/6\/revisions\/705"}],"wp:attachment":[{"href":"https:\/\/blogs.urz.uni-halle.de\/sdg-interactivelearning\/wp-json\/wp\/v2\/media?parent=6"}],"curies":[{"name":"wp","href":"https:\/\/api.w.org\/{rel}","templated":true}]}}