{"id":136,"date":"2021-12-09T18:44:45","date_gmt":"2021-12-09T17:44:45","guid":{"rendered":"https:\/\/blogs.urz.uni-halle.de\/seemannsfrass\/?page_id=136"},"modified":"2022-02-09T09:26:49","modified_gmt":"2022-02-09T08:26:49","slug":"experiment-2","status":"publish","type":"page","link":"https:\/\/blogs.urz.uni-halle.de\/seemannsfrass\/experiment-2\/","title":{"rendered":"Experiment 2"},"content":{"rendered":"\n<figure class=\"wp-block-pullquote\"><blockquote><p><strong>Nachweis von Eiwei\u00df<\/strong><\/p><\/blockquote><\/figure>\n\n\n\n<div class=\"wp-block-columns\">\n<div class=\"wp-block-column is-vertically-aligned-center\" style=\"flex-basis:25%\">\n<div class=\"wp-block-image\"><figure class=\"alignleft size-large is-resized\"><img loading=\"lazy\" src=\"https:\/\/blogs.urz.uni-halle.de\/seemannsfrass\/files\/2021\/12\/1.png\" alt=\"\" class=\"wp-image-105\" width=\"100\" height=\"100\" srcset=\"https:\/\/blogs.urz.uni-halle.de\/seemannsfrass\/files\/2021\/12\/1.png 568w, https:\/\/blogs.urz.uni-halle.de\/seemannsfrass\/files\/2021\/12\/1-300x300.png 300w, https:\/\/blogs.urz.uni-halle.de\/seemannsfrass\/files\/2021\/12\/1-150x150.png 150w\" sizes=\"(max-width: 100px) 100vw, 100px\" \/><\/figure><\/div>\n<\/div>\n\n\n\n<div class=\"wp-block-column\" style=\"flex-basis:100%\">\n<h3>Frage<\/h3>\n\n\n\n<p>Inwiefern eignet sich das von dir untersuchte Lebensmittel als Eiwei\u00df-Quelle auf Schiffsreisen im 19. Jahrhundert?<\/p>\n<\/div>\n\n\n\n<div class=\"wp-block-column\" style=\"flex-basis:25%\"><\/div>\n<\/div>\n\n\n\n<div class=\"wp-block-columns\">\n<div class=\"wp-block-column is-vertically-aligned-center\" style=\"flex-basis:25%\">\n<div class=\"wp-block-image\"><figure class=\"alignleft size-large is-resized\"><img loading=\"lazy\" src=\"https:\/\/blogs.urz.uni-halle.de\/seemannsfrass\/files\/2021\/12\/2.png\" alt=\"\" class=\"wp-image-108\" width=\"100\" height=\"100\" srcset=\"https:\/\/blogs.urz.uni-halle.de\/seemannsfrass\/files\/2021\/12\/2.png 568w, https:\/\/blogs.urz.uni-halle.de\/seemannsfrass\/files\/2021\/12\/2-300x300.png 300w, https:\/\/blogs.urz.uni-halle.de\/seemannsfrass\/files\/2021\/12\/2-150x150.png 150w\" sizes=\"(max-width: 100px) 100vw, 100px\" \/><\/figure><\/div>\n<\/div>\n\n\n\n<div class=\"wp-block-column\" style=\"flex-basis:100%\">\n<h3>Aufgabe<\/h3>\n\n\n\n<p>Untersuche deine Nahrungsmittelprobe auf das Vorkommen von Eiwei\u00df.<\/p>\n<\/div>\n\n\n\n<div class=\"wp-block-column\" style=\"flex-basis:25%\"><\/div>\n<\/div>\n\n\n\n<div class=\"wp-block-columns\">\n<div class=\"wp-block-column is-vertically-aligned-center\" style=\"flex-basis:25%\">\n<div class=\"wp-block-image\"><figure class=\"alignleft size-large is-resized\"><img loading=\"lazy\" src=\"https:\/\/blogs.urz.uni-halle.de\/seemannsfrass\/files\/2021\/12\/3.png\" alt=\"\" class=\"wp-image-109\" width=\"100\" height=\"100\" srcset=\"https:\/\/blogs.urz.uni-halle.de\/seemannsfrass\/files\/2021\/12\/3.png 568w, https:\/\/blogs.urz.uni-halle.de\/seemannsfrass\/files\/2021\/12\/3-300x300.png 300w, https:\/\/blogs.urz.uni-halle.de\/seemannsfrass\/files\/2021\/12\/3-150x150.png 150w\" sizes=\"(max-width: 100px) 100vw, 100px\" \/><\/figure><\/div>\n<\/div>\n\n\n\n<div class=\"wp-block-column\" style=\"flex-basis:100%\">\n<h3>Material<\/h3>\n\n\n\n<ul><li>Nahrungsmittelproben<\/li><li>Reagenzgl\u00e4ser<\/li><li>Reagenzglasst\u00e4nder<\/li><li>Spatel, Messer, Reibe<\/li><li>Kupfer(II)-Sulfatl\u00f6sung<\/li><li>Natronlauge (10 %)<\/li><li>Schutzbrille, Kittel<\/li><\/ul>\n<\/div>\n\n\n\n<div class=\"wp-block-column\" style=\"flex-basis:25%\"><\/div>\n<\/div>\n\n\n\n<div class=\"wp-block-columns\">\n<div class=\"wp-block-column is-vertically-aligned-center\" style=\"flex-basis:25%\">\n<div class=\"wp-block-image\"><figure class=\"alignleft size-large is-resized\"><img loading=\"lazy\" src=\"https:\/\/blogs.urz.uni-halle.de\/seemannsfrass\/files\/2021\/12\/4.png\" alt=\"\" class=\"wp-image-112\" width=\"100\" height=\"100\" srcset=\"https:\/\/blogs.urz.uni-halle.de\/seemannsfrass\/files\/2021\/12\/4.png 568w, https:\/\/blogs.urz.uni-halle.de\/seemannsfrass\/files\/2021\/12\/4-300x300.png 300w, https:\/\/blogs.urz.uni-halle.de\/seemannsfrass\/files\/2021\/12\/4-150x150.png 150w\" sizes=\"(max-width: 100px) 100vw, 100px\" \/><\/figure><\/div>\n<\/div>\n\n\n\n<div class=\"wp-block-column\" style=\"flex-basis:100%\">\n<h3>Durchf\u00fchrung<\/h3>\n\n\n\n<ol><li>Gib die zerriebenen bzw. fl\u00fcssigen Nahrungsmittelproben in Reagenzgl\u00e4ser.<\/li><li>F\u00fclle jedes Reagenzglas mit ca. 2 cm Wasser auf.<\/li><li>Versetzte die Proben mit 5 Tropfen Natronlauge und 5 Tropfen Kupfer(II)-Sulfatl\u00f6sung.<\/li><li>Sch\u00fcttle vorsichtig das Reagenzglas und beobachte.<\/li><li>Eine violette Verf\u00e4rbung weist das Vorkommen von Eiwei\u00df nach.<\/li><\/ol>\n<\/div>\n\n\n\n<div class=\"wp-block-column\" style=\"flex-basis:25%\"><\/div>\n<\/div>\n\n\n\n<div class=\"wp-block-columns\">\n<div class=\"wp-block-column is-vertically-aligned-center\" style=\"flex-basis:25%\">\n<div class=\"wp-block-image\"><figure class=\"alignleft size-large is-resized\"><img loading=\"lazy\" src=\"https:\/\/blogs.urz.uni-halle.de\/seemannsfrass\/files\/2021\/12\/5.png\" alt=\"\" class=\"wp-image-113\" width=\"100\" height=\"100\" srcset=\"https:\/\/blogs.urz.uni-halle.de\/seemannsfrass\/files\/2021\/12\/5.png 568w, https:\/\/blogs.urz.uni-halle.de\/seemannsfrass\/files\/2021\/12\/5-300x300.png 300w, https:\/\/blogs.urz.uni-halle.de\/seemannsfrass\/files\/2021\/12\/5-150x150.png 150w\" sizes=\"(max-width: 100px) 100vw, 100px\" \/><\/figure><\/div>\n<\/div>\n\n\n\n<div class=\"wp-block-column\" style=\"flex-basis:100%\">\n<h3>Beobachtung<\/h3>\n\n\n\n<p>Was konntest du beobachten?<\/p>\n<\/div>\n\n\n\n<div class=\"wp-block-column\" style=\"flex-basis:25%\"><\/div>\n<\/div>\n\n\n\n<div class=\"wp-block-columns\">\n<div class=\"wp-block-column is-vertically-aligned-center\" style=\"flex-basis:25%\">\n<div class=\"wp-block-image\"><figure class=\"alignleft size-large is-resized\"><img loading=\"lazy\" src=\"https:\/\/blogs.urz.uni-halle.de\/seemannsfrass\/files\/2021\/12\/6.png\" alt=\"\" class=\"wp-image-114\" width=\"100\" height=\"100\" srcset=\"https:\/\/blogs.urz.uni-halle.de\/seemannsfrass\/files\/2021\/12\/6.png 568w, https:\/\/blogs.urz.uni-halle.de\/seemannsfrass\/files\/2021\/12\/6-300x300.png 300w, https:\/\/blogs.urz.uni-halle.de\/seemannsfrass\/files\/2021\/12\/6-150x150.png 150w\" sizes=\"(max-width: 100px) 100vw, 100px\" \/><\/figure><\/div>\n<\/div>\n\n\n\n<div class=\"wp-block-column\" style=\"flex-basis:100%\">\n<h3>Auswertung<\/h3>\n\n\n\n<p>Was schlussfolgerst du aus deinen Beobachtungen? Nimm dabei Bezug zur oben gestellten Frage.<\/p>\n<\/div>\n\n\n\n<div class=\"wp-block-column\" style=\"flex-basis:25%\"><\/div>\n<\/div>\n\n\n\n<figure class=\"wp-block-embed-youtube wp-block-embed is-type-video is-provider-youtube wp-embed-aspect-16-9 wp-has-aspect-ratio\"><div class=\"wp-block-embed__wrapper\">\n<iframe title=\"Eiwei\u00df\" width=\"1140\" height=\"641\" src=\"https:\/\/www.youtube.com\/embed\/_Mlu39LWR4k?feature=oembed\" frameborder=\"0\" allow=\"accelerometer; autoplay; clipboard-write; encrypted-media; gyroscope; picture-in-picture\" allowfullscreen><\/iframe>\n<\/div><\/figure>\n","protected":false},"excerpt":{"rendered":"<p>Nachweis von Eiwei\u00df Frage Inwiefern eignet sich das von dir untersuchte Lebensmittel als Eiwei\u00df-Quelle auf Schiffsreisen im 19. Jahrhundert? Aufgabe Untersuche deine Nahrungsmittelprobe auf das Vorkommen von Eiwei\u00df. Material Nahrungsmittelproben Reagenzgl\u00e4ser Reagenzglasst\u00e4nder Spatel, Messer, Reibe Kupfer(II)-Sulfatl\u00f6sung Natronlauge (10 %) Schutzbrille, Kittel Durchf\u00fchrung Gib die zerriebenen bzw. fl\u00fcssigen Nahrungsmittelproben in Reagenzgl\u00e4ser. F\u00fclle jedes Reagenzglas mit ca. &hellip; <\/p>\n<p><a class=\"more-link btn\" href=\"https:\/\/blogs.urz.uni-halle.de\/seemannsfrass\/experiment-2\/\">Weiterlesen<\/a><\/p>\n","protected":false},"author":5130,"featured_media":0,"parent":0,"menu_order":0,"comment_status":"closed","ping_status":"closed","template":"","meta":[],"_links":{"self":[{"href":"https:\/\/blogs.urz.uni-halle.de\/seemannsfrass\/wp-json\/wp\/v2\/pages\/136"}],"collection":[{"href":"https:\/\/blogs.urz.uni-halle.de\/seemannsfrass\/wp-json\/wp\/v2\/pages"}],"about":[{"href":"https:\/\/blogs.urz.uni-halle.de\/seemannsfrass\/wp-json\/wp\/v2\/types\/page"}],"author":[{"embeddable":true,"href":"https:\/\/blogs.urz.uni-halle.de\/seemannsfrass\/wp-json\/wp\/v2\/users\/5130"}],"replies":[{"embeddable":true,"href":"https:\/\/blogs.urz.uni-halle.de\/seemannsfrass\/wp-json\/wp\/v2\/comments?post=136"}],"version-history":[{"count":8,"href":"https:\/\/blogs.urz.uni-halle.de\/seemannsfrass\/wp-json\/wp\/v2\/pages\/136\/revisions"}],"predecessor-version":[{"id":266,"href":"https:\/\/blogs.urz.uni-halle.de\/seemannsfrass\/wp-json\/wp\/v2\/pages\/136\/revisions\/266"}],"wp:attachment":[{"href":"https:\/\/blogs.urz.uni-halle.de\/seemannsfrass\/wp-json\/wp\/v2\/media?parent=136"}],"curies":[{"name":"wp","href":"https:\/\/api.w.org\/{rel}","templated":true}]}}