{"id":15,"date":"2021-12-08T19:49:22","date_gmt":"2021-12-08T18:49:22","guid":{"rendered":"https:\/\/blogs.urz.uni-halle.de\/seemannsfrass\/?page_id=15"},"modified":"2022-02-09T21:28:02","modified_gmt":"2022-02-09T20:28:02","slug":"ahoi","status":"publish","type":"page","link":"https:\/\/blogs.urz.uni-halle.de\/seemannsfrass\/","title":{"rendered":"Ahoi, du Landratte!"},"content":{"rendered":"\n<figure class=\"wp-block-pullquote\"><blockquote><p><strong>Ahoi, du Landratte!<\/strong><\/p><\/blockquote><\/figure>\n\n\n\n<div class=\"wp-block-columns\">\n<div class=\"wp-block-column is-vertically-aligned-center\">\n<div class=\"wp-block-image\"><figure class=\"alignleft size-large is-resized\"><img loading=\"lazy\" src=\"https:\/\/blogs.urz.uni-halle.de\/seemannsfrass\/files\/2021\/12\/saaleexpedition.jpg\" alt=\"\" class=\"wp-image-219\" width=\"225\" height=\"225\" srcset=\"https:\/\/blogs.urz.uni-halle.de\/seemannsfrass\/files\/2021\/12\/saaleexpedition.jpg 350w, https:\/\/blogs.urz.uni-halle.de\/seemannsfrass\/files\/2021\/12\/saaleexpedition-300x300.jpg 300w, https:\/\/blogs.urz.uni-halle.de\/seemannsfrass\/files\/2021\/12\/saaleexpedition-150x150.jpg 150w\" sizes=\"(max-width: 225px) 100vw, 225px\" \/><figcaption>MS Halle (1976)  &#8211; 26,7 m lang<br>(\u00a9 science to public)<\/figcaption><\/figure><\/div>\n<\/div>\n\n\n\n<div class=\"wp-block-column\" style=\"flex-basis:73.4%\">\n<p><br>Die Mannschaft der <em>Make Science Halle<\/em> hei\u00dft dich an Bord herzlich Willkommen. M\u00f6glicherweise ist das nicht dein erstes Schiff, dass du mit klapprigen Beinen betrittst. Vielleicht hast du schon einmal an einer Fahrt auf einem Kreuzfahrtschiff teilgenommen? Meist gibt es dort verschiedene Restaurants oder auch gro\u00dfe kalte und warme Buffets mit den verschiedensten Speisen und Getr\u00e4nken. Diese Vielfalt an Lebensmitteln ist heutzutage eine Selbstverst\u00e4ndlichkeit. Jedoch gab es nicht immer so eine gro\u00dfe Auswahl auf den Schiffen, die auf den Weltmeeren als Handelsschiffe oder als Fisch- und Walf\u00e4nger oder auch zur Entdeckung und Erforschung unbekannter L\u00e4nder und Kontinente unterwegs waren. <\/p>\n<\/div>\n<\/div>\n\n\n\n<div class=\"wp-block-columns\">\n<div class=\"wp-block-column is-vertically-aligned-top\" style=\"flex-basis:100%\">\n<p><br>Wer kennt ihn nicht,  den ber\u00fchmt-ber\u00fcchtigten Kapit\u00e4n namens Christoph Columbus. Mit seinem Flaggschiff, der <em>Santa Maria<\/em>, stach er am 3. August 1492 in See. Er hatte vor, einen kurzen Handelsweg nach Indien\u00a0zu erkunden.\u00a0Mit an Bord waren 40 Seeleute, die irgendwo an Deck einen Platz zum Schlafen fanden. Es gab weder ein Klo noch eine K\u00fcche. Jede kleinste Ecke wurde genutzt, um Nahrungsmittel zu lagern. Die Seemannskost war oft sehr einfach, musste aber wegen der teilweise  schweren Arbeit an Bord \u00e4u\u00dferst nahrhaft sein.\u00a0Mangelhafte Ern\u00e4hrung f\u00fchrte zu Krankheiten oder auch zum Tod der Matrosen, was manchmal in Meutereien endete.<\/p>\n<\/div>\n\n\n\n<div class=\"wp-block-column is-vertically-aligned-bottom\" style=\"flex-basis:33.33%\">\n<div class=\"wp-block-image\"><figure class=\"alignright size-large is-resized\"><img loading=\"lazy\" src=\"https:\/\/blogs.urz.uni-halle.de\/seemannsfrass\/files\/2021\/12\/Schiff-Columbus-Nachbau.jpg\" alt=\"\" class=\"wp-image-221\" width=\"225\" height=\"225\" \/><figcaption>Santa Maria (1480) &#8211; 23,6 m lang<br>(\u00a9 VisitMadeira)<\/figcaption><\/figure><\/div>\n<\/div>\n<\/div>\n\n\n\n<p>Einige Nahrungsmittel, die bis zur Mitte des 19. Jahrhunderts den gr\u00f6\u00dften Teil der Mahlzeiten auf einem Schiff ausmachten, wollen wir heute in Gruppenarbeiten untersuchen. Dabei bekommt jede Gruppe eine kleine Auswahl von Nahrungsmitteln, die sie bewerten sollen. Neben den N\u00e4hrstoffen wie Fett, Eiwei\u00df, St\u00e4rke und Zucker soll auch der Gehalt an Vitamin-C untersucht werden.&nbsp;Da die Segelschiffe fr\u00fcher oft Wochen oder Monate unterwegs waren, war es nicht nur wichtig, gen\u00fcgend Nahrungsmittel und auch Wasser mitzunehmen, sondern auch, diese m\u00f6glichst lange unbeschadet lagern zu k\u00f6nnen \u2013 und das war zu Zeiten ohne K\u00fchlschr\u00e4nke, Konservendosen oder Einmachgl\u00e4sern in der stets feuchten Meeresluft mit teilweise tropischen Temperaturen nicht einfach.<\/p>\n\n\n\n<p>Die Nahrungsmittel werden an f\u00fcnf verschiedenen Stationen untersucht. Dort gibt es jeweils einen historischen Einf\u00fchrungstext zu einem speziellen Punkt aus der Schiffsfahrt sowie ein Experiment zum Nachweis des jeweiligen N\u00e4hrstoffs. Dein Auftrag ist es, ein schickes Bordbuch zu schreiben.  Hier h\u00e4ltst du alle wichtigen Ereignisse fest. Dazu z\u00e4hlen neben den L\u00f6sungen der Aufgaben auch Fotos zu den verschiedenen Experimenten. Die Crew steht dir jederzeit bei Fragen oder Problemen zur Verf\u00fcgung. Los geht&#8217;s &#8211; Segel setzen!<\/p>\n\n\n\n<figure class=\"wp-block-table is-style-stripes\"><table class=\"has-fixed-layout\"><thead><tr><th class=\"has-text-align-left\" data-align=\"left\">Nahrungsmittel<\/th><th class=\"has-text-align-left\" data-align=\"left\">Stationen<\/th><\/tr><\/thead><tbody><tr><td class=\"has-text-align-left\" data-align=\"left\">\u2022  frisches und gep\u00f6keltes Fleisch<br>\u2022  frische und getrocknete \u00c4pfel<br>\u2022  frische und getrocknete Erbsen<br>\u2022  frische und getrocknete Pflaumen<br>\u2022  Brot und Zwieback<br>\u2022  Graupen und Grie\u00df<br>\u2022  Butter und Speck<br>\u2022  Sauerkraut und Wei\u00dfkraut<br>\u2022  Orangen und Marmelade<\/td><td class=\"has-text-align-left\" data-align=\"left\">1 &#8211; <a href=\"https:\/\/blogs.urz.uni-halle.de\/seemannsfrass\/beispiel-seite\/\">Lagerungsprobleme<\/a> und <a href=\"https:\/\/blogs.urz.uni-halle.de\/seemannsfrass\/station-1\/\">St\u00e4rke<\/a><br>2 &#8211; <a href=\"https:\/\/blogs.urz.uni-halle.de\/seemannsfrass\/station-2\/\">Konservierungsmethoden<\/a> und <a href=\"https:\/\/blogs.urz.uni-halle.de\/seemannsfrass\/experiment-2\/\">Eiwei\u00df<\/a><br>3 &#8211; <a href=\"https:\/\/blogs.urz.uni-halle.de\/seemannsfrass\/station-3\/\">Mikroorganismen<\/a> und <a href=\"https:\/\/blogs.urz.uni-halle.de\/seemannsfrass\/experiment-3\/\">Zucker<\/a><br>4 &#8211; <a href=\"https:\/\/blogs.urz.uni-halle.de\/seemannsfrass\/station-4\/\">Seekrankheiten<\/a> und <a href=\"https:\/\/blogs.urz.uni-halle.de\/seemannsfrass\/experiment-4\/\">Vitamin-C<\/a><br>5 &#8211; <a href=\"https:\/\/blogs.urz.uni-halle.de\/seemannsfrass\/station-5\/\">Energiebedarf<\/a> und <a href=\"https:\/\/blogs.urz.uni-halle.de\/seemannsfrass\/experiment-5\/\">Fett<\/a><\/td><\/tr><\/tbody><\/table><\/figure>\n","protected":false},"excerpt":{"rendered":"<p>Ahoi, du Landratte! Die Mannschaft der Make Science Halle hei\u00dft dich an Bord herzlich Willkommen. M\u00f6glicherweise ist das nicht dein erstes Schiff, dass du mit klapprigen Beinen betrittst. Vielleicht hast du schon einmal an einer Fahrt auf einem Kreuzfahrtschiff teilgenommen? Meist gibt es dort verschiedene Restaurants oder auch gro\u00dfe kalte und warme Buffets mit den &hellip; <\/p>\n<p><a class=\"more-link btn\" href=\"https:\/\/blogs.urz.uni-halle.de\/seemannsfrass\/\">Weiterlesen<\/a><\/p>\n","protected":false},"author":5130,"featured_media":0,"parent":0,"menu_order":0,"comment_status":"closed","ping_status":"closed","template":"","meta":[],"_links":{"self":[{"href":"https:\/\/blogs.urz.uni-halle.de\/seemannsfrass\/wp-json\/wp\/v2\/pages\/15"}],"collection":[{"href":"https:\/\/blogs.urz.uni-halle.de\/seemannsfrass\/wp-json\/wp\/v2\/pages"}],"about":[{"href":"https:\/\/blogs.urz.uni-halle.de\/seemannsfrass\/wp-json\/wp\/v2\/types\/page"}],"author":[{"embeddable":true,"href":"https:\/\/blogs.urz.uni-halle.de\/seemannsfrass\/wp-json\/wp\/v2\/users\/5130"}],"replies":[{"embeddable":true,"href":"https:\/\/blogs.urz.uni-halle.de\/seemannsfrass\/wp-json\/wp\/v2\/comments?post=15"}],"version-history":[{"count":9,"href":"https:\/\/blogs.urz.uni-halle.de\/seemannsfrass\/wp-json\/wp\/v2\/pages\/15\/revisions"}],"predecessor-version":[{"id":268,"href":"https:\/\/blogs.urz.uni-halle.de\/seemannsfrass\/wp-json\/wp\/v2\/pages\/15\/revisions\/268"}],"wp:attachment":[{"href":"https:\/\/blogs.urz.uni-halle.de\/seemannsfrass\/wp-json\/wp\/v2\/media?parent=15"}],"curies":[{"name":"wp","href":"https:\/\/api.w.org\/{rel}","templated":true}]}}