{"id":152,"date":"2021-12-10T08:07:00","date_gmt":"2021-12-10T07:07:00","guid":{"rendered":"https:\/\/blogs.urz.uni-halle.de\/seemannsfrass\/?page_id=152"},"modified":"2022-02-07T20:47:51","modified_gmt":"2022-02-07T19:47:51","slug":"experiment-3","status":"publish","type":"page","link":"https:\/\/blogs.urz.uni-halle.de\/seemannsfrass\/experiment-3\/","title":{"rendered":"Experiment 3"},"content":{"rendered":"\n<figure class=\"wp-block-pullquote\"><blockquote><p><strong>Nachweis von Zucker<\/strong><\/p><\/blockquote><\/figure>\n\n\n\n<div class=\"wp-block-columns\">\n<div class=\"wp-block-column is-vertically-aligned-center\" style=\"flex-basis:25%\">\n<div class=\"wp-block-image\"><figure class=\"alignleft size-large is-resized\"><img loading=\"lazy\" src=\"https:\/\/blogs.urz.uni-halle.de\/seemannsfrass\/files\/2021\/12\/1.png\" alt=\"\" class=\"wp-image-105\" width=\"100\" height=\"100\" srcset=\"https:\/\/blogs.urz.uni-halle.de\/seemannsfrass\/files\/2021\/12\/1.png 568w, https:\/\/blogs.urz.uni-halle.de\/seemannsfrass\/files\/2021\/12\/1-300x300.png 300w, https:\/\/blogs.urz.uni-halle.de\/seemannsfrass\/files\/2021\/12\/1-150x150.png 150w\" sizes=\"(max-width: 100px) 100vw, 100px\" \/><\/figure><\/div>\n<\/div>\n\n\n\n<div class=\"wp-block-column\" style=\"flex-basis:100%\">\n<h3>Frage<\/h3>\n\n\n\n<p>Inwiefern eignet sich das von dir untersuchte Lebensmittel als Zucker-Quelle auf Schiffsreisen im 19. Jahrhundert?<\/p>\n<\/div>\n\n\n\n<div class=\"wp-block-column\" style=\"flex-basis:25%\"><\/div>\n<\/div>\n\n\n\n<div class=\"wp-block-columns\">\n<div class=\"wp-block-column is-vertically-aligned-center\" style=\"flex-basis:25%\">\n<div class=\"wp-block-image\"><figure class=\"alignleft size-large is-resized\"><img loading=\"lazy\" src=\"https:\/\/blogs.urz.uni-halle.de\/seemannsfrass\/files\/2021\/12\/2.png\" alt=\"\" class=\"wp-image-108\" width=\"100\" height=\"100\" srcset=\"https:\/\/blogs.urz.uni-halle.de\/seemannsfrass\/files\/2021\/12\/2.png 568w, https:\/\/blogs.urz.uni-halle.de\/seemannsfrass\/files\/2021\/12\/2-300x300.png 300w, https:\/\/blogs.urz.uni-halle.de\/seemannsfrass\/files\/2021\/12\/2-150x150.png 150w\" sizes=\"(max-width: 100px) 100vw, 100px\" \/><\/figure><\/div>\n<\/div>\n\n\n\n<div class=\"wp-block-column\" style=\"flex-basis:100%\">\n<h3>Aufgabe<\/h3>\n\n\n\n<p>Untersuche deine Nahrungsmittelprobe auf das Vorkommen von Zucker.<\/p>\n<\/div>\n\n\n\n<div class=\"wp-block-column\" style=\"flex-basis:25%\"><\/div>\n<\/div>\n\n\n\n<div class=\"wp-block-columns\">\n<div class=\"wp-block-column is-vertically-aligned-center\" style=\"flex-basis:25%\">\n<div class=\"wp-block-image\"><figure class=\"alignleft size-large is-resized\"><img loading=\"lazy\" src=\"https:\/\/blogs.urz.uni-halle.de\/seemannsfrass\/files\/2021\/12\/3.png\" alt=\"\" class=\"wp-image-109\" width=\"100\" height=\"100\" srcset=\"https:\/\/blogs.urz.uni-halle.de\/seemannsfrass\/files\/2021\/12\/3.png 568w, https:\/\/blogs.urz.uni-halle.de\/seemannsfrass\/files\/2021\/12\/3-300x300.png 300w, https:\/\/blogs.urz.uni-halle.de\/seemannsfrass\/files\/2021\/12\/3-150x150.png 150w\" sizes=\"(max-width: 100px) 100vw, 100px\" \/><\/figure><\/div>\n<\/div>\n\n\n\n<div class=\"wp-block-column\" style=\"flex-basis:100%\">\n<h3>Material<\/h3>\n\n\n\n<ul><li>Nahrungsmittelproben<\/li><li>Reagenzgl\u00e4ser<\/li><li>Reagenzglashalter<\/li><li>Reagenzglasst\u00e4nder<\/li><li>Spatel, Messer, Reibe<\/li><li>Brenner, Streichh\u00f6lzer<\/li><li>Wasser<\/li><li>Fehlingsche L\u00f6sung I und II<\/li><li>Schutzbrille, Kittel<\/li><\/ul>\n<\/div>\n\n\n\n<div class=\"wp-block-column\" style=\"flex-basis:25%\"><\/div>\n<\/div>\n\n\n\n<div class=\"wp-block-columns\">\n<div class=\"wp-block-column is-vertically-aligned-center\" style=\"flex-basis:25%\">\n<div class=\"wp-block-image\"><figure class=\"alignleft size-large is-resized\"><img loading=\"lazy\" src=\"https:\/\/blogs.urz.uni-halle.de\/seemannsfrass\/files\/2021\/12\/4.png\" alt=\"\" class=\"wp-image-112\" width=\"100\" height=\"100\" srcset=\"https:\/\/blogs.urz.uni-halle.de\/seemannsfrass\/files\/2021\/12\/4.png 568w, https:\/\/blogs.urz.uni-halle.de\/seemannsfrass\/files\/2021\/12\/4-300x300.png 300w, https:\/\/blogs.urz.uni-halle.de\/seemannsfrass\/files\/2021\/12\/4-150x150.png 150w\" sizes=\"(max-width: 100px) 100vw, 100px\" \/><\/figure><\/div>\n<\/div>\n\n\n\n<div class=\"wp-block-column\" style=\"flex-basis:100%\">\n<h3>Durchf\u00fchrung<\/h3>\n\n\n\n<ol><li>Gib die zerkleinerte Nahrungsmittelprobe in ein Reagenzglas.<\/li><li>F\u00fclle jedes Reagenzglas mit ca. 2 cm Wasser auf.<\/li><li>Versetze die Proben mit Fehlingscher-L\u00f6sung I und II (jeweils 10 Tropfen).<\/li><li>Erw\u00e4rme das Reagenzglas \u00fcber dem Brenner und sch\u00fcttle dabei vorsichtig. <br>Achtung &#8211; Arbeitsschutz und Siedeverzug beachten! <\/li><li>Eine ziegelrote Verf\u00e4rbung weist das Vorkommen von Zucker nach.<\/li><\/ol>\n<\/div>\n\n\n\n<div class=\"wp-block-column\" style=\"flex-basis:25%\"><\/div>\n<\/div>\n\n\n\n<div class=\"wp-block-columns\">\n<div class=\"wp-block-column is-vertically-aligned-center\" style=\"flex-basis:25%\">\n<div class=\"wp-block-image\"><figure class=\"alignleft size-large is-resized\"><img loading=\"lazy\" src=\"https:\/\/blogs.urz.uni-halle.de\/seemannsfrass\/files\/2021\/12\/5.png\" alt=\"\" class=\"wp-image-113\" width=\"100\" height=\"100\" srcset=\"https:\/\/blogs.urz.uni-halle.de\/seemannsfrass\/files\/2021\/12\/5.png 568w, https:\/\/blogs.urz.uni-halle.de\/seemannsfrass\/files\/2021\/12\/5-300x300.png 300w, https:\/\/blogs.urz.uni-halle.de\/seemannsfrass\/files\/2021\/12\/5-150x150.png 150w\" sizes=\"(max-width: 100px) 100vw, 100px\" \/><\/figure><\/div>\n<\/div>\n\n\n\n<div class=\"wp-block-column\" style=\"flex-basis:100%\">\n<h3>Beobachtung<\/h3>\n\n\n\n<p>Was konntest du beobachten?<\/p>\n<\/div>\n\n\n\n<div class=\"wp-block-column\" style=\"flex-basis:25%\"><\/div>\n<\/div>\n\n\n\n<div class=\"wp-block-columns\">\n<div class=\"wp-block-column is-vertically-aligned-center\" style=\"flex-basis:25%\">\n<div class=\"wp-block-image\"><figure class=\"alignleft size-large is-resized\"><img loading=\"lazy\" src=\"https:\/\/blogs.urz.uni-halle.de\/seemannsfrass\/files\/2021\/12\/6.png\" alt=\"\" class=\"wp-image-114\" width=\"100\" height=\"100\" srcset=\"https:\/\/blogs.urz.uni-halle.de\/seemannsfrass\/files\/2021\/12\/6.png 568w, https:\/\/blogs.urz.uni-halle.de\/seemannsfrass\/files\/2021\/12\/6-300x300.png 300w, https:\/\/blogs.urz.uni-halle.de\/seemannsfrass\/files\/2021\/12\/6-150x150.png 150w\" sizes=\"(max-width: 100px) 100vw, 100px\" \/><\/figure><\/div>\n<\/div>\n\n\n\n<div class=\"wp-block-column\" style=\"flex-basis:100%\">\n<h3>Auswertung<\/h3>\n\n\n\n<p>Was schlussfolgerst du aus deinen Beobachtungen? Nimm dabei Bezug zur oben gestellten Frage.<\/p>\n<\/div>\n\n\n\n<div class=\"wp-block-column\" style=\"flex-basis:25%\"><\/div>\n<\/div>\n\n\n\n<figure class=\"wp-block-embed-youtube wp-block-embed is-type-video is-provider-youtube wp-embed-aspect-16-9 wp-has-aspect-ratio\"><div class=\"wp-block-embed__wrapper\">\n<iframe title=\"Zucker\" width=\"1140\" height=\"641\" src=\"https:\/\/www.youtube.com\/embed\/y8A7XXoSQbA?list=PLKjiMg1ffxYA_ATedN-30UHHVpsAqeYwU\" frameborder=\"0\" allow=\"accelerometer; autoplay; clipboard-write; encrypted-media; gyroscope; picture-in-picture\" allowfullscreen><\/iframe>\n<\/div><\/figure>\n","protected":false},"excerpt":{"rendered":"<p>Nachweis von Zucker Frage Inwiefern eignet sich das von dir untersuchte Lebensmittel als Zucker-Quelle auf Schiffsreisen im 19. Jahrhundert? Aufgabe Untersuche deine Nahrungsmittelprobe auf das Vorkommen von Zucker. Material Nahrungsmittelproben Reagenzgl\u00e4ser Reagenzglashalter Reagenzglasst\u00e4nder Spatel, Messer, Reibe Brenner, Streichh\u00f6lzer Wasser Fehlingsche L\u00f6sung I und II Schutzbrille, Kittel Durchf\u00fchrung Gib die zerkleinerte Nahrungsmittelprobe in ein Reagenzglas. F\u00fclle &hellip; <\/p>\n<p><a class=\"more-link btn\" href=\"https:\/\/blogs.urz.uni-halle.de\/seemannsfrass\/experiment-3\/\">Weiterlesen<\/a><\/p>\n","protected":false},"author":5130,"featured_media":0,"parent":0,"menu_order":0,"comment_status":"closed","ping_status":"closed","template":"","meta":[],"_links":{"self":[{"href":"https:\/\/blogs.urz.uni-halle.de\/seemannsfrass\/wp-json\/wp\/v2\/pages\/152"}],"collection":[{"href":"https:\/\/blogs.urz.uni-halle.de\/seemannsfrass\/wp-json\/wp\/v2\/pages"}],"about":[{"href":"https:\/\/blogs.urz.uni-halle.de\/seemannsfrass\/wp-json\/wp\/v2\/types\/page"}],"author":[{"embeddable":true,"href":"https:\/\/blogs.urz.uni-halle.de\/seemannsfrass\/wp-json\/wp\/v2\/users\/5130"}],"replies":[{"embeddable":true,"href":"https:\/\/blogs.urz.uni-halle.de\/seemannsfrass\/wp-json\/wp\/v2\/comments?post=152"}],"version-history":[{"count":8,"href":"https:\/\/blogs.urz.uni-halle.de\/seemannsfrass\/wp-json\/wp\/v2\/pages\/152\/revisions"}],"predecessor-version":[{"id":262,"href":"https:\/\/blogs.urz.uni-halle.de\/seemannsfrass\/wp-json\/wp\/v2\/pages\/152\/revisions\/262"}],"wp:attachment":[{"href":"https:\/\/blogs.urz.uni-halle.de\/seemannsfrass\/wp-json\/wp\/v2\/media?parent=152"}],"curies":[{"name":"wp","href":"https:\/\/api.w.org\/{rel}","templated":true}]}}