{"id":177,"date":"2021-12-10T09:48:51","date_gmt":"2021-12-10T08:48:51","guid":{"rendered":"https:\/\/blogs.urz.uni-halle.de\/seemannsfrass\/?page_id=177"},"modified":"2022-02-09T21:36:44","modified_gmt":"2022-02-09T20:36:44","slug":"experiment-4","status":"publish","type":"page","link":"https:\/\/blogs.urz.uni-halle.de\/seemannsfrass\/experiment-4\/","title":{"rendered":"Experiment 4"},"content":{"rendered":"\n<figure class=\"wp-block-pullquote\"><blockquote><p><strong>Nachweis von Vitamin-C<\/strong><\/p><\/blockquote><\/figure>\n\n\n\n<div class=\"wp-block-columns\">\n<div class=\"wp-block-column is-vertically-aligned-center\" style=\"flex-basis:25%\">\n<div class=\"wp-block-image\"><figure class=\"alignleft size-large is-resized\"><img loading=\"lazy\" src=\"https:\/\/blogs.urz.uni-halle.de\/seemannsfrass\/files\/2021\/12\/1.png\" alt=\"\" class=\"wp-image-105\" width=\"100\" height=\"100\" srcset=\"https:\/\/blogs.urz.uni-halle.de\/seemannsfrass\/files\/2021\/12\/1.png 568w, https:\/\/blogs.urz.uni-halle.de\/seemannsfrass\/files\/2021\/12\/1-300x300.png 300w, https:\/\/blogs.urz.uni-halle.de\/seemannsfrass\/files\/2021\/12\/1-150x150.png 150w\" sizes=\"(max-width: 100px) 100vw, 100px\" \/><\/figure><\/div>\n<\/div>\n\n\n\n<div class=\"wp-block-column\" style=\"flex-basis:100%\">\n<h3>Frage<\/h3>\n\n\n\n<p>Inwiefern eignet sich das von dir untersuchte Lebensmittel als Vitamin-C-Quelle auf Schiffsreisen im 19. Jahrhundert?<\/p>\n<\/div>\n\n\n\n<div class=\"wp-block-column\" style=\"flex-basis:25%\"><\/div>\n<\/div>\n\n\n\n<div class=\"wp-block-columns\">\n<div class=\"wp-block-column is-vertically-aligned-center\" style=\"flex-basis:25%\">\n<div class=\"wp-block-image\"><figure class=\"alignleft size-large is-resized\"><img loading=\"lazy\" src=\"https:\/\/blogs.urz.uni-halle.de\/seemannsfrass\/files\/2021\/12\/2.png\" alt=\"\" class=\"wp-image-108\" width=\"100\" height=\"100\" srcset=\"https:\/\/blogs.urz.uni-halle.de\/seemannsfrass\/files\/2021\/12\/2.png 568w, https:\/\/blogs.urz.uni-halle.de\/seemannsfrass\/files\/2021\/12\/2-300x300.png 300w, https:\/\/blogs.urz.uni-halle.de\/seemannsfrass\/files\/2021\/12\/2-150x150.png 150w\" sizes=\"(max-width: 100px) 100vw, 100px\" \/><\/figure><\/div>\n<\/div>\n\n\n\n<div class=\"wp-block-column\" style=\"flex-basis:100%\">\n<h3>Aufgabe<\/h3>\n\n\n\n<p>Untersuche deine Nahrungsmittelprobe auf das Vorkommen von Vitamin-C.<\/p>\n<\/div>\n\n\n\n<div class=\"wp-block-column\" style=\"flex-basis:25%\"><\/div>\n<\/div>\n\n\n\n<div class=\"wp-block-columns\">\n<div class=\"wp-block-column is-vertically-aligned-center\" style=\"flex-basis:25%\">\n<div class=\"wp-block-image\"><figure class=\"alignleft size-large is-resized\"><img loading=\"lazy\" src=\"https:\/\/blogs.urz.uni-halle.de\/seemannsfrass\/files\/2021\/12\/3.png\" alt=\"\" class=\"wp-image-109\" width=\"100\" height=\"100\" srcset=\"https:\/\/blogs.urz.uni-halle.de\/seemannsfrass\/files\/2021\/12\/3.png 568w, https:\/\/blogs.urz.uni-halle.de\/seemannsfrass\/files\/2021\/12\/3-300x300.png 300w, https:\/\/blogs.urz.uni-halle.de\/seemannsfrass\/files\/2021\/12\/3-150x150.png 150w\" sizes=\"(max-width: 100px) 100vw, 100px\" \/><\/figure><\/div>\n<\/div>\n\n\n\n<div class=\"wp-block-column\" style=\"flex-basis:100%\">\n<h3>Material<\/h3>\n\n\n\n<ul><li>Nahrungsmittelproben<\/li><li>T\u00fcpfelplatte<\/li><li>Vitamin-C-Teststreifen<\/li><li>Wasser<\/li><\/ul>\n<\/div>\n\n\n\n<div class=\"wp-block-column\" style=\"flex-basis:25%\"><\/div>\n<\/div>\n\n\n\n<div class=\"wp-block-columns\">\n<div class=\"wp-block-column is-vertically-aligned-center\" style=\"flex-basis:25%\">\n<div class=\"wp-block-image\"><figure class=\"alignleft size-large is-resized\"><img loading=\"lazy\" src=\"https:\/\/blogs.urz.uni-halle.de\/seemannsfrass\/files\/2021\/12\/4.png\" alt=\"\" class=\"wp-image-112\" width=\"100\" height=\"100\" srcset=\"https:\/\/blogs.urz.uni-halle.de\/seemannsfrass\/files\/2021\/12\/4.png 568w, https:\/\/blogs.urz.uni-halle.de\/seemannsfrass\/files\/2021\/12\/4-300x300.png 300w, https:\/\/blogs.urz.uni-halle.de\/seemannsfrass\/files\/2021\/12\/4-150x150.png 150w\" sizes=\"(max-width: 100px) 100vw, 100px\" \/><\/figure><\/div>\n<\/div>\n\n\n\n<div class=\"wp-block-column\" style=\"flex-basis:100%\">\n<h3>Durchf\u00fchrung<\/h3>\n\n\n\n<ol><li>Gib die zerriebenen bzw. fl\u00fcssigen Nahrungsmittelproben auf die Mulden der T\u00fcpfelplatte.<\/li><li>F\u00fcge zu den einzelnen Proben etwas Wasser.<\/li><li>Halte den Testbereich des Vitamin-C-Teststreifens an die Nahrungsmittelproben. <\/li><li>Warte 30 Sekunden.<\/li><li>Vergleiche die Farbe auf dem Teststreifen mit der Skala auf der Verpackung.<\/li><\/ol>\n<\/div>\n\n\n\n<div class=\"wp-block-column\" style=\"flex-basis:25%\"><\/div>\n<\/div>\n\n\n\n<div class=\"wp-block-columns\">\n<div class=\"wp-block-column is-vertically-aligned-center\" style=\"flex-basis:25%\">\n<div class=\"wp-block-image\"><figure class=\"alignleft size-large is-resized\"><img loading=\"lazy\" src=\"https:\/\/blogs.urz.uni-halle.de\/seemannsfrass\/files\/2021\/12\/5.png\" alt=\"\" class=\"wp-image-113\" width=\"100\" height=\"100\" srcset=\"https:\/\/blogs.urz.uni-halle.de\/seemannsfrass\/files\/2021\/12\/5.png 568w, https:\/\/blogs.urz.uni-halle.de\/seemannsfrass\/files\/2021\/12\/5-300x300.png 300w, https:\/\/blogs.urz.uni-halle.de\/seemannsfrass\/files\/2021\/12\/5-150x150.png 150w\" sizes=\"(max-width: 100px) 100vw, 100px\" \/><\/figure><\/div>\n<\/div>\n\n\n\n<div class=\"wp-block-column\" style=\"flex-basis:100%\">\n<h3>Beobachtung<\/h3>\n\n\n\n<p>Was konntest du beobachten?<\/p>\n<\/div>\n\n\n\n<div class=\"wp-block-column\" style=\"flex-basis:25%\"><\/div>\n<\/div>\n\n\n\n<div class=\"wp-block-columns\">\n<div class=\"wp-block-column is-vertically-aligned-center\" style=\"flex-basis:25%\">\n<div class=\"wp-block-image\"><figure class=\"alignleft size-large is-resized\"><img loading=\"lazy\" src=\"https:\/\/blogs.urz.uni-halle.de\/seemannsfrass\/files\/2021\/12\/6.png\" alt=\"\" class=\"wp-image-114\" width=\"100\" height=\"100\" srcset=\"https:\/\/blogs.urz.uni-halle.de\/seemannsfrass\/files\/2021\/12\/6.png 568w, https:\/\/blogs.urz.uni-halle.de\/seemannsfrass\/files\/2021\/12\/6-300x300.png 300w, https:\/\/blogs.urz.uni-halle.de\/seemannsfrass\/files\/2021\/12\/6-150x150.png 150w\" sizes=\"(max-width: 100px) 100vw, 100px\" \/><\/figure><\/div>\n<\/div>\n\n\n\n<div class=\"wp-block-column\" style=\"flex-basis:100%\">\n<h3>Auswertung<\/h3>\n\n\n\n<p>Was schlussfolgerst du aus deinen Beobachtungen? Nimm dabei Bezug zur oben gestellten Frage.<\/p>\n<\/div>\n\n\n\n<div class=\"wp-block-column\" style=\"flex-basis:25%\"><\/div>\n<\/div>\n\n\n\n<figure class=\"wp-block-embed-youtube wp-block-embed is-type-video is-provider-youtube wp-embed-aspect-16-9 wp-has-aspect-ratio\"><div class=\"wp-block-embed__wrapper\">\n<iframe title=\"Vitamin-C\" width=\"1140\" height=\"641\" src=\"https:\/\/www.youtube.com\/embed\/iQrJ3RflzwY?list=PLKjiMg1ffxYA_ATedN-30UHHVpsAqeYwU\" frameborder=\"0\" allow=\"accelerometer; autoplay; clipboard-write; encrypted-media; gyroscope; picture-in-picture\" allowfullscreen><\/iframe>\n<\/div><\/figure>\n","protected":false},"excerpt":{"rendered":"<p>Nachweis von Vitamin-C Frage Inwiefern eignet sich das von dir untersuchte Lebensmittel als Vitamin-C-Quelle auf Schiffsreisen im 19. Jahrhundert? Aufgabe Untersuche deine Nahrungsmittelprobe auf das Vorkommen von Vitamin-C. Material Nahrungsmittelproben T\u00fcpfelplatte Vitamin-C-Teststreifen Wasser Durchf\u00fchrung Gib die zerriebenen bzw. fl\u00fcssigen Nahrungsmittelproben auf die Mulden der T\u00fcpfelplatte. F\u00fcge zu den einzelnen Proben etwas Wasser. Halte den Testbereich &hellip; <\/p>\n<p><a class=\"more-link btn\" href=\"https:\/\/blogs.urz.uni-halle.de\/seemannsfrass\/experiment-4\/\">Weiterlesen<\/a><\/p>\n","protected":false},"author":5130,"featured_media":0,"parent":0,"menu_order":0,"comment_status":"closed","ping_status":"closed","template":"","meta":[],"_links":{"self":[{"href":"https:\/\/blogs.urz.uni-halle.de\/seemannsfrass\/wp-json\/wp\/v2\/pages\/177"}],"collection":[{"href":"https:\/\/blogs.urz.uni-halle.de\/seemannsfrass\/wp-json\/wp\/v2\/pages"}],"about":[{"href":"https:\/\/blogs.urz.uni-halle.de\/seemannsfrass\/wp-json\/wp\/v2\/types\/page"}],"author":[{"embeddable":true,"href":"https:\/\/blogs.urz.uni-halle.de\/seemannsfrass\/wp-json\/wp\/v2\/users\/5130"}],"replies":[{"embeddable":true,"href":"https:\/\/blogs.urz.uni-halle.de\/seemannsfrass\/wp-json\/wp\/v2\/comments?post=177"}],"version-history":[{"count":5,"href":"https:\/\/blogs.urz.uni-halle.de\/seemannsfrass\/wp-json\/wp\/v2\/pages\/177\/revisions"}],"predecessor-version":[{"id":273,"href":"https:\/\/blogs.urz.uni-halle.de\/seemannsfrass\/wp-json\/wp\/v2\/pages\/177\/revisions\/273"}],"wp:attachment":[{"href":"https:\/\/blogs.urz.uni-halle.de\/seemannsfrass\/wp-json\/wp\/v2\/media?parent=177"}],"curies":[{"name":"wp","href":"https:\/\/api.w.org\/{rel}","templated":true}]}}