{"id":182,"date":"2021-12-10T10:11:20","date_gmt":"2021-12-10T09:11:20","guid":{"rendered":"https:\/\/blogs.urz.uni-halle.de\/seemannsfrass\/?page_id=182"},"modified":"2022-02-09T21:38:34","modified_gmt":"2022-02-09T20:38:34","slug":"station-5","status":"publish","type":"page","link":"https:\/\/blogs.urz.uni-halle.de\/seemannsfrass\/station-5\/","title":{"rendered":"Station 5"},"content":{"rendered":"\n<figure class=\"wp-block-pullquote\"><blockquote><p><strong>Energiebedarf<\/strong><\/p><\/blockquote><\/figure>\n\n\n\n<h4>Versorgung der deutschen Handelsflotte von 1882<\/h4>\n\n\n\n<p class=\"has-drop-cap has-background has-small-font-size\" style=\"background-color:#e8e8e8\"><em><strong>\u00bb<\/strong>Voit<strong>&nbsp;<\/strong>hat als Mittelwerth f\u00fcr den t\u00e4glichen Nahrungsbedarf eines Arbeiters 18,3 g Stickstoff und 328 g Kohlenstoff berechnet, Zahlen, welche mit den von anderen Autoren zum Theil auf anderem Wege gewonnenen Werthen nahe \u00fcbereinstimmen. 18,3 g Stickstoff entsprechen 118 g Eiweiss, welche zugleich 63 g Kohlenstoff enthalten, so dass noch 265 g Kohlenstoff durch Fette und Kohlehydrate zu decken bleiben. Von den 118 g Eiweiss sollen 30 bis 50 %, nach&nbsp;Hofmann&nbsp;noch mehr, in animalischer Nahrung, also namentlich in Form von Fleisch gereicht werden. Die 265 g Kohlenstoff ausschliesslich in Kohlehydraten gegeben, w\u00fcrden 597 g St\u00e4rkemehl, ausschliesslich in Fett gegeben 346 g erfordern. Da indessen jedes f\u00fcr sich zu einer Belastung des Darmkanals f\u00fchren w\u00fcrde, so soll eine angemessene Mischung beider Statt haben und zwar sollen nicht \u00fcber 500 g St\u00e4rkemehl und nicht unter 56 g Fett verzehrt werden, wonach also eher ein Mehr an Fett als an St\u00e4rkemehl zul\u00e4ssig ist. Schliesslich ist bei einem arbeitenden Menschen mehr Werth auf die best\u00e4ndige und reichliche Zufuhr der stickstofffreien Stoffe als der stickstoffhaltigen zu legen. Auf Grund dieser wenigen, von Voit ausf\u00fchrlich motivirten S\u00e4tze, ist dann von ihm f\u00fcr einen&nbsp;schwer arbeitenden Menschen (\u2026)&nbsp;die folgende Nahrung in Gramm berechnet vorgeschlagen worden:<br><img loading=\"lazy\" width=\"1630\" height=\"474\" class=\"wp-image-186\" style=\"width: 375px\" src=\"https:\/\/blogs.urz.uni-halle.de\/seemannsfrass\/files\/2021\/12\/Bildschirmfoto-2021-12-10-um-10.23.39.png\" alt=\"\" srcset=\"https:\/\/blogs.urz.uni-halle.de\/seemannsfrass\/files\/2021\/12\/Bildschirmfoto-2021-12-10-um-10.23.39.png 1630w, https:\/\/blogs.urz.uni-halle.de\/seemannsfrass\/files\/2021\/12\/Bildschirmfoto-2021-12-10-um-10.23.39-300x87.png 300w, https:\/\/blogs.urz.uni-halle.de\/seemannsfrass\/files\/2021\/12\/Bildschirmfoto-2021-12-10-um-10.23.39-1024x298.png 1024w, https:\/\/blogs.urz.uni-halle.de\/seemannsfrass\/files\/2021\/12\/Bildschirmfoto-2021-12-10-um-10.23.39-768x223.png 768w, https:\/\/blogs.urz.uni-halle.de\/seemannsfrass\/files\/2021\/12\/Bildschirmfoto-2021-12-10-um-10.23.39-1536x447.png 1536w, https:\/\/blogs.urz.uni-halle.de\/seemannsfrass\/files\/2021\/12\/Bildschirmfoto-2021-12-10-um-10.23.39-1140x332.png 1140w\" sizes=\"(max-width: 1630px) 100vw, 1630px\" \/> <em><strong>\u00ab<\/strong><\/em><br><br>(Quelle: Gesundheitspflege auf Seeschiffen mit besonderer Ber\u00fccksichtigung der Handelsflotte, J. J. Reincke&nbsp;1882, S. 70f.<\/em>)<\/p>\n\n\n\n<h4>Energiebedarf des Menschen<\/h4>\n\n\n\n<p><em>Gesamtumsatz<\/em> = <span class=\"has-inline-color has-vivid-red-color\">Grundumsatz<\/span> + <span class=\"has-inline-color has-vivid-cyan-blue-color\">Leistungsumsatz<\/span> <\/p>\n\n\n\n<p><em><span class=\"has-inline-color has-vivid-red-color\">Grundumsatz<\/span><\/em> = innerhalb von 24 Stunden bei v\u00f6lliger Ruhe verbrauchte Energiemenge (4,2 kJ \u2022 K\u00f6rpergewicht in kg \u2022 24 h)<\/p>\n\n\n\n<p><em><span class=\"has-inline-color has-vivid-cyan-blue-color\">Leistungsumsatz<\/span><\/em> = zus\u00e4tzlich erforderliche Energiemenge durch aktive T\u00e4tigkeiten (z.B. Bewegen oder Denken)<\/p>\n\n\n\n<h4>Leistungsumsatz eines Matrosen<\/h4>\n\n\n\n<figure class=\"wp-block-table is-style-stripes\"><table><thead><tr><th>Arbeiten des Matrosen<\/th><th class=\"has-text-align-right\" data-align=\"right\">Leistungsumsatz (kJ)<\/th><\/tr><\/thead><tbody><tr><td>8 h Schlaf<\/td><td class=\"has-text-align-right\" data-align=\"right\">2847<\/td><\/tr><tr><td>4 h Schiff putzen<\/td><td class=\"has-text-align-right\" data-align=\"right\">3182<\/td><\/tr><tr><td>1 h Tiere pflegen<\/td><td class=\"has-text-align-right\" data-align=\"right\">1411<\/td><\/tr><tr><td>6 h Segel setzen, Anker hieven, Instandhaltungsarbeiten<\/td><td class=\"has-text-align-right\" data-align=\"right\">8541<\/td><\/tr><tr><td>1 h Wache gehen<\/td><td class=\"has-text-align-right\" data-align=\"right\">830<\/td><\/tr><tr><td>2 h Essen (inklusive vorbereiten und servieren)<\/td><td class=\"has-text-align-right\" data-align=\"right\">1172<\/td><\/tr><tr><td>2 h Liegen und M\u00f6wen z\u00e4hlen<\/td><td class=\"has-text-align-right\" data-align=\"right\">468<\/td><\/tr><tr><td><strong>Summe:<\/strong><\/td><td class=\"has-text-align-right\" data-align=\"right\"><strong>18451<\/strong><\/td><\/tr><\/tbody><\/table><\/figure>\n\n\n\n<hr class=\"wp-block-separator\" \/>\n\n\n\n<h4>Arbeitsauftr\u00e4ge<\/h4>\n\n\n\n<ol><li>Ermittle den Gesamtumsatz. Bestimmte daf\u00fcr zun\u00e4chst den Grundumsatz eines Matrosen mit einem K\u00f6rpergewicht von 80 kg. Addiere dein Ergebnis anschlie\u00dfend mit dem Leistungsumsatz aus der Tabelle. \u00dcberpr\u00fcfe die Richtigkeit deiner Rechnung, indem du das Ergebnis durch zwei teilst und anschlie\u00dfend in das Zahlenschloss der Schatztruhe eintr\u00e4gst.<\/li><li>Berechne ausgehend von der Tabelle aus der historischen Quelle die Energiemenge der aufgenommenen Nahrungsmittel eines schwer arbeitenden Menschen. Folgende Werte dienen zur Hilfe: 1 g Protein&nbsp;\u2259&nbsp;17 kJ | 1 g Fett&nbsp;\u2259&nbsp;37 kJ | 1 g Kohlenhydrate&nbsp;\u2259&nbsp;17 kJ.<\/li><li>Vergleiche den Gesamtumsatz eines Matrosen mit der Energiemenge eines schwer arbeitenden Menschen. <\/li><\/ol>\n","protected":false},"excerpt":{"rendered":"<p>Energiebedarf Versorgung der deutschen Handelsflotte von 1882 \u00bbVoit&nbsp;hat als Mittelwerth f\u00fcr den t\u00e4glichen Nahrungsbedarf eines Arbeiters 18,3 g Stickstoff und 328 g Kohlenstoff berechnet, Zahlen, welche mit den von anderen Autoren zum Theil auf anderem Wege gewonnenen Werthen nahe \u00fcbereinstimmen. 18,3 g Stickstoff entsprechen 118 g Eiweiss, welche zugleich 63 g Kohlenstoff enthalten, so dass &hellip; <\/p>\n<p><a class=\"more-link btn\" href=\"https:\/\/blogs.urz.uni-halle.de\/seemannsfrass\/station-5\/\">Weiterlesen<\/a><\/p>\n","protected":false},"author":5130,"featured_media":0,"parent":0,"menu_order":0,"comment_status":"closed","ping_status":"closed","template":"","meta":[],"_links":{"self":[{"href":"https:\/\/blogs.urz.uni-halle.de\/seemannsfrass\/wp-json\/wp\/v2\/pages\/182"}],"collection":[{"href":"https:\/\/blogs.urz.uni-halle.de\/seemannsfrass\/wp-json\/wp\/v2\/pages"}],"about":[{"href":"https:\/\/blogs.urz.uni-halle.de\/seemannsfrass\/wp-json\/wp\/v2\/types\/page"}],"author":[{"embeddable":true,"href":"https:\/\/blogs.urz.uni-halle.de\/seemannsfrass\/wp-json\/wp\/v2\/users\/5130"}],"replies":[{"embeddable":true,"href":"https:\/\/blogs.urz.uni-halle.de\/seemannsfrass\/wp-json\/wp\/v2\/comments?post=182"}],"version-history":[{"count":8,"href":"https:\/\/blogs.urz.uni-halle.de\/seemannsfrass\/wp-json\/wp\/v2\/pages\/182\/revisions"}],"predecessor-version":[{"id":274,"href":"https:\/\/blogs.urz.uni-halle.de\/seemannsfrass\/wp-json\/wp\/v2\/pages\/182\/revisions\/274"}],"wp:attachment":[{"href":"https:\/\/blogs.urz.uni-halle.de\/seemannsfrass\/wp-json\/wp\/v2\/media?parent=182"}],"curies":[{"name":"wp","href":"https:\/\/api.w.org\/{rel}","templated":true}]}}