{"id":190,"date":"2021-12-10T10:59:06","date_gmt":"2021-12-10T09:59:06","guid":{"rendered":"https:\/\/blogs.urz.uni-halle.de\/seemannsfrass\/?page_id=190"},"modified":"2022-02-09T21:45:14","modified_gmt":"2022-02-09T20:45:14","slug":"experiment-5","status":"publish","type":"page","link":"https:\/\/blogs.urz.uni-halle.de\/seemannsfrass\/experiment-5\/","title":{"rendered":"Experiment 5"},"content":{"rendered":"\n<figure class=\"wp-block-pullquote\"><blockquote><p><strong>Nachweis von Fett<\/strong><\/p><\/blockquote><\/figure>\n\n\n\n<div class=\"wp-block-columns\">\n<div class=\"wp-block-column is-vertically-aligned-center\" style=\"flex-basis:25%\">\n<div class=\"wp-block-image\"><figure class=\"alignleft size-large is-resized\"><img loading=\"lazy\" src=\"https:\/\/blogs.urz.uni-halle.de\/seemannsfrass\/files\/2021\/12\/1.png\" alt=\"\" class=\"wp-image-105\" width=\"100\" height=\"100\" srcset=\"https:\/\/blogs.urz.uni-halle.de\/seemannsfrass\/files\/2021\/12\/1.png 568w, https:\/\/blogs.urz.uni-halle.de\/seemannsfrass\/files\/2021\/12\/1-300x300.png 300w, https:\/\/blogs.urz.uni-halle.de\/seemannsfrass\/files\/2021\/12\/1-150x150.png 150w\" sizes=\"(max-width: 100px) 100vw, 100px\" \/><\/figure><\/div>\n<\/div>\n\n\n\n<div class=\"wp-block-column\" style=\"flex-basis:100%\">\n<h3>Frage<\/h3>\n\n\n\n<p>Inwiefern eignet sich das von dir untersuchte Lebensmittel als Fett-Quelle auf Schiffsreisen im 19. Jahrhundert?<\/p>\n<\/div>\n\n\n\n<div class=\"wp-block-column\" style=\"flex-basis:25%\"><\/div>\n<\/div>\n\n\n\n<div class=\"wp-block-columns\">\n<div class=\"wp-block-column is-vertically-aligned-center\" style=\"flex-basis:25%\">\n<div class=\"wp-block-image\"><figure class=\"alignleft size-large is-resized\"><img loading=\"lazy\" src=\"https:\/\/blogs.urz.uni-halle.de\/seemannsfrass\/files\/2021\/12\/2.png\" alt=\"\" class=\"wp-image-108\" width=\"100\" height=\"100\" srcset=\"https:\/\/blogs.urz.uni-halle.de\/seemannsfrass\/files\/2021\/12\/2.png 568w, https:\/\/blogs.urz.uni-halle.de\/seemannsfrass\/files\/2021\/12\/2-300x300.png 300w, https:\/\/blogs.urz.uni-halle.de\/seemannsfrass\/files\/2021\/12\/2-150x150.png 150w\" sizes=\"(max-width: 100px) 100vw, 100px\" \/><\/figure><\/div>\n<\/div>\n\n\n\n<div class=\"wp-block-column\" style=\"flex-basis:100%\">\n<h3>Aufgabe<\/h3>\n\n\n\n<p>Untersuche deine Nahrungsmittelprobe auf das Vorkommen von Fett.<\/p>\n<\/div>\n\n\n\n<div class=\"wp-block-column\" style=\"flex-basis:25%\"><\/div>\n<\/div>\n\n\n\n<div class=\"wp-block-columns\">\n<div class=\"wp-block-column is-vertically-aligned-center\" style=\"flex-basis:25%\">\n<div class=\"wp-block-image\"><figure class=\"alignleft size-large is-resized\"><img loading=\"lazy\" src=\"https:\/\/blogs.urz.uni-halle.de\/seemannsfrass\/files\/2021\/12\/3.png\" alt=\"\" class=\"wp-image-109\" width=\"100\" height=\"100\" srcset=\"https:\/\/blogs.urz.uni-halle.de\/seemannsfrass\/files\/2021\/12\/3.png 568w, https:\/\/blogs.urz.uni-halle.de\/seemannsfrass\/files\/2021\/12\/3-300x300.png 300w, https:\/\/blogs.urz.uni-halle.de\/seemannsfrass\/files\/2021\/12\/3-150x150.png 150w\" sizes=\"(max-width: 100px) 100vw, 100px\" \/><\/figure><\/div>\n<\/div>\n\n\n\n<div class=\"wp-block-column\" style=\"flex-basis:100%\">\n<h3>Material<\/h3>\n\n\n\n<ul><li>Nahrungsmittelprobe<\/li><li>Wasser<\/li><li>Butter<\/li><li>Filterpapier<\/li><li>Spatel<\/li><li>F\u00f6hn oder Heizung<\/li><\/ul>\n<\/div>\n\n\n\n<div class=\"wp-block-column\" style=\"flex-basis:25%\"><\/div>\n<\/div>\n\n\n\n<div class=\"wp-block-columns\">\n<div class=\"wp-block-column is-vertically-aligned-center\" style=\"flex-basis:25%\">\n<div class=\"wp-block-image\"><figure class=\"alignleft size-large is-resized\"><img loading=\"lazy\" src=\"https:\/\/blogs.urz.uni-halle.de\/seemannsfrass\/files\/2021\/12\/4.png\" alt=\"\" class=\"wp-image-112\" width=\"100\" height=\"100\" srcset=\"https:\/\/blogs.urz.uni-halle.de\/seemannsfrass\/files\/2021\/12\/4.png 568w, https:\/\/blogs.urz.uni-halle.de\/seemannsfrass\/files\/2021\/12\/4-300x300.png 300w, https:\/\/blogs.urz.uni-halle.de\/seemannsfrass\/files\/2021\/12\/4-150x150.png 150w\" sizes=\"(max-width: 100px) 100vw, 100px\" \/><\/figure><\/div>\n<\/div>\n\n\n\n<div class=\"wp-block-column\" style=\"flex-basis:100%\">\n<h3>Durchf\u00fchrung<\/h3>\n\n\n\n<ol><li>Gliedere das Filterpapier in vier gleich gro\u00dfe Teile und beschrifte sie folgenderma\u00dfen:<ul><li>Segment A: Butter<\/li><li>Segment B: Wasser<\/li><li>Segmente C und D: Nahrungsmittelprobe<\/li><\/ul><\/li><li>Mit Hilfe des Spatels werden die verschiedenen Proben in das jeweilige Segment gepresst. <\/li><li>Das Filterpapier vorsichtig erw\u00e4rmen. <\/li><li>Ein \u00f6liger Fleck weist Fett nach.<\/li><\/ol>\n<\/div>\n\n\n\n<div class=\"wp-block-column\" style=\"flex-basis:25%\"><\/div>\n<\/div>\n\n\n\n<div class=\"wp-block-columns\">\n<div class=\"wp-block-column is-vertically-aligned-center\" style=\"flex-basis:25%\">\n<div class=\"wp-block-image\"><figure class=\"alignleft size-large is-resized\"><img loading=\"lazy\" src=\"https:\/\/blogs.urz.uni-halle.de\/seemannsfrass\/files\/2021\/12\/5.png\" alt=\"\" class=\"wp-image-113\" width=\"100\" height=\"100\" srcset=\"https:\/\/blogs.urz.uni-halle.de\/seemannsfrass\/files\/2021\/12\/5.png 568w, https:\/\/blogs.urz.uni-halle.de\/seemannsfrass\/files\/2021\/12\/5-300x300.png 300w, https:\/\/blogs.urz.uni-halle.de\/seemannsfrass\/files\/2021\/12\/5-150x150.png 150w\" sizes=\"(max-width: 100px) 100vw, 100px\" \/><\/figure><\/div>\n<\/div>\n\n\n\n<div class=\"wp-block-column\" style=\"flex-basis:100%\">\n<h3>Beobachtung<\/h3>\n\n\n\n<p>Was konntest du beobachten?<\/p>\n<\/div>\n\n\n\n<div class=\"wp-block-column\" style=\"flex-basis:25%\"><\/div>\n<\/div>\n\n\n\n<div class=\"wp-block-columns\">\n<div class=\"wp-block-column is-vertically-aligned-center\" style=\"flex-basis:25%\">\n<div class=\"wp-block-image\"><figure class=\"alignleft size-large is-resized\"><img loading=\"lazy\" src=\"https:\/\/blogs.urz.uni-halle.de\/seemannsfrass\/files\/2021\/12\/6.png\" alt=\"\" class=\"wp-image-114\" width=\"100\" height=\"100\" srcset=\"https:\/\/blogs.urz.uni-halle.de\/seemannsfrass\/files\/2021\/12\/6.png 568w, https:\/\/blogs.urz.uni-halle.de\/seemannsfrass\/files\/2021\/12\/6-300x300.png 300w, https:\/\/blogs.urz.uni-halle.de\/seemannsfrass\/files\/2021\/12\/6-150x150.png 150w\" sizes=\"(max-width: 100px) 100vw, 100px\" \/><\/figure><\/div>\n<\/div>\n\n\n\n<div class=\"wp-block-column\" style=\"flex-basis:100%\">\n<h3>Auswertung<\/h3>\n\n\n\n<p>Was schlussfolgerst du aus deinen Beobachtungen? Nimm dabei Bezug zur oben gestellten Frage.<\/p>\n<\/div>\n\n\n\n<div class=\"wp-block-column\" style=\"flex-basis:25%\"><\/div>\n<\/div>\n\n\n\n<figure class=\"wp-block-embed-youtube wp-block-embed is-type-video is-provider-youtube wp-embed-aspect-16-9 wp-has-aspect-ratio\"><div class=\"wp-block-embed__wrapper\">\n<iframe title=\"Fett\" width=\"1140\" height=\"641\" src=\"https:\/\/www.youtube.com\/embed\/968RSIxopxM?feature=oembed\" frameborder=\"0\" allow=\"accelerometer; autoplay; clipboard-write; encrypted-media; gyroscope; picture-in-picture\" allowfullscreen><\/iframe>\n<\/div><\/figure>\n","protected":false},"excerpt":{"rendered":"<p>Nachweis von Fett Frage Inwiefern eignet sich das von dir untersuchte Lebensmittel als Fett-Quelle auf Schiffsreisen im 19. Jahrhundert? Aufgabe Untersuche deine Nahrungsmittelprobe auf das Vorkommen von Fett. Material Nahrungsmittelprobe Wasser Butter Filterpapier Spatel F\u00f6hn oder Heizung Durchf\u00fchrung Gliedere das Filterpapier in vier gleich gro\u00dfe Teile und beschrifte sie folgenderma\u00dfen: Segment A: Butter Segment B: &hellip; <\/p>\n<p><a class=\"more-link btn\" href=\"https:\/\/blogs.urz.uni-halle.de\/seemannsfrass\/experiment-5\/\">Weiterlesen<\/a><\/p>\n","protected":false},"author":5130,"featured_media":0,"parent":0,"menu_order":0,"comment_status":"closed","ping_status":"closed","template":"","meta":[],"_links":{"self":[{"href":"https:\/\/blogs.urz.uni-halle.de\/seemannsfrass\/wp-json\/wp\/v2\/pages\/190"}],"collection":[{"href":"https:\/\/blogs.urz.uni-halle.de\/seemannsfrass\/wp-json\/wp\/v2\/pages"}],"about":[{"href":"https:\/\/blogs.urz.uni-halle.de\/seemannsfrass\/wp-json\/wp\/v2\/types\/page"}],"author":[{"embeddable":true,"href":"https:\/\/blogs.urz.uni-halle.de\/seemannsfrass\/wp-json\/wp\/v2\/users\/5130"}],"replies":[{"embeddable":true,"href":"https:\/\/blogs.urz.uni-halle.de\/seemannsfrass\/wp-json\/wp\/v2\/comments?post=190"}],"version-history":[{"count":4,"href":"https:\/\/blogs.urz.uni-halle.de\/seemannsfrass\/wp-json\/wp\/v2\/pages\/190\/revisions"}],"predecessor-version":[{"id":275,"href":"https:\/\/blogs.urz.uni-halle.de\/seemannsfrass\/wp-json\/wp\/v2\/pages\/190\/revisions\/275"}],"wp:attachment":[{"href":"https:\/\/blogs.urz.uni-halle.de\/seemannsfrass\/wp-json\/wp\/v2\/media?parent=190"}],"curies":[{"name":"wp","href":"https:\/\/api.w.org\/{rel}","templated":true}]}}