{"id":38,"date":"2021-12-08T21:42:02","date_gmt":"2021-12-08T20:42:02","guid":{"rendered":"https:\/\/blogs.urz.uni-halle.de\/seemannsfrass\/?page_id=38"},"modified":"2022-02-07T20:49:18","modified_gmt":"2022-02-07T19:49:18","slug":"station-1","status":"publish","type":"page","link":"https:\/\/blogs.urz.uni-halle.de\/seemannsfrass\/station-1\/","title":{"rendered":"Experiment 1"},"content":{"rendered":"\n<figure class=\"wp-block-pullquote\"><blockquote><p><strong>Nachweis  von St\u00e4rke<\/strong><\/p><\/blockquote><\/figure>\n\n\n\n<div class=\"wp-block-columns\">\n<div class=\"wp-block-column is-vertically-aligned-center\" style=\"flex-basis:25%\">\n<div class=\"wp-block-image\"><figure class=\"alignleft size-thumbnail is-resized\"><img loading=\"lazy\" src=\"https:\/\/blogs.urz.uni-halle.de\/seemannsfrass\/files\/2021\/12\/1-150x150.png\" alt=\"\" class=\"wp-image-105\" width=\"100\" height=\"100\" srcset=\"https:\/\/blogs.urz.uni-halle.de\/seemannsfrass\/files\/2021\/12\/1-150x150.png 150w, https:\/\/blogs.urz.uni-halle.de\/seemannsfrass\/files\/2021\/12\/1-300x300.png 300w, https:\/\/blogs.urz.uni-halle.de\/seemannsfrass\/files\/2021\/12\/1.png 568w\" sizes=\"(max-width: 100px) 100vw, 100px\" \/><\/figure><\/div>\n<\/div>\n\n\n\n<div class=\"wp-block-column\" style=\"flex-basis:100%\">\n<h3>Frage<\/h3>\n\n\n\n<p>Inwiefern eignet sich das von dir untersuchte Lebensmittel als St\u00e4rke-Quelle auf Schiffsreisen im 19. Jahrhundert?<\/p>\n<\/div>\n\n\n\n<div class=\"wp-block-column\" style=\"flex-basis:25%\"><\/div>\n<\/div>\n\n\n\n<div class=\"wp-block-columns\">\n<div class=\"wp-block-column is-vertically-aligned-center\" style=\"flex-basis:25%\">\n<div class=\"wp-block-image\"><figure class=\"alignleft size-large is-resized\"><img loading=\"lazy\" src=\"https:\/\/blogs.urz.uni-halle.de\/seemannsfrass\/files\/2021\/12\/2.png\" alt=\"\" class=\"wp-image-108\" width=\"100\" height=\"100\" srcset=\"https:\/\/blogs.urz.uni-halle.de\/seemannsfrass\/files\/2021\/12\/2.png 568w, https:\/\/blogs.urz.uni-halle.de\/seemannsfrass\/files\/2021\/12\/2-300x300.png 300w, https:\/\/blogs.urz.uni-halle.de\/seemannsfrass\/files\/2021\/12\/2-150x150.png 150w\" sizes=\"(max-width: 100px) 100vw, 100px\" \/><\/figure><\/div>\n<\/div>\n\n\n\n<div class=\"wp-block-column\" style=\"flex-basis:100%\">\n<h3>Aufgabe<\/h3>\n\n\n\n<p>Untersuche deine Nahrungsmittelprobe auf das Vorkommen von St\u00e4rke. <\/p>\n<\/div>\n\n\n\n<div class=\"wp-block-column\" style=\"flex-basis:25%\"><\/div>\n<\/div>\n\n\n\n<div class=\"wp-block-columns\">\n<div class=\"wp-block-column is-vertically-aligned-center\" style=\"flex-basis:25%\">\n<div class=\"wp-block-image\"><figure class=\"alignleft size-large is-resized\"><img loading=\"lazy\" src=\"https:\/\/blogs.urz.uni-halle.de\/seemannsfrass\/files\/2021\/12\/3.png\" alt=\"\" class=\"wp-image-109\" width=\"100\" height=\"100\" srcset=\"https:\/\/blogs.urz.uni-halle.de\/seemannsfrass\/files\/2021\/12\/3.png 568w, https:\/\/blogs.urz.uni-halle.de\/seemannsfrass\/files\/2021\/12\/3-300x300.png 300w, https:\/\/blogs.urz.uni-halle.de\/seemannsfrass\/files\/2021\/12\/3-150x150.png 150w\" sizes=\"(max-width: 100px) 100vw, 100px\" \/><\/figure><\/div>\n<\/div>\n\n\n\n<div class=\"wp-block-column\" style=\"flex-basis:100%\">\n<h3>Material<\/h3>\n\n\n\n<ul><li>Nahrungsmittelproben<\/li><li>T\u00fcpfelplatte<\/li><li>Iod-Kaliumiodid-L\u00f6sung<\/li><\/ul>\n<\/div>\n\n\n\n<div class=\"wp-block-column\" style=\"flex-basis:25%\"><\/div>\n<\/div>\n\n\n\n<div class=\"wp-block-columns\">\n<div class=\"wp-block-column is-vertically-aligned-center\" style=\"flex-basis:25%\">\n<div class=\"wp-block-image\"><figure class=\"alignleft size-large is-resized\"><img loading=\"lazy\" src=\"https:\/\/blogs.urz.uni-halle.de\/seemannsfrass\/files\/2021\/12\/4.png\" alt=\"\" class=\"wp-image-112\" width=\"100\" height=\"100\" srcset=\"https:\/\/blogs.urz.uni-halle.de\/seemannsfrass\/files\/2021\/12\/4.png 568w, https:\/\/blogs.urz.uni-halle.de\/seemannsfrass\/files\/2021\/12\/4-300x300.png 300w, https:\/\/blogs.urz.uni-halle.de\/seemannsfrass\/files\/2021\/12\/4-150x150.png 150w\" sizes=\"(max-width: 100px) 100vw, 100px\" \/><\/figure><\/div>\n\n\n\n<p><\/p>\n<\/div>\n\n\n\n<div class=\"wp-block-column\" style=\"flex-basis:100%\">\n<h3>Durchf\u00fchrung<\/h3>\n\n\n\n<ol><li>\u00dcbertrage deine Nahrungsmittelproben auf eine T\u00fcpfelplatte.<\/li><li>Gib 3 Tropfen Iod-Kaliumiodid-L\u00f6sung (Lugolsche-L\u00f6sung) auf jede Probe.<\/li><li>Eine dunkelviolette bis schwarze F\u00e4rbung weist das Vorkommen von St\u00e4rke nach.<\/li><\/ol>\n<\/div>\n\n\n\n<div class=\"wp-block-column\" style=\"flex-basis:25%\"><\/div>\n<\/div>\n\n\n\n<div class=\"wp-block-columns\">\n<div class=\"wp-block-column is-vertically-aligned-center\" style=\"flex-basis:25%\">\n<div class=\"wp-block-image\"><figure class=\"alignleft size-large is-resized\"><img loading=\"lazy\" src=\"https:\/\/blogs.urz.uni-halle.de\/seemannsfrass\/files\/2021\/12\/5.png\" alt=\"\" class=\"wp-image-113\" width=\"100\" height=\"100\" srcset=\"https:\/\/blogs.urz.uni-halle.de\/seemannsfrass\/files\/2021\/12\/5.png 568w, https:\/\/blogs.urz.uni-halle.de\/seemannsfrass\/files\/2021\/12\/5-300x300.png 300w, https:\/\/blogs.urz.uni-halle.de\/seemannsfrass\/files\/2021\/12\/5-150x150.png 150w\" sizes=\"(max-width: 100px) 100vw, 100px\" \/><\/figure><\/div>\n<\/div>\n\n\n\n<div class=\"wp-block-column\" style=\"flex-basis:100%\">\n<h3>Beobachtung<\/h3>\n\n\n\n<p>Was konntest du beobachten?<\/p>\n<\/div>\n\n\n\n<div class=\"wp-block-column\" style=\"flex-basis:25%\"><\/div>\n<\/div>\n\n\n\n<div class=\"wp-block-columns\">\n<div class=\"wp-block-column is-vertically-aligned-center\" style=\"flex-basis:25%\">\n<div class=\"wp-block-image\"><figure class=\"alignleft size-large is-resized\"><img loading=\"lazy\" src=\"https:\/\/blogs.urz.uni-halle.de\/seemannsfrass\/files\/2021\/12\/6.png\" alt=\"\" class=\"wp-image-114\" width=\"100\" height=\"100\" srcset=\"https:\/\/blogs.urz.uni-halle.de\/seemannsfrass\/files\/2021\/12\/6.png 568w, https:\/\/blogs.urz.uni-halle.de\/seemannsfrass\/files\/2021\/12\/6-300x300.png 300w, https:\/\/blogs.urz.uni-halle.de\/seemannsfrass\/files\/2021\/12\/6-150x150.png 150w\" sizes=\"(max-width: 100px) 100vw, 100px\" \/><\/figure><\/div>\n<\/div>\n\n\n\n<div class=\"wp-block-column\" style=\"flex-basis:100%\">\n<h3>Auswertung<\/h3>\n\n\n\n<p>Was schlussfolgerst du aus deinen Beobachtungen? Nimm dabei Bezug zur oben gestellten Frage.<\/p>\n<\/div>\n\n\n\n<div class=\"wp-block-column\" style=\"flex-basis:25%\"><\/div>\n<\/div>\n\n\n\n<figure class=\"wp-block-embed-youtube wp-block-embed is-type-video is-provider-youtube wp-embed-aspect-16-9 wp-has-aspect-ratio\"><div class=\"wp-block-embed__wrapper\">\n<iframe title=\"St\u00e4rke\" width=\"1140\" height=\"641\" src=\"https:\/\/www.youtube.com\/embed\/AhG1I7v4GsY?list=PLKjiMg1ffxYA_ATedN-30UHHVpsAqeYwU\" frameborder=\"0\" allow=\"accelerometer; autoplay; clipboard-write; encrypted-media; gyroscope; picture-in-picture\" allowfullscreen><\/iframe>\n<\/div><\/figure>\n","protected":false},"excerpt":{"rendered":"<p>Nachweis von St\u00e4rke Frage Inwiefern eignet sich das von dir untersuchte Lebensmittel als St\u00e4rke-Quelle auf Schiffsreisen im 19. Jahrhundert? Aufgabe Untersuche deine Nahrungsmittelprobe auf das Vorkommen von St\u00e4rke. Material Nahrungsmittelproben T\u00fcpfelplatte Iod-Kaliumiodid-L\u00f6sung Durchf\u00fchrung \u00dcbertrage deine Nahrungsmittelproben auf eine T\u00fcpfelplatte. Gib 3 Tropfen Iod-Kaliumiodid-L\u00f6sung (Lugolsche-L\u00f6sung) auf jede Probe. Eine dunkelviolette bis schwarze F\u00e4rbung weist das Vorkommen &hellip; <\/p>\n<p><a class=\"more-link btn\" href=\"https:\/\/blogs.urz.uni-halle.de\/seemannsfrass\/station-1\/\">Weiterlesen<\/a><\/p>\n","protected":false},"author":5130,"featured_media":0,"parent":0,"menu_order":0,"comment_status":"closed","ping_status":"closed","template":"","meta":[],"_links":{"self":[{"href":"https:\/\/blogs.urz.uni-halle.de\/seemannsfrass\/wp-json\/wp\/v2\/pages\/38"}],"collection":[{"href":"https:\/\/blogs.urz.uni-halle.de\/seemannsfrass\/wp-json\/wp\/v2\/pages"}],"about":[{"href":"https:\/\/blogs.urz.uni-halle.de\/seemannsfrass\/wp-json\/wp\/v2\/types\/page"}],"author":[{"embeddable":true,"href":"https:\/\/blogs.urz.uni-halle.de\/seemannsfrass\/wp-json\/wp\/v2\/users\/5130"}],"replies":[{"embeddable":true,"href":"https:\/\/blogs.urz.uni-halle.de\/seemannsfrass\/wp-json\/wp\/v2\/comments?post=38"}],"version-history":[{"count":10,"href":"https:\/\/blogs.urz.uni-halle.de\/seemannsfrass\/wp-json\/wp\/v2\/pages\/38\/revisions"}],"predecessor-version":[{"id":264,"href":"https:\/\/blogs.urz.uni-halle.de\/seemannsfrass\/wp-json\/wp\/v2\/pages\/38\/revisions\/264"}],"wp:attachment":[{"href":"https:\/\/blogs.urz.uni-halle.de\/seemannsfrass\/wp-json\/wp\/v2\/media?parent=38"}],"curies":[{"name":"wp","href":"https:\/\/api.w.org\/{rel}","templated":true}]}}