{"id":59,"date":"2019-09-27T08:41:10","date_gmt":"2019-09-27T06:41:10","guid":{"rendered":"https:\/\/blogs.urz.uni-halle.de\/sehensunwurdigkeiten\/?page_id=59"},"modified":"2019-09-27T12:11:06","modified_gmt":"2019-09-27T10:11:06","slug":"wats-dis","status":"publish","type":"page","link":"https:\/\/blogs.urz.uni-halle.de\/sehensunwurdigkeiten\/wats-dis\/","title":{"rendered":"Wats dis?"},"content":{"rendered":"<p><span style=\"font-size: 1rem\">Wie der Titel dieses Blogs bereits vermuten l\u00e4sst, handelt er von Orten die man sich auf gar keinen Fall anschauen muss wenn man eine Stadt besucht. Wenn du also vorhast demn\u00e4chst zu verreisen um dir eine bestimmte Stadt anzuschauen, solltest du auf jeden Fall vorher hier vorbeischauen! Du kannst dich \u00fcber diese Unorte belesen und sie dann auf Google Maps markieren damit du genau wei\u00dft wo du \u00fcberall nicht hin musst. Denn bei der gro\u00dfen Vielfalt verkommt die Suche nach Sehenswertem allzu h\u00e4ufig zur Qual &#8211; mit unserer Hilfe kannst du bereits von Vorneherein eine Menge Orte ausschlie\u00dfen und dir die Auswahl immens erleichtern!<br \/>\nBesonders motivierte Leser k\u00f6nnen gerne ihre eigenen Bilder auf Instagram posten und mit dem \u00e4u\u00dferst unpopul\u00e4ren Hashtag #sehensunw\u00fcrdigkeiten versehen &#8211; die besten werden dann auf diesem Blog eingebettet!<br \/>\nWir &#8211; das sind Jaque und Wenzelklaus &#8211; bereisen f\u00fcr euch verschiedene St\u00e4dte und halten Ausschau nach besonders unsehenswerten Orten! Wir fassen <\/span><span style=\"font-size: 1rem\">unseren Besuch in einer Stadt dann in einigen Beitr\u00e4gen zusammen und geben am Ende noch ein Schlussfazit zur Stadt ab.\u00a0<\/span><\/p>\n<p><span style=\"font-weight: 400\">Viel Spa\u00df beim Lesen!<\/span><\/p>\n<p><span style=\"font-weight: 400\">&#8211; Jaque und Wurzelklaus<\/span><\/p>\n","protected":false},"excerpt":{"rendered":"<p>Wie der Titel dieses Blogs bereits vermuten l\u00e4sst, handelt er von Orten die man sich auf gar keinen Fall anschauen muss wenn man eine Stadt besucht. Wenn du also vorhast demn\u00e4chst zu verreisen um dir eine bestimmte Stadt anzuschauen, solltest du auf jeden Fall vorher hier vorbeischauen! Du kannst dich \u00fcber diese Unorte belesen und &hellip; <\/p>\n<p class=\"link-more\"><a href=\"https:\/\/blogs.urz.uni-halle.de\/sehensunwurdigkeiten\/wats-dis\/\" class=\"more-link\"><span class=\"screen-reader-text\">\u201eWats dis?\u201c<\/span> weiterlesen<\/a><\/p>\n","protected":false},"author":4154,"featured_media":0,"parent":0,"menu_order":0,"comment_status":"closed","ping_status":"closed","template":"","meta":[],"_links":{"self":[{"href":"https:\/\/blogs.urz.uni-halle.de\/sehensunwurdigkeiten\/wp-json\/wp\/v2\/pages\/59"}],"collection":[{"href":"https:\/\/blogs.urz.uni-halle.de\/sehensunwurdigkeiten\/wp-json\/wp\/v2\/pages"}],"about":[{"href":"https:\/\/blogs.urz.uni-halle.de\/sehensunwurdigkeiten\/wp-json\/wp\/v2\/types\/page"}],"author":[{"embeddable":true,"href":"https:\/\/blogs.urz.uni-halle.de\/sehensunwurdigkeiten\/wp-json\/wp\/v2\/users\/4154"}],"replies":[{"embeddable":true,"href":"https:\/\/blogs.urz.uni-halle.de\/sehensunwurdigkeiten\/wp-json\/wp\/v2\/comments?post=59"}],"version-history":[{"count":3,"href":"https:\/\/blogs.urz.uni-halle.de\/sehensunwurdigkeiten\/wp-json\/wp\/v2\/pages\/59\/revisions"}],"predecessor-version":[{"id":83,"href":"https:\/\/blogs.urz.uni-halle.de\/sehensunwurdigkeiten\/wp-json\/wp\/v2\/pages\/59\/revisions\/83"}],"wp:attachment":[{"href":"https:\/\/blogs.urz.uni-halle.de\/sehensunwurdigkeiten\/wp-json\/wp\/v2\/media?parent=59"}],"curies":[{"name":"wp","href":"https:\/\/api.w.org\/{rel}","templated":true}]}}