{"id":158,"date":"2020-08-12T14:31:55","date_gmt":"2020-08-12T12:31:55","guid":{"rendered":"https:\/\/blogs.urz.uni-halle.de\/sfb102andfamily\/?page_id=158"},"modified":"2023-02-05T11:22:08","modified_gmt":"2023-02-05T10:22:08","slug":"imprint","status":"publish","type":"page","link":"https:\/\/blogs.urz.uni-halle.de\/sfb102andfamily\/en\/imprint\/","title":{"rendered":"Imprint"},"content":{"rendered":"\n<div class=\"wp-block-group\"><div class=\"wp-block-group__inner-container\">\n<p><strong>Impressum nach \u00a7 5 TMG<\/strong><\/p>\n\n\n\n<p><strong>Institution<\/strong><\/p>\n\n\n\n<p>Die Martin-Luther-Universit\u00e4t Halle-Wittenberg ist eine K\u00f6rperschaft des \u00f6ffentlichen Rechts. Sie wird durch die Rektorin Frau Prof. Dr. Claudia Becker gesetzlich vertreten: &#x69;&#110;&#x66;&#x6f;&#64;&#x75;&#110;i&#x2d;&#104;a&#x6c;&#108;&#x65;&#x2e;d&#x65;<\/p>\n\n\n\n<p><strong>Angaben<\/strong><\/p>\n\n\n\n<p>Martin-Luther-Universit\u00e4t Halle-Wittenberg<br>Universit\u00e4tsplatz 10<br>06108 Halle<br>Deutschland<br>Telefon: &nbsp;&nbsp;&nbsp;&nbsp;&nbsp;&nbsp;&nbsp; 0345 \/ 55 20<br>Fax: &nbsp;&nbsp;&nbsp;&nbsp;&nbsp;&nbsp;&nbsp;&nbsp;&nbsp;&nbsp;&nbsp;&nbsp;&nbsp;&nbsp; 0345 \/ 55 27 077<br>E-Mail: &nbsp;&nbsp;&nbsp;&nbsp;&nbsp;&nbsp;&nbsp;&nbsp; &#x69;&#x6e;&#x66;&#x6f;&#x40;&#x75;&#x6e;&#105;&#45;&#104;&#97;&#108;le&#46;d&#x65;&nbsp;&nbsp;&nbsp;&nbsp; <br>Internet: &nbsp;&nbsp;&nbsp;&nbsp;&nbsp;&nbsp; www.uni-halle.de<br>Umsatzsteuer-Identifikationsnummer: DE 811353703 gem\u00e4\u00df \u00a7 27 a Umsatzsteuergesetz<\/p>\n\n\n\n<p><strong>Institut<\/strong><\/p>\n\n\n\n<p>Martin-Luther-Universit\u00e4t Halle-Wittenberg<br>Naturwissenschaftliche Fakult\u00e4t II<br>Institut f\u00fcr Physik<br>Gesch\u00e4ftsstelle SFB\/TRR 102<br>Von-Danckelmann-Platz 3<br>06120 Halle (Saale)<\/p>\n\n\n\n<p>&#115;&#x66;b&#45;&#x74;r&#114;&#x2d;1&#48;&#x32;-&#111;&#x66;f&#105;&#x63;e&#64;&#x70;h&#121;&#x73;i&#107;&#x2e;u&#110;&#x69;-&#104;&#x61;l&#x6c;&#x65;&#46;&#x64;&#x65;<\/p>\n\n\n\n<p><strong>Aufsichtsbeh\u00f6rde<\/strong><\/p>\n\n\n\n<p>Die zust\u00e4ndige Aufsichtsbeh\u00f6rde ist das<br>Ministerium f\u00fcr Wissenschaft, Energie, Klimaschutz und Umwelt des Landes Sachsen-Anhalt<br>Leipziger Stra\u00dfe 58<br>39112 Magdeburg<br>E-Mail: <a href=\"&#109;&#x61;&#x69;&#108;&#x74;&#x6f;:&#x70;&#x6f;s&#116;&#x73;t&#101;&#x6c;l&#101;&#x40;m&#119;&#x75;&#46;&#115;&#x61;&#x63;&#104;&#x73;&#x65;&#110;&#x2d;&#x61;n&#x68;&#x61;l&#116;&#x2e;d&#101;\">&#x70;&#x6f;&#x73;&#116;&#115;te&#x6c;&#x6c;&#x65;&#64;&#109;wu&#x2e;&#x73;&#x61;&#99;&#104;se&#x6e;&#x2d;&#x61;&#110;&#104;al&#x74;&#x2e;&#x64;&#101;<\/a><br>Web: <a href=\"http:\/\/www.mwu.sachsen-anhalt.de\/\" target=\"_blank\" rel=\"noreferrer noopener\">www.mwu.sachsen-anhalt.de<\/a><strong><\/strong><\/p>\n<\/div><\/div>\n","protected":false},"excerpt":{"rendered":"","protected":false},"author":5009,"featured_media":0,"parent":0,"menu_order":0,"comment_status":"closed","ping_status":"closed","template":"","meta":{"ngg_post_thumbnail":0},"_links":{"self":[{"href":"https:\/\/blogs.urz.uni-halle.de\/sfb102andfamily\/wp-json\/wp\/v2\/pages\/158"}],"collection":[{"href":"https:\/\/blogs.urz.uni-halle.de\/sfb102andfamily\/wp-json\/wp\/v2\/pages"}],"about":[{"href":"https:\/\/blogs.urz.uni-halle.de\/sfb102andfamily\/wp-json\/wp\/v2\/types\/page"}],"author":[{"embeddable":true,"href":"https:\/\/blogs.urz.uni-halle.de\/sfb102andfamily\/wp-json\/wp\/v2\/users\/5009"}],"replies":[{"embeddable":true,"href":"https:\/\/blogs.urz.uni-halle.de\/sfb102andfamily\/wp-json\/wp\/v2\/comments?post=158"}],"version-history":[{"count":4,"href":"https:\/\/blogs.urz.uni-halle.de\/sfb102andfamily\/wp-json\/wp\/v2\/pages\/158\/revisions"}],"predecessor-version":[{"id":480,"href":"https:\/\/blogs.urz.uni-halle.de\/sfb102andfamily\/wp-json\/wp\/v2\/pages\/158\/revisions\/480"}],"wp:attachment":[{"href":"https:\/\/blogs.urz.uni-halle.de\/sfb102andfamily\/wp-json\/wp\/v2\/media?parent=158"}],"curies":[{"name":"wp","href":"https:\/\/api.w.org\/{rel}","templated":true}]}}