{"id":26,"date":"2021-03-25T20:49:41","date_gmt":"2021-03-25T19:49:41","guid":{"rendered":"https:\/\/blogs.urz.uni-halle.de\/simpletricks\/?page_id=26"},"modified":"2023-01-23T19:13:04","modified_gmt":"2023-01-23T18:13:04","slug":"impressum","status":"publish","type":"page","link":"https:\/\/blogs.urz.uni-halle.de\/simpletricks\/impressum\/","title":{"rendered":"Impressum"},"content":{"rendered":"\t\t<div data-elementor-type=\"wp-page\" data-elementor-id=\"26\" class=\"elementor elementor-26\" data-elementor-settings=\"[]\">\n\t\t\t\t\t\t\t<div class=\"elementor-section-wrap\">\n\t\t\t\t\t\t\t<section class=\"elementor-section elementor-top-section elementor-element elementor-element-2504774 elementor-section-boxed elementor-section-height-default elementor-section-height-default\" data-id=\"2504774\" data-element_type=\"section\">\n\t\t\t\t\t\t<div class=\"elementor-container elementor-column-gap-default\">\n\t\t\t\t\t<div class=\"elementor-column elementor-col-100 elementor-top-column elementor-element elementor-element-dd5bfd7\" data-id=\"dd5bfd7\" data-element_type=\"column\">\n\t\t\t<div class=\"elementor-widget-wrap elementor-element-populated\">\n\t\t\t\t\t\t\t\t<div class=\"elementor-element elementor-element-76363d1 elementor-widget elementor-widget-heading\" data-id=\"76363d1\" data-element_type=\"widget\" data-widget_type=\"heading.default\">\n\t\t\t\t<div class=\"elementor-widget-container\">\n\t\t\t<h1 class=\"elementor-heading-title elementor-size-default\">Impressum<\/h1>\t\t<\/div>\n\t\t\t\t<\/div>\n\t\t\t\t\t<\/div>\n\t\t<\/div>\n\t\t\t\t\t\t\t<\/div>\n\t\t<\/section>\n\t\t\t\t<section class=\"elementor-section elementor-top-section elementor-element elementor-element-6a02e89 elementor-section-boxed elementor-section-height-default elementor-section-height-default\" data-id=\"6a02e89\" data-element_type=\"section\">\n\t\t\t\t\t\t<div class=\"elementor-container elementor-column-gap-default\">\n\t\t\t\t\t<div class=\"elementor-column elementor-col-100 elementor-top-column elementor-element elementor-element-33897d5\" data-id=\"33897d5\" data-element_type=\"column\">\n\t\t\t<div class=\"elementor-widget-wrap elementor-element-populated\">\n\t\t\t\t\t\t\t\t<div class=\"elementor-element elementor-element-8c7e3ba elementor-widget elementor-widget-text-editor\" data-id=\"8c7e3ba\" data-element_type=\"widget\" data-widget_type=\"text-editor.default\">\n\t\t\t\t<div class=\"elementor-widget-container\">\n\t\t\t\t\t<div class=\"elementor-text-editor elementor-clearfix\"><p>Im Folgenden die Pflichtangaben gem. \u00a7 18 MStV (Medienstaatsvertrag):<\/p><p>Lukas Collier<br \/>Emil-Abderhalden-Str. 4<br \/>06108 Halle<\/p><p>F\u00fcr Fragen oder Anregungen k\u00f6nnt Ihr mir gerne eine E-Mail schreiben an<\/p><p>lukas.collier@student.uni-halle.de<\/p><p>Mein Content wurde mit gro\u00dfer Sorgfalt erstellt. Sollte dennoch ein Fehler vorkommen, so bitte ich diesen zu verzeihen.<\/p><p>Meine Datenschutzerkl\u00e4rung ist in der Fu\u00dfzeile der Seite oder unter <a href=\"https:\/\/blogs.urz.uni-halle.de\/simpletricks\/datenschutzerklaerung\" target=\"_blank\" rel=\"noopener\">https:\/\/blogs.urz.uni-halle.de\/simpletricks\/datenschutzerklaerung-v-23-01-2023<\/a>\u00a0aufrufbar.<\/p><\/div>\n\t\t\t\t<\/div>\n\t\t\t\t<\/div>\n\t\t\t\t\t<\/div>\n\t\t<\/div>\n\t\t\t\t\t\t\t<\/div>\n\t\t<\/section>\n\t\t\t\t\t\t<\/div>\n\t\t\t\t\t<\/div>\n\t\t","protected":false},"excerpt":{"rendered":"<p>Impressum Im Folgenden die Pflichtangaben gem. \u00a7 18 MStV (Medienstaatsvertrag): Lukas CollierEmil-Abderhalden-Str. 406108 Halle F\u00fcr Fragen oder Anregungen k\u00f6nnt Ihr mir gerne eine E-Mail schreiben an lukas.collier@student.uni-halle.de Mein Content wurde mit gro\u00dfer Sorgfalt erstellt. Sollte dennoch ein Fehler vorkommen, so bitte ich diesen zu verzeihen. Meine Datenschutzerkl\u00e4rung ist in der Fu\u00dfzeile der Seite oder unter [&hellip;]<\/p>\n","protected":false},"author":4954,"featured_media":0,"parent":0,"menu_order":0,"comment_status":"closed","ping_status":"closed","template":"","meta":{"_vp_format_video_url":"","_vp_image_focal_point":[]},"yoast_head":"<!-- This site is optimized with the Yoast SEO plugin v15.6.2 - https:\/\/yoast.com\/wordpress\/plugins\/seo\/ -->\n<title>Impressum - Simpletricks<\/title>\n<meta name=\"robots\" content=\"index, follow, max-snippet:-1, max-image-preview:large, max-video-preview:-1\" \/>\n<link rel=\"canonical\" href=\"https:\/\/blogs.urz.uni-halle.de\/simpletricks\/impressum\/\" \/>\n<meta property=\"og:locale\" content=\"de_DE\" \/>\n<meta property=\"og:type\" content=\"article\" \/>\n<meta property=\"og:title\" content=\"Impressum - Simpletricks\" \/>\n<meta property=\"og:description\" content=\"Impressum Im Folgenden die Pflichtangaben gem. \u00a7 18 MStV (Medienstaatsvertrag): Lukas CollierEmil-Abderhalden-Str. 406108 Halle F\u00fcr Fragen oder Anregungen k\u00f6nnt Ihr mir gerne eine E-Mail schreiben an lukas.collier@student.uni-halle.de Mein Content wurde mit gro\u00dfer Sorgfalt erstellt. Sollte dennoch ein Fehler vorkommen, so bitte ich diesen zu verzeihen. Meine Datenschutzerkl\u00e4rung ist in der Fu\u00dfzeile der Seite oder unter [&hellip;]\" \/>\n<meta property=\"og:url\" content=\"https:\/\/blogs.urz.uni-halle.de\/simpletricks\/impressum\/\" \/>\n<meta property=\"og:site_name\" content=\"Simpletricks\" \/>\n<meta property=\"article:modified_time\" content=\"2023-01-23T18:13:04+00:00\" \/>\n<meta name=\"twitter:card\" content=\"summary_large_image\" \/>\n<script type=\"application\/ld+json\" class=\"yoast-schema-graph\">{\"@context\":\"https:\/\/schema.org\",\"@graph\":[{\"@type\":\"WebSite\",\"@id\":\"https:\/\/blogs.urz.uni-halle.de\/simpletricks\/#website\",\"url\":\"https:\/\/blogs.urz.uni-halle.de\/simpletricks\/\",\"name\":\"Simpletricks\",\"description\":\"\",\"potentialAction\":[{\"@type\":\"SearchAction\",\"target\":\"https:\/\/blogs.urz.uni-halle.de\/simpletricks\/?s={search_term_string}\",\"query-input\":\"required name=search_term_string\"}],\"inLanguage\":\"de\"},{\"@type\":\"WebPage\",\"@id\":\"https:\/\/blogs.urz.uni-halle.de\/simpletricks\/impressum\/#webpage\",\"url\":\"https:\/\/blogs.urz.uni-halle.de\/simpletricks\/impressum\/\",\"name\":\"Impressum - Simpletricks\",\"isPartOf\":{\"@id\":\"https:\/\/blogs.urz.uni-halle.de\/simpletricks\/#website\"},\"datePublished\":\"2021-03-25T19:49:41+00:00\",\"dateModified\":\"2023-01-23T18:13:04+00:00\",\"inLanguage\":\"de\",\"potentialAction\":[{\"@type\":\"ReadAction\",\"target\":[\"https:\/\/blogs.urz.uni-halle.de\/simpletricks\/impressum\/\"]}]}]}<\/script>\n<!-- \/ Yoast SEO plugin. -->","_links":{"self":[{"href":"https:\/\/blogs.urz.uni-halle.de\/simpletricks\/wp-json\/wp\/v2\/pages\/26"}],"collection":[{"href":"https:\/\/blogs.urz.uni-halle.de\/simpletricks\/wp-json\/wp\/v2\/pages"}],"about":[{"href":"https:\/\/blogs.urz.uni-halle.de\/simpletricks\/wp-json\/wp\/v2\/types\/page"}],"author":[{"embeddable":true,"href":"https:\/\/blogs.urz.uni-halle.de\/simpletricks\/wp-json\/wp\/v2\/users\/4954"}],"replies":[{"embeddable":true,"href":"https:\/\/blogs.urz.uni-halle.de\/simpletricks\/wp-json\/wp\/v2\/comments?post=26"}],"version-history":[{"count":10,"href":"https:\/\/blogs.urz.uni-halle.de\/simpletricks\/wp-json\/wp\/v2\/pages\/26\/revisions"}],"predecessor-version":[{"id":1042,"href":"https:\/\/blogs.urz.uni-halle.de\/simpletricks\/wp-json\/wp\/v2\/pages\/26\/revisions\/1042"}],"wp:attachment":[{"href":"https:\/\/blogs.urz.uni-halle.de\/simpletricks\/wp-json\/wp\/v2\/media?parent=26"}],"curies":[{"name":"wp","href":"https:\/\/api.w.org\/{rel}","templated":true}]}}