{"id":25,"date":"2020-04-16T21:25:33","date_gmt":"2020-04-16T19:25:33","guid":{"rendered":"https:\/\/blogs.urz.uni-halle.de\/sintoma\/?page_id=25"},"modified":"2020-05-26T10:56:53","modified_gmt":"2020-05-26T08:56:53","slug":"selbstverstaendnis","status":"publish","type":"page","link":"https:\/\/blogs.urz.uni-halle.de\/sintoma\/selbstverstaendnis\/","title":{"rendered":"Selbstverst\u00e4ndnis"},"content":{"rendered":"\n<p>In der Geschichte der Medizin und des Gesundheitswesens sind wissenschaftliche Erkenntnisse, Entwicklung und Fortschritt schon immer eng verbunden mit ethischen Fragen wie der W\u00fcrde des Menschen, F\u00fcrsorge und Menschlichkeit. Pflegekr\u00e4fte, Therapeut*innen, \u00c4rzt*innen und alle anderen im Gesundheitswesen vertretenen Berufsgruppen tragen eine gesellschaftliche Verantwortung. Die Grunds\u00e4tze des Hippokratischen Eids, weiterentwickelt zur Genfer Deklaration des Welt\u00e4rztebundes, ist daher ein wichtiger Bezugspunkt f\u00fcr unsere Arbeit.<\/p>\n\n\n\n<p>Wir wollen Wege finden, das Gesundheitswesen so zu gestalten, dass m\u00f6glichst alle Menschen von einer patientengerechten und sozialverantwortlichen Medizin profitieren k\u00f6nnen. Hierzu m\u00f6chten wir eine Struktur geben, um unsere Anliegen zu konkretisieren und ihnen Ausdruck zu verleihen.<br>Unsere Plattform entstand 2018 an der Martin-\u00adLuther-\u00adUniversit\u00e4t Halle-Wittenberg aus einem gemeinsamen Anliegen heraus: Medizin muss sich den Anforderungen, aber auch M\u00f6glichkeiten, anpassen, die eine sich stets wandelnde Gesellschaft mit sich bringt. Dieser Herausforderung m\u00f6chten wir uns stellen und unseren Beitrag zu dieser Weiterentwicklung, nach den oben genannten ethischen Grunds\u00e4tzen, leisten.<\/p>\n\n\n\n<p>Sintoma ist lokal in Halle an der Saale verankert, m\u00f6chte aber solidarisch \u00fcberregional, mit anderen Organisationen zusammen, f\u00fcr eine st\u00e4ndige Verbesserung der medizinischen Versorgung einstehen. Dabei betonen wir ausdr\u00fccklich die Notwendigkeit und Wertsch\u00e4tzung der interdisziplin\u00e4ren Zusammenarbeit aller Akteur*innen der Krankenversorgung und besonders auch die Rolle der Patient*innen.<\/p>\n\n\n\n<p>Wir besch\u00e4ftigen uns mit \u00f6konomischen und \u00f6kologischen Aspekten, Diversit\u00e4t und Gleichberechtigung, Strukturfragen in Ausbildung und Arbeitsalltag und weiteren Themen, die in diesem Kontext Bedeutung erlangen. Es geht darum sich mit Missst\u00e4nden auseinander zu setzten, sich zu informieren, aktiv zu werden und eine Stimme zu entwickeln, die Geh\u00f6r findet.<\/p>\n\n\n\n<p>Jede*r ist herzlich eingeladen, zu unseren offenen Treffen zu kommen und die Plattform zu nutzen, unabh\u00e4ngig davon, ob man im medizinischen Bereich t\u00e4tig ist oder \u00fcber einen ganz anderen Weg Zugang zur Thematik findet. Unsere Plattform ist ein Angebot sich zu beteiligen, sich einzubringen, Ideen zu entwickeln, voneinander zu lernen und gemeinsam Wege zu finden, um zu gestalten und Einfluss zu nehmen.<\/p>\n\n\n\n<p>Sintoma \u2013 Medizin und Gesellschaft Halle an der Saale, M\u00e4rz 2019<\/p>\n","protected":false},"excerpt":{"rendered":"<p>In der Geschichte der Medizin und des Gesundheitswesens sind wissenschaftliche Erkenntnisse, Entwicklung und Fortschritt schon immer eng verbunden mit ethischen Fragen wie der W\u00fcrde des Menschen, F\u00fcrsorge und Menschlichkeit. Pflegekr\u00e4fte, Therapeut*innen, \u00c4rzt*innen und alle anderen im Gesundheitswesen vertretenen Berufsgruppen tragen &hellip; <a href=\"https:\/\/blogs.urz.uni-halle.de\/sintoma\/selbstverstaendnis\/\">Weiterlesen <span class=\"meta-nav\">&rarr;<\/span><\/a><\/p>\n","protected":false},"author":4534,"featured_media":0,"parent":0,"menu_order":0,"comment_status":"closed","ping_status":"closed","template":"","meta":[],"_links":{"self":[{"href":"https:\/\/blogs.urz.uni-halle.de\/sintoma\/wp-json\/wp\/v2\/pages\/25"}],"collection":[{"href":"https:\/\/blogs.urz.uni-halle.de\/sintoma\/wp-json\/wp\/v2\/pages"}],"about":[{"href":"https:\/\/blogs.urz.uni-halle.de\/sintoma\/wp-json\/wp\/v2\/types\/page"}],"author":[{"embeddable":true,"href":"https:\/\/blogs.urz.uni-halle.de\/sintoma\/wp-json\/wp\/v2\/users\/4534"}],"replies":[{"embeddable":true,"href":"https:\/\/blogs.urz.uni-halle.de\/sintoma\/wp-json\/wp\/v2\/comments?post=25"}],"version-history":[{"count":10,"href":"https:\/\/blogs.urz.uni-halle.de\/sintoma\/wp-json\/wp\/v2\/pages\/25\/revisions"}],"predecessor-version":[{"id":582,"href":"https:\/\/blogs.urz.uni-halle.de\/sintoma\/wp-json\/wp\/v2\/pages\/25\/revisions\/582"}],"wp:attachment":[{"href":"https:\/\/blogs.urz.uni-halle.de\/sintoma\/wp-json\/wp\/v2\/media?parent=25"}],"curies":[{"name":"wp","href":"https:\/\/api.w.org\/{rel}","templated":true}]}}