{"id":342,"date":"2020-04-29T10:07:17","date_gmt":"2020-04-29T08:07:17","guid":{"rendered":"https:\/\/blogs.urz.uni-halle.de\/sintoma\/?page_id=342"},"modified":"2020-04-30T23:52:36","modified_gmt":"2020-04-30T21:52:36","slug":"ak-oekonomisierung","status":"publish","type":"page","link":"https:\/\/blogs.urz.uni-halle.de\/sintoma\/ak-oekonomisierung\/","title":{"rendered":"AK \u00d6konomisierung"},"content":{"rendered":"\n<p><strong>Wir setzen uns mit der Finanzierung unseres Gesundheitssystems auseinander. <\/strong><br>Wir wissen, dass unsere Krankenh\u00e4user unterbesetzt sind&#8230; <br>Wir wissen, dass unser Krankenhauspersonal unterbezahlt ist&#8230;<br><br>Warum denn kann die Helios Gruppe aber 4,3 Milliarden Euro Gewinn zwischen 2009-2019 einkassieren? <br>Warum werden Kinderstationen geschlossen? <br>Warum sind invasive Ma\u00dfnahmen bei der Therapieauswahl bevorz\u00fcgt? <br><br>Diese sind einige Fragen, die wir uns stellen. Wir wollen L\u00f6sungen finden. <\/p>\n\n\n\n<p><strong>FCK DRG<\/strong><\/p>\n","protected":false},"excerpt":{"rendered":"<p>Wir setzen uns mit der Finanzierung unseres Gesundheitssystems auseinander. Wir wissen, dass unsere Krankenh\u00e4user unterbesetzt sind&#8230; Wir wissen, dass unser Krankenhauspersonal unterbezahlt ist&#8230; Warum denn kann die Helios Gruppe aber 4,3 Milliarden Euro Gewinn zwischen 2009-2019 einkassieren? Warum werden Kinderstationen &hellip; <a href=\"https:\/\/blogs.urz.uni-halle.de\/sintoma\/ak-oekonomisierung\/\">Weiterlesen <span class=\"meta-nav\">&rarr;<\/span><\/a><\/p>\n","protected":false},"author":4535,"featured_media":0,"parent":0,"menu_order":0,"comment_status":"closed","ping_status":"closed","template":"","meta":[],"_links":{"self":[{"href":"https:\/\/blogs.urz.uni-halle.de\/sintoma\/wp-json\/wp\/v2\/pages\/342"}],"collection":[{"href":"https:\/\/blogs.urz.uni-halle.de\/sintoma\/wp-json\/wp\/v2\/pages"}],"about":[{"href":"https:\/\/blogs.urz.uni-halle.de\/sintoma\/wp-json\/wp\/v2\/types\/page"}],"author":[{"embeddable":true,"href":"https:\/\/blogs.urz.uni-halle.de\/sintoma\/wp-json\/wp\/v2\/users\/4535"}],"replies":[{"embeddable":true,"href":"https:\/\/blogs.urz.uni-halle.de\/sintoma\/wp-json\/wp\/v2\/comments?post=342"}],"version-history":[{"count":4,"href":"https:\/\/blogs.urz.uni-halle.de\/sintoma\/wp-json\/wp\/v2\/pages\/342\/revisions"}],"predecessor-version":[{"id":478,"href":"https:\/\/blogs.urz.uni-halle.de\/sintoma\/wp-json\/wp\/v2\/pages\/342\/revisions\/478"}],"wp:attachment":[{"href":"https:\/\/blogs.urz.uni-halle.de\/sintoma\/wp-json\/wp\/v2\/media?parent=342"}],"curies":[{"name":"wp","href":"https:\/\/api.w.org\/{rel}","templated":true}]}}